{"id":146,"date":"2013-05-20T12:46:11","date_gmt":"2013-05-20T10:46:11","guid":{"rendered":"http:\/\/www.nesthostelsvalencia.com\/red-nest-hostel-reviews-2"},"modified":"2023-11-02T16:51:20","modified_gmt":"2023-11-02T15:51:20","slug":"comentarios-albergue-red-nest-valencia","status":"publish","type":"page","link":"https:\/\/nesthostelsvalencia.com\/es\/comentarios-albergue-red-nest-valencia\/","title":{"rendered":"Comentarios Red Nest Hostel Valencia"},"content":{"rendered":"\n<h1 class=\"wp-block-heading has-text-align-center\">Opiniones del Albergue Red Nest<\/h1>\n\n<script src=\"https:\/\/apps.elfsight.com\/p\/platform.js\" defer=\"defer\"><\/script>\r\n<div class=\"elfsight-app-3efdd47a-9966-4dc4-9f94-9adcf3f7fe9b\"><\/div>\r\n\n<div style=\"height:50px\" aria-hidden=\"true\" class=\"wp-block-spacer\"><\/div>\n\n<h2 class=\"wp-block-heading\">Est\u00e1s buscando las mejores opiniones del Albergue Red Nest?<\/h2>\n\n<p>\u00a1Has venido al lugar adecuado! Nuestro albergue ha sido calificado sistem\u00e1ticamente como uno de los mejores alojamientos en el coraz\u00f3n de la ciudad. Nuestros hu\u00e9spedes hablan maravillas de nuestras c\u00f3modas habitaciones, de nuestro amable personal y de nuestra inmejorable ubicaci\u00f3n. Pero no te f\u00edes s\u00f3lo de nuestra palabra: consulta las opiniones de nuestros satisfechos hu\u00e9spedes y descubre por qu\u00e9 <a href=\"https:\/\/nesthostelsvalencia.com\/es\/albergue-red-nest-hostel-valencia\/\">Purple Nest Hostel<\/a> es la elecci\u00f3n perfecta para tu estancia en la ciudad.&#8221;<\/p>\n\n<figure class=\"wp-block-image aligncenter size-large\"><a href=\"https:\/\/nesthostelsvalencia.com\/wp-content\/uploads\/2018\/07\/03red-nest-hostel-valencia-friendliness.jpg\"><img fetchpriority=\"high\" decoding=\"async\" width=\"1024\" height=\"768\" src=\"https:\/\/nesthostelsvalencia.com\/wp-content\/uploads\/2018\/07\/03red-nest-hostel-valencia-friendliness-1024x768.jpg\" alt=\"Disfruta de tu estancia\" class=\"wp-image-9584\" srcset=\"https:\/\/nesthostelsvalencia.com\/wp-content\/uploads\/2018\/07\/03red-nest-hostel-valencia-friendliness-1024x768.jpg 1024w, https:\/\/nesthostelsvalencia.com\/wp-content\/uploads\/2018\/07\/03red-nest-hostel-valencia-friendliness-300x225.jpg 300w, https:\/\/nesthostelsvalencia.com\/wp-content\/uploads\/2018\/07\/03red-nest-hostel-valencia-friendliness-768x576.jpg 768w, https:\/\/nesthostelsvalencia.com\/wp-content\/uploads\/2018\/07\/03red-nest-hostel-valencia-friendliness-195x146.jpg 195w, https:\/\/nesthostelsvalencia.com\/wp-content\/uploads\/2018\/07\/03red-nest-hostel-valencia-friendliness-50x38.jpg 50w, https:\/\/nesthostelsvalencia.com\/wp-content\/uploads\/2018\/07\/03red-nest-hostel-valencia-friendliness-100x75.jpg 100w, https:\/\/nesthostelsvalencia.com\/wp-content\/uploads\/2018\/07\/03red-nest-hostel-valencia-friendliness.jpg 1200w\" sizes=\"(max-width: 1024px) 100vw, 1024px\" \/><\/a><figcaption class=\"wp-element-caption\">Disfruta de tu estancia con nuestro personal<\/figcaption><\/figure>\n\n<p><\/p>\n\n<p><\/p>\n","protected":false},"excerpt":{"rendered":"<p>Opiniones Albergue Red Nest Valencia \u00ae Valoraciones reales de hu\u00e9spedes. Nuestros hu\u00e9spedes dicen: &#8220;Buena ubicaci\u00f3n, cerca del transporte p\u00fablico&#8221;<\/p>\n","protected":false},"author":21,"featured_media":9578,"parent":0,"menu_order":1,"comment_status":"closed","ping_status":"closed","template":"","meta":{"footnotes":""},"class_list":["post-146","page","type-page","status-publish","has-post-thumbnail","hentry"],"yoast_head":"<!-- This site is optimized with the Yoast SEO plugin v27.4 - https:\/\/yoast.com\/product\/yoast-seo-wordpress\/ -->\n<title>Comentarios Red Nest Hostel Valencia\u00ae Hu\u00e9spedes reales<\/title>\n<meta name=\"description\" content=\"Opiniones Albergue Red Nest Valencia \u00ae Valoraciones reales de hu\u00e9spedes. Nuestros hu\u00e9spedes dicen: &quot;Buena ubicaci\u00f3n&quot;\" \/>\n<meta name=\"robots\" content=\"index, follow, max-snippet:-1, max-image-preview:large, max-video-preview:-1\" \/>\n<link rel=\"canonical\" href=\"http:\/\/www.nesthostelsvalencia.com\/es\/comentarios-albergue-red-nest-valencia\/\" \/>\n<meta property=\"og:locale\" content=\"es_ES\" \/>\n<meta property=\"og:type\" content=\"article\" \/>\n<meta property=\"og:title\" content=\"Comentarios Red Nest Hostel Valencia\u00ae Hu\u00e9spedes reales\" \/>\n<meta property=\"og:description\" content=\"Comentarios de los hu\u00e9spedes del albergue en Valencia Red Nest\" \/>\n<meta property=\"og:url\" content=\"http:\/\/www.nesthostelsvalencia.com\/es\/comentarios-albergue-red-nest-valencia\" \/>\n<meta property=\"og:site_name\" content=\"Nest Hostels Valencia\" \/>\n<meta property=\"article:modified_time\" content=\"2023-11-02T15:51:20+00:00\" \/>\n<meta property=\"og:image\" content=\"https:\/\/nesthostelsvalencia.com\/wp-content\/uploads\/2018\/07\/01red-nest-hostel-valencia-friendliness.jpg\" \/>\n\t<meta property=\"og:image:width\" content=\"1200\" \/>\n\t<meta property=\"og:image:height\" content=\"900\" \/>\n\t<meta property=\"og:image:type\" content=\"image\/jpeg\" \/>\n<meta name=\"twitter:card\" content=\"summary_large_image\" \/>\n<meta name=\"twitter:label1\" content=\"Tiempo de lectura\" \/>\n\t<meta name=\"twitter:data1\" content=\"1 minute\" \/>\n<script type=\"application\/ld+json\" class=\"yoast-schema-graph\">{\"@context\":\"https:\\\/\\\/schema.org\",\"@graph\":[{\"@type\":\"WebPage\",\"@id\":\"https:\\\/\\\/nesthostelsvalencia.com\\\/es\\\/comentarios-albergue-red-nest-valencia\\\/\",\"url\":\"http:\\\/\\\/www.nesthostelsvalencia.com\\\/es\\\/comentarios-albergue-red-nest-valencia\",\"name\":\"Comentarios Red Nest Hostel Valencia\u00ae Hu\u00e9spedes reales\",\"isPartOf\":{\"@id\":\"https:\\\/\\\/nesthostelsvalencia.com\\\/es\\\/#website\"},\"primaryImageOfPage\":{\"@id\":\"http:\\\/\\\/www.nesthostelsvalencia.com\\\/es\\\/comentarios-albergue-red-nest-valencia#primaryimage\"},\"image\":{\"@id\":\"http:\\\/\\\/www.nesthostelsvalencia.com\\\/es\\\/comentarios-albergue-red-nest-valencia#primaryimage\"},\"thumbnailUrl\":\"https:\\\/\\\/nesthostelsvalencia.com\\\/wp-content\\\/uploads\\\/2018\\\/07\\\/01red-nest-hostel-valencia-friendliness.jpg\",\"datePublished\":\"2013-05-20T10:46:11+00:00\",\"dateModified\":\"2023-11-02T15:51:20+00:00\",\"description\":\"Opiniones Albergue Red Nest Valencia \u00ae Valoraciones reales de hu\u00e9spedes. Nuestros hu\u00e9spedes dicen: \\\"Buena ubicaci\u00f3n\\\"\",\"breadcrumb\":{\"@id\":\"http:\\\/\\\/www.nesthostelsvalencia.com\\\/es\\\/comentarios-albergue-red-nest-valencia#breadcrumb\"},\"inLanguage\":\"es-ES\",\"potentialAction\":[{\"@type\":\"ReadAction\",\"target\":[\"http:\\\/\\\/www.nesthostelsvalencia.com\\\/es\\\/comentarios-albergue-red-nest-valencia\"]}]},{\"@type\":\"ImageObject\",\"inLanguage\":\"es-ES\",\"@id\":\"http:\\\/\\\/www.nesthostelsvalencia.com\\\/es\\\/comentarios-albergue-red-nest-valencia#primaryimage\",\"url\":\"https:\\\/\\\/nesthostelsvalencia.com\\\/wp-content\\\/uploads\\\/2018\\\/07\\\/01red-nest-hostel-valencia-friendliness.jpg\",\"contentUrl\":\"https:\\\/\\\/nesthostelsvalencia.com\\\/wp-content\\\/uploads\\\/2018\\\/07\\\/01red-nest-hostel-valencia-friendliness.jpg\",\"width\":1200,\"height\":900,\"caption\":\"Red Nest Hostel in Valencia\"},{\"@type\":\"BreadcrumbList\",\"@id\":\"http:\\\/\\\/www.nesthostelsvalencia.com\\\/es\\\/comentarios-albergue-red-nest-valencia#breadcrumb\",\"itemListElement\":[{\"@type\":\"ListItem\",\"position\":1,\"name\":\"Home\",\"item\":\"https:\\\/\\\/nesthostelsvalencia.com\\\/es\\\/\"},{\"@type\":\"ListItem\",\"position\":2,\"name\":\"comentarios red nest hostel valencia\"}]},{\"@type\":\"WebSite\",\"@id\":\"https:\\\/\\\/nesthostelsvalencia.com\\\/es\\\/#website\",\"url\":\"https:\\\/\\\/nesthostelsvalencia.com\\\/es\\\/\",\"name\":\"Nest Hostels Valencia\",\"description\":\"News, events and tourist info about Valencia\",\"publisher\":{\"@id\":\"https:\\\/\\\/nesthostelsvalencia.com\\\/es\\\/#organization\"},\"alternateName\":\"Nest Hostels Valencia\",\"potentialAction\":[{\"@type\":\"SearchAction\",\"target\":{\"@type\":\"EntryPoint\",\"urlTemplate\":\"https:\\\/\\\/nesthostelsvalencia.com\\\/es\\\/?s={search_term_string}\"},\"query-input\":{\"@type\":\"PropertyValueSpecification\",\"valueRequired\":true,\"valueName\":\"search_term_string\"}}],\"inLanguage\":\"es-ES\"},{\"@type\":\"Organization\",\"@id\":\"https:\\\/\\\/nesthostelsvalencia.com\\\/es\\\/#organization\",\"name\":\"Nest Hostels Valencia\",\"alternateName\":\"Youth hostels and beds for travelers in Valencia\",\"url\":\"https:\\\/\\\/nesthostelsvalencia.com\\\/es\\\/\",\"logo\":{\"@type\":\"ImageObject\",\"inLanguage\":\"es-ES\",\"@id\":\"https:\\\/\\\/nesthostelsvalencia.com\\\/es\\\/#\\\/schema\\\/logo\\\/image\\\/\",\"url\":\"https:\\\/\\\/nesthostelsvalencia.com\\\/wp-content\\\/uploads\\\/2022\\\/01\\\/logo-nesthostels-valencia-feetuphostels.svg\",\"contentUrl\":\"https:\\\/\\\/nesthostelsvalencia.com\\\/wp-content\\\/uploads\\\/2022\\\/01\\\/logo-nesthostels-valencia-feetuphostels.svg\",\"width\":279,\"height\":130,\"caption\":\"Nest Hostels Valencia\"},\"image\":{\"@id\":\"https:\\\/\\\/nesthostelsvalencia.com\\\/es\\\/#\\\/schema\\\/logo\\\/image\\\/\"}}]}<\/script>\n<!-- \/ Yoast SEO plugin. -->","yoast_head_json":{"title":"Comentarios Red Nest Hostel Valencia\u00ae Hu\u00e9spedes reales","description":"Opiniones Albergue Red Nest Valencia \u00ae Valoraciones reales de hu\u00e9spedes. Nuestros hu\u00e9spedes dicen: \"Buena ubicaci\u00f3n\"","robots":{"index":"index","follow":"follow","max-snippet":"max-snippet:-1","max-image-preview":"max-image-preview:large","max-video-preview":"max-video-preview:-1"},"canonical":"http:\/\/www.nesthostelsvalencia.com\/es\/comentarios-albergue-red-nest-valencia\/","og_locale":"es_ES","og_type":"article","og_title":"Comentarios Red Nest Hostel Valencia\u00ae Hu\u00e9spedes reales","og_description":"Comentarios de los hu\u00e9spedes del albergue en Valencia Red Nest","og_url":"http:\/\/www.nesthostelsvalencia.com\/es\/comentarios-albergue-red-nest-valencia","og_site_name":"Nest Hostels Valencia","article_modified_time":"2023-11-02T15:51:20+00:00","og_image":[{"width":1200,"height":900,"url":"https:\/\/nesthostelsvalencia.com\/wp-content\/uploads\/2018\/07\/01red-nest-hostel-valencia-friendliness.jpg","type":"image\/jpeg"}],"twitter_card":"summary_large_image","twitter_misc":{"Tiempo de lectura":"1 minute"},"schema":{"@context":"https:\/\/schema.org","@graph":[{"@type":"WebPage","@id":"https:\/\/nesthostelsvalencia.com\/es\/comentarios-albergue-red-nest-valencia\/","url":"http:\/\/www.nesthostelsvalencia.com\/es\/comentarios-albergue-red-nest-valencia","name":"Comentarios Red Nest Hostel Valencia\u00ae Hu\u00e9spedes reales","isPartOf":{"@id":"https:\/\/nesthostelsvalencia.com\/es\/#website"},"primaryImageOfPage":{"@id":"http:\/\/www.nesthostelsvalencia.com\/es\/comentarios-albergue-red-nest-valencia#primaryimage"},"image":{"@id":"http:\/\/www.nesthostelsvalencia.com\/es\/comentarios-albergue-red-nest-valencia#primaryimage"},"thumbnailUrl":"https:\/\/nesthostelsvalencia.com\/wp-content\/uploads\/2018\/07\/01red-nest-hostel-valencia-friendliness.jpg","datePublished":"2013-05-20T10:46:11+00:00","dateModified":"2023-11-02T15:51:20+00:00","description":"Opiniones Albergue Red Nest Valencia \u00ae Valoraciones reales de hu\u00e9spedes. Nuestros hu\u00e9spedes dicen: \"Buena ubicaci\u00f3n\"","breadcrumb":{"@id":"http:\/\/www.nesthostelsvalencia.com\/es\/comentarios-albergue-red-nest-valencia#breadcrumb"},"inLanguage":"es-ES","potentialAction":[{"@type":"ReadAction","target":["http:\/\/www.nesthostelsvalencia.com\/es\/comentarios-albergue-red-nest-valencia"]}]},{"@type":"ImageObject","inLanguage":"es-ES","@id":"http:\/\/www.nesthostelsvalencia.com\/es\/comentarios-albergue-red-nest-valencia#primaryimage","url":"https:\/\/nesthostelsvalencia.com\/wp-content\/uploads\/2018\/07\/01red-nest-hostel-valencia-friendliness.jpg","contentUrl":"https:\/\/nesthostelsvalencia.com\/wp-content\/uploads\/2018\/07\/01red-nest-hostel-valencia-friendliness.jpg","width":1200,"height":900,"caption":"Red Nest Hostel in Valencia"},{"@type":"BreadcrumbList","@id":"http:\/\/www.nesthostelsvalencia.com\/es\/comentarios-albergue-red-nest-valencia#breadcrumb","itemListElement":[{"@type":"ListItem","position":1,"name":"Home","item":"https:\/\/nesthostelsvalencia.com\/es\/"},{"@type":"ListItem","position":2,"name":"comentarios red nest hostel valencia"}]},{"@type":"WebSite","@id":"https:\/\/nesthostelsvalencia.com\/es\/#website","url":"https:\/\/nesthostelsvalencia.com\/es\/","name":"Nest Hostels Valencia","description":"News, events and tourist info about Valencia","publisher":{"@id":"https:\/\/nesthostelsvalencia.com\/es\/#organization"},"alternateName":"Nest Hostels Valencia","potentialAction":[{"@type":"SearchAction","target":{"@type":"EntryPoint","urlTemplate":"https:\/\/nesthostelsvalencia.com\/es\/?s={search_term_string}"},"query-input":{"@type":"PropertyValueSpecification","valueRequired":true,"valueName":"search_term_string"}}],"inLanguage":"es-ES"},{"@type":"Organization","@id":"https:\/\/nesthostelsvalencia.com\/es\/#organization","name":"Nest Hostels Valencia","alternateName":"Youth hostels and beds for travelers in Valencia","url":"https:\/\/nesthostelsvalencia.com\/es\/","logo":{"@type":"ImageObject","inLanguage":"es-ES","@id":"https:\/\/nesthostelsvalencia.com\/es\/#\/schema\/logo\/image\/","url":"https:\/\/nesthostelsvalencia.com\/wp-content\/uploads\/2022\/01\/logo-nesthostels-valencia-feetuphostels.svg","contentUrl":"https:\/\/nesthostelsvalencia.com\/wp-content\/uploads\/2022\/01\/logo-nesthostels-valencia-feetuphostels.svg","width":279,"height":130,"caption":"Nest Hostels Valencia"},"image":{"@id":"https:\/\/nesthostelsvalencia.com\/es\/#\/schema\/logo\/image\/"}}]}},"_links":{"self":[{"href":"https:\/\/nesthostelsvalencia.com\/es\/wp-json\/wp\/v2\/pages\/146","targetHints":{"allow":["GET"]}}],"collection":[{"href":"https:\/\/nesthostelsvalencia.com\/es\/wp-json\/wp\/v2\/pages"}],"about":[{"href":"https:\/\/nesthostelsvalencia.com\/es\/wp-json\/wp\/v2\/types\/page"}],"author":[{"embeddable":true,"href":"https:\/\/nesthostelsvalencia.com\/es\/wp-json\/wp\/v2\/users\/21"}],"replies":[{"embeddable":true,"href":"https:\/\/nesthostelsvalencia.com\/es\/wp-json\/wp\/v2\/comments?post=146"}],"version-history":[{"count":0,"href":"https:\/\/nesthostelsvalencia.com\/es\/wp-json\/wp\/v2\/pages\/146\/revisions"}],"wp:featuredmedia":[{"embeddable":true,"href":"https:\/\/nesthostelsvalencia.com\/es\/wp-json\/wp\/v2\/media\/9578"}],"wp:attachment":[{"href":"https:\/\/nesthostelsvalencia.com\/es\/wp-json\/wp\/v2\/media?parent=146"}],"curies":[{"name":"wp","href":"https:\/\/api.w.org\/{rel}","templated":true}]}}