{"id":1531,"date":"2015-05-22T11:33:41","date_gmt":"2015-05-22T09:33:41","guid":{"rendered":"http:\/\/www.nesthostelsvalencia.com\/?page_id=1531"},"modified":"2024-07-22T15:31:43","modified_gmt":"2024-07-22T13:31:43","slug":"como-llegar-albergue-purple-nest","status":"publish","type":"page","link":"https:\/\/nesthostelsvalencia.com\/es\/como-llegar-albergue-purple-nest\/","title":{"rendered":"C\u00f3mo llegar al Purple Nest hostel Valencia"},"content":{"rendered":"\n<h1 class=\"wp-block-heading has-text-align-center\">Ubicaci\u00f3n del Albergue Purple Nest<\/h1>\n\n<iframe src=\"https:\/\/www.google.com\/maps\/embed?pb=!1m14!1m8!1m3!1d7324.881480266293!2d-0.37653507087462473!3d39.475353662594124!3m2!1i1024!2i768!4f13.1!3m3!1m2!1s0xd6048b252915ce7%3A0x50e428c5db0a22ab!2sPurple%20Nest%20Hostel%20Valencia!5e0!3m2!1ses!2ses!4v1679482757682!5m2!1ses!2ses\" width=\"100%\" height=\"450\" style=\"border:0;\" allowfullscreen=\"\" loading=\"lazy\" referrerpolicy=\"no-referrer-when-downgrade\"><\/iframe>\r\n\n<div style=\"height:25px\" aria-hidden=\"true\" class=\"wp-block-spacer\"><\/div>\n\n<h3 class=\"wp-block-heading\">\u00bfC\u00f3mo llegar desde el aeropuerto de Valencia?<\/h3>\n\n<ul class=\"wp-block-list\">\n<li>La primera opci\u00f3n. Es coger el metro desde el aeropuerto hasta la estaci\u00f3n de X\u00e0tiva, y luego caminar unos 15 minutos hasta el albergue.<\/li>\n\n\n\n<li>La segunda opci\u00f3n. Es tomar un taxi desde el aeropuerto hasta el albergue.<\/li>\n<\/ul>\n\n<h3 class=\"wp-block-heading\">\u00bfC\u00f3mo llegar desde la Estaci\u00f3n del Norte de Valencia?<\/h3>\n\n<ul class=\"wp-block-list\">\n<li>La primera opci\u00f3n.  Es coger el metro desde la estaci\u00f3n de X\u00e0tiva, que est\u00e1 justo al lado de la Estaci\u00f3n del Norte, hasta la estaci\u00f3n de Col\u00f3n. Desde all\u00ed, s\u00f3lo tienes que caminar unos 10 minutos por el antiguo cauce del r\u00edo Turia hasta llegar al Purple Nest Hostel Valencia.<\/li>\n\n\n\n<li>La segunda opci\u00f3n. Es tomar un autob\u00fas desde la Estaci\u00f3n del Norte hasta la Plaza del Ayuntamiento.<br\/>All\u00ed podr\u00e1 coger otro autob\u00fas que le llevar\u00e1 a Plaza de la Reina.<\/li>\n<\/ul>\n\n<h3 class=\"wp-block-heading\">\u00bfC\u00f3mo llegar desde la Estaci\u00f3n de Autobuses de Valencia?<\/h3>\n\n<ul class=\"wp-block-list\">\n<li>La primera opci\u00f3n. Una opci\u00f3n es coger el autob\u00fas 80 desde la estaci\u00f3n de autobuses hasta la Plaza Poeta Llorente, que est\u00e1 a s\u00f3lo 6 paradas. Despu\u00e9s, puedes caminar unos 50 metros hasta llegar al albergue.<\/li>\n\n\n\n<li>La segunda opci\u00f3n. (Es gratis) Otra opci\u00f3n es ir andando desde la estaci\u00f3n de autobuses hasta el albergue, lo que lleva unos 20 minutos. Puede seguir esta ruta: salir de la estaci\u00f3n de autobuses y cruzar la carretera, girar a la izquierda en la Avenida Men\u00e9ndez Pidal, girar a la derecha en la Calle de la Paz, girar a la izquierda en la Calle de San Vicente M\u00e1rtir, girar a la derecha en la Plaza de la Reina, girar a la izquierda en la Calle del Mar, girar a la derecha en la Calle del General Tovar y continuar hasta llegar al albergue.<\/li>\n<\/ul>\n\n<h3 class=\"wp-block-heading\">\u00bfC\u00f3mo llegar desde la Estaci\u00f3n Joaqu\u00edn Sorolla?<\/h3>\n\n<ul class=\"wp-block-list\">\n<li>En autob\u00fas. Puedes coger el autob\u00fas n\u00famero 27 desde la Estaci\u00f3n Joaqu\u00edn Sorolla hasta la Plaza de la Reina, que est\u00e1 a 15 minutos. Desde all\u00ed, puedes caminar unos 10 minutos hasta el Purple Nest Hostel Valencia, que se encuentra en la Plaza Tetu\u00e1n. La tarifa del autob\u00fas es de 1,50 euros por persona, y puedes comprar el billete a bordo o en la estaci\u00f3n.<\/li>\n\n\n\n<li>En metro. Puede tomar la l\u00ednea 5 de metro desde la estaci\u00f3n Joaqu\u00edn Sorolla hasta Col\u00f3n, que est\u00e1 a 10 minutos.<\/li>\n\n\n\n<li>Desde all\u00ed, puedes caminar unos 15 minutos hasta el Purple Nest Hostel Valencia, que se encuentra en la Plaza Tetu\u00e1n. La tarifa del metro es de 1,40 \u20ac por persona, y puedes comprar el billete en la estaci\u00f3n o por internet.<\/li>\n\n\n\n<li>En taxi. Puedes coger un taxi desde la estaci\u00f3n Joaqu\u00edn Sorolla hasta el Purple Nest Hostel Valencia, que est\u00e1 a 10 minutos. El precio del taxi es de unos 10 euros, dependiendo del tr\u00e1fico y de la hora del d\u00eda.<\/li>\n\n\n\n<li>Puedes pedir un taxi en la calle o llamarlo a trav\u00e9s de una aplicaci\u00f3n como Cabify o Uber.<\/li>\n\n\n\n<li>En bicicleta. Puede alquilar una bicicleta en la estaci\u00f3n Joaqu\u00edn Sorolla por 2 euros la hora o 10 euros el d\u00eda.<\/li>\n\n\n\n<li>Puedes ir en bici por los Jardines del Turia, que es una ruta pintoresca y segura que te lleva al Purple Nest Hostel Valencia en unos 20 minutos. Puedes aparcar tu bicicleta en el albergue o en una de las muchas estaciones de bicicletas que hay por la ciudad.<\/li>\n<\/ul>\n\n<h3 class=\"wp-block-heading\">\u00bfC\u00f3mo llegar desde el Puerto de Valencia?<\/h3>\n\n<ul class=\"wp-block-list\">\n<li>La primera opci\u00f3n. Es tomar el autob\u00fas n\u00famero 4 desde el Puerto hasta el Plaza del Ayuntamiento.<br\/>All\u00ed, tendr\u00e1 que cambiar al autob\u00fas n\u00famero 5 que le llevar\u00e1 a Plaza de Tetu\u00e1n.<br\/>Desde all\u00ed, s\u00f3lo tienes que caminar unos 10 minutos hasta el Purple Nest Hostel Valencia.<\/li>\n\n\n\n<li>La segunda opci\u00f3n. Es coger un taxi desde el Puerto hasta Purple Nest Hostel Valencia.<\/li>\n<\/ul>\n\n<h3 class=\"wp-block-heading\">Informaci\u00f3n sobre aparcamiento, bicicletas y entradas<\/h3>\n\n<ul class=\"wp-block-list\">\n<li>Sobre el aparcamiento. No hay aparcamiento gratuito pero hay una calle al lado del albergue llamada Paseo de la Alameda donde siempre se puede aparcar gratis.\u00a0<a href=\"https:\/\/goo.gl\/maps\/gq2btF25prPF7zCb9\" target=\"_blank\" rel=\"noreferrer noopener\">Ver ubicaci\u00f3n<\/a>. Delante del albergue hay un aparcamiento privado; aqu\u00ed encontrar\u00e1 precios <a href=\"https:\/\/www.interparking.es\/es-ES\/find-parking\/Glorieta-Paz\/\">https:\/\/www.interparking.es\/es-ES\/find-parking\/Glorieta-Paz\/<\/a><\/li>\n\n\n\n<li>Acerca de los billetes. Puede comprar varios tipos de tarjetas de viaje (Travel Cards), dependiendo de la duraci\u00f3n de su estancia en Valencia:<\/li>\n\n\n\n<li>Los autobuses de la EMT cubren casi todas las zonas de la ciudad y circulan cada 10 \u00f3 20 minutos.<br\/>El precio del billete sencillo es de 1,50 euros.<\/li>\n\n\n\n<li>Bonob\u00fas individual de 10 viajes con una duraci\u00f3n de 1 hora por cada viaje (s\u00f3lo autobuses) 9 euros.<\/li>\n\n\n\n<li>Bonometro para 10 viajes, cada viaje es v\u00e1lido hasta que salga del metro (es decir, puede cambiar de l\u00ednea) 9 euros.<\/li>\n\n\n\n<li>Metrobus, un billete combinado que puede utilizar en el metro y el autob\u00fas. (\u20ac 9).<\/li>\n\n\n\n<li>Para m\u00e1s informaci\u00f3n sobre billetes de autob\u00fas, as\u00ed como l\u00edneas y horarios, puede visitar la p\u00e1gina oficial de la Empresa Municipal de Transportes (EMT).\u00a0<a href=\"https:\/\/www.emtvalencia.es\/ciudadano\/index.php\" target=\"_blank\" rel=\"noreferrer noopener\">emtvalencia.es<\/a>.\u200e<\/li>\n\n\n\n<li>Si quieres m\u00e1s informaci\u00f3n sobre el Metro de Valencia, horarios, fechas y m\u00e1s detalles, puedes visitar la web oficial del Metro de Valencia.\u00a0<a href=\"https:\/\/www.metrovalencia.es\/\" target=\"_blank\" rel=\"noreferrer noopener\">www.metrovalencia.es<\/a>.<\/li>\n\n\n\n<li>Adem\u00e1s, si eres un amante de la bicicleta y prefieres disfrutar y conocer Valencia en bici, puedes visitar la web oficial de Valenbisi.\u00a0<a href=\"https:\/\/www.valenbisi.es\/\" target=\"_blank\" rel=\"noreferrer noopener\">www.valenbisi.es<\/a><\/li>\n<\/ul>\n\n<p><\/p>\n\n<figure class=\"wp-block-image aligncenter size-large\"><a href=\"https:\/\/nesthostelsvalencia.com\/wp-content\/uploads\/2014\/04\/street-valencia-nesthostelslvaneica.jpg\"><img fetchpriority=\"high\" decoding=\"async\" width=\"1024\" height=\"720\" src=\"https:\/\/nesthostelsvalencia.com\/wp-content\/uploads\/2014\/04\/street-valencia-nesthostelslvaneica-1024x720.jpg\" alt=\"Calles de Valencia\" class=\"wp-image-3928\" srcset=\"https:\/\/nesthostelsvalencia.com\/wp-content\/uploads\/2014\/04\/street-valencia-nesthostelslvaneica-1024x720.jpg 1024w, https:\/\/nesthostelsvalencia.com\/wp-content\/uploads\/2014\/04\/street-valencia-nesthostelslvaneica-300x211.jpg 300w, https:\/\/nesthostelsvalencia.com\/wp-content\/uploads\/2014\/04\/street-valencia-nesthostelslvaneica-768x540.jpg 768w, https:\/\/nesthostelsvalencia.com\/wp-content\/uploads\/2014\/04\/street-valencia-nesthostelslvaneica-208x146.jpg 208w, https:\/\/nesthostelsvalencia.com\/wp-content\/uploads\/2014\/04\/street-valencia-nesthostelslvaneica-50x35.jpg 50w, https:\/\/nesthostelsvalencia.com\/wp-content\/uploads\/2014\/04\/street-valencia-nesthostelslvaneica-107x75.jpg 107w, https:\/\/nesthostelsvalencia.com\/wp-content\/uploads\/2014\/04\/street-valencia-nesthostelslvaneica.jpg 1280w\" sizes=\"(max-width: 1024px) 100vw, 1024px\" \/><\/a><figcaption class=\"wp-element-caption\">Calles de Valencia<\/figcaption><\/figure>\n","protected":false},"excerpt":{"rendered":"<p>C\u00f3mo llegar al Albergue Purple Nest de Valencia. Ubicaci\u00f3n de Purple Nest en el centro de Valencia. El alojamiento m\u00e1s barato de Valencia<\/p>\n","protected":false},"author":21,"featured_media":6802,"parent":0,"menu_order":0,"comment_status":"closed","ping_status":"closed","template":"","meta":{"footnotes":""},"class_list":["post-1531","page","type-page","status-publish","has-post-thumbnail","hentry"],"yoast_head":"<!-- This site is optimized with the Yoast SEO plugin v27.3 - https:\/\/yoast.com\/product\/yoast-seo-wordpress\/ -->\n<title>C\u00f3mo llegar a Purple Nest hostel Valencia. Ubicaci\u00f3n de Purple Nest Valencia<\/title>\n<meta name=\"description\" content=\"C\u00f3mo llegar y la ubicaci\u00f3n al Purple Nest hostel Valencia \u00ae Purple Nest hostel en el centro de Valencia. El alojamiento m\u00e1s barato de Valencia\" \/>\n<meta name=\"robots\" content=\"index, follow, max-snippet:-1, max-image-preview:large, max-video-preview:-1\" \/>\n<link rel=\"canonical\" href=\"https:\/\/nesthostelsvalencia.com\/es\/como-llegar-albergue-purple-nest\/\" \/>\n<meta property=\"og:locale\" content=\"es_ES\" \/>\n<meta property=\"og:type\" content=\"article\" \/>\n<meta property=\"og:title\" content=\"C\u00f3mo llegar a Purple Nest hostel Valencia. Ubicaci\u00f3n de Purple Nest Valencia\" \/>\n<meta property=\"og:description\" content=\"C\u00f3mo llegar y la ubicaci\u00f3n al Purple Nest hostel Valencia \u00ae Purple Nest hostel en el centro de Valencia. El alojamiento m\u00e1s barato de Valencia\" \/>\n<meta property=\"og:url\" content=\"https:\/\/nesthostelsvalencia.com\/es\/como-llegar-albergue-purple-nest\/\" \/>\n<meta property=\"og:site_name\" content=\"Nest Hostels Valencia\" \/>\n<meta property=\"article:modified_time\" content=\"2024-07-22T13:31:43+00:00\" \/>\n<meta property=\"og:image\" content=\"https:\/\/nesthostelsvalencia.com\/wp-content\/uploads\/2014\/04\/street-valencia-nesthostelslvaneica.jpg\" \/>\n\t<meta property=\"og:image:width\" content=\"1280\" \/>\n\t<meta property=\"og:image:height\" content=\"900\" \/>\n\t<meta property=\"og:image:type\" content=\"image\/jpeg\" \/>\n<meta name=\"twitter:card\" content=\"summary_large_image\" \/>\n<meta name=\"twitter:label1\" content=\"Tiempo de lectura\" \/>\n\t<meta name=\"twitter:data1\" content=\"8 minutes\" \/>\n<script type=\"application\/ld+json\" class=\"yoast-schema-graph\">{\"@context\":\"https:\\\/\\\/schema.org\",\"@graph\":[{\"@type\":\"WebPage\",\"@id\":\"https:\\\/\\\/nesthostelsvalencia.com\\\/es\\\/como-llegar-albergue-purple-nest\\\/\",\"url\":\"https:\\\/\\\/nesthostelsvalencia.com\\\/es\\\/como-llegar-albergue-purple-nest\\\/\",\"name\":\"C\u00f3mo llegar a Purple Nest hostel Valencia. Ubicaci\u00f3n de Purple Nest Valencia\",\"isPartOf\":{\"@id\":\"https:\\\/\\\/nesthostelsvalencia.com\\\/es\\\/#website\"},\"primaryImageOfPage\":{\"@id\":\"https:\\\/\\\/nesthostelsvalencia.com\\\/es\\\/como-llegar-albergue-purple-nest\\\/#primaryimage\"},\"image\":{\"@id\":\"https:\\\/\\\/nesthostelsvalencia.com\\\/es\\\/como-llegar-albergue-purple-nest\\\/#primaryimage\"},\"thumbnailUrl\":\"https:\\\/\\\/nesthostelsvalencia.com\\\/wp-content\\\/uploads\\\/2014\\\/04\\\/street-valencia-nesthostelslvaneica.jpg\",\"datePublished\":\"2015-05-22T09:33:41+00:00\",\"dateModified\":\"2024-07-22T13:31:43+00:00\",\"description\":\"C\u00f3mo llegar y la ubicaci\u00f3n al Purple Nest hostel Valencia \u00ae Purple Nest hostel en el centro de Valencia. El alojamiento m\u00e1s barato de Valencia\",\"breadcrumb\":{\"@id\":\"https:\\\/\\\/nesthostelsvalencia.com\\\/es\\\/como-llegar-albergue-purple-nest\\\/#breadcrumb\"},\"inLanguage\":\"es-ES\",\"potentialAction\":[{\"@type\":\"ReadAction\",\"target\":[\"https:\\\/\\\/nesthostelsvalencia.com\\\/es\\\/como-llegar-albergue-purple-nest\\\/\"]}]},{\"@type\":\"ImageObject\",\"inLanguage\":\"es-ES\",\"@id\":\"https:\\\/\\\/nesthostelsvalencia.com\\\/es\\\/como-llegar-albergue-purple-nest\\\/#primaryimage\",\"url\":\"https:\\\/\\\/nesthostelsvalencia.com\\\/wp-content\\\/uploads\\\/2014\\\/04\\\/street-valencia-nesthostelslvaneica.jpg\",\"contentUrl\":\"https:\\\/\\\/nesthostelsvalencia.com\\\/wp-content\\\/uploads\\\/2014\\\/04\\\/street-valencia-nesthostelslvaneica.jpg\",\"width\":1280,\"height\":900,\"caption\":\"Streets Valencia\"},{\"@type\":\"BreadcrumbList\",\"@id\":\"https:\\\/\\\/nesthostelsvalencia.com\\\/es\\\/como-llegar-albergue-purple-nest\\\/#breadcrumb\",\"itemListElement\":[{\"@type\":\"ListItem\",\"position\":1,\"name\":\"Home\",\"item\":\"https:\\\/\\\/nesthostelsvalencia.com\\\/es\\\/\"},{\"@type\":\"ListItem\",\"position\":2,\"name\":\"C\u00f3mo llegar al Purple Nest hostel Valencia\"}]},{\"@type\":\"WebSite\",\"@id\":\"https:\\\/\\\/nesthostelsvalencia.com\\\/es\\\/#website\",\"url\":\"https:\\\/\\\/nesthostelsvalencia.com\\\/es\\\/\",\"name\":\"Nest Hostels Valencia\",\"description\":\"News, events and tourist info about Valencia\",\"publisher\":{\"@id\":\"https:\\\/\\\/nesthostelsvalencia.com\\\/es\\\/#organization\"},\"alternateName\":\"Nest Hostels Valencia\",\"potentialAction\":[{\"@type\":\"SearchAction\",\"target\":{\"@type\":\"EntryPoint\",\"urlTemplate\":\"https:\\\/\\\/nesthostelsvalencia.com\\\/es\\\/?s={search_term_string}\"},\"query-input\":{\"@type\":\"PropertyValueSpecification\",\"valueRequired\":true,\"valueName\":\"search_term_string\"}}],\"inLanguage\":\"es-ES\"},{\"@type\":\"Organization\",\"@id\":\"https:\\\/\\\/nesthostelsvalencia.com\\\/es\\\/#organization\",\"name\":\"Nest Hostels Valencia\",\"alternateName\":\"Youth hostels and beds for travelers in Valencia\",\"url\":\"https:\\\/\\\/nesthostelsvalencia.com\\\/es\\\/\",\"logo\":{\"@type\":\"ImageObject\",\"inLanguage\":\"es-ES\",\"@id\":\"https:\\\/\\\/nesthostelsvalencia.com\\\/es\\\/#\\\/schema\\\/logo\\\/image\\\/\",\"url\":\"https:\\\/\\\/nesthostelsvalencia.com\\\/wp-content\\\/uploads\\\/2022\\\/01\\\/logo-nesthostels-valencia-feetuphostels.svg\",\"contentUrl\":\"https:\\\/\\\/nesthostelsvalencia.com\\\/wp-content\\\/uploads\\\/2022\\\/01\\\/logo-nesthostels-valencia-feetuphostels.svg\",\"width\":279,\"height\":130,\"caption\":\"Nest Hostels Valencia\"},\"image\":{\"@id\":\"https:\\\/\\\/nesthostelsvalencia.com\\\/es\\\/#\\\/schema\\\/logo\\\/image\\\/\"}}]}<\/script>\n<!-- \/ Yoast SEO plugin. -->","yoast_head_json":{"title":"C\u00f3mo llegar a Purple Nest hostel Valencia. Ubicaci\u00f3n de Purple Nest Valencia","description":"C\u00f3mo llegar y la ubicaci\u00f3n al Purple Nest hostel Valencia \u00ae Purple Nest hostel en el centro de Valencia. El alojamiento m\u00e1s barato de Valencia","robots":{"index":"index","follow":"follow","max-snippet":"max-snippet:-1","max-image-preview":"max-image-preview:large","max-video-preview":"max-video-preview:-1"},"canonical":"https:\/\/nesthostelsvalencia.com\/es\/como-llegar-albergue-purple-nest\/","og_locale":"es_ES","og_type":"article","og_title":"C\u00f3mo llegar a Purple Nest hostel Valencia. Ubicaci\u00f3n de Purple Nest Valencia","og_description":"C\u00f3mo llegar y la ubicaci\u00f3n al Purple Nest hostel Valencia \u00ae Purple Nest hostel en el centro de Valencia. El alojamiento m\u00e1s barato de Valencia","og_url":"https:\/\/nesthostelsvalencia.com\/es\/como-llegar-albergue-purple-nest\/","og_site_name":"Nest Hostels Valencia","article_modified_time":"2024-07-22T13:31:43+00:00","og_image":[{"width":1280,"height":900,"url":"https:\/\/nesthostelsvalencia.com\/wp-content\/uploads\/2014\/04\/street-valencia-nesthostelslvaneica.jpg","type":"image\/jpeg"}],"twitter_card":"summary_large_image","twitter_misc":{"Tiempo de lectura":"8 minutes"},"schema":{"@context":"https:\/\/schema.org","@graph":[{"@type":"WebPage","@id":"https:\/\/nesthostelsvalencia.com\/es\/como-llegar-albergue-purple-nest\/","url":"https:\/\/nesthostelsvalencia.com\/es\/como-llegar-albergue-purple-nest\/","name":"C\u00f3mo llegar a Purple Nest hostel Valencia. Ubicaci\u00f3n de Purple Nest Valencia","isPartOf":{"@id":"https:\/\/nesthostelsvalencia.com\/es\/#website"},"primaryImageOfPage":{"@id":"https:\/\/nesthostelsvalencia.com\/es\/como-llegar-albergue-purple-nest\/#primaryimage"},"image":{"@id":"https:\/\/nesthostelsvalencia.com\/es\/como-llegar-albergue-purple-nest\/#primaryimage"},"thumbnailUrl":"https:\/\/nesthostelsvalencia.com\/wp-content\/uploads\/2014\/04\/street-valencia-nesthostelslvaneica.jpg","datePublished":"2015-05-22T09:33:41+00:00","dateModified":"2024-07-22T13:31:43+00:00","description":"C\u00f3mo llegar y la ubicaci\u00f3n al Purple Nest hostel Valencia \u00ae Purple Nest hostel en el centro de Valencia. El alojamiento m\u00e1s barato de Valencia","breadcrumb":{"@id":"https:\/\/nesthostelsvalencia.com\/es\/como-llegar-albergue-purple-nest\/#breadcrumb"},"inLanguage":"es-ES","potentialAction":[{"@type":"ReadAction","target":["https:\/\/nesthostelsvalencia.com\/es\/como-llegar-albergue-purple-nest\/"]}]},{"@type":"ImageObject","inLanguage":"es-ES","@id":"https:\/\/nesthostelsvalencia.com\/es\/como-llegar-albergue-purple-nest\/#primaryimage","url":"https:\/\/nesthostelsvalencia.com\/wp-content\/uploads\/2014\/04\/street-valencia-nesthostelslvaneica.jpg","contentUrl":"https:\/\/nesthostelsvalencia.com\/wp-content\/uploads\/2014\/04\/street-valencia-nesthostelslvaneica.jpg","width":1280,"height":900,"caption":"Streets Valencia"},{"@type":"BreadcrumbList","@id":"https:\/\/nesthostelsvalencia.com\/es\/como-llegar-albergue-purple-nest\/#breadcrumb","itemListElement":[{"@type":"ListItem","position":1,"name":"Home","item":"https:\/\/nesthostelsvalencia.com\/es\/"},{"@type":"ListItem","position":2,"name":"C\u00f3mo llegar al Purple Nest hostel Valencia"}]},{"@type":"WebSite","@id":"https:\/\/nesthostelsvalencia.com\/es\/#website","url":"https:\/\/nesthostelsvalencia.com\/es\/","name":"Nest Hostels Valencia","description":"News, events and tourist info about Valencia","publisher":{"@id":"https:\/\/nesthostelsvalencia.com\/es\/#organization"},"alternateName":"Nest Hostels Valencia","potentialAction":[{"@type":"SearchAction","target":{"@type":"EntryPoint","urlTemplate":"https:\/\/nesthostelsvalencia.com\/es\/?s={search_term_string}"},"query-input":{"@type":"PropertyValueSpecification","valueRequired":true,"valueName":"search_term_string"}}],"inLanguage":"es-ES"},{"@type":"Organization","@id":"https:\/\/nesthostelsvalencia.com\/es\/#organization","name":"Nest Hostels Valencia","alternateName":"Youth hostels and beds for travelers in Valencia","url":"https:\/\/nesthostelsvalencia.com\/es\/","logo":{"@type":"ImageObject","inLanguage":"es-ES","@id":"https:\/\/nesthostelsvalencia.com\/es\/#\/schema\/logo\/image\/","url":"https:\/\/nesthostelsvalencia.com\/wp-content\/uploads\/2022\/01\/logo-nesthostels-valencia-feetuphostels.svg","contentUrl":"https:\/\/nesthostelsvalencia.com\/wp-content\/uploads\/2022\/01\/logo-nesthostels-valencia-feetuphostels.svg","width":279,"height":130,"caption":"Nest Hostels Valencia"},"image":{"@id":"https:\/\/nesthostelsvalencia.com\/es\/#\/schema\/logo\/image\/"}}]}},"_links":{"self":[{"href":"https:\/\/nesthostelsvalencia.com\/es\/wp-json\/wp\/v2\/pages\/1531","targetHints":{"allow":["GET"]}}],"collection":[{"href":"https:\/\/nesthostelsvalencia.com\/es\/wp-json\/wp\/v2\/pages"}],"about":[{"href":"https:\/\/nesthostelsvalencia.com\/es\/wp-json\/wp\/v2\/types\/page"}],"author":[{"embeddable":true,"href":"https:\/\/nesthostelsvalencia.com\/es\/wp-json\/wp\/v2\/users\/21"}],"replies":[{"embeddable":true,"href":"https:\/\/nesthostelsvalencia.com\/es\/wp-json\/wp\/v2\/comments?post=1531"}],"version-history":[{"count":0,"href":"https:\/\/nesthostelsvalencia.com\/es\/wp-json\/wp\/v2\/pages\/1531\/revisions"}],"wp:featuredmedia":[{"embeddable":true,"href":"https:\/\/nesthostelsvalencia.com\/es\/wp-json\/wp\/v2\/media\/6802"}],"wp:attachment":[{"href":"https:\/\/nesthostelsvalencia.com\/es\/wp-json\/wp\/v2\/media?parent=1531"}],"curies":[{"name":"wp","href":"https:\/\/api.w.org\/{rel}","templated":true}]}}