{"id":1552,"date":"2015-05-22T12:35:20","date_gmt":"2015-05-22T10:35:20","guid":{"rendered":"http:\/\/www.nesthostelsvalencia.com\/red-nest-hostel-valencia-2"},"modified":"2024-03-13T12:49:29","modified_gmt":"2024-03-13T11:49:29","slug":"albergue-red-nest-hostel-valencia","status":"publish","type":"page","link":"https:\/\/nesthostelsvalencia.com\/es\/albergue-red-nest-hostel-valencia\/","title":{"rendered":"Albergue Red Nest Hostel Valencia"},"content":{"rendered":"\n<h1 class=\"wp-block-heading has-text-align-center\">Albergue Red Nest Hostel Valencia<\/h1>\n\n<p>Somos uno de los albergues (Red Nest Hostal Valencia) m\u00e1s conocidos, c\u00e9ntricos, bonitos y accesibles de Valencia. El color de las paredes de todas nuestras habitaciones destaca en nuestras instalaciones. La mayor\u00eda de las \u00e1reas comunes de nuestro albergue tienen azulejos con colores brillantes y vibrantes. Y dise\u00f1os originales pintados en las paredes.<\/p>\n\n<h2 class=\"wp-block-heading\">\u00bfD\u00f3nde se encuentra ubicado el Red Nest Hostel Valencia?<\/h2>\n\n<p>En el coraz\u00f3n de Valencia. A tan solo unos minutos caminando de la estaci\u00f3n de <a href=\"https:\/\/goo.gl\/maps\/to1mUfsGNpw3yHXS7\" target=\"_blank\" rel=\"noreferrer noopener\">metro Col\u00f3n<\/a>. Por ejemplo, el ayuntamiento, as\u00ed como el Teatro Principal, la iglesia de Valencia, la Torre del Miguelete y el Mercado de Col\u00f3n. Todos ellos est\u00e1n dentro de un radio de un kil\u00f3metro del albergue. Adem\u00e1s, los visitantes deben familiarizarse con Valencia durante las Fallas (que tienen lugar en marzo). Y la playa de Valencia est\u00e1 a un cuarto de hora en autob\u00fas desde el albergue.<\/p>\n\n<h2 class=\"wp-block-heading\">\u00bfC\u00f3mo llegar a nuestro Red Nest Hostel Valencia?<\/h2>\n\n<p>Nuestro albergue Red Nest Hostel Valencia est\u00e1 situado en el centro de Valencia. A 5 minutos caminando de la estaci\u00f3n de metro Col\u00f3n. Ver como llegar desde t\u00fa ubicaci\u00f3n.<\/p>\n\n<p><\/p>\n\n<h2 class=\"wp-block-heading\">\u00bfSe realizan actividades para los hu\u00e9spedes en Red Nest Hostel Valencia?<\/h2>\n\n<p>Diversas actividades tienen lugar en nuestro Red Nest Hostel Valencia. Como visitas guiadas, barbacoas, comidas, fiestas y juegos varios. Ya que queremos que los clientes se conviertan en algo m\u00e1s que visitantes.<\/p>\n\n<p>La mayor\u00eda de las actividades son gestionadas por nuestro personal o por el personal de nuestra empresa TourmeOut.<\/p>\n\n<h2 class=\"wp-block-heading\">\u00bfQu\u00e9 encontrar\u00e1s en nuestras instalaciones?<\/h2>\n\n<div class=\"wp-block-columns is-layout-flex wp-container-core-columns-is-layout-28f84493 wp-block-columns-is-layout-flex\">\n<div class=\"wp-block-column is-layout-flow wp-block-column-is-layout-flow\">\n<p>El Red Nest tiene colores brillantes y ofrece una variedad de alojamientos amplios y luminosos para elegir. Incluyen habitaciones dobles para dos personas, habitaciones dobles superiores para tres personas, habitaciones cu\u00e1druples para cuatro personas y habitaciones compartidas. En dormitorios mixtos o femeninos (4, 6, 8 o 10 camas). Los ba\u00f1os privados est\u00e1n disponibles en las habitaciones privadas. Mientras que los ba\u00f1os compartidos est\u00e1n disponibles en las habitaciones m\u00e1s grandes.<\/p>\n\n\n\n<h2 class=\"wp-block-heading\">\u00bfQu\u00e9 caracter\u00edsticas encontrar\u00e1s en nuestro hostel?<\/h2>\n\n\n\n<p>Tiene habitaciones luminosas con aire acondicionado, conexi\u00f3n Wi-Fi gratuita y un patio en la azotea. Y se ofrecen toallas para el ba\u00f1o com\u00fan.<\/p>\n\n\n\n<p>Adem\u00e1s, el albergue Red Nest dispone de m\u00e1quinas expendedoras y ordenadores con acceso a Internet que se pueden utilizar por una tarifa. Tambi\u00e9n ofrece caf\u00e9 y t\u00e9 de cortes\u00eda.<\/p>\n\n\n\n<p>Y Red Nest tambi\u00e9n se encuentra en una excelente ubicaci\u00f3n para ver los lugares de inter\u00e9s y disfrutar de la vida nocturna. La estaci\u00f3n de autobuses est\u00e1 a unos ? kil\u00f3metros y el autob\u00fas de la playa para justo enfrente del albergue.<\/p>\n<\/div>\n\n\n\n<div class=\"wp-block-column is-layout-flow wp-block-column-is-layout-flow\">\n<figure class=\"wp-block-image size-full\"><a href=\"https:\/\/nesthostelsvalencia.com\/wp-content\/uploads\/2018\/07\/04red-nest-hostel-valencia-friendliness.jpg\"><img fetchpriority=\"high\" decoding=\"async\" width=\"1200\" height=\"900\" src=\"https:\/\/nesthostelsvalencia.com\/wp-content\/uploads\/2018\/07\/04red-nest-hostel-valencia-friendliness.jpg\" alt=\"Disfruta de nuestros c&#xF3;cteles con amigos\" class=\"wp-image-9589\" srcset=\"https:\/\/nesthostelsvalencia.com\/wp-content\/uploads\/2018\/07\/04red-nest-hostel-valencia-friendliness.jpg 1200w, https:\/\/nesthostelsvalencia.com\/wp-content\/uploads\/2018\/07\/04red-nest-hostel-valencia-friendliness-300x225.jpg 300w, https:\/\/nesthostelsvalencia.com\/wp-content\/uploads\/2018\/07\/04red-nest-hostel-valencia-friendliness-768x576.jpg 768w, https:\/\/nesthostelsvalencia.com\/wp-content\/uploads\/2018\/07\/04red-nest-hostel-valencia-friendliness-1024x768.jpg 1024w, https:\/\/nesthostelsvalencia.com\/wp-content\/uploads\/2018\/07\/04red-nest-hostel-valencia-friendliness-195x146.jpg 195w, https:\/\/nesthostelsvalencia.com\/wp-content\/uploads\/2018\/07\/04red-nest-hostel-valencia-friendliness-50x38.jpg 50w, https:\/\/nesthostelsvalencia.com\/wp-content\/uploads\/2018\/07\/04red-nest-hostel-valencia-friendliness-100x75.jpg 100w\" sizes=\"(max-width: 1200px) 100vw, 1200px\" \/><\/a><figcaption class=\"wp-element-caption\">Disfruta de nuestros c\u00f3cteles con amigos<\/figcaption><\/figure>\n<\/div>\n<\/div>\n\n<p>Finalmente, en base a revisiones independientes, nuestros clientes sienten que esta regi\u00f3n de Valencia es su favorita.<\/p>\n\n<figure class=\"wp-block-pullquote has-very-light-gray-to-cyan-bluish-gray-gradient-background has-background\"><blockquote><p>Perfecta relaci\u00f3n entre costo\/beneficio. Ubicaci\u00f3n en la parte superior de la parte superior, los anfitriones est\u00e1n disponibles y el recorrido gratuito a pie administrado por Roxy fue incre\u00edble.<\/p><cite><strong>Gaetano Petraglia<\/strong> Hace una semana en <a href=\"https:\/\/goo.gl\/maps\/xceVE18cJgA4idFT8\" target=\"_blank\" rel=\"noreferrer noopener\">Google<\/a><\/cite><\/blockquote><\/figure>\n\n<h2 class=\"wp-block-heading\">\u00bfTienes alguna otra pregunta?<\/h2>\n\n<p>Puedes consultar nuestras <a href=\"https:\/\/nesthostelsvalencia.com\/es\/preguntas-frecuentes-red-nest\/\">preguntas frecuentes<\/a> para encontrar respuesta a tus dudas. Tambi\u00e9n puede enviarnos un correo electr\u00f3nico a (\u2026)<\/p>\n\n<h2 class=\"wp-block-heading\">\u00bfCu\u00e1les son los servicios del albergue?<\/h2>\n\n<p>El Red Nest es un albergue acogedor con un ambiente animado que ofrece una variedad de comodidades. Como cuarto de lavado con secadora, aire acondicionado, cocina comunitaria y ascensor. Hay una zona de trabajo con acceso a Internet y algunos ordenadores y mesas. As\u00ed como una sala de diversi\u00f3n con TV y reproductor de DVD. El albergue tambi\u00e9n tiene una mesa de billar, as\u00ed como un patio para tomar el sol en el \u00faltimo piso. Y el albergue dispone de recepci\u00f3n 24 horas con informaci\u00f3n y mapas de la ciudad.<\/p>\n\n<p>Los hu\u00e9spedes podr\u00e1n participar en diversos eventos. Como visitas guiadas por la ciudad, noches de baile y rutas de tapas, entre otros. La empresa dispone y expone bicicletas de alquiler, as\u00ed como ropa de cama y mantas para el cliente. Las habitaciones tienen ventilador y son libres de humo.<\/p>\n\n<h2 class=\"wp-block-heading\">\u00bfQu\u00e9 servicios incluye la habitaci\u00f3n?<\/h2>\n\n<p>El albergue Red Nest cuenta con bonitas habitaciones que pueden alojar hasta doce personas en algunos casos, mientras que otros son privados y dobles. El ba\u00f1o es compartido y puede solicitar una cama en una de las habitaciones designadas para damas o caballeros. Wi-Fi est\u00e1 disponible en las habitaciones, as\u00ed como taquillas con candados disponibles para su compra en la recepci\u00f3n. Finalmente, para los mayores de 35 a\u00f1os se requerir\u00e1n habitaciones privadas.<\/p>\n","protected":false},"excerpt":{"rendered":"<p>Albergue Red Nest Valencia \u00ae m\u00e1s barato y bonito Hostal en el centro de Valencia. Uno de los m\u00e1s econ\u00f3mico, limpio y seguro albergue en Valencia. Mejor precio garantizado en reservas online. Libro directo y Ahorre hasta un 5% en su cama. Habitaci\u00f3n doble con ba\u00f1o compartido, habitaci\u00f3n doble est\u00e1ndar, cama de la mezcla en Valencia<\/p>\n","protected":false},"author":21,"featured_media":9162,"parent":0,"menu_order":0,"comment_status":"open","ping_status":"closed","template":"","meta":{"footnotes":""},"class_list":["post-1552","page","type-page","status-publish","has-post-thumbnail","hentry"],"yoast_head":"<!-- This site is optimized with the Yoast SEO plugin v27.5 - https:\/\/yoast.com\/product\/yoast-seo-wordpress\/ -->\n<title>Albergue Red Nest Hostel Valencia\u00ae Web oficial y el mejor precio<\/title>\n<meta name=\"description\" content=\"Albergue Red Nest Hostel Valencia \u2705 Sin intermediarios \u2705 Precio actualizado \u2705 El mejor precio Online \u2705 Ahorra hasta un 10% \u2705 Precio directo\" \/>\n<meta name=\"robots\" content=\"index, follow, max-snippet:-1, max-image-preview:large, max-video-preview:-1\" \/>\n<link rel=\"canonical\" href=\"https:\/\/nesthostelsvalencia.com\/es\/albergue-red-nest-hostel-valencia\/\" \/>\n<meta property=\"og:locale\" content=\"es_ES\" \/>\n<meta property=\"og:type\" content=\"article\" \/>\n<meta property=\"og:title\" content=\"Albergue Red Nest Hostel Valencia\u00ae Web oficial y el mejor precio\" \/>\n<meta property=\"og:description\" content=\"Albergue Red Nest Hostel Valencia \u2705 Sin intermediarios \u2705 Precio actualizado \u2705 El mejor precio Online \u2705 Ahorra hasta un 10% \u2705 Precio directo\" \/>\n<meta property=\"og:url\" content=\"https:\/\/nesthostelsvalencia.com\/es\/albergue-red-nest-hostel-valencia\/\" \/>\n<meta property=\"og:site_name\" content=\"Nest Hostels Valencia\" \/>\n<meta property=\"article:modified_time\" content=\"2024-03-13T11:49:29+00:00\" \/>\n<meta property=\"og:image\" content=\"https:\/\/nesthostelsvalencia.com\/wp-content\/uploads\/2018\/07\/red-nest-hostel-valencia-nesthostelsvalencia-2018.jpg\" \/>\n\t<meta property=\"og:image:width\" content=\"1200\" \/>\n\t<meta property=\"og:image:height\" content=\"900\" \/>\n\t<meta property=\"og:image:type\" content=\"image\/jpeg\" \/>\n<meta name=\"twitter:card\" content=\"summary_large_image\" \/>\n<meta name=\"twitter:label1\" content=\"Tiempo de lectura\" \/>\n\t<meta name=\"twitter:data1\" content=\"4 minutes\" \/>\n<script type=\"application\/ld+json\" class=\"yoast-schema-graph\">{\"@context\":\"https:\\\/\\\/schema.org\",\"@graph\":[{\"@type\":\"WebPage\",\"@id\":\"https:\\\/\\\/nesthostelsvalencia.com\\\/es\\\/albergue-red-nest-hostel-valencia\\\/\",\"url\":\"https:\\\/\\\/nesthostelsvalencia.com\\\/es\\\/albergue-red-nest-hostel-valencia\\\/\",\"name\":\"Albergue Red Nest Hostel Valencia\u00ae Web oficial y el mejor precio\",\"isPartOf\":{\"@id\":\"https:\\\/\\\/nesthostelsvalencia.com\\\/es\\\/#website\"},\"primaryImageOfPage\":{\"@id\":\"https:\\\/\\\/nesthostelsvalencia.com\\\/es\\\/albergue-red-nest-hostel-valencia\\\/#primaryimage\"},\"image\":{\"@id\":\"https:\\\/\\\/nesthostelsvalencia.com\\\/es\\\/albergue-red-nest-hostel-valencia\\\/#primaryimage\"},\"thumbnailUrl\":\"https:\\\/\\\/nesthostelsvalencia.com\\\/wp-content\\\/uploads\\\/2018\\\/07\\\/red-nest-hostel-valencia-nesthostelsvalencia-2018.jpg\",\"datePublished\":\"2015-05-22T10:35:20+00:00\",\"dateModified\":\"2024-03-13T11:49:29+00:00\",\"description\":\"Albergue Red Nest Hostel Valencia \u2705 Sin intermediarios \u2705 Precio actualizado \u2705 El mejor precio Online \u2705 Ahorra hasta un 10% \u2705 Precio directo\",\"breadcrumb\":{\"@id\":\"https:\\\/\\\/nesthostelsvalencia.com\\\/es\\\/albergue-red-nest-hostel-valencia\\\/#breadcrumb\"},\"inLanguage\":\"es-ES\",\"potentialAction\":[{\"@type\":\"ReadAction\",\"target\":[\"https:\\\/\\\/nesthostelsvalencia.com\\\/es\\\/albergue-red-nest-hostel-valencia\\\/\"]}]},{\"@type\":\"ImageObject\",\"inLanguage\":\"es-ES\",\"@id\":\"https:\\\/\\\/nesthostelsvalencia.com\\\/es\\\/albergue-red-nest-hostel-valencia\\\/#primaryimage\",\"url\":\"https:\\\/\\\/nesthostelsvalencia.com\\\/wp-content\\\/uploads\\\/2018\\\/07\\\/red-nest-hostel-valencia-nesthostelsvalencia-2018.jpg\",\"contentUrl\":\"https:\\\/\\\/nesthostelsvalencia.com\\\/wp-content\\\/uploads\\\/2018\\\/07\\\/red-nest-hostel-valencia-nesthostelsvalencia-2018.jpg\",\"width\":1200,\"height\":900,\"caption\":\"Red Nest Hostel Valencia\"},{\"@type\":\"BreadcrumbList\",\"@id\":\"https:\\\/\\\/nesthostelsvalencia.com\\\/es\\\/albergue-red-nest-hostel-valencia\\\/#breadcrumb\",\"itemListElement\":[{\"@type\":\"ListItem\",\"position\":1,\"name\":\"Home\",\"item\":\"https:\\\/\\\/nesthostelsvalencia.com\\\/es\\\/\"},{\"@type\":\"ListItem\",\"position\":2,\"name\":\"Albergue Red Nest Hostel Valencia\"}]},{\"@type\":\"WebSite\",\"@id\":\"https:\\\/\\\/nesthostelsvalencia.com\\\/es\\\/#website\",\"url\":\"https:\\\/\\\/nesthostelsvalencia.com\\\/es\\\/\",\"name\":\"Nest Hostels Valencia\",\"description\":\"News, events and tourist info about Valencia\",\"publisher\":{\"@id\":\"https:\\\/\\\/nesthostelsvalencia.com\\\/es\\\/#organization\"},\"alternateName\":\"Nest Hostels Valencia\",\"potentialAction\":[{\"@type\":\"SearchAction\",\"target\":{\"@type\":\"EntryPoint\",\"urlTemplate\":\"https:\\\/\\\/nesthostelsvalencia.com\\\/es\\\/?s={search_term_string}\"},\"query-input\":{\"@type\":\"PropertyValueSpecification\",\"valueRequired\":true,\"valueName\":\"search_term_string\"}}],\"inLanguage\":\"es-ES\"},{\"@type\":\"Organization\",\"@id\":\"https:\\\/\\\/nesthostelsvalencia.com\\\/es\\\/#organization\",\"name\":\"Nest Hostels Valencia\",\"alternateName\":\"Youth hostels and beds for travelers in Valencia\",\"url\":\"https:\\\/\\\/nesthostelsvalencia.com\\\/es\\\/\",\"logo\":{\"@type\":\"ImageObject\",\"inLanguage\":\"es-ES\",\"@id\":\"https:\\\/\\\/nesthostelsvalencia.com\\\/es\\\/#\\\/schema\\\/logo\\\/image\\\/\",\"url\":\"https:\\\/\\\/nesthostelsvalencia.com\\\/wp-content\\\/uploads\\\/2022\\\/01\\\/logo-nesthostels-valencia-feetuphostels.svg\",\"contentUrl\":\"https:\\\/\\\/nesthostelsvalencia.com\\\/wp-content\\\/uploads\\\/2022\\\/01\\\/logo-nesthostels-valencia-feetuphostels.svg\",\"width\":279,\"height\":130,\"caption\":\"Nest Hostels Valencia\"},\"image\":{\"@id\":\"https:\\\/\\\/nesthostelsvalencia.com\\\/es\\\/#\\\/schema\\\/logo\\\/image\\\/\"}}]}<\/script>\n<!-- \/ Yoast SEO plugin. -->","yoast_head_json":{"title":"Albergue Red Nest Hostel Valencia\u00ae Web oficial y el mejor precio","description":"Albergue Red Nest Hostel Valencia \u2705 Sin intermediarios \u2705 Precio actualizado \u2705 El mejor precio Online \u2705 Ahorra hasta un 10% \u2705 Precio directo","robots":{"index":"index","follow":"follow","max-snippet":"max-snippet:-1","max-image-preview":"max-image-preview:large","max-video-preview":"max-video-preview:-1"},"canonical":"https:\/\/nesthostelsvalencia.com\/es\/albergue-red-nest-hostel-valencia\/","og_locale":"es_ES","og_type":"article","og_title":"Albergue Red Nest Hostel Valencia\u00ae Web oficial y el mejor precio","og_description":"Albergue Red Nest Hostel Valencia \u2705 Sin intermediarios \u2705 Precio actualizado \u2705 El mejor precio Online \u2705 Ahorra hasta un 10% \u2705 Precio directo","og_url":"https:\/\/nesthostelsvalencia.com\/es\/albergue-red-nest-hostel-valencia\/","og_site_name":"Nest Hostels Valencia","article_modified_time":"2024-03-13T11:49:29+00:00","og_image":[{"width":1200,"height":900,"url":"https:\/\/nesthostelsvalencia.com\/wp-content\/uploads\/2018\/07\/red-nest-hostel-valencia-nesthostelsvalencia-2018.jpg","type":"image\/jpeg"}],"twitter_card":"summary_large_image","twitter_misc":{"Tiempo de lectura":"4 minutes"},"schema":{"@context":"https:\/\/schema.org","@graph":[{"@type":"WebPage","@id":"https:\/\/nesthostelsvalencia.com\/es\/albergue-red-nest-hostel-valencia\/","url":"https:\/\/nesthostelsvalencia.com\/es\/albergue-red-nest-hostel-valencia\/","name":"Albergue Red Nest Hostel Valencia\u00ae Web oficial y el mejor precio","isPartOf":{"@id":"https:\/\/nesthostelsvalencia.com\/es\/#website"},"primaryImageOfPage":{"@id":"https:\/\/nesthostelsvalencia.com\/es\/albergue-red-nest-hostel-valencia\/#primaryimage"},"image":{"@id":"https:\/\/nesthostelsvalencia.com\/es\/albergue-red-nest-hostel-valencia\/#primaryimage"},"thumbnailUrl":"https:\/\/nesthostelsvalencia.com\/wp-content\/uploads\/2018\/07\/red-nest-hostel-valencia-nesthostelsvalencia-2018.jpg","datePublished":"2015-05-22T10:35:20+00:00","dateModified":"2024-03-13T11:49:29+00:00","description":"Albergue Red Nest Hostel Valencia \u2705 Sin intermediarios \u2705 Precio actualizado \u2705 El mejor precio Online \u2705 Ahorra hasta un 10% \u2705 Precio directo","breadcrumb":{"@id":"https:\/\/nesthostelsvalencia.com\/es\/albergue-red-nest-hostel-valencia\/#breadcrumb"},"inLanguage":"es-ES","potentialAction":[{"@type":"ReadAction","target":["https:\/\/nesthostelsvalencia.com\/es\/albergue-red-nest-hostel-valencia\/"]}]},{"@type":"ImageObject","inLanguage":"es-ES","@id":"https:\/\/nesthostelsvalencia.com\/es\/albergue-red-nest-hostel-valencia\/#primaryimage","url":"https:\/\/nesthostelsvalencia.com\/wp-content\/uploads\/2018\/07\/red-nest-hostel-valencia-nesthostelsvalencia-2018.jpg","contentUrl":"https:\/\/nesthostelsvalencia.com\/wp-content\/uploads\/2018\/07\/red-nest-hostel-valencia-nesthostelsvalencia-2018.jpg","width":1200,"height":900,"caption":"Red Nest Hostel Valencia"},{"@type":"BreadcrumbList","@id":"https:\/\/nesthostelsvalencia.com\/es\/albergue-red-nest-hostel-valencia\/#breadcrumb","itemListElement":[{"@type":"ListItem","position":1,"name":"Home","item":"https:\/\/nesthostelsvalencia.com\/es\/"},{"@type":"ListItem","position":2,"name":"Albergue Red Nest Hostel Valencia"}]},{"@type":"WebSite","@id":"https:\/\/nesthostelsvalencia.com\/es\/#website","url":"https:\/\/nesthostelsvalencia.com\/es\/","name":"Nest Hostels Valencia","description":"News, events and tourist info about Valencia","publisher":{"@id":"https:\/\/nesthostelsvalencia.com\/es\/#organization"},"alternateName":"Nest Hostels Valencia","potentialAction":[{"@type":"SearchAction","target":{"@type":"EntryPoint","urlTemplate":"https:\/\/nesthostelsvalencia.com\/es\/?s={search_term_string}"},"query-input":{"@type":"PropertyValueSpecification","valueRequired":true,"valueName":"search_term_string"}}],"inLanguage":"es-ES"},{"@type":"Organization","@id":"https:\/\/nesthostelsvalencia.com\/es\/#organization","name":"Nest Hostels Valencia","alternateName":"Youth hostels and beds for travelers in Valencia","url":"https:\/\/nesthostelsvalencia.com\/es\/","logo":{"@type":"ImageObject","inLanguage":"es-ES","@id":"https:\/\/nesthostelsvalencia.com\/es\/#\/schema\/logo\/image\/","url":"https:\/\/nesthostelsvalencia.com\/wp-content\/uploads\/2022\/01\/logo-nesthostels-valencia-feetuphostels.svg","contentUrl":"https:\/\/nesthostelsvalencia.com\/wp-content\/uploads\/2022\/01\/logo-nesthostels-valencia-feetuphostels.svg","width":279,"height":130,"caption":"Nest Hostels Valencia"},"image":{"@id":"https:\/\/nesthostelsvalencia.com\/es\/#\/schema\/logo\/image\/"}}]}},"_links":{"self":[{"href":"https:\/\/nesthostelsvalencia.com\/es\/wp-json\/wp\/v2\/pages\/1552","targetHints":{"allow":["GET"]}}],"collection":[{"href":"https:\/\/nesthostelsvalencia.com\/es\/wp-json\/wp\/v2\/pages"}],"about":[{"href":"https:\/\/nesthostelsvalencia.com\/es\/wp-json\/wp\/v2\/types\/page"}],"author":[{"embeddable":true,"href":"https:\/\/nesthostelsvalencia.com\/es\/wp-json\/wp\/v2\/users\/21"}],"replies":[{"embeddable":true,"href":"https:\/\/nesthostelsvalencia.com\/es\/wp-json\/wp\/v2\/comments?post=1552"}],"version-history":[{"count":0,"href":"https:\/\/nesthostelsvalencia.com\/es\/wp-json\/wp\/v2\/pages\/1552\/revisions"}],"wp:featuredmedia":[{"embeddable":true,"href":"https:\/\/nesthostelsvalencia.com\/es\/wp-json\/wp\/v2\/media\/9162"}],"wp:attachment":[{"href":"https:\/\/nesthostelsvalencia.com\/es\/wp-json\/wp\/v2\/media?parent=1552"}],"curies":[{"name":"wp","href":"https:\/\/api.w.org\/{rel}","templated":true}]}}