{"id":1554,"date":"2015-05-22T12:36:45","date_gmt":"2015-05-22T10:36:45","guid":{"rendered":"http:\/\/www.nesthostelsvalencia.com\/?page_id=1554"},"modified":"2024-07-22T18:39:34","modified_gmt":"2024-07-22T16:39:34","slug":"como-llegar-al-albergue-red-nest","status":"publish","type":"page","link":"https:\/\/nesthostelsvalencia.com\/es\/como-llegar-al-albergue-red-nest\/","title":{"rendered":"C\u00f3mo llegar a Red Nest Hostel Valencia"},"content":{"rendered":"\n<h1 class=\"wp-block-heading has-text-align-center\">Ubicaci\u00f3n del Albergue Red Nest<\/h1>\n\n<iframe src=\"https:\/\/www.google.com\/maps\/embed?pb=!1m14!1m8!1m3!1d6159.489326558575!2d-0.375414800490832!3d39.47509674530684!3m2!1i1024!2i768!4f13.1!3m3!1m2!1s0xd6048b252915ce7%3A0xc3230866517c578d!2sRed%20Nest%20Hostel%20Valencia!5e0!3m2!1ses!2ses!4v1699007339535!5m2!1ses!2ses\" width=\"100%\" height=\"450\" style=\"border:0;\" allowfullscreen=\"\" loading=\"lazy\" referrerpolicy=\"no-referrer-when-downgrade\"><\/iframe>\n\n<div style=\"height:25px\" aria-hidden=\"true\" class=\"wp-block-spacer\"><\/div>\n","protected":false},"excerpt":{"rendered":"<p>C\u00f3mo llegar al Albergue Red Nest de Valencia. Ubicaci\u00f3n del Albergue Red Nest de Valencia. El Albergue Red Nest Valencia est\u00e1 situado en la calle La Paz, muy cerca de los lugares m\u00e1s tur\u00edsticos de Valencia y del transporte p\u00fablico que te permitir\u00e1 llegar a cualquier otro lugar de Valencia, incluida la playa.<\/p>\n","protected":false},"author":21,"featured_media":16637,"parent":0,"menu_order":0,"comment_status":"closed","ping_status":"closed","template":"","meta":{"footnotes":""},"class_list":["post-1554","page","type-page","status-publish","has-post-thumbnail","hentry"],"yoast_head":"<!-- This site is optimized with the Yoast SEO plugin v27.4 - https:\/\/yoast.com\/product\/yoast-seo-wordpress\/ -->\n<title>C\u00f3mo llegar al Albergue Rd Nest de Valencia. Localizaci\u00f3n Red en Valencia<\/title>\n<meta name=\"description\" content=\"C\u00f3mo llegar al Albergue Red Nest de Valencia. Localizaci\u00f3n Red Nest en el centro de Valencia. El alojamiento m\u00e1s barato de Valencia\" \/>\n<meta name=\"robots\" content=\"index, follow, max-snippet:-1, max-image-preview:large, max-video-preview:-1\" \/>\n<link rel=\"canonical\" href=\"https:\/\/nesthostelsvalencia.com\/es\/como-llegar-al-albergue-red-nest\/\" \/>\n<meta property=\"og:locale\" content=\"es_ES\" \/>\n<meta property=\"og:type\" content=\"article\" \/>\n<meta property=\"og:title\" content=\"C\u00f3mo llegar al Albergue Rd Nest de Valencia. Localizaci\u00f3n Red en Valencia\" \/>\n<meta property=\"og:description\" content=\"C\u00f3mo llegar al Albergue Red Nest de Valencia. Localizaci\u00f3n Red Nest en el centro de Valencia. El alojamiento m\u00e1s barato de Valencia\" \/>\n<meta property=\"og:url\" content=\"https:\/\/nesthostelsvalencia.com\/es\/como-llegar-al-albergue-red-nest\/\" \/>\n<meta property=\"og:site_name\" content=\"Nest Hostels Valencia\" \/>\n<meta property=\"article:modified_time\" content=\"2024-07-22T16:39:34+00:00\" \/>\n<meta property=\"og:image\" content=\"https:\/\/nesthostelsvalencia.com\/wp-content\/uploads\/2022\/05\/pexels-nubia-navarro-nubikini-386000.jpg\" \/>\n\t<meta property=\"og:image:width\" content=\"5184\" \/>\n\t<meta property=\"og:image:height\" content=\"3456\" \/>\n\t<meta property=\"og:image:type\" content=\"image\/jpeg\" \/>\n<meta name=\"twitter:card\" content=\"summary_large_image\" \/>\n<meta name=\"twitter:label1\" content=\"Tiempo de lectura\" \/>\n\t<meta name=\"twitter:data1\" content=\"1 minute\" \/>\n<script type=\"application\/ld+json\" class=\"yoast-schema-graph\">{\"@context\":\"https:\\\/\\\/schema.org\",\"@graph\":[{\"@type\":\"WebPage\",\"@id\":\"https:\\\/\\\/nesthostelsvalencia.com\\\/es\\\/como-llegar-al-albergue-red-nest\\\/\",\"url\":\"https:\\\/\\\/nesthostelsvalencia.com\\\/es\\\/como-llegar-al-albergue-red-nest\\\/\",\"name\":\"C\u00f3mo llegar al Albergue Rd Nest de Valencia. Localizaci\u00f3n Red en Valencia\",\"isPartOf\":{\"@id\":\"https:\\\/\\\/nesthostelsvalencia.com\\\/es\\\/#website\"},\"primaryImageOfPage\":{\"@id\":\"https:\\\/\\\/nesthostelsvalencia.com\\\/es\\\/como-llegar-al-albergue-red-nest\\\/#primaryimage\"},\"image\":{\"@id\":\"https:\\\/\\\/nesthostelsvalencia.com\\\/es\\\/como-llegar-al-albergue-red-nest\\\/#primaryimage\"},\"thumbnailUrl\":\"https:\\\/\\\/nesthostelsvalencia.com\\\/wp-content\\\/uploads\\\/2022\\\/05\\\/pexels-nubia-navarro-nubikini-386000.jpg\",\"datePublished\":\"2015-05-22T10:36:45+00:00\",\"dateModified\":\"2024-07-22T16:39:34+00:00\",\"description\":\"C\u00f3mo llegar al Albergue Red Nest de Valencia. Localizaci\u00f3n Red Nest en el centro de Valencia. El alojamiento m\u00e1s barato de Valencia\",\"breadcrumb\":{\"@id\":\"https:\\\/\\\/nesthostelsvalencia.com\\\/es\\\/como-llegar-al-albergue-red-nest\\\/#breadcrumb\"},\"inLanguage\":\"es-ES\",\"potentialAction\":[{\"@type\":\"ReadAction\",\"target\":[\"https:\\\/\\\/nesthostelsvalencia.com\\\/es\\\/como-llegar-al-albergue-red-nest\\\/\"]}]},{\"@type\":\"ImageObject\",\"inLanguage\":\"es-ES\",\"@id\":\"https:\\\/\\\/nesthostelsvalencia.com\\\/es\\\/como-llegar-al-albergue-red-nest\\\/#primaryimage\",\"url\":\"https:\\\/\\\/nesthostelsvalencia.com\\\/wp-content\\\/uploads\\\/2022\\\/05\\\/pexels-nubia-navarro-nubikini-386000.jpg\",\"contentUrl\":\"https:\\\/\\\/nesthostelsvalencia.com\\\/wp-content\\\/uploads\\\/2022\\\/05\\\/pexels-nubia-navarro-nubikini-386000.jpg\",\"width\":5184,\"height\":3456},{\"@type\":\"BreadcrumbList\",\"@id\":\"https:\\\/\\\/nesthostelsvalencia.com\\\/es\\\/como-llegar-al-albergue-red-nest\\\/#breadcrumb\",\"itemListElement\":[{\"@type\":\"ListItem\",\"position\":1,\"name\":\"Home\",\"item\":\"https:\\\/\\\/nesthostelsvalencia.com\\\/es\\\/\"},{\"@type\":\"ListItem\",\"position\":2,\"name\":\"C\u00f3mo llegar a Red Nest Hostel Valencia\"}]},{\"@type\":\"WebSite\",\"@id\":\"https:\\\/\\\/nesthostelsvalencia.com\\\/es\\\/#website\",\"url\":\"https:\\\/\\\/nesthostelsvalencia.com\\\/es\\\/\",\"name\":\"Nest Hostels Valencia\",\"description\":\"News, events and tourist info about Valencia\",\"publisher\":{\"@id\":\"https:\\\/\\\/nesthostelsvalencia.com\\\/es\\\/#organization\"},\"alternateName\":\"Nest Hostels Valencia\",\"potentialAction\":[{\"@type\":\"SearchAction\",\"target\":{\"@type\":\"EntryPoint\",\"urlTemplate\":\"https:\\\/\\\/nesthostelsvalencia.com\\\/es\\\/?s={search_term_string}\"},\"query-input\":{\"@type\":\"PropertyValueSpecification\",\"valueRequired\":true,\"valueName\":\"search_term_string\"}}],\"inLanguage\":\"es-ES\"},{\"@type\":\"Organization\",\"@id\":\"https:\\\/\\\/nesthostelsvalencia.com\\\/es\\\/#organization\",\"name\":\"Nest Hostels Valencia\",\"alternateName\":\"Youth hostels and beds for travelers in Valencia\",\"url\":\"https:\\\/\\\/nesthostelsvalencia.com\\\/es\\\/\",\"logo\":{\"@type\":\"ImageObject\",\"inLanguage\":\"es-ES\",\"@id\":\"https:\\\/\\\/nesthostelsvalencia.com\\\/es\\\/#\\\/schema\\\/logo\\\/image\\\/\",\"url\":\"https:\\\/\\\/nesthostelsvalencia.com\\\/wp-content\\\/uploads\\\/2022\\\/01\\\/logo-nesthostels-valencia-feetuphostels.svg\",\"contentUrl\":\"https:\\\/\\\/nesthostelsvalencia.com\\\/wp-content\\\/uploads\\\/2022\\\/01\\\/logo-nesthostels-valencia-feetuphostels.svg\",\"width\":279,\"height\":130,\"caption\":\"Nest Hostels Valencia\"},\"image\":{\"@id\":\"https:\\\/\\\/nesthostelsvalencia.com\\\/es\\\/#\\\/schema\\\/logo\\\/image\\\/\"}}]}<\/script>\n<!-- \/ Yoast SEO plugin. -->","yoast_head_json":{"title":"C\u00f3mo llegar al Albergue Rd Nest de Valencia. Localizaci\u00f3n Red en Valencia","description":"C\u00f3mo llegar al Albergue Red Nest de Valencia. Localizaci\u00f3n Red Nest en el centro de Valencia. El alojamiento m\u00e1s barato de Valencia","robots":{"index":"index","follow":"follow","max-snippet":"max-snippet:-1","max-image-preview":"max-image-preview:large","max-video-preview":"max-video-preview:-1"},"canonical":"https:\/\/nesthostelsvalencia.com\/es\/como-llegar-al-albergue-red-nest\/","og_locale":"es_ES","og_type":"article","og_title":"C\u00f3mo llegar al Albergue Rd Nest de Valencia. Localizaci\u00f3n Red en Valencia","og_description":"C\u00f3mo llegar al Albergue Red Nest de Valencia. Localizaci\u00f3n Red Nest en el centro de Valencia. El alojamiento m\u00e1s barato de Valencia","og_url":"https:\/\/nesthostelsvalencia.com\/es\/como-llegar-al-albergue-red-nest\/","og_site_name":"Nest Hostels Valencia","article_modified_time":"2024-07-22T16:39:34+00:00","og_image":[{"width":5184,"height":3456,"url":"https:\/\/nesthostelsvalencia.com\/wp-content\/uploads\/2022\/05\/pexels-nubia-navarro-nubikini-386000.jpg","type":"image\/jpeg"}],"twitter_card":"summary_large_image","twitter_misc":{"Tiempo de lectura":"1 minute"},"schema":{"@context":"https:\/\/schema.org","@graph":[{"@type":"WebPage","@id":"https:\/\/nesthostelsvalencia.com\/es\/como-llegar-al-albergue-red-nest\/","url":"https:\/\/nesthostelsvalencia.com\/es\/como-llegar-al-albergue-red-nest\/","name":"C\u00f3mo llegar al Albergue Rd Nest de Valencia. Localizaci\u00f3n Red en Valencia","isPartOf":{"@id":"https:\/\/nesthostelsvalencia.com\/es\/#website"},"primaryImageOfPage":{"@id":"https:\/\/nesthostelsvalencia.com\/es\/como-llegar-al-albergue-red-nest\/#primaryimage"},"image":{"@id":"https:\/\/nesthostelsvalencia.com\/es\/como-llegar-al-albergue-red-nest\/#primaryimage"},"thumbnailUrl":"https:\/\/nesthostelsvalencia.com\/wp-content\/uploads\/2022\/05\/pexels-nubia-navarro-nubikini-386000.jpg","datePublished":"2015-05-22T10:36:45+00:00","dateModified":"2024-07-22T16:39:34+00:00","description":"C\u00f3mo llegar al Albergue Red Nest de Valencia. Localizaci\u00f3n Red Nest en el centro de Valencia. El alojamiento m\u00e1s barato de Valencia","breadcrumb":{"@id":"https:\/\/nesthostelsvalencia.com\/es\/como-llegar-al-albergue-red-nest\/#breadcrumb"},"inLanguage":"es-ES","potentialAction":[{"@type":"ReadAction","target":["https:\/\/nesthostelsvalencia.com\/es\/como-llegar-al-albergue-red-nest\/"]}]},{"@type":"ImageObject","inLanguage":"es-ES","@id":"https:\/\/nesthostelsvalencia.com\/es\/como-llegar-al-albergue-red-nest\/#primaryimage","url":"https:\/\/nesthostelsvalencia.com\/wp-content\/uploads\/2022\/05\/pexels-nubia-navarro-nubikini-386000.jpg","contentUrl":"https:\/\/nesthostelsvalencia.com\/wp-content\/uploads\/2022\/05\/pexels-nubia-navarro-nubikini-386000.jpg","width":5184,"height":3456},{"@type":"BreadcrumbList","@id":"https:\/\/nesthostelsvalencia.com\/es\/como-llegar-al-albergue-red-nest\/#breadcrumb","itemListElement":[{"@type":"ListItem","position":1,"name":"Home","item":"https:\/\/nesthostelsvalencia.com\/es\/"},{"@type":"ListItem","position":2,"name":"C\u00f3mo llegar a Red Nest Hostel Valencia"}]},{"@type":"WebSite","@id":"https:\/\/nesthostelsvalencia.com\/es\/#website","url":"https:\/\/nesthostelsvalencia.com\/es\/","name":"Nest Hostels Valencia","description":"News, events and tourist info about Valencia","publisher":{"@id":"https:\/\/nesthostelsvalencia.com\/es\/#organization"},"alternateName":"Nest Hostels Valencia","potentialAction":[{"@type":"SearchAction","target":{"@type":"EntryPoint","urlTemplate":"https:\/\/nesthostelsvalencia.com\/es\/?s={search_term_string}"},"query-input":{"@type":"PropertyValueSpecification","valueRequired":true,"valueName":"search_term_string"}}],"inLanguage":"es-ES"},{"@type":"Organization","@id":"https:\/\/nesthostelsvalencia.com\/es\/#organization","name":"Nest Hostels Valencia","alternateName":"Youth hostels and beds for travelers in Valencia","url":"https:\/\/nesthostelsvalencia.com\/es\/","logo":{"@type":"ImageObject","inLanguage":"es-ES","@id":"https:\/\/nesthostelsvalencia.com\/es\/#\/schema\/logo\/image\/","url":"https:\/\/nesthostelsvalencia.com\/wp-content\/uploads\/2022\/01\/logo-nesthostels-valencia-feetuphostels.svg","contentUrl":"https:\/\/nesthostelsvalencia.com\/wp-content\/uploads\/2022\/01\/logo-nesthostels-valencia-feetuphostels.svg","width":279,"height":130,"caption":"Nest Hostels Valencia"},"image":{"@id":"https:\/\/nesthostelsvalencia.com\/es\/#\/schema\/logo\/image\/"}}]}},"_links":{"self":[{"href":"https:\/\/nesthostelsvalencia.com\/es\/wp-json\/wp\/v2\/pages\/1554","targetHints":{"allow":["GET"]}}],"collection":[{"href":"https:\/\/nesthostelsvalencia.com\/es\/wp-json\/wp\/v2\/pages"}],"about":[{"href":"https:\/\/nesthostelsvalencia.com\/es\/wp-json\/wp\/v2\/types\/page"}],"author":[{"embeddable":true,"href":"https:\/\/nesthostelsvalencia.com\/es\/wp-json\/wp\/v2\/users\/21"}],"replies":[{"embeddable":true,"href":"https:\/\/nesthostelsvalencia.com\/es\/wp-json\/wp\/v2\/comments?post=1554"}],"version-history":[{"count":0,"href":"https:\/\/nesthostelsvalencia.com\/es\/wp-json\/wp\/v2\/pages\/1554\/revisions"}],"wp:featuredmedia":[{"embeddable":true,"href":"https:\/\/nesthostelsvalencia.com\/es\/wp-json\/wp\/v2\/media\/16637"}],"wp:attachment":[{"href":"https:\/\/nesthostelsvalencia.com\/es\/wp-json\/wp\/v2\/media?parent=1554"}],"curies":[{"name":"wp","href":"https:\/\/api.w.org\/{rel}","templated":true}]}}