{"id":19224,"date":"2017-09-05T11:27:29","date_gmt":"2017-09-05T09:27:29","guid":{"rendered":"https:\/\/nesthostelsvalencia.com\/politica-de-cookies\/"},"modified":"2023-10-31T17:23:58","modified_gmt":"2023-10-31T16:23:58","slug":"politica-de-cookies","status":"publish","type":"page","link":"https:\/\/nesthostelsvalencia.com\/es\/politica-de-cookies\/","title":{"rendered":"Pol\u00edtica de cookies"},"content":{"rendered":"\n<h1 class=\"wp-block-heading has-text-align-center\">Pol\u00edtica de cookies Nest Hostels Valencia<\/h1>\n\n\n\n<p>No utilizamos cookies para recabar informaci\u00f3n de los usuarios. \u00danicamente se utilizan cookies propias, de sesi\u00f3n, con fines t\u00e9cnicos (aquellas que permiten al usuario la navegaci\u00f3n a trav\u00e9s de la p\u00e1gina web y la utilizaci\u00f3n de las diferentes opciones y servicios que en ella existen).<\/p>\n\n\n\n<p>El portal del que somos propietarios contiene enlaces a sitios web de terceros, cuyas pol\u00edticas de privacidad nos son ajenas. Al acceder a dichos sitios web usted puede decidir si acepta sus pol\u00edticas de privacidad y de cookies. En general, si navega por Internet puede aceptar o rechazar las cookies de terceros desde las opciones de configuraci\u00f3n de su navegador.<\/p>\n\n\n\n<h2 class=\"wp-block-heading\">A) Definici\u00f3n y funci\u00f3n gen\u00e9rica de las cookies.<\/h2>\n\n\n\n<p><strong>NEST HOUSE SL.<\/strong>, el titular de este sitio web informa que se utilizan cookies y\/o tecnolog\u00edas similares que almacenan y recuperan informaci\u00f3n cuando navegas. En general, estas tecnolog\u00edas pueden servir para finalidades muy diversas, como, por ejemplo, reconocerte como usuario, obtener informaci\u00f3n sobre tus h\u00e1bitos de navegaci\u00f3n, o personalizar la forma en que se muestra el contenido. Los usos concretos que hacemos de estas tecnolog\u00edas se describen a continuaci\u00f3n.<\/p>\n\n\n\n<h2 class=\"wp-block-heading\">cB) Informaci\u00f3n sobre el tipo de cookies utilizadas y su finalidad.<\/h2>\n\n\n\n<ul class=\"wp-block-list\">\n<li><strong>T\u00e9cnicas<\/strong>: Son aquellas necesarias para la navegaci\u00f3n y el buen funcionamiento de nuestra p\u00e1gina web. Permiten, por ejemplo, controlar el tr\u00e1fico y la comunicaci\u00f3n de datos, acceder a partes de acceso restringido, realizar el proceso de compra de un pedido, utilizar elementos de seguridad y almacenar contenidos para poder difundir v\u00eddeos o compartir contenidos a trav\u00e9s de redes sociales.<\/li>\n\n\n\n<li><strong>Personalizaci\u00f3n<\/strong>:&nbsp;Son aquellas que permiten al usuario acceder al servicio con unas caracter\u00edsticas predefinidas en funci\u00f3n de una serie de criterios, como el idioma, el tipo de navegador a trav\u00e9s del cual se accede al servicio y la configuraci\u00f3n regional desde la que se accede. al servicio, etc.<\/li>\n\n\n\n<li><strong>An\u00e1lisis<\/strong>:&nbsp;Son aqu\u00e9llas que, bien tratadas por nosotros o por terceros, nos permiten cuantificar el n\u00famero de usuarios y as\u00ed realizar la medici\u00f3n y an\u00e1lisis estad\u00edstico de la utilizaci\u00f3n que hacen los usuarios del servicio ofertado. Para ello se analiza su navegaci\u00f3n en nuestra p\u00e1gina web con el fin de mejorar la oferta de productos o servicios que le ofrecemos.<\/li>\n\n\n\n<li><strong>Publicidad<\/strong>:&nbsp;Son aquellas que permiten gestionar, de la forma m\u00e1s eficaz posible, los espacios publicitarios que se puedan incluir en nuestra p\u00e1gina web.<\/li>\n\n\n\n<li><strong>Publicidad comportamental<\/strong>:&nbsp;Son aquellas que, tratadas por nosotros o por terceros, nos permiten analizar sus h\u00e1bitos de navegaci\u00f3n en Internet para poder mostrarle publicidad relacionada con su perfil de navegaci\u00f3n.<\/li>\n<\/ul>\n\n\n\n<h2 class=\"wp-block-heading\">C) Identificaci\u00f3n de qui\u00e9n utiliza las cookies:<\/h2>\n\n\n\n<p>La informaci\u00f3n obtenida por las cookies s\u00f3lo puede ser tratada por el editor y\/o tambi\u00e9n por terceros con los que nuestro editor haya contratado la prestaci\u00f3n de un servicio para el que se requiera el uso de cookies:<\/p>\n\n\n\n<p>\u2013&nbsp;<strong>Galletas propias<\/strong>:&nbsp;Son aquellas que se env\u00edan a su ordenador desde nuestros propios ordenadores o dominios y desde los que prestamos el servicio que usted solicita.<\/p>\n\n\n\n<p>\u2013&nbsp;<strong>Cookies de terceros<\/strong>:&nbsp;Son aqu\u00e9llas que pertenecen y son gestionadas por una tercera entidad colaboradora, ya sean enviadas por nuestros propios equipos o por los de la propia entidad colaboradora. Como por ejemplo, las usadas por redes sociales, o por contenidos externos como Google Maps, que permiten cuantificar el n\u00famero de usuarios y as\u00ed realizar la medici\u00f3n y an\u00e1lisis estad\u00edstico de la utilizaci\u00f3n que hacen los usuarios del servicio ofertado.<\/p>\n\n\n\n<p>Para ello, se analiza su navegaci\u00f3n en nuestro sitio web con el fin de mejorar la oferta de productos o servicios que le ofrecemos. + Conozca a terceros <a href=\"https:\/\/www.reinventalia.com\/\" target=\"_blank\" rel=\"noreferrer noopener\">www.reinventalia.com<\/a>.<\/p>\n\n\n\n<h2 class=\"wp-block-heading\">D) Periodo de conservaci\u00f3n.<\/h2>\n\n\n\n<ul class=\"wp-block-list\">\n<li><strong>Cookies de sesi\u00f3n<\/strong>: Se trata de cookies temporales que permanecen en el archivo de cookies de su navegador hasta que el Usuario abandona la p\u00e1gina web, por lo que ninguna queda registrada en el disco duro de su ordenador. La informaci\u00f3n obtenida por medio de estas cookies se utiliza para analizar pautas de tr\u00e1fico en la p\u00e1gina web. En \u00faltima instancia, esto nos permite ofrecer una mejor experiencia para mejorar el contenido y facilitar su uso..<\/li>\n\n\n\n<li><strong>Cookies persistentes<\/strong>: Se almacenan en el disco duro y nuestra p\u00e1gina web las lee cada vez que el Usuario realiza una nueva visita. Una cookie permanente tiene una fecha de caducidad determinada. La cookie dejar\u00e1 de funcionar despu\u00e9s de esa fecha. Utilizamos estas cookies, generalmente, para facilitar los servicios de compra y registro.<\/li>\n<\/ul>\n\n\n\n<p>Los datos obtenidos de ambos tipos de cookies se conservar\u00e1n tal y como se indica en la pol\u00edtica de privacidad de nuestro sitio web: <a href=\"https:\/\/nesthostelsvalencia.com\/es\/\">https:\/\/nesthostelsvalencia.com\/<\/a><\/p>\n\n\n\n<h2 class=\"wp-block-heading\">E) Activaci\u00f3n, restricci\u00f3n y\/o desactivaci\u00f3n de cookies.<\/h2>\n\n\n\n<p>Puede permitir o bloquear las cookies, as\u00ed como eliminar sus datos de navegaci\u00f3n (incluidas las cookies) del navegador que utilice. Compruebe las opciones e instrucciones que le ofrece su navegador para ello.<\/p>\n\n\n\n<p>Tenga en cuenta que si acepta cookies de terceros, debe eliminarlas de las opciones de su navegador.<\/p>\n\n\n\n<h2 class=\"wp-block-heading\">F) No realizamos transferencias de datos a terceros pa\u00edses efectuadas por el editor.<\/h2>\n\n\n\n<p>Puede informarse sobre las transferencias a terceros pa\u00edses que, en su caso, realicen los terceros identificados en esta pol\u00edtica de cookies en sus correspondientes pol\u00edticas (v\u00e9anse los enlaces facilitados en el apartado &#8220;Cookies de terceros&#8221;).<\/p>\n\n\n\n<h2 class=\"wp-block-heading\">G) La elaboraci\u00f3n de perfiles.<\/h2>\n\n\n\n<p>No creamos perfiles.<\/p>\n\n\n\n<h2 class=\"wp-block-heading\">H) Otra informaci\u00f3n.<\/h2>\n\n\n\n<p>En relaci\u00f3n con el resto de la informaci\u00f3n requerida por el art\u00edculo 13 RGPD, puede verla aqu\u00ed <a href=\"http:\/\/www.reinventalia.com\/\" target=\"_blank\" rel=\"noreferrer noopener\">www.reinventalia.com<\/a>.<\/p>\n\n\n\n<figure class=\"wp-block-image aligncenter size-large\"><a href=\"https:\/\/nesthostelsvalencia.com\/wp-content\/uploads\/2023\/09\/cookie-policies-nest-hostels-valencia.jpg\"><img fetchpriority=\"high\" decoding=\"async\" width=\"1024\" height=\"576\" src=\"https:\/\/nesthostelsvalencia.com\/wp-content\/uploads\/2023\/09\/cookie-policies-nest-hostels-valencia-1024x576.jpg\" alt=\"Pol\u00edtica de cookies Nest Hostels Valencia\" class=\"wp-image-22990\" srcset=\"https:\/\/nesthostelsvalencia.com\/wp-content\/uploads\/2023\/09\/cookie-policies-nest-hostels-valencia-1024x576.jpg 1024w, https:\/\/nesthostelsvalencia.com\/wp-content\/uploads\/2023\/09\/cookie-policies-nest-hostels-valencia-300x169.jpg 300w, https:\/\/nesthostelsvalencia.com\/wp-content\/uploads\/2023\/09\/cookie-policies-nest-hostels-valencia-768x432.jpg 768w, https:\/\/nesthostelsvalencia.com\/wp-content\/uploads\/2023\/09\/cookie-policies-nest-hostels-valencia-1536x864.jpg 1536w, https:\/\/nesthostelsvalencia.com\/wp-content\/uploads\/2023\/09\/cookie-policies-nest-hostels-valencia.jpg 1920w\" sizes=\"(max-width: 1024px) 100vw, 1024px\" \/><\/a><figcaption class=\"wp-element-caption\">Pol\u00edtica de cookies Nest Hostels Valencia<\/figcaption><\/figure>\n","protected":false},"excerpt":{"rendered":"<p>La pol\u00edtica de cookies suele ser peque\u00f1os archivos de texto, con etiquetas de identificaci\u00f3n que se almacenan en el directorio del navegador de tu ordenador o en las subcarpetas del programa.<\/p>\n","protected":false},"author":21,"featured_media":22995,"parent":0,"menu_order":0,"comment_status":"closed","ping_status":"closed","template":"","meta":{"footnotes":""},"class_list":["post-19224","page","type-page","status-publish","has-post-thumbnail","hentry"],"yoast_head":"<!-- This site is optimized with the Yoast SEO plugin v27.4 - https:\/\/yoast.com\/product\/yoast-seo-wordpress\/ -->\n<title>Pol\u00edtica de cookies de Nest Hostels Valencia https:\/\/nesthostelsvalencia.com<\/title>\n<meta name=\"description\" content=\"La pol\u00edtica de cookies suele ser peque\u00f1os archivos de texto, con etiquetas de identificaci\u00f3n que se almacenan en el directorio del navegador de tu ordenador\" \/>\n<meta name=\"robots\" content=\"index, follow, max-snippet:-1, max-image-preview:large, max-video-preview:-1\" \/>\n<link rel=\"canonical\" href=\"https:\/\/nesthostelsvalencia.com\/es\/politica-de-cookies\/\" \/>\n<meta property=\"og:locale\" content=\"es_ES\" \/>\n<meta property=\"og:type\" content=\"article\" \/>\n<meta property=\"og:title\" content=\"Pol\u00edtica de cookies de Nest Hostels Valencia https:\/\/nesthostelsvalencia.com\" \/>\n<meta property=\"og:description\" content=\"La pol\u00edtica de cookies suele ser peque\u00f1os archivos de texto, con etiquetas de identificaci\u00f3n que se almacenan en el directorio del navegador de tu ordenador\" \/>\n<meta property=\"og:url\" content=\"https:\/\/nesthostelsvalencia.com\/es\/politica-de-cookies\/\" \/>\n<meta property=\"og:site_name\" content=\"Nest Hostels Valencia\" \/>\n<meta property=\"article:modified_time\" content=\"2023-10-31T16:23:58+00:00\" \/>\n<meta property=\"og:image\" content=\"https:\/\/nesthostelsvalencia.com\/wp-content\/uploads\/2023\/09\/cookie-policies-nest-hostels-valencia.jpg\" \/>\n\t<meta property=\"og:image:width\" content=\"1920\" \/>\n\t<meta property=\"og:image:height\" content=\"1080\" \/>\n\t<meta property=\"og:image:type\" content=\"image\/jpeg\" \/>\n<meta name=\"twitter:card\" content=\"summary_large_image\" \/>\n<meta name=\"twitter:label1\" content=\"Tiempo de lectura\" \/>\n\t<meta name=\"twitter:data1\" content=\"5 minutes\" \/>\n<script type=\"application\/ld+json\" class=\"yoast-schema-graph\">{\"@context\":\"https:\\\/\\\/schema.org\",\"@graph\":[{\"@type\":\"WebPage\",\"@id\":\"https:\\\/\\\/nesthostelsvalencia.com\\\/es\\\/politica-de-cookies\\\/\",\"url\":\"https:\\\/\\\/nesthostelsvalencia.com\\\/es\\\/politica-de-cookies\\\/\",\"name\":\"Pol\u00edtica de cookies de Nest Hostels Valencia https:\\\/\\\/nesthostelsvalencia.com\",\"isPartOf\":{\"@id\":\"https:\\\/\\\/nesthostelsvalencia.com\\\/es\\\/#website\"},\"primaryImageOfPage\":{\"@id\":\"https:\\\/\\\/nesthostelsvalencia.com\\\/es\\\/politica-de-cookies\\\/#primaryimage\"},\"image\":{\"@id\":\"https:\\\/\\\/nesthostelsvalencia.com\\\/es\\\/politica-de-cookies\\\/#primaryimage\"},\"thumbnailUrl\":\"https:\\\/\\\/nesthostelsvalencia.com\\\/wp-content\\\/uploads\\\/2023\\\/09\\\/cookie-policies-nest-hostels-valencia.jpg\",\"datePublished\":\"2017-09-05T09:27:29+00:00\",\"dateModified\":\"2023-10-31T16:23:58+00:00\",\"description\":\"La pol\u00edtica de cookies suele ser peque\u00f1os archivos de texto, con etiquetas de identificaci\u00f3n que se almacenan en el directorio del navegador de tu ordenador\",\"breadcrumb\":{\"@id\":\"https:\\\/\\\/nesthostelsvalencia.com\\\/es\\\/politica-de-cookies\\\/#breadcrumb\"},\"inLanguage\":\"es-ES\",\"potentialAction\":[{\"@type\":\"ReadAction\",\"target\":[\"https:\\\/\\\/nesthostelsvalencia.com\\\/es\\\/politica-de-cookies\\\/\"]}]},{\"@type\":\"ImageObject\",\"inLanguage\":\"es-ES\",\"@id\":\"https:\\\/\\\/nesthostelsvalencia.com\\\/es\\\/politica-de-cookies\\\/#primaryimage\",\"url\":\"https:\\\/\\\/nesthostelsvalencia.com\\\/wp-content\\\/uploads\\\/2023\\\/09\\\/cookie-policies-nest-hostels-valencia.jpg\",\"contentUrl\":\"https:\\\/\\\/nesthostelsvalencia.com\\\/wp-content\\\/uploads\\\/2023\\\/09\\\/cookie-policies-nest-hostels-valencia.jpg\",\"width\":1920,\"height\":1080,\"caption\":\"Cookie policies Nest Hostels Valencia\"},{\"@type\":\"BreadcrumbList\",\"@id\":\"https:\\\/\\\/nesthostelsvalencia.com\\\/es\\\/politica-de-cookies\\\/#breadcrumb\",\"itemListElement\":[{\"@type\":\"ListItem\",\"position\":1,\"name\":\"Home\",\"item\":\"https:\\\/\\\/nesthostelsvalencia.com\\\/es\\\/\"},{\"@type\":\"ListItem\",\"position\":2,\"name\":\"Pol\u00edtica de cookies\"}]},{\"@type\":\"WebSite\",\"@id\":\"https:\\\/\\\/nesthostelsvalencia.com\\\/es\\\/#website\",\"url\":\"https:\\\/\\\/nesthostelsvalencia.com\\\/es\\\/\",\"name\":\"Nest Hostels Valencia\",\"description\":\"News, events and tourist info about Valencia\",\"publisher\":{\"@id\":\"https:\\\/\\\/nesthostelsvalencia.com\\\/es\\\/#organization\"},\"alternateName\":\"Nest Hostels Valencia\",\"potentialAction\":[{\"@type\":\"SearchAction\",\"target\":{\"@type\":\"EntryPoint\",\"urlTemplate\":\"https:\\\/\\\/nesthostelsvalencia.com\\\/es\\\/?s={search_term_string}\"},\"query-input\":{\"@type\":\"PropertyValueSpecification\",\"valueRequired\":true,\"valueName\":\"search_term_string\"}}],\"inLanguage\":\"es-ES\"},{\"@type\":\"Organization\",\"@id\":\"https:\\\/\\\/nesthostelsvalencia.com\\\/es\\\/#organization\",\"name\":\"Nest Hostels Valencia\",\"alternateName\":\"Youth hostels and beds for travelers in Valencia\",\"url\":\"https:\\\/\\\/nesthostelsvalencia.com\\\/es\\\/\",\"logo\":{\"@type\":\"ImageObject\",\"inLanguage\":\"es-ES\",\"@id\":\"https:\\\/\\\/nesthostelsvalencia.com\\\/es\\\/#\\\/schema\\\/logo\\\/image\\\/\",\"url\":\"https:\\\/\\\/nesthostelsvalencia.com\\\/wp-content\\\/uploads\\\/2022\\\/01\\\/logo-nesthostels-valencia-feetuphostels.svg\",\"contentUrl\":\"https:\\\/\\\/nesthostelsvalencia.com\\\/wp-content\\\/uploads\\\/2022\\\/01\\\/logo-nesthostels-valencia-feetuphostels.svg\",\"width\":279,\"height\":130,\"caption\":\"Nest Hostels Valencia\"},\"image\":{\"@id\":\"https:\\\/\\\/nesthostelsvalencia.com\\\/es\\\/#\\\/schema\\\/logo\\\/image\\\/\"}}]}<\/script>\n<!-- \/ Yoast SEO plugin. -->","yoast_head_json":{"title":"Pol\u00edtica de cookies de Nest Hostels Valencia https:\/\/nesthostelsvalencia.com","description":"La pol\u00edtica de cookies suele ser peque\u00f1os archivos de texto, con etiquetas de identificaci\u00f3n que se almacenan en el directorio del navegador de tu ordenador","robots":{"index":"index","follow":"follow","max-snippet":"max-snippet:-1","max-image-preview":"max-image-preview:large","max-video-preview":"max-video-preview:-1"},"canonical":"https:\/\/nesthostelsvalencia.com\/es\/politica-de-cookies\/","og_locale":"es_ES","og_type":"article","og_title":"Pol\u00edtica de cookies de Nest Hostels Valencia https:\/\/nesthostelsvalencia.com","og_description":"La pol\u00edtica de cookies suele ser peque\u00f1os archivos de texto, con etiquetas de identificaci\u00f3n que se almacenan en el directorio del navegador de tu ordenador","og_url":"https:\/\/nesthostelsvalencia.com\/es\/politica-de-cookies\/","og_site_name":"Nest Hostels Valencia","article_modified_time":"2023-10-31T16:23:58+00:00","og_image":[{"width":1920,"height":1080,"url":"https:\/\/nesthostelsvalencia.com\/wp-content\/uploads\/2023\/09\/cookie-policies-nest-hostels-valencia.jpg","type":"image\/jpeg"}],"twitter_card":"summary_large_image","twitter_misc":{"Tiempo de lectura":"5 minutes"},"schema":{"@context":"https:\/\/schema.org","@graph":[{"@type":"WebPage","@id":"https:\/\/nesthostelsvalencia.com\/es\/politica-de-cookies\/","url":"https:\/\/nesthostelsvalencia.com\/es\/politica-de-cookies\/","name":"Pol\u00edtica de cookies de Nest Hostels Valencia https:\/\/nesthostelsvalencia.com","isPartOf":{"@id":"https:\/\/nesthostelsvalencia.com\/es\/#website"},"primaryImageOfPage":{"@id":"https:\/\/nesthostelsvalencia.com\/es\/politica-de-cookies\/#primaryimage"},"image":{"@id":"https:\/\/nesthostelsvalencia.com\/es\/politica-de-cookies\/#primaryimage"},"thumbnailUrl":"https:\/\/nesthostelsvalencia.com\/wp-content\/uploads\/2023\/09\/cookie-policies-nest-hostels-valencia.jpg","datePublished":"2017-09-05T09:27:29+00:00","dateModified":"2023-10-31T16:23:58+00:00","description":"La pol\u00edtica de cookies suele ser peque\u00f1os archivos de texto, con etiquetas de identificaci\u00f3n que se almacenan en el directorio del navegador de tu ordenador","breadcrumb":{"@id":"https:\/\/nesthostelsvalencia.com\/es\/politica-de-cookies\/#breadcrumb"},"inLanguage":"es-ES","potentialAction":[{"@type":"ReadAction","target":["https:\/\/nesthostelsvalencia.com\/es\/politica-de-cookies\/"]}]},{"@type":"ImageObject","inLanguage":"es-ES","@id":"https:\/\/nesthostelsvalencia.com\/es\/politica-de-cookies\/#primaryimage","url":"https:\/\/nesthostelsvalencia.com\/wp-content\/uploads\/2023\/09\/cookie-policies-nest-hostels-valencia.jpg","contentUrl":"https:\/\/nesthostelsvalencia.com\/wp-content\/uploads\/2023\/09\/cookie-policies-nest-hostels-valencia.jpg","width":1920,"height":1080,"caption":"Cookie policies Nest Hostels Valencia"},{"@type":"BreadcrumbList","@id":"https:\/\/nesthostelsvalencia.com\/es\/politica-de-cookies\/#breadcrumb","itemListElement":[{"@type":"ListItem","position":1,"name":"Home","item":"https:\/\/nesthostelsvalencia.com\/es\/"},{"@type":"ListItem","position":2,"name":"Pol\u00edtica de cookies"}]},{"@type":"WebSite","@id":"https:\/\/nesthostelsvalencia.com\/es\/#website","url":"https:\/\/nesthostelsvalencia.com\/es\/","name":"Nest Hostels Valencia","description":"News, events and tourist info about Valencia","publisher":{"@id":"https:\/\/nesthostelsvalencia.com\/es\/#organization"},"alternateName":"Nest Hostels Valencia","potentialAction":[{"@type":"SearchAction","target":{"@type":"EntryPoint","urlTemplate":"https:\/\/nesthostelsvalencia.com\/es\/?s={search_term_string}"},"query-input":{"@type":"PropertyValueSpecification","valueRequired":true,"valueName":"search_term_string"}}],"inLanguage":"es-ES"},{"@type":"Organization","@id":"https:\/\/nesthostelsvalencia.com\/es\/#organization","name":"Nest Hostels Valencia","alternateName":"Youth hostels and beds for travelers in Valencia","url":"https:\/\/nesthostelsvalencia.com\/es\/","logo":{"@type":"ImageObject","inLanguage":"es-ES","@id":"https:\/\/nesthostelsvalencia.com\/es\/#\/schema\/logo\/image\/","url":"https:\/\/nesthostelsvalencia.com\/wp-content\/uploads\/2022\/01\/logo-nesthostels-valencia-feetuphostels.svg","contentUrl":"https:\/\/nesthostelsvalencia.com\/wp-content\/uploads\/2022\/01\/logo-nesthostels-valencia-feetuphostels.svg","width":279,"height":130,"caption":"Nest Hostels Valencia"},"image":{"@id":"https:\/\/nesthostelsvalencia.com\/es\/#\/schema\/logo\/image\/"}}]}},"_links":{"self":[{"href":"https:\/\/nesthostelsvalencia.com\/es\/wp-json\/wp\/v2\/pages\/19224","targetHints":{"allow":["GET"]}}],"collection":[{"href":"https:\/\/nesthostelsvalencia.com\/es\/wp-json\/wp\/v2\/pages"}],"about":[{"href":"https:\/\/nesthostelsvalencia.com\/es\/wp-json\/wp\/v2\/types\/page"}],"author":[{"embeddable":true,"href":"https:\/\/nesthostelsvalencia.com\/es\/wp-json\/wp\/v2\/users\/21"}],"replies":[{"embeddable":true,"href":"https:\/\/nesthostelsvalencia.com\/es\/wp-json\/wp\/v2\/comments?post=19224"}],"version-history":[{"count":0,"href":"https:\/\/nesthostelsvalencia.com\/es\/wp-json\/wp\/v2\/pages\/19224\/revisions"}],"wp:featuredmedia":[{"embeddable":true,"href":"https:\/\/nesthostelsvalencia.com\/es\/wp-json\/wp\/v2\/media\/22995"}],"wp:attachment":[{"href":"https:\/\/nesthostelsvalencia.com\/es\/wp-json\/wp\/v2\/media?parent=19224"}],"curies":[{"name":"wp","href":"https:\/\/api.w.org\/{rel}","templated":true}]}}