{"id":2112,"date":"2015-06-15T09:51:42","date_gmt":"2015-06-15T07:51:42","guid":{"rendered":"http:\/\/www.nesthostelsvalencia.com\/2110-2-2"},"modified":"2023-10-25T11:18:02","modified_gmt":"2023-10-25T09:18:02","slug":"grupos","status":"publish","type":"page","link":"https:\/\/nesthostelsvalencia.com\/es\/grupos\/","title":{"rendered":"Reserva de grupos"},"content":{"rendered":"\n<h1 class=\"wp-block-heading has-text-align-center\">Reserva de grupos en Nest Hostels Valencia<\/h1>\n\n\n\n<h2 class=\"wp-block-heading has-text-align-center\">Alojamiento y hostales para grupos en Valencia<\/h2>\n\n\n\n<p class=\"has-text-align-center\">Reserva un alojamiento para tu grupo en Valencia gracias a Feet Up Hostels. Estamos especializados en la gesti\u00f3n de reservas de grupos (Solo para 10 o m\u00e1s personas)<\/p>\n\n\n\n<figure class=\"wp-block-image aligncenter size-large\"><a href=\"https:\/\/nesthostelsvalencia.com\/wp-content\/uploads\/2014\/10\/background-travelingroup.jpg\"><img fetchpriority=\"high\" decoding=\"async\" width=\"1024\" height=\"576\" src=\"https:\/\/nesthostelsvalencia.com\/wp-content\/uploads\/2014\/10\/background-travelingroup-1024x576.jpg\" alt=\"Los Mejores Grupos en Nest Hostels Valencia\" class=\"wp-image-3561\" srcset=\"https:\/\/nesthostelsvalencia.com\/wp-content\/uploads\/2014\/10\/background-travelingroup-1024x576.jpg 1024w, https:\/\/nesthostelsvalencia.com\/wp-content\/uploads\/2014\/10\/background-travelingroup-300x169.jpg 300w, https:\/\/nesthostelsvalencia.com\/wp-content\/uploads\/2014\/10\/background-travelingroup-768x432.jpg 768w, https:\/\/nesthostelsvalencia.com\/wp-content\/uploads\/2014\/10\/background-travelingroup-260x146.jpg 260w, https:\/\/nesthostelsvalencia.com\/wp-content\/uploads\/2014\/10\/background-travelingroup-50x28.jpg 50w, https:\/\/nesthostelsvalencia.com\/wp-content\/uploads\/2014\/10\/background-travelingroup-133x75.jpg 133w, https:\/\/nesthostelsvalencia.com\/wp-content\/uploads\/2014\/10\/background-travelingroup.jpg 1920w\" sizes=\"(max-width: 1024px) 100vw, 1024px\" \/><\/a><figcaption class=\"wp-element-caption\">Los Mejores Grupos en Nest Hostels Valencia<\/figcaption><\/figure>\n\n\n\n<p>Planifica tu viaje con Feet Up Hostels<\/p>\n\n\n\n<p>\u00bfEst\u00e1s pensando visitar Valencia con tu grupo? \u00bfsois m\u00e1s de 10 personas? Sabemos que encontrar el alojamiento perfecto para tu grupo puede ser verdaderamente dif\u00edcil, sobre todo en una ciudad como Valencia, por eso en Nest Hostels Valencia contamos con un departamento de grupos especializado que te ayudar\u00e1 y asesorar\u00e1 en todo lo relacionado con tu grupo:<\/p>\n\n\n\n<ul class=\"wp-block-list\">\n<li>Alojamiento.<\/li>\n\n\n\n<li><a href=\"https:\/\/nesthostelsvalencia.com\/es\/las-mejores-actividades-para-hacer-en-valencia\/\">Actividades.<\/a><\/li>\n\n\n\n<li>Traslados.<\/li>\n\n\n\n<li>Comidas.<\/li>\n<\/ul>\n\n\n\n<p>Deja tus preocupaciones en casa y, ded\u00edcate s\u00f3lo a disfrutar de tu estancia y de Valencia.<\/p>\n\n\n\n<h2 class=\"wp-block-heading\">Est\u00e1s son las ventajas que tendr\u00e1s t\u00fa y tu grupo al reservar con nosotros<\/h2>\n\n\n\n<ul class=\"wp-block-list\">\n<li>El mejor precio garantizado<\/li>\n\n\n\n<li>Gran variedad de tipos de habitaciones.<\/li>\n\n\n\n<li>Organizaci\u00f3n de actividades.<\/li>\n\n\n\n<li>Servicio de traslado I\/V al aeropuerto.<\/li>\n\n\n\n<li>Servicio personalizado.<\/li>\n\n\n\n<li><a href=\"https:\/\/devoradorescatering.com\/\" target=\"_blank\" rel=\"noreferrer noopener\">Catering<\/a> servicio para comidas, cenas y picnics.<\/li>\n\n\n\n<li>Departamento especializado en grupos.<\/li>\n\n\n\n<li>Consigna de equipajes gratuita.<\/li>\n<\/ul>\n\n\n\n<p><\/p>\n\n\n\n<p class=\"has-white-color has-vivid-cyan-blue-background-color has-text-color has-background\">No lo olvides. Para inscribirte en los hostels del <a href=\"https:\/\/feetuphostels.com\/es\/\" target=\"_blank\" rel=\"noopener\">Grupo Feet Up Hostels<\/a>, debes presentar un dep\u00f3sito de 10 \u20ac y un pasaporte, documento de identidad o carn\u00e9 de conducir en vigor.<\/p>\n\n\n\n<h2 class=\"wp-block-heading\">Reserva un alojamiento para tu grupo en Valencia<\/h2>\n\n\n\n<p>\u00bfNo conoces la ciudad y no sabes por d\u00f3nde empezar a buscar? \u00bfNo encuentras un restaurante que se adapte a las necesidades de tu grupo? \u00bfNo consigues el presupuesto adecuado? Creemos que despu\u00e9s de todo un d\u00eda haciendo turismo por Valencia, necesitas descansar y dejar las preocupaciones de lado, por eso, <strong>Nest Hostels Valencia<\/strong> pone a tu disposici\u00f3n un servicio de men\u00fas que se adapta a todas tus necesidades. Ofrecemos media pensi\u00f3n, pensi\u00f3n completa y picnics. Las pensiones se pueden combinar de la manera que te vaya mejor.<\/p>\n\n\n\n<h2 class=\"wp-block-heading\">Disponemos de men\u00fas para vegetarianos, deportistas, celiacos, etc.<\/h2>\n\n\n\n<p>Solo tendr\u00e1s que informarnos con antelaci\u00f3n sobre el men\u00fa que quieres y las dietas especiales y nosotros te lo gestionaremos todo antes de tu llegada.<\/p>\n\n\n\n<p>Con una gesti\u00f3n de m\u00e1s de 500 grupos anuales desde 2010, <a href=\"https:\/\/nesthostelsvalencia.com\/es\/albergue-purple-nest-hostel-valencia\/\" target=\"_blank\" rel=\"noreferrer noopener\">Purple Nest Hostel Valencia<\/a> and <a href=\"https:\/\/nesthostelsvalencia.com\/es\/albergue-red-nest-hostel-valencia\/\">Red Nest Hostel Valencia<\/a>&nbsp; forman parte del grupo Feet Up Hostels, una de las cadenas de hostales m\u00e1s famosas de Espa\u00f1a y con mucha experiencia en turismo juvenil. Ofrecemos alojamiento a todo tipo de grupos incluyendo colegios, universidades, empresas, grupos de eventos, instituciones deportivas, etc. Adem\u00e1s, si quieres visitar el Albergue antes de tu estancia, nuestro departamento de grupos te har\u00e1 una visita guiada para que puedas ver nuestras instalaciones y puedas resolver todas las dudas que tengas sobre <strong>Nest Valencia Hostels<\/strong>.<\/p>\n","protected":false},"excerpt":{"rendered":"<p>Reservas para grupos Valencia. Alojamiento para grupos al mejor precio. Contacta con nosotros y recibe ofertas en \u2705 Alojamiento \u2705 Comida \u2705 Actividades<\/p>\n","protected":false},"author":21,"featured_media":6502,"parent":0,"menu_order":0,"comment_status":"open","ping_status":"open","template":"","meta":{"footnotes":""},"class_list":["post-2112","page","type-page","status-publish","has-post-thumbnail","hentry"],"yoast_head":"<!-- This site is optimized with the Yoast SEO plugin v27.4 - https:\/\/yoast.com\/product\/yoast-seo-wordpress\/ -->\n<title>Reserva de grupos en Valencia \u2705 Hostels para grupos en Valencia<\/title>\n<meta name=\"description\" content=\"Reserva de grupos en Valencia. Alojamiento para grupos al mejor precio. Contacta con nosotros y obt\u00e9n ofertas en \u2705 Alojamiento \u2705 Gastronom\u00eda\" \/>\n<meta name=\"robots\" content=\"index, follow, max-snippet:-1, max-image-preview:large, max-video-preview:-1\" \/>\n<link rel=\"canonical\" href=\"https:\/\/nesthostelsvalencia.com\/es\/grupos\/\" \/>\n<meta property=\"og:locale\" content=\"es_ES\" \/>\n<meta property=\"og:type\" content=\"article\" \/>\n<meta property=\"og:title\" content=\"Reserva de grupos en Valencia \u2705 Hostels para grupos en Valencia\" \/>\n<meta property=\"og:description\" content=\"Reserva de grupos en Valencia. Alojamiento para grupos al mejor precio. Contacta con nosotros y obt\u00e9n ofertas en \u2705 Alojamiento \u2705 Gastronom\u00eda\" \/>\n<meta property=\"og:url\" content=\"https:\/\/nesthostelsvalencia.com\/es\/grupos\/\" \/>\n<meta property=\"og:site_name\" content=\"Nest Hostels Valencia\" \/>\n<meta property=\"article:modified_time\" content=\"2023-10-25T09:18:02+00:00\" \/>\n<meta property=\"og:image\" content=\"https:\/\/nesthostelsvalencia.com\/wp-content\/uploads\/2014\/10\/background-travelingroup.jpg\" \/>\n\t<meta property=\"og:image:width\" content=\"1920\" \/>\n\t<meta property=\"og:image:height\" content=\"1080\" \/>\n\t<meta property=\"og:image:type\" content=\"image\/jpeg\" \/>\n<meta name=\"twitter:card\" content=\"summary_large_image\" \/>\n<meta name=\"twitter:label1\" content=\"Tiempo de lectura\" \/>\n\t<meta name=\"twitter:data1\" content=\"3 minutes\" \/>\n<script type=\"application\/ld+json\" class=\"yoast-schema-graph\">{\"@context\":\"https:\\\/\\\/schema.org\",\"@graph\":[{\"@type\":\"WebPage\",\"@id\":\"https:\\\/\\\/nesthostelsvalencia.com\\\/es\\\/grupos\\\/\",\"url\":\"https:\\\/\\\/nesthostelsvalencia.com\\\/es\\\/grupos\\\/\",\"name\":\"Reserva de grupos en Valencia \u2705 Hostels para grupos en Valencia\",\"isPartOf\":{\"@id\":\"https:\\\/\\\/nesthostelsvalencia.com\\\/es\\\/#website\"},\"primaryImageOfPage\":{\"@id\":\"https:\\\/\\\/nesthostelsvalencia.com\\\/es\\\/grupos\\\/#primaryimage\"},\"image\":{\"@id\":\"https:\\\/\\\/nesthostelsvalencia.com\\\/es\\\/grupos\\\/#primaryimage\"},\"thumbnailUrl\":\"https:\\\/\\\/nesthostelsvalencia.com\\\/wp-content\\\/uploads\\\/2014\\\/10\\\/background-travelingroup.jpg\",\"datePublished\":\"2015-06-15T07:51:42+00:00\",\"dateModified\":\"2023-10-25T09:18:02+00:00\",\"description\":\"Reserva de grupos en Valencia. Alojamiento para grupos al mejor precio. Contacta con nosotros y obt\u00e9n ofertas en \u2705 Alojamiento \u2705 Gastronom\u00eda\",\"breadcrumb\":{\"@id\":\"https:\\\/\\\/nesthostelsvalencia.com\\\/es\\\/grupos\\\/#breadcrumb\"},\"inLanguage\":\"es-ES\",\"potentialAction\":[{\"@type\":\"ReadAction\",\"target\":[\"https:\\\/\\\/nesthostelsvalencia.com\\\/es\\\/grupos\\\/\"]}]},{\"@type\":\"ImageObject\",\"inLanguage\":\"es-ES\",\"@id\":\"https:\\\/\\\/nesthostelsvalencia.com\\\/es\\\/grupos\\\/#primaryimage\",\"url\":\"https:\\\/\\\/nesthostelsvalencia.com\\\/wp-content\\\/uploads\\\/2014\\\/10\\\/background-travelingroup.jpg\",\"contentUrl\":\"https:\\\/\\\/nesthostelsvalencia.com\\\/wp-content\\\/uploads\\\/2014\\\/10\\\/background-travelingroup.jpg\",\"width\":1920,\"height\":1080,\"caption\":\"The Best Groups in Nest Hostels Valencia\"},{\"@type\":\"BreadcrumbList\",\"@id\":\"https:\\\/\\\/nesthostelsvalencia.com\\\/es\\\/grupos\\\/#breadcrumb\",\"itemListElement\":[{\"@type\":\"ListItem\",\"position\":1,\"name\":\"Home\",\"item\":\"https:\\\/\\\/nesthostelsvalencia.com\\\/es\\\/\"},{\"@type\":\"ListItem\",\"position\":2,\"name\":\"Reserva de grupos\"}]},{\"@type\":\"WebSite\",\"@id\":\"https:\\\/\\\/nesthostelsvalencia.com\\\/es\\\/#website\",\"url\":\"https:\\\/\\\/nesthostelsvalencia.com\\\/es\\\/\",\"name\":\"Nest Hostels Valencia\",\"description\":\"News, events and tourist info about Valencia\",\"publisher\":{\"@id\":\"https:\\\/\\\/nesthostelsvalencia.com\\\/es\\\/#organization\"},\"alternateName\":\"Nest Hostels Valencia\",\"potentialAction\":[{\"@type\":\"SearchAction\",\"target\":{\"@type\":\"EntryPoint\",\"urlTemplate\":\"https:\\\/\\\/nesthostelsvalencia.com\\\/es\\\/?s={search_term_string}\"},\"query-input\":{\"@type\":\"PropertyValueSpecification\",\"valueRequired\":true,\"valueName\":\"search_term_string\"}}],\"inLanguage\":\"es-ES\"},{\"@type\":\"Organization\",\"@id\":\"https:\\\/\\\/nesthostelsvalencia.com\\\/es\\\/#organization\",\"name\":\"Nest Hostels Valencia\",\"alternateName\":\"Youth hostels and beds for travelers in Valencia\",\"url\":\"https:\\\/\\\/nesthostelsvalencia.com\\\/es\\\/\",\"logo\":{\"@type\":\"ImageObject\",\"inLanguage\":\"es-ES\",\"@id\":\"https:\\\/\\\/nesthostelsvalencia.com\\\/es\\\/#\\\/schema\\\/logo\\\/image\\\/\",\"url\":\"https:\\\/\\\/nesthostelsvalencia.com\\\/wp-content\\\/uploads\\\/2022\\\/01\\\/logo-nesthostels-valencia-feetuphostels.svg\",\"contentUrl\":\"https:\\\/\\\/nesthostelsvalencia.com\\\/wp-content\\\/uploads\\\/2022\\\/01\\\/logo-nesthostels-valencia-feetuphostels.svg\",\"width\":279,\"height\":130,\"caption\":\"Nest Hostels Valencia\"},\"image\":{\"@id\":\"https:\\\/\\\/nesthostelsvalencia.com\\\/es\\\/#\\\/schema\\\/logo\\\/image\\\/\"}}]}<\/script>\n<!-- \/ Yoast SEO plugin. -->","yoast_head_json":{"title":"Reserva de grupos en Valencia \u2705 Hostels para grupos en Valencia","description":"Reserva de grupos en Valencia. Alojamiento para grupos al mejor precio. Contacta con nosotros y obt\u00e9n ofertas en \u2705 Alojamiento \u2705 Gastronom\u00eda","robots":{"index":"index","follow":"follow","max-snippet":"max-snippet:-1","max-image-preview":"max-image-preview:large","max-video-preview":"max-video-preview:-1"},"canonical":"https:\/\/nesthostelsvalencia.com\/es\/grupos\/","og_locale":"es_ES","og_type":"article","og_title":"Reserva de grupos en Valencia \u2705 Hostels para grupos en Valencia","og_description":"Reserva de grupos en Valencia. Alojamiento para grupos al mejor precio. Contacta con nosotros y obt\u00e9n ofertas en \u2705 Alojamiento \u2705 Gastronom\u00eda","og_url":"https:\/\/nesthostelsvalencia.com\/es\/grupos\/","og_site_name":"Nest Hostels Valencia","article_modified_time":"2023-10-25T09:18:02+00:00","og_image":[{"width":1920,"height":1080,"url":"https:\/\/nesthostelsvalencia.com\/wp-content\/uploads\/2014\/10\/background-travelingroup.jpg","type":"image\/jpeg"}],"twitter_card":"summary_large_image","twitter_misc":{"Tiempo de lectura":"3 minutes"},"schema":{"@context":"https:\/\/schema.org","@graph":[{"@type":"WebPage","@id":"https:\/\/nesthostelsvalencia.com\/es\/grupos\/","url":"https:\/\/nesthostelsvalencia.com\/es\/grupos\/","name":"Reserva de grupos en Valencia \u2705 Hostels para grupos en Valencia","isPartOf":{"@id":"https:\/\/nesthostelsvalencia.com\/es\/#website"},"primaryImageOfPage":{"@id":"https:\/\/nesthostelsvalencia.com\/es\/grupos\/#primaryimage"},"image":{"@id":"https:\/\/nesthostelsvalencia.com\/es\/grupos\/#primaryimage"},"thumbnailUrl":"https:\/\/nesthostelsvalencia.com\/wp-content\/uploads\/2014\/10\/background-travelingroup.jpg","datePublished":"2015-06-15T07:51:42+00:00","dateModified":"2023-10-25T09:18:02+00:00","description":"Reserva de grupos en Valencia. Alojamiento para grupos al mejor precio. Contacta con nosotros y obt\u00e9n ofertas en \u2705 Alojamiento \u2705 Gastronom\u00eda","breadcrumb":{"@id":"https:\/\/nesthostelsvalencia.com\/es\/grupos\/#breadcrumb"},"inLanguage":"es-ES","potentialAction":[{"@type":"ReadAction","target":["https:\/\/nesthostelsvalencia.com\/es\/grupos\/"]}]},{"@type":"ImageObject","inLanguage":"es-ES","@id":"https:\/\/nesthostelsvalencia.com\/es\/grupos\/#primaryimage","url":"https:\/\/nesthostelsvalencia.com\/wp-content\/uploads\/2014\/10\/background-travelingroup.jpg","contentUrl":"https:\/\/nesthostelsvalencia.com\/wp-content\/uploads\/2014\/10\/background-travelingroup.jpg","width":1920,"height":1080,"caption":"The Best Groups in Nest Hostels Valencia"},{"@type":"BreadcrumbList","@id":"https:\/\/nesthostelsvalencia.com\/es\/grupos\/#breadcrumb","itemListElement":[{"@type":"ListItem","position":1,"name":"Home","item":"https:\/\/nesthostelsvalencia.com\/es\/"},{"@type":"ListItem","position":2,"name":"Reserva de grupos"}]},{"@type":"WebSite","@id":"https:\/\/nesthostelsvalencia.com\/es\/#website","url":"https:\/\/nesthostelsvalencia.com\/es\/","name":"Nest Hostels Valencia","description":"News, events and tourist info about Valencia","publisher":{"@id":"https:\/\/nesthostelsvalencia.com\/es\/#organization"},"alternateName":"Nest Hostels Valencia","potentialAction":[{"@type":"SearchAction","target":{"@type":"EntryPoint","urlTemplate":"https:\/\/nesthostelsvalencia.com\/es\/?s={search_term_string}"},"query-input":{"@type":"PropertyValueSpecification","valueRequired":true,"valueName":"search_term_string"}}],"inLanguage":"es-ES"},{"@type":"Organization","@id":"https:\/\/nesthostelsvalencia.com\/es\/#organization","name":"Nest Hostels Valencia","alternateName":"Youth hostels and beds for travelers in Valencia","url":"https:\/\/nesthostelsvalencia.com\/es\/","logo":{"@type":"ImageObject","inLanguage":"es-ES","@id":"https:\/\/nesthostelsvalencia.com\/es\/#\/schema\/logo\/image\/","url":"https:\/\/nesthostelsvalencia.com\/wp-content\/uploads\/2022\/01\/logo-nesthostels-valencia-feetuphostels.svg","contentUrl":"https:\/\/nesthostelsvalencia.com\/wp-content\/uploads\/2022\/01\/logo-nesthostels-valencia-feetuphostels.svg","width":279,"height":130,"caption":"Nest Hostels Valencia"},"image":{"@id":"https:\/\/nesthostelsvalencia.com\/es\/#\/schema\/logo\/image\/"}}]}},"_links":{"self":[{"href":"https:\/\/nesthostelsvalencia.com\/es\/wp-json\/wp\/v2\/pages\/2112","targetHints":{"allow":["GET"]}}],"collection":[{"href":"https:\/\/nesthostelsvalencia.com\/es\/wp-json\/wp\/v2\/pages"}],"about":[{"href":"https:\/\/nesthostelsvalencia.com\/es\/wp-json\/wp\/v2\/types\/page"}],"author":[{"embeddable":true,"href":"https:\/\/nesthostelsvalencia.com\/es\/wp-json\/wp\/v2\/users\/21"}],"replies":[{"embeddable":true,"href":"https:\/\/nesthostelsvalencia.com\/es\/wp-json\/wp\/v2\/comments?post=2112"}],"version-history":[{"count":0,"href":"https:\/\/nesthostelsvalencia.com\/es\/wp-json\/wp\/v2\/pages\/2112\/revisions"}],"wp:featuredmedia":[{"embeddable":true,"href":"https:\/\/nesthostelsvalencia.com\/es\/wp-json\/wp\/v2\/media\/6502"}],"wp:attachment":[{"href":"https:\/\/nesthostelsvalencia.com\/es\/wp-json\/wp\/v2\/media?parent=2112"}],"curies":[{"name":"wp","href":"https:\/\/api.w.org\/{rel}","templated":true}]}}