{"id":3715,"date":"2014-10-15T10:41:58","date_gmt":"2014-10-15T08:41:58","guid":{"rendered":"https:\/\/nesthostelsvalencia.com\/2017\/home\/"},"modified":"2023-03-18T12:08:01","modified_gmt":"2023-03-18T11:08:01","slug":"inicio","status":"publish","type":"page","link":"https:\/\/nesthostelsvalencia.com\/es\/","title":{"rendered":"Nest Hostels Valencia"},"content":{"rendered":"\n<h1 class=\"has-text-align-center wp-block-heading\">Nest Hostels Valencia | Bievenidx a Valencia<\/h1>\n\n<h2 class=\"wp-block-heading\">Somos Friendliness Specialists<\/h2>\n\n<p><strong>Grupo Nest Hostels<\/strong>, somos una de las cadenas de albergues juveniles m\u00e1s conocidas de Espa\u00f1a. Contamos con m\u00e1s de 15 a\u00f1os de experiencia ofreciendo alojamiento de calidad a un precio asequible para todos los viajeros que visitan Valencia.<\/p>\n\n<p>Estos son algunos de los servicios que encontrar\u00e1 al alojarse con nosotros.<\/p>\n\n<ul class=\"wp-block-list\">\n<li>Nuestro personal habla varios idiomas (ingl\u00e9s, franc\u00e9s, italiano, espa\u00f1ol, portugu\u00e9s y griego).<\/li>\n\n\n\n<li>Lavadora y secador de pelo.<\/li>\n\n\n\n<li>Desayuno continental (opcional).<\/li>\n\n\n\n<li>Todos nuestros precios son sin costes ocultos.<\/li>\n\n\n\n<li>Habitaciones familiares.<\/li>\n\n\n\n<li>Cocina completa.<\/li>\n\n\n\n<li>Aire acondicionado en todas las habitaciones.<\/li>\n<\/ul>\n\n<h3 class=\"wp-block-heading\">Sin precios ocultos<\/h3>\n\n<p>Precios oficiales, mejores que en otros canales de reserva.<\/p>\n\n<h3 class=\"wp-block-heading\">Opiniones reales de hu\u00e9spedes<\/h3>\n\n<p>Todas las opiniones son de clientes que se han alojado con nosotros.<\/p>\n\n<h3 class=\"wp-block-heading\"><a href=\"https:\/\/feetuphostels.com\/\" target=\"_blank\" rel=\"noreferrer noopener\">Cancelaci\u00f3n gratuita*<\/a><\/h3>\n\n<p>Puede anular su reserva gratuitamente en *cualquiera de las habitaciones.<\/p>\n\n<h3 class=\"wp-block-heading\">Reservas directas con el albergue<\/h3>\n\n<p>Precio oficial sin intermediarios.<\/p>\n\n<h3 class=\"wp-block-heading\">Limpieza y protecci\u00f3n<\/h3>\n\n<p>La limpieza es algo que nos tomamos muy en serio.<\/p>\n\n<h2 class=\"wp-block-heading\"><a href=\"https:\/\/nesthostelsvalencia.com\/es\/albergue-red-nest-hostel-valencia\/\" target=\"_blank\" rel=\"noreferrer noopener\">Red Nest Hostel Valencia<\/a><\/h2>\n\n<figure class=\"wp-block-image aligncenter size-full\"><a href=\"https:\/\/nesthostelsvalencia.com\/wp-content\/uploads\/2018\/11\/red-nest-hostel-valencia-nesthostelsvalencia-2018.jpg\"><img fetchpriority=\"high\" decoding=\"async\" width=\"1200\" height=\"900\" src=\"https:\/\/nesthostelsvalencia.com\/wp-content\/uploads\/2018\/11\/red-nest-hostel-valencia-nesthostelsvalencia-2018.jpg\" alt=\"Red Nest Hostel Valencia\" class=\"wp-image-9754\" srcset=\"https:\/\/nesthostelsvalencia.com\/wp-content\/uploads\/2018\/11\/red-nest-hostel-valencia-nesthostelsvalencia-2018.jpg 1200w, https:\/\/nesthostelsvalencia.com\/wp-content\/uploads\/2018\/11\/red-nest-hostel-valencia-nesthostelsvalencia-2018-300x225.jpg 300w, https:\/\/nesthostelsvalencia.com\/wp-content\/uploads\/2018\/11\/red-nest-hostel-valencia-nesthostelsvalencia-2018-768x576.jpg 768w, https:\/\/nesthostelsvalencia.com\/wp-content\/uploads\/2018\/11\/red-nest-hostel-valencia-nesthostelsvalencia-2018-1024x768.jpg 1024w, https:\/\/nesthostelsvalencia.com\/wp-content\/uploads\/2018\/11\/red-nest-hostel-valencia-nesthostelsvalencia-2018-195x146.jpg 195w, https:\/\/nesthostelsvalencia.com\/wp-content\/uploads\/2018\/11\/red-nest-hostel-valencia-nesthostelsvalencia-2018-50x38.jpg 50w, https:\/\/nesthostelsvalencia.com\/wp-content\/uploads\/2018\/11\/red-nest-hostel-valencia-nesthostelsvalencia-2018-100x75.jpg 100w\" sizes=\"(max-width: 1200px) 100vw, 1200px\" \/><\/a><figcaption class=\"wp-element-caption\">Red Nest Hostel Valencia<\/figcaption><\/figure>\n\n<h3 class=\"wp-block-heading\">Nest Hostels Valencia. Un albergue en el centro de Valencia<\/h3>\n\n<p>Habitaciones privadas, compartidas, mixtas y familiares donde encontrar\u00e1 taquillas gratuitas para que pueda guardar su equipaje.<\/p>\n\n<p>Situado en la famosa calle La Paz de Valencia y a escasos metros de muchos lugares emblem\u00e1ticos para conocer durante su visita a Valencia.<\/p>\n\n<p>Desde nuestro albergue puede llegar a casi cualquier punto de la ciudad, ya que disponemos de transporte p\u00fablico muy cerca de nuestras instalaciones.<\/p>\n\n<h2 class=\"wp-block-heading\"><a href=\"https:\/\/nesthostelsvalencia.com\/es\/albergue-purple-nest-hostel-valencia\/\" target=\"_blank\" rel=\"noreferrer noopener\">Purple Nest Hostel Valencia<\/a><\/h2>\n\n<figure class=\"wp-block-image aligncenter size-full\"><a href=\"https:\/\/nesthostelsvalencia.com\/wp-content\/uploads\/2018\/07\/06purple-nest-hostel-valencia-friendliness.jpg\"><img decoding=\"async\" width=\"1200\" height=\"900\" src=\"https:\/\/nesthostelsvalencia.com\/wp-content\/uploads\/2018\/07\/06purple-nest-hostel-valencia-friendliness.jpg\" alt=\"Albergue Purple Nest Hostel Valencia\" class=\"wp-image-9632\" srcset=\"https:\/\/nesthostelsvalencia.com\/wp-content\/uploads\/2018\/07\/06purple-nest-hostel-valencia-friendliness.jpg 1200w, https:\/\/nesthostelsvalencia.com\/wp-content\/uploads\/2018\/07\/06purple-nest-hostel-valencia-friendliness-300x225.jpg 300w, https:\/\/nesthostelsvalencia.com\/wp-content\/uploads\/2018\/07\/06purple-nest-hostel-valencia-friendliness-768x576.jpg 768w, https:\/\/nesthostelsvalencia.com\/wp-content\/uploads\/2018\/07\/06purple-nest-hostel-valencia-friendliness-1024x768.jpg 1024w, https:\/\/nesthostelsvalencia.com\/wp-content\/uploads\/2018\/07\/06purple-nest-hostel-valencia-friendliness-195x146.jpg 195w, https:\/\/nesthostelsvalencia.com\/wp-content\/uploads\/2018\/07\/06purple-nest-hostel-valencia-friendliness-50x38.jpg 50w, https:\/\/nesthostelsvalencia.com\/wp-content\/uploads\/2018\/07\/06purple-nest-hostel-valencia-friendliness-100x75.jpg 100w\" sizes=\"(max-width: 1200px) 100vw, 1200px\" \/><\/a><figcaption class=\"wp-element-caption\">Albergue Purple Nest Hostel Valencia<\/figcaption><\/figure>\n\n<h3 class=\"wp-block-heading\">Nest Hostels Valencia. Un hostal c\u00e9ntrico y econ\u00f3mico para alojarse en Valencia<\/h3>\n\n<p>Con una recepci\u00f3n donde ser\u00e1 atendido por nuestro personal multiling\u00fce que estar\u00e1 dispuesto a ayudarle las 24 horas del d\u00eda.<\/p>\n\n<p>Coloridas instalaciones de las que podr\u00e1 disfrutar durante su estancia en nuestro albergue.<\/p>\n\n<p>Las habitaciones han sido decoradas con diferentes temas y decoraciones distribuidas en las 4 plantas de nuestro edificio situado en la Plaza de Tetu\u00e1n, a pocos metros de numerosas estaciones de autobuses y paradas de metro.<\/p>\n\n<figure class=\"wp-block-image aligncenter size-full\"><a href=\"https:\/\/nesthostelsvalencia.com\/wp-content\/uploads\/2018\/11\/plaza-de-la-reina-valencia.jpg\"><img decoding=\"async\" width=\"600\" height=\"400\" src=\"https:\/\/nesthostelsvalencia.com\/wp-content\/uploads\/2018\/11\/plaza-de-la-reina-valencia.jpg\" alt=\"Plaza de la reina de Valencia\" class=\"wp-image-9794\" srcset=\"https:\/\/nesthostelsvalencia.com\/wp-content\/uploads\/2018\/11\/plaza-de-la-reina-valencia.jpg 600w, https:\/\/nesthostelsvalencia.com\/wp-content\/uploads\/2018\/11\/plaza-de-la-reina-valencia-300x200.jpg 300w, https:\/\/nesthostelsvalencia.com\/wp-content\/uploads\/2018\/11\/plaza-de-la-reina-valencia-219x146.jpg 219w, https:\/\/nesthostelsvalencia.com\/wp-content\/uploads\/2018\/11\/plaza-de-la-reina-valencia-50x33.jpg 50w, https:\/\/nesthostelsvalencia.com\/wp-content\/uploads\/2018\/11\/plaza-de-la-reina-valencia-113x75.jpg 113w\" sizes=\"(max-width: 600px) 100vw, 600px\" \/><\/a><figcaption class=\"wp-element-caption\">Plaza de la reina de Valencia<\/figcaption><\/figure>\n\n<h3 class=\"wp-block-heading\"><a href=\"https:\/\/nesthostelsvalencia.com\/tag\/blog\/\" target=\"_blank\" rel=\"noreferrer noopener\">Ven a disfrutar a Valencia<\/a><\/h3>\n\n<p>Valencia es una de las ciudades de la costa mediterr\u00e1nea espa\u00f1ola m\u00e1s visitadas por turistas, viajeros y mochileros que visitan Espa\u00f1a. Podr\u00e1 encontrar y descubrir lugares con mucho encanto en ella, como:<\/p>\n\n<ul class=\"wp-block-list\">\n<li><a href=\"https:\/\/nesthostelsvalencia.com\/es\/las-mejores-actividades-para-hacer-en-valencia\/\" target=\"_blank\" rel=\"noreferrer noopener\">Ciudad de las artes y las ciencias.<\/a><\/li>\n\n\n\n<li>El Oceanogr\u00e1fico.<\/li>\n\n\n\n<li>The Palau de la M\u00fasica<\/li>\n\n\n\n<li>Estos son s\u00f3lo algunos de los lugares que puede visitar mientras disfruta del aire puro de los Jardines del R\u00edo Turia.<\/li>\n<\/ul>\n","protected":false},"excerpt":{"rendered":"<p>Nest Hostels Valencia. Albergue Red Nest Hostel Valencia y Albergue Purple Nest Hostel Valencia. Dos de los alojamientos m\u00e1s populares de para mochileros en Valencia by Feetup Hostels. Los Hostales m\u00e1s baratos en el centro de Valencia. \u2705 Siempre el Mejor precio \u2705 Siempre un Alojamiento Barato \u2705 Cancelaci\u00f3n Gratuita\u2705 no hay costos ocultos \u2705 habitaciones privadas \u2705 WiFi gratuito \u2705 desayuno \u2705 elegir el albergue adecuado para usted \u2705 confirmaci\u00f3n inmediata \u2705 sin cargos de reserva \u2705 leer real comentarios de los hu\u00e9spedes \u2705 hablamos su idioma. \u2705 24\/7 recepci\u00f3n<\/p>\n","protected":false},"author":21,"featured_media":18075,"parent":0,"menu_order":0,"comment_status":"open","ping_status":"open","template":"","meta":{"footnotes":""},"class_list":["post-3715","page","type-page","status-publish","has-post-thumbnail","hentry"],"yoast_head":"<!-- This site is optimized with the Yoast SEO plugin v27.4 - https:\/\/yoast.com\/product\/yoast-seo-wordpress\/ -->\n<title>Nest Hostels Valencia. Red Nest &amp; Purple Nest Hostel \u2705Al mejor precio<\/title>\n<meta name=\"description\" content=\"Nest Hostels Valencia. Red Nest &amp; Purple Nest Hostel. Los alojamientos m\u00e1s conocidos y econ\u00f3micos de Valencia, de Feetup Hostels \u2705 Solo al mejor precio\" \/>\n<meta name=\"robots\" content=\"index, follow, max-snippet:-1, max-image-preview:large, max-video-preview:-1\" \/>\n<link rel=\"canonical\" href=\"https:\/\/nesthostelsvalencia.com\/es\/\" \/>\n<meta property=\"og:locale\" content=\"es_ES\" \/>\n<meta property=\"og:type\" content=\"article\" \/>\n<meta property=\"og:title\" content=\"Nest Hostels Valencia. Red Nest &amp; Purple Nest Hostel \u2705Al mejor precio\" \/>\n<meta property=\"og:description\" content=\"Nest Hostels Valencia. Red Nest &amp; Purple Nest Hostel. Los alojamientos m\u00e1s conocidos y econ\u00f3micos de Valencia, de Feetup Hostels \u2705 Solo al mejor precio\" \/>\n<meta property=\"og:url\" content=\"https:\/\/nesthostelsvalencia.com\/es\/\" \/>\n<meta property=\"og:site_name\" content=\"Nest Hostels Valencia\" \/>\n<meta property=\"article:modified_time\" content=\"2023-03-18T11:08:01+00:00\" \/>\n<meta property=\"og:image\" content=\"https:\/\/nesthostelsvalencia.com\/wp-content\/uploads\/2022\/03\/homepage-nesthostelsvalencia2022-min.jpg\" \/>\n\t<meta property=\"og:image:width\" content=\"1920\" \/>\n\t<meta property=\"og:image:height\" content=\"1080\" \/>\n\t<meta property=\"og:image:type\" content=\"image\/jpeg\" \/>\n<meta name=\"twitter:card\" content=\"summary_large_image\" \/>\n<meta name=\"twitter:label1\" content=\"Tiempo de lectura\" \/>\n\t<meta name=\"twitter:data1\" content=\"3 minutes\" \/>\n<script type=\"application\/ld+json\" class=\"yoast-schema-graph\">{\"@context\":\"https:\\\/\\\/schema.org\",\"@graph\":[{\"@type\":\"WebPage\",\"@id\":\"https:\\\/\\\/nesthostelsvalencia.com\\\/es\\\/\",\"url\":\"https:\\\/\\\/nesthostelsvalencia.com\\\/es\\\/\",\"name\":\"Nest Hostels Valencia. Red Nest & Purple Nest Hostel \u2705Al mejor precio\",\"isPartOf\":{\"@id\":\"https:\\\/\\\/nesthostelsvalencia.com\\\/es\\\/#website\"},\"primaryImageOfPage\":{\"@id\":\"https:\\\/\\\/nesthostelsvalencia.com\\\/es\\\/#primaryimage\"},\"image\":{\"@id\":\"https:\\\/\\\/nesthostelsvalencia.com\\\/es\\\/#primaryimage\"},\"thumbnailUrl\":\"https:\\\/\\\/nesthostelsvalencia.com\\\/wp-content\\\/uploads\\\/2022\\\/03\\\/homepage-nesthostelsvalencia2022-min.jpg\",\"datePublished\":\"2014-10-15T08:41:58+00:00\",\"dateModified\":\"2023-03-18T11:08:01+00:00\",\"description\":\"Nest Hostels Valencia. Red Nest & Purple Nest Hostel. Los alojamientos m\u00e1s conocidos y econ\u00f3micos de Valencia, de Feetup Hostels \u2705 Solo al mejor precio\",\"breadcrumb\":{\"@id\":\"https:\\\/\\\/nesthostelsvalencia.com\\\/es\\\/#breadcrumb\"},\"inLanguage\":\"es-ES\",\"potentialAction\":[{\"@type\":\"ReadAction\",\"target\":[\"https:\\\/\\\/nesthostelsvalencia.com\\\/es\\\/\"]}]},{\"@type\":\"ImageObject\",\"inLanguage\":\"es-ES\",\"@id\":\"https:\\\/\\\/nesthostelsvalencia.com\\\/es\\\/#primaryimage\",\"url\":\"https:\\\/\\\/nesthostelsvalencia.com\\\/wp-content\\\/uploads\\\/2022\\\/03\\\/homepage-nesthostelsvalencia2022-min.jpg\",\"contentUrl\":\"https:\\\/\\\/nesthostelsvalencia.com\\\/wp-content\\\/uploads\\\/2022\\\/03\\\/homepage-nesthostelsvalencia2022-min.jpg\",\"width\":1920,\"height\":1080,\"caption\":\"Homepage Nest Hostels Valencia\"},{\"@type\":\"BreadcrumbList\",\"@id\":\"https:\\\/\\\/nesthostelsvalencia.com\\\/es\\\/#breadcrumb\",\"itemListElement\":[{\"@type\":\"ListItem\",\"position\":1,\"name\":\"Home\",\"item\":\"https:\\\/\\\/nesthostelsvalencia.com\\\/es\\\/\"},{\"@type\":\"ListItem\",\"position\":2,\"name\":\"Nest Hostels Valencia\"}]},{\"@type\":\"WebSite\",\"@id\":\"https:\\\/\\\/nesthostelsvalencia.com\\\/es\\\/#website\",\"url\":\"https:\\\/\\\/nesthostelsvalencia.com\\\/es\\\/\",\"name\":\"Nest Hostels Valencia\",\"description\":\"News, events and tourist info about Valencia\",\"publisher\":{\"@id\":\"https:\\\/\\\/nesthostelsvalencia.com\\\/es\\\/#organization\"},\"alternateName\":\"Nest Hostels Valencia\",\"potentialAction\":[{\"@type\":\"SearchAction\",\"target\":{\"@type\":\"EntryPoint\",\"urlTemplate\":\"https:\\\/\\\/nesthostelsvalencia.com\\\/es\\\/?s={search_term_string}\"},\"query-input\":{\"@type\":\"PropertyValueSpecification\",\"valueRequired\":true,\"valueName\":\"search_term_string\"}}],\"inLanguage\":\"es-ES\"},{\"@type\":\"Organization\",\"@id\":\"https:\\\/\\\/nesthostelsvalencia.com\\\/es\\\/#organization\",\"name\":\"Nest Hostels Valencia\",\"alternateName\":\"Youth hostels and beds for travelers in Valencia\",\"url\":\"https:\\\/\\\/nesthostelsvalencia.com\\\/es\\\/\",\"logo\":{\"@type\":\"ImageObject\",\"inLanguage\":\"es-ES\",\"@id\":\"https:\\\/\\\/nesthostelsvalencia.com\\\/es\\\/#\\\/schema\\\/logo\\\/image\\\/\",\"url\":\"https:\\\/\\\/nesthostelsvalencia.com\\\/wp-content\\\/uploads\\\/2022\\\/01\\\/logo-nesthostels-valencia-feetuphostels.svg\",\"contentUrl\":\"https:\\\/\\\/nesthostelsvalencia.com\\\/wp-content\\\/uploads\\\/2022\\\/01\\\/logo-nesthostels-valencia-feetuphostels.svg\",\"width\":279,\"height\":130,\"caption\":\"Nest Hostels Valencia\"},\"image\":{\"@id\":\"https:\\\/\\\/nesthostelsvalencia.com\\\/es\\\/#\\\/schema\\\/logo\\\/image\\\/\"}}]}<\/script>\n<!-- \/ Yoast SEO plugin. -->","yoast_head_json":{"title":"Nest Hostels Valencia. Red Nest & Purple Nest Hostel \u2705Al mejor precio","description":"Nest Hostels Valencia. Red Nest & Purple Nest Hostel. Los alojamientos m\u00e1s conocidos y econ\u00f3micos de Valencia, de Feetup Hostels \u2705 Solo al mejor precio","robots":{"index":"index","follow":"follow","max-snippet":"max-snippet:-1","max-image-preview":"max-image-preview:large","max-video-preview":"max-video-preview:-1"},"canonical":"https:\/\/nesthostelsvalencia.com\/es\/","og_locale":"es_ES","og_type":"article","og_title":"Nest Hostels Valencia. Red Nest & Purple Nest Hostel \u2705Al mejor precio","og_description":"Nest Hostels Valencia. Red Nest & Purple Nest Hostel. Los alojamientos m\u00e1s conocidos y econ\u00f3micos de Valencia, de Feetup Hostels \u2705 Solo al mejor precio","og_url":"https:\/\/nesthostelsvalencia.com\/es\/","og_site_name":"Nest Hostels Valencia","article_modified_time":"2023-03-18T11:08:01+00:00","og_image":[{"width":1920,"height":1080,"url":"https:\/\/nesthostelsvalencia.com\/wp-content\/uploads\/2022\/03\/homepage-nesthostelsvalencia2022-min.jpg","type":"image\/jpeg"}],"twitter_card":"summary_large_image","twitter_misc":{"Tiempo de lectura":"3 minutes"},"schema":{"@context":"https:\/\/schema.org","@graph":[{"@type":"WebPage","@id":"https:\/\/nesthostelsvalencia.com\/es\/","url":"https:\/\/nesthostelsvalencia.com\/es\/","name":"Nest Hostels Valencia. Red Nest & Purple Nest Hostel \u2705Al mejor precio","isPartOf":{"@id":"https:\/\/nesthostelsvalencia.com\/es\/#website"},"primaryImageOfPage":{"@id":"https:\/\/nesthostelsvalencia.com\/es\/#primaryimage"},"image":{"@id":"https:\/\/nesthostelsvalencia.com\/es\/#primaryimage"},"thumbnailUrl":"https:\/\/nesthostelsvalencia.com\/wp-content\/uploads\/2022\/03\/homepage-nesthostelsvalencia2022-min.jpg","datePublished":"2014-10-15T08:41:58+00:00","dateModified":"2023-03-18T11:08:01+00:00","description":"Nest Hostels Valencia. Red Nest & Purple Nest Hostel. Los alojamientos m\u00e1s conocidos y econ\u00f3micos de Valencia, de Feetup Hostels \u2705 Solo al mejor precio","breadcrumb":{"@id":"https:\/\/nesthostelsvalencia.com\/es\/#breadcrumb"},"inLanguage":"es-ES","potentialAction":[{"@type":"ReadAction","target":["https:\/\/nesthostelsvalencia.com\/es\/"]}]},{"@type":"ImageObject","inLanguage":"es-ES","@id":"https:\/\/nesthostelsvalencia.com\/es\/#primaryimage","url":"https:\/\/nesthostelsvalencia.com\/wp-content\/uploads\/2022\/03\/homepage-nesthostelsvalencia2022-min.jpg","contentUrl":"https:\/\/nesthostelsvalencia.com\/wp-content\/uploads\/2022\/03\/homepage-nesthostelsvalencia2022-min.jpg","width":1920,"height":1080,"caption":"Homepage Nest Hostels Valencia"},{"@type":"BreadcrumbList","@id":"https:\/\/nesthostelsvalencia.com\/es\/#breadcrumb","itemListElement":[{"@type":"ListItem","position":1,"name":"Home","item":"https:\/\/nesthostelsvalencia.com\/es\/"},{"@type":"ListItem","position":2,"name":"Nest Hostels Valencia"}]},{"@type":"WebSite","@id":"https:\/\/nesthostelsvalencia.com\/es\/#website","url":"https:\/\/nesthostelsvalencia.com\/es\/","name":"Nest Hostels Valencia","description":"News, events and tourist info about Valencia","publisher":{"@id":"https:\/\/nesthostelsvalencia.com\/es\/#organization"},"alternateName":"Nest Hostels Valencia","potentialAction":[{"@type":"SearchAction","target":{"@type":"EntryPoint","urlTemplate":"https:\/\/nesthostelsvalencia.com\/es\/?s={search_term_string}"},"query-input":{"@type":"PropertyValueSpecification","valueRequired":true,"valueName":"search_term_string"}}],"inLanguage":"es-ES"},{"@type":"Organization","@id":"https:\/\/nesthostelsvalencia.com\/es\/#organization","name":"Nest Hostels Valencia","alternateName":"Youth hostels and beds for travelers in Valencia","url":"https:\/\/nesthostelsvalencia.com\/es\/","logo":{"@type":"ImageObject","inLanguage":"es-ES","@id":"https:\/\/nesthostelsvalencia.com\/es\/#\/schema\/logo\/image\/","url":"https:\/\/nesthostelsvalencia.com\/wp-content\/uploads\/2022\/01\/logo-nesthostels-valencia-feetuphostels.svg","contentUrl":"https:\/\/nesthostelsvalencia.com\/wp-content\/uploads\/2022\/01\/logo-nesthostels-valencia-feetuphostels.svg","width":279,"height":130,"caption":"Nest Hostels Valencia"},"image":{"@id":"https:\/\/nesthostelsvalencia.com\/es\/#\/schema\/logo\/image\/"}}]}},"_links":{"self":[{"href":"https:\/\/nesthostelsvalencia.com\/es\/wp-json\/wp\/v2\/pages\/3715","targetHints":{"allow":["GET"]}}],"collection":[{"href":"https:\/\/nesthostelsvalencia.com\/es\/wp-json\/wp\/v2\/pages"}],"about":[{"href":"https:\/\/nesthostelsvalencia.com\/es\/wp-json\/wp\/v2\/types\/page"}],"author":[{"embeddable":true,"href":"https:\/\/nesthostelsvalencia.com\/es\/wp-json\/wp\/v2\/users\/21"}],"replies":[{"embeddable":true,"href":"https:\/\/nesthostelsvalencia.com\/es\/wp-json\/wp\/v2\/comments?post=3715"}],"version-history":[{"count":0,"href":"https:\/\/nesthostelsvalencia.com\/es\/wp-json\/wp\/v2\/pages\/3715\/revisions"}],"wp:featuredmedia":[{"embeddable":true,"href":"https:\/\/nesthostelsvalencia.com\/es\/wp-json\/wp\/v2\/media\/18075"}],"wp:attachment":[{"href":"https:\/\/nesthostelsvalencia.com\/es\/wp-json\/wp\/v2\/media?parent=3715"}],"curies":[{"name":"wp","href":"https:\/\/api.w.org\/{rel}","templated":true}]}}