{"id":3728,"date":"2016-06-22T13:59:24","date_gmt":"2016-06-22T11:59:24","guid":{"rendered":"https:\/\/nesthostelsvalencia.com\/2017\/booking-purple-nest-hostel-valencia\/"},"modified":"2023-10-31T15:22:19","modified_gmt":"2023-10-31T14:22:19","slug":"reservar-purple-nest-hostel-valencia","status":"publish","type":"page","link":"https:\/\/nesthostelsvalencia.com\/es\/reservar-purple-nest-hostel-valencia\/","title":{"rendered":"Reservar en Purple Nest Hostel Valencia"},"content":{"rendered":"\n<h1 class=\"wp-block-heading has-text-align-center\">Reservar en Purple Nest Hostel Valencia<\/h1>\n\n\n\n<h2 class=\"wp-block-heading has-text-align-center\">Reserva directa y ahorra hasta un 10% en el centro de Valencia<\/h2>\n\n\n\n<h3 class=\"wp-block-heading has-text-align-center\">Reserva tu estancia en Purple Nest Hostel Valencia<\/h3>\n\n\n\n<p>\u00bfBuscas el lugar perfecto para alojarte en el coraz\u00f3n de Valencia? \u00a1No busques m\u00e1s! En Purple Nest Hostel Valencia, ofrecemos una experiencia \u00fanica y vibrante para j\u00f3venes viajeros. \u00a1Haz clic aqu\u00ed para reservar tu lugar ahora!<\/p>\n\n\n\n<h3 class=\"wp-block-heading\">\u00bfPor qu\u00e9 elegir el <a href=\"https:\/\/feetuphostels.com\/es\/purple-nest-hostel-valencia\/\">Albergue Purple Nest Valencia<\/a>?<\/h3>\n\n\n\n<ul class=\"wp-block-list\">\n<li><a href=\"https:\/\/nesthostelsvalencia.com\/es\/como-llegar-albergue-purple-nest\/\">Ubicaci\u00f3n c\u00e9ntrica<\/a>: Explora los lugares emblem\u00e1ticos de Valencia, todos a poca distancia a pie.<\/li>\n\n\n\n<li>Tarifas asequibles: Consigue la mejor relaci\u00f3n calidad-precio sin renunciar al confort.<\/li>\n\n\n\n<li>Ambiente Juvenil: Conoce a otros viajeros y crea recuerdos inolvidables.<\/li>\n<\/ul>\n\n\n\n<p>\u00a1Reserva ahora y vive Valencia como nunca antes! Plazas limitadas disponibles!<\/p>\n\n\n\n<figure class=\"wp-block-image aligncenter size-large\"><a href=\"https:\/\/nesthostelsvalencia.com\/wp-content\/uploads\/2023\/08\/booking-feet-up-hostels.jpg\"><img fetchpriority=\"high\" decoding=\"async\" width=\"1024\" height=\"576\" src=\"https:\/\/nesthostelsvalencia.com\/wp-content\/uploads\/2023\/08\/booking-feet-up-hostels-1024x576.jpg\" alt=\"Reservar al Mejor Precio con Feet Up Hostels | Reservar Albergue Purple Nest\" class=\"wp-image-21142\" srcset=\"https:\/\/nesthostelsvalencia.com\/wp-content\/uploads\/2023\/08\/booking-feet-up-hostels-1024x576.jpg 1024w, https:\/\/nesthostelsvalencia.com\/wp-content\/uploads\/2023\/08\/booking-feet-up-hostels-300x169.jpg 300w, https:\/\/nesthostelsvalencia.com\/wp-content\/uploads\/2023\/08\/booking-feet-up-hostels-768x432.jpg 768w, https:\/\/nesthostelsvalencia.com\/wp-content\/uploads\/2023\/08\/booking-feet-up-hostels-1536x864.jpg 1536w, https:\/\/nesthostelsvalencia.com\/wp-content\/uploads\/2023\/08\/booking-feet-up-hostels.jpg 1920w\" sizes=\"(max-width: 1024px) 100vw, 1024px\" \/><\/a><figcaption class=\"wp-element-caption\">Reservar al Mejor Precio con Feet Up Hostels | Reservar Albergue Purple Nest<\/figcaption><\/figure>\n","protected":false},"excerpt":{"rendered":"<p>Reserve en el Albergue Purple Nest Valencia. Reserva online y confirmaci\u00f3n inmediata en Valencia. Reserve su cama al mejor precio de la ciudad de Valencia en uno de los mejores albergues juveniles de Valencia situado en el coraz\u00f3n y centro de Valencia.<\/p>\n","protected":false},"author":21,"featured_media":6790,"parent":0,"menu_order":0,"comment_status":"closed","ping_status":"closed","template":"","meta":{"footnotes":""},"class_list":["post-3728","page","type-page","status-publish","has-post-thumbnail","hentry"],"yoast_head":"<!-- This site is optimized with the Yoast SEO plugin v27.4 - https:\/\/yoast.com\/product\/yoast-seo-wordpress\/ -->\n<title>Reserva en el Purple Nest Hostel Valencia \u00ae Reserva tu cama al mejor precio de Valencia<\/title>\n<meta name=\"description\" content=\"Booking Purple Nest Hostel Valencia \u00ae Reserve su cama al mejor precio en Valencia. Reserve su cama en el centro de Valencia con WIFI gratuito\" \/>\n<meta name=\"robots\" content=\"index, follow, max-snippet:-1, max-image-preview:large, max-video-preview:-1\" \/>\n<link rel=\"canonical\" href=\"https:\/\/nesthostelsvalencia.com\/es\/reservar-purple-nest-hostel-valencia\/\" \/>\n<meta property=\"og:locale\" content=\"es_ES\" \/>\n<meta property=\"og:type\" content=\"article\" \/>\n<meta property=\"og:title\" content=\"Reserva en el Purple Nest Hostel Valencia \u00ae Reserva tu cama al mejor precio de Valencia\" \/>\n<meta property=\"og:description\" content=\"Booking Purple Nest Hostel Valencia \u00ae Reserve su cama al mejor precio en Valencia. Reserve su cama en el centro de Valencia con WIFI gratuito\" \/>\n<meta property=\"og:url\" content=\"https:\/\/nesthostelsvalencia.com\/es\/reservar-purple-nest-hostel-valencia\/\" \/>\n<meta property=\"og:site_name\" content=\"Nest Hostels Valencia\" \/>\n<meta property=\"article:modified_time\" content=\"2023-10-31T14:22:19+00:00\" \/>\n<meta property=\"og:image\" content=\"https:\/\/nesthostelsvalencia.com\/wp-content\/uploads\/2014\/05\/we-are-nest-hostels-valencia.jpg\" \/>\n\t<meta property=\"og:image:width\" content=\"1280\" \/>\n\t<meta property=\"og:image:height\" content=\"900\" \/>\n\t<meta property=\"og:image:type\" content=\"image\/jpeg\" \/>\n<meta name=\"twitter:card\" content=\"summary_large_image\" \/>\n<meta name=\"twitter:label1\" content=\"Tiempo de lectura\" \/>\n\t<meta name=\"twitter:data1\" content=\"1 minute\" \/>\n<script type=\"application\/ld+json\" class=\"yoast-schema-graph\">{\"@context\":\"https:\\\/\\\/schema.org\",\"@graph\":[{\"@type\":\"WebPage\",\"@id\":\"https:\\\/\\\/nesthostelsvalencia.com\\\/es\\\/reservar-purple-nest-hostel-valencia\\\/\",\"url\":\"https:\\\/\\\/nesthostelsvalencia.com\\\/es\\\/reservar-purple-nest-hostel-valencia\\\/\",\"name\":\"Reserva en el Purple Nest Hostel Valencia \u00ae Reserva tu cama al mejor precio de Valencia\",\"isPartOf\":{\"@id\":\"https:\\\/\\\/nesthostelsvalencia.com\\\/es\\\/#website\"},\"primaryImageOfPage\":{\"@id\":\"https:\\\/\\\/nesthostelsvalencia.com\\\/es\\\/reservar-purple-nest-hostel-valencia\\\/#primaryimage\"},\"image\":{\"@id\":\"https:\\\/\\\/nesthostelsvalencia.com\\\/es\\\/reservar-purple-nest-hostel-valencia\\\/#primaryimage\"},\"thumbnailUrl\":\"https:\\\/\\\/nesthostelsvalencia.com\\\/wp-content\\\/uploads\\\/2014\\\/05\\\/we-are-nest-hostels-valencia.jpg\",\"datePublished\":\"2016-06-22T11:59:24+00:00\",\"dateModified\":\"2023-10-31T14:22:19+00:00\",\"description\":\"Booking Purple Nest Hostel Valencia \u00ae Reserve su cama al mejor precio en Valencia. Reserve su cama en el centro de Valencia con WIFI gratuito\",\"breadcrumb\":{\"@id\":\"https:\\\/\\\/nesthostelsvalencia.com\\\/es\\\/reservar-purple-nest-hostel-valencia\\\/#breadcrumb\"},\"inLanguage\":\"es-ES\",\"potentialAction\":[{\"@type\":\"ReadAction\",\"target\":[\"https:\\\/\\\/nesthostelsvalencia.com\\\/es\\\/reservar-purple-nest-hostel-valencia\\\/\"]}]},{\"@type\":\"ImageObject\",\"inLanguage\":\"es-ES\",\"@id\":\"https:\\\/\\\/nesthostelsvalencia.com\\\/es\\\/reservar-purple-nest-hostel-valencia\\\/#primaryimage\",\"url\":\"https:\\\/\\\/nesthostelsvalencia.com\\\/wp-content\\\/uploads\\\/2014\\\/05\\\/we-are-nest-hostels-valencia.jpg\",\"contentUrl\":\"https:\\\/\\\/nesthostelsvalencia.com\\\/wp-content\\\/uploads\\\/2014\\\/05\\\/we-are-nest-hostels-valencia.jpg\",\"width\":1280,\"height\":900,\"caption\":\"We Are Nest Hostels Valencia\"},{\"@type\":\"BreadcrumbList\",\"@id\":\"https:\\\/\\\/nesthostelsvalencia.com\\\/es\\\/reservar-purple-nest-hostel-valencia\\\/#breadcrumb\",\"itemListElement\":[{\"@type\":\"ListItem\",\"position\":1,\"name\":\"Home\",\"item\":\"https:\\\/\\\/nesthostelsvalencia.com\\\/es\\\/\"},{\"@type\":\"ListItem\",\"position\":2,\"name\":\"Reservar en Purple Nest Hostel Valencia\"}]},{\"@type\":\"WebSite\",\"@id\":\"https:\\\/\\\/nesthostelsvalencia.com\\\/es\\\/#website\",\"url\":\"https:\\\/\\\/nesthostelsvalencia.com\\\/es\\\/\",\"name\":\"Nest Hostels Valencia\",\"description\":\"News, events and tourist info about Valencia\",\"publisher\":{\"@id\":\"https:\\\/\\\/nesthostelsvalencia.com\\\/es\\\/#organization\"},\"alternateName\":\"Nest Hostels Valencia\",\"potentialAction\":[{\"@type\":\"SearchAction\",\"target\":{\"@type\":\"EntryPoint\",\"urlTemplate\":\"https:\\\/\\\/nesthostelsvalencia.com\\\/es\\\/?s={search_term_string}\"},\"query-input\":{\"@type\":\"PropertyValueSpecification\",\"valueRequired\":true,\"valueName\":\"search_term_string\"}}],\"inLanguage\":\"es-ES\"},{\"@type\":\"Organization\",\"@id\":\"https:\\\/\\\/nesthostelsvalencia.com\\\/es\\\/#organization\",\"name\":\"Nest Hostels Valencia\",\"alternateName\":\"Youth hostels and beds for travelers in Valencia\",\"url\":\"https:\\\/\\\/nesthostelsvalencia.com\\\/es\\\/\",\"logo\":{\"@type\":\"ImageObject\",\"inLanguage\":\"es-ES\",\"@id\":\"https:\\\/\\\/nesthostelsvalencia.com\\\/es\\\/#\\\/schema\\\/logo\\\/image\\\/\",\"url\":\"https:\\\/\\\/nesthostelsvalencia.com\\\/wp-content\\\/uploads\\\/2022\\\/01\\\/logo-nesthostels-valencia-feetuphostels.svg\",\"contentUrl\":\"https:\\\/\\\/nesthostelsvalencia.com\\\/wp-content\\\/uploads\\\/2022\\\/01\\\/logo-nesthostels-valencia-feetuphostels.svg\",\"width\":279,\"height\":130,\"caption\":\"Nest Hostels Valencia\"},\"image\":{\"@id\":\"https:\\\/\\\/nesthostelsvalencia.com\\\/es\\\/#\\\/schema\\\/logo\\\/image\\\/\"}}]}<\/script>\n<!-- \/ Yoast SEO plugin. -->","yoast_head_json":{"title":"Reserva en el Purple Nest Hostel Valencia \u00ae Reserva tu cama al mejor precio de Valencia","description":"Booking Purple Nest Hostel Valencia \u00ae Reserve su cama al mejor precio en Valencia. Reserve su cama en el centro de Valencia con WIFI gratuito","robots":{"index":"index","follow":"follow","max-snippet":"max-snippet:-1","max-image-preview":"max-image-preview:large","max-video-preview":"max-video-preview:-1"},"canonical":"https:\/\/nesthostelsvalencia.com\/es\/reservar-purple-nest-hostel-valencia\/","og_locale":"es_ES","og_type":"article","og_title":"Reserva en el Purple Nest Hostel Valencia \u00ae Reserva tu cama al mejor precio de Valencia","og_description":"Booking Purple Nest Hostel Valencia \u00ae Reserve su cama al mejor precio en Valencia. Reserve su cama en el centro de Valencia con WIFI gratuito","og_url":"https:\/\/nesthostelsvalencia.com\/es\/reservar-purple-nest-hostel-valencia\/","og_site_name":"Nest Hostels Valencia","article_modified_time":"2023-10-31T14:22:19+00:00","og_image":[{"width":1280,"height":900,"url":"https:\/\/nesthostelsvalencia.com\/wp-content\/uploads\/2014\/05\/we-are-nest-hostels-valencia.jpg","type":"image\/jpeg"}],"twitter_card":"summary_large_image","twitter_misc":{"Tiempo de lectura":"1 minute"},"schema":{"@context":"https:\/\/schema.org","@graph":[{"@type":"WebPage","@id":"https:\/\/nesthostelsvalencia.com\/es\/reservar-purple-nest-hostel-valencia\/","url":"https:\/\/nesthostelsvalencia.com\/es\/reservar-purple-nest-hostel-valencia\/","name":"Reserva en el Purple Nest Hostel Valencia \u00ae Reserva tu cama al mejor precio de Valencia","isPartOf":{"@id":"https:\/\/nesthostelsvalencia.com\/es\/#website"},"primaryImageOfPage":{"@id":"https:\/\/nesthostelsvalencia.com\/es\/reservar-purple-nest-hostel-valencia\/#primaryimage"},"image":{"@id":"https:\/\/nesthostelsvalencia.com\/es\/reservar-purple-nest-hostel-valencia\/#primaryimage"},"thumbnailUrl":"https:\/\/nesthostelsvalencia.com\/wp-content\/uploads\/2014\/05\/we-are-nest-hostels-valencia.jpg","datePublished":"2016-06-22T11:59:24+00:00","dateModified":"2023-10-31T14:22:19+00:00","description":"Booking Purple Nest Hostel Valencia \u00ae Reserve su cama al mejor precio en Valencia. Reserve su cama en el centro de Valencia con WIFI gratuito","breadcrumb":{"@id":"https:\/\/nesthostelsvalencia.com\/es\/reservar-purple-nest-hostel-valencia\/#breadcrumb"},"inLanguage":"es-ES","potentialAction":[{"@type":"ReadAction","target":["https:\/\/nesthostelsvalencia.com\/es\/reservar-purple-nest-hostel-valencia\/"]}]},{"@type":"ImageObject","inLanguage":"es-ES","@id":"https:\/\/nesthostelsvalencia.com\/es\/reservar-purple-nest-hostel-valencia\/#primaryimage","url":"https:\/\/nesthostelsvalencia.com\/wp-content\/uploads\/2014\/05\/we-are-nest-hostels-valencia.jpg","contentUrl":"https:\/\/nesthostelsvalencia.com\/wp-content\/uploads\/2014\/05\/we-are-nest-hostels-valencia.jpg","width":1280,"height":900,"caption":"We Are Nest Hostels Valencia"},{"@type":"BreadcrumbList","@id":"https:\/\/nesthostelsvalencia.com\/es\/reservar-purple-nest-hostel-valencia\/#breadcrumb","itemListElement":[{"@type":"ListItem","position":1,"name":"Home","item":"https:\/\/nesthostelsvalencia.com\/es\/"},{"@type":"ListItem","position":2,"name":"Reservar en Purple Nest Hostel Valencia"}]},{"@type":"WebSite","@id":"https:\/\/nesthostelsvalencia.com\/es\/#website","url":"https:\/\/nesthostelsvalencia.com\/es\/","name":"Nest Hostels Valencia","description":"News, events and tourist info about Valencia","publisher":{"@id":"https:\/\/nesthostelsvalencia.com\/es\/#organization"},"alternateName":"Nest Hostels Valencia","potentialAction":[{"@type":"SearchAction","target":{"@type":"EntryPoint","urlTemplate":"https:\/\/nesthostelsvalencia.com\/es\/?s={search_term_string}"},"query-input":{"@type":"PropertyValueSpecification","valueRequired":true,"valueName":"search_term_string"}}],"inLanguage":"es-ES"},{"@type":"Organization","@id":"https:\/\/nesthostelsvalencia.com\/es\/#organization","name":"Nest Hostels Valencia","alternateName":"Youth hostels and beds for travelers in Valencia","url":"https:\/\/nesthostelsvalencia.com\/es\/","logo":{"@type":"ImageObject","inLanguage":"es-ES","@id":"https:\/\/nesthostelsvalencia.com\/es\/#\/schema\/logo\/image\/","url":"https:\/\/nesthostelsvalencia.com\/wp-content\/uploads\/2022\/01\/logo-nesthostels-valencia-feetuphostels.svg","contentUrl":"https:\/\/nesthostelsvalencia.com\/wp-content\/uploads\/2022\/01\/logo-nesthostels-valencia-feetuphostels.svg","width":279,"height":130,"caption":"Nest Hostels Valencia"},"image":{"@id":"https:\/\/nesthostelsvalencia.com\/es\/#\/schema\/logo\/image\/"}}]}},"_links":{"self":[{"href":"https:\/\/nesthostelsvalencia.com\/es\/wp-json\/wp\/v2\/pages\/3728","targetHints":{"allow":["GET"]}}],"collection":[{"href":"https:\/\/nesthostelsvalencia.com\/es\/wp-json\/wp\/v2\/pages"}],"about":[{"href":"https:\/\/nesthostelsvalencia.com\/es\/wp-json\/wp\/v2\/types\/page"}],"author":[{"embeddable":true,"href":"https:\/\/nesthostelsvalencia.com\/es\/wp-json\/wp\/v2\/users\/21"}],"replies":[{"embeddable":true,"href":"https:\/\/nesthostelsvalencia.com\/es\/wp-json\/wp\/v2\/comments?post=3728"}],"version-history":[{"count":0,"href":"https:\/\/nesthostelsvalencia.com\/es\/wp-json\/wp\/v2\/pages\/3728\/revisions"}],"wp:featuredmedia":[{"embeddable":true,"href":"https:\/\/nesthostelsvalencia.com\/es\/wp-json\/wp\/v2\/media\/6790"}],"wp:attachment":[{"href":"https:\/\/nesthostelsvalencia.com\/es\/wp-json\/wp\/v2\/media?parent=3728"}],"curies":[{"name":"wp","href":"https:\/\/api.w.org\/{rel}","templated":true}]}}