{"id":3738,"date":"2017-07-25T13:02:17","date_gmt":"2017-07-25T11:02:17","guid":{"rendered":"https:\/\/nesthostelsvalencia.com\/2017\/booking-red-nest-hostels-valencia\/"},"modified":"2023-10-31T15:50:57","modified_gmt":"2023-10-31T14:50:57","slug":"reservar-red-nest-hostel-valencia","status":"publish","type":"page","link":"https:\/\/nesthostelsvalencia.com\/es\/reservar-red-nest-hostel-valencia\/","title":{"rendered":"Reservar Red Nest Hostel Valencia"},"content":{"rendered":"\n<h1 class=\"wp-block-heading has-text-align-center\">Reservar en Albergue Red Nest Valencia<\/h1>\n\n\n\n<h2 class=\"wp-block-heading has-text-align-center\">Reserva directamente y ahorra hasta un 10% en Valencia<\/h2>\n\n\n\n<h3 class=\"wp-block-heading has-text-align-center\">Reserva tu estancia en el Albergue Red Nest Valencia<\/h3>\n\n\n\n<p>\u00bfEst\u00e1s buscando el lugar perfecto para alojarte en el coraz\u00f3n de Valencia? \u00a1No busques m\u00e1s! En Red Nest Hostel Valencia, ofrecemos una experiencia \u00fanica y vibrante para j\u00f3venes viajeros. \u00a1Reserva ya tu plaza en Red Nest!<\/p>\n\n\n\n<h3 class=\"wp-block-heading\">\u00bfPor qu\u00e9 elegir <a href=\"https:\/\/feetuphostels.com\/red-nest-hostel-valencia\/\" target=\"_blank\" rel=\"noopener\">Red Nest Hostel Valencia<\/a>?<\/h3>\n\n\n\n<ul class=\"wp-block-list\">\n<li><a href=\"https:\/\/nesthostelsvalencia.com\/es\/como-llegar-al-albergue-red-nest\/\">Ubicaci\u00f3n c\u00e9ntrica<\/a>: Explora los lugares emblem\u00e1ticos de Valencia, todos a poca distancia a pie.<\/li>\n\n\n\n<li>Tarifas asequibles: Consigue la mejor relaci\u00f3n calidad-precio sin renunciar al confort.<\/li>\n\n\n\n<li>Ambiente acogedor para los j\u00f3venes: Conoce a otros viajeros y crea recuerdos duraderos.<\/li>\n<\/ul>\n\n\n\n<p>Reserva ahora y vive Valencia como nunca antes. \u00a1Plazas limitadas!<\/p>\n\n\n\n<figure class=\"wp-block-image aligncenter size-large\"><a href=\"https:\/\/nesthostelsvalencia.com\/wp-content\/uploads\/2023\/08\/booking-feet-up-hostels.jpg\"><img fetchpriority=\"high\" decoding=\"async\" width=\"1024\" height=\"576\" src=\"https:\/\/nesthostelsvalencia.com\/wp-content\/uploads\/2023\/08\/booking-feet-up-hostels-1024x576.jpg\" alt=\"Reservar al Mejor Precio con Feet Up Hostels | Reservar Albergue Red Nest\" class=\"wp-image-21142\" srcset=\"https:\/\/nesthostelsvalencia.com\/wp-content\/uploads\/2023\/08\/booking-feet-up-hostels-1024x576.jpg 1024w, https:\/\/nesthostelsvalencia.com\/wp-content\/uploads\/2023\/08\/booking-feet-up-hostels-300x169.jpg 300w, https:\/\/nesthostelsvalencia.com\/wp-content\/uploads\/2023\/08\/booking-feet-up-hostels-768x432.jpg 768w, https:\/\/nesthostelsvalencia.com\/wp-content\/uploads\/2023\/08\/booking-feet-up-hostels-1536x864.jpg 1536w, https:\/\/nesthostelsvalencia.com\/wp-content\/uploads\/2023\/08\/booking-feet-up-hostels.jpg 1920w\" sizes=\"(max-width: 1024px) 100vw, 1024px\" \/><\/a><figcaption class=\"wp-element-caption\">Reservar al Mejor Precio con Feet Up Hostels | Reservar Albergue Red Nest<\/figcaption><\/figure>\n","protected":false},"excerpt":{"rendered":"<p>Reserva en el Red Nest Hostel Valencia. Reserva online y confirmaci\u00f3n inmediata en Valencia. Reserva tu cama al mejor precio de la ciudad de Valencia en uno de los mejores albergues juveniles de Valencia situado en el coraz\u00f3n y centro de Valencia. Reserva ahora en el Red Nest Hostel Valencia<\/p>\n","protected":false},"author":21,"featured_media":21147,"parent":0,"menu_order":0,"comment_status":"closed","ping_status":"open","template":"","meta":{"footnotes":""},"class_list":["post-3738","page","type-page","status-publish","has-post-thumbnail","hentry"],"yoast_head":"<!-- This site is optimized with the Yoast SEO plugin v27.4 - https:\/\/yoast.com\/product\/yoast-seo-wordpress\/ -->\n<title>Reserva Albergue Red Nest Valencia \u00ae Precio oficial sin suplemento<\/title>\n<meta name=\"description\" content=\"Reserva Red Nest Hostel Valencia \u00ae Precio oficial sin costes adicionales, sin comisiones por su reserva y sin costes ocultos\" \/>\n<meta name=\"robots\" content=\"index, follow, max-snippet:-1, max-image-preview:large, max-video-preview:-1\" \/>\n<link rel=\"canonical\" href=\"https:\/\/nesthostelsvalencia.com\/es\/reservar-red-nest-hostel-valencia\/\" \/>\n<meta property=\"og:locale\" content=\"es_ES\" \/>\n<meta property=\"og:type\" content=\"article\" \/>\n<meta property=\"og:title\" content=\"Reserva Albergue Red Nest Valencia \u00ae Precio oficial sin suplemento\" \/>\n<meta property=\"og:description\" content=\"Reserva Red Nest Hostel Valencia \u00ae Precio oficial sin costes adicionales, sin comisiones por su reserva y sin costes ocultos\" \/>\n<meta property=\"og:url\" content=\"https:\/\/nesthostelsvalencia.com\/es\/reservar-red-nest-hostel-valencia\/\" \/>\n<meta property=\"og:site_name\" content=\"Nest Hostels Valencia\" \/>\n<meta property=\"article:modified_time\" content=\"2023-10-31T14:50:57+00:00\" \/>\n<meta property=\"og:image\" content=\"https:\/\/nesthostelsvalencia.com\/wp-content\/uploads\/2023\/08\/booking-feet-up-hostels.jpg\" \/>\n\t<meta property=\"og:image:width\" content=\"1920\" \/>\n\t<meta property=\"og:image:height\" content=\"1080\" \/>\n\t<meta property=\"og:image:type\" content=\"image\/jpeg\" \/>\n<meta name=\"twitter:card\" content=\"summary_large_image\" \/>\n<meta name=\"twitter:label1\" content=\"Tiempo de lectura\" \/>\n\t<meta name=\"twitter:data1\" content=\"1 minute\" \/>\n<script type=\"application\/ld+json\" class=\"yoast-schema-graph\">{\"@context\":\"https:\\\/\\\/schema.org\",\"@graph\":[{\"@type\":\"WebPage\",\"@id\":\"https:\\\/\\\/nesthostelsvalencia.com\\\/es\\\/reservar-red-nest-hostel-valencia\\\/\",\"url\":\"https:\\\/\\\/nesthostelsvalencia.com\\\/es\\\/reservar-red-nest-hostel-valencia\\\/\",\"name\":\"Reserva Albergue Red Nest Valencia \u00ae Precio oficial sin suplemento\",\"isPartOf\":{\"@id\":\"https:\\\/\\\/nesthostelsvalencia.com\\\/es\\\/#website\"},\"primaryImageOfPage\":{\"@id\":\"https:\\\/\\\/nesthostelsvalencia.com\\\/es\\\/reservar-red-nest-hostel-valencia\\\/#primaryimage\"},\"image\":{\"@id\":\"https:\\\/\\\/nesthostelsvalencia.com\\\/es\\\/reservar-red-nest-hostel-valencia\\\/#primaryimage\"},\"thumbnailUrl\":\"https:\\\/\\\/nesthostelsvalencia.com\\\/wp-content\\\/uploads\\\/2023\\\/08\\\/booking-feet-up-hostels.jpg\",\"datePublished\":\"2017-07-25T11:02:17+00:00\",\"dateModified\":\"2023-10-31T14:50:57+00:00\",\"description\":\"Reserva Red Nest Hostel Valencia \u00ae Precio oficial sin costes adicionales, sin comisiones por su reserva y sin costes ocultos\",\"breadcrumb\":{\"@id\":\"https:\\\/\\\/nesthostelsvalencia.com\\\/es\\\/reservar-red-nest-hostel-valencia\\\/#breadcrumb\"},\"inLanguage\":\"es-ES\",\"potentialAction\":[{\"@type\":\"ReadAction\",\"target\":[\"https:\\\/\\\/nesthostelsvalencia.com\\\/es\\\/reservar-red-nest-hostel-valencia\\\/\"]}]},{\"@type\":\"ImageObject\",\"inLanguage\":\"es-ES\",\"@id\":\"https:\\\/\\\/nesthostelsvalencia.com\\\/es\\\/reservar-red-nest-hostel-valencia\\\/#primaryimage\",\"url\":\"https:\\\/\\\/nesthostelsvalencia.com\\\/wp-content\\\/uploads\\\/2023\\\/08\\\/booking-feet-up-hostels.jpg\",\"contentUrl\":\"https:\\\/\\\/nesthostelsvalencia.com\\\/wp-content\\\/uploads\\\/2023\\\/08\\\/booking-feet-up-hostels.jpg\",\"width\":1920,\"height\":1080,\"caption\":\"Booking at the Best Price with Feet Up Hostels\"},{\"@type\":\"BreadcrumbList\",\"@id\":\"https:\\\/\\\/nesthostelsvalencia.com\\\/es\\\/reservar-red-nest-hostel-valencia\\\/#breadcrumb\",\"itemListElement\":[{\"@type\":\"ListItem\",\"position\":1,\"name\":\"Home\",\"item\":\"https:\\\/\\\/nesthostelsvalencia.com\\\/es\\\/\"},{\"@type\":\"ListItem\",\"position\":2,\"name\":\"Reservar Red Nest Hostel Valencia\"}]},{\"@type\":\"WebSite\",\"@id\":\"https:\\\/\\\/nesthostelsvalencia.com\\\/es\\\/#website\",\"url\":\"https:\\\/\\\/nesthostelsvalencia.com\\\/es\\\/\",\"name\":\"Nest Hostels Valencia\",\"description\":\"News, events and tourist info about Valencia\",\"publisher\":{\"@id\":\"https:\\\/\\\/nesthostelsvalencia.com\\\/es\\\/#organization\"},\"alternateName\":\"Nest Hostels Valencia\",\"potentialAction\":[{\"@type\":\"SearchAction\",\"target\":{\"@type\":\"EntryPoint\",\"urlTemplate\":\"https:\\\/\\\/nesthostelsvalencia.com\\\/es\\\/?s={search_term_string}\"},\"query-input\":{\"@type\":\"PropertyValueSpecification\",\"valueRequired\":true,\"valueName\":\"search_term_string\"}}],\"inLanguage\":\"es-ES\"},{\"@type\":\"Organization\",\"@id\":\"https:\\\/\\\/nesthostelsvalencia.com\\\/es\\\/#organization\",\"name\":\"Nest Hostels Valencia\",\"alternateName\":\"Youth hostels and beds for travelers in Valencia\",\"url\":\"https:\\\/\\\/nesthostelsvalencia.com\\\/es\\\/\",\"logo\":{\"@type\":\"ImageObject\",\"inLanguage\":\"es-ES\",\"@id\":\"https:\\\/\\\/nesthostelsvalencia.com\\\/es\\\/#\\\/schema\\\/logo\\\/image\\\/\",\"url\":\"https:\\\/\\\/nesthostelsvalencia.com\\\/wp-content\\\/uploads\\\/2022\\\/01\\\/logo-nesthostels-valencia-feetuphostels.svg\",\"contentUrl\":\"https:\\\/\\\/nesthostelsvalencia.com\\\/wp-content\\\/uploads\\\/2022\\\/01\\\/logo-nesthostels-valencia-feetuphostels.svg\",\"width\":279,\"height\":130,\"caption\":\"Nest Hostels Valencia\"},\"image\":{\"@id\":\"https:\\\/\\\/nesthostelsvalencia.com\\\/es\\\/#\\\/schema\\\/logo\\\/image\\\/\"}}]}<\/script>\n<!-- \/ Yoast SEO plugin. -->","yoast_head_json":{"title":"Reserva Albergue Red Nest Valencia \u00ae Precio oficial sin suplemento","description":"Reserva Red Nest Hostel Valencia \u00ae Precio oficial sin costes adicionales, sin comisiones por su reserva y sin costes ocultos","robots":{"index":"index","follow":"follow","max-snippet":"max-snippet:-1","max-image-preview":"max-image-preview:large","max-video-preview":"max-video-preview:-1"},"canonical":"https:\/\/nesthostelsvalencia.com\/es\/reservar-red-nest-hostel-valencia\/","og_locale":"es_ES","og_type":"article","og_title":"Reserva Albergue Red Nest Valencia \u00ae Precio oficial sin suplemento","og_description":"Reserva Red Nest Hostel Valencia \u00ae Precio oficial sin costes adicionales, sin comisiones por su reserva y sin costes ocultos","og_url":"https:\/\/nesthostelsvalencia.com\/es\/reservar-red-nest-hostel-valencia\/","og_site_name":"Nest Hostels Valencia","article_modified_time":"2023-10-31T14:50:57+00:00","og_image":[{"width":1920,"height":1080,"url":"https:\/\/nesthostelsvalencia.com\/wp-content\/uploads\/2023\/08\/booking-feet-up-hostels.jpg","type":"image\/jpeg"}],"twitter_card":"summary_large_image","twitter_misc":{"Tiempo de lectura":"1 minute"},"schema":{"@context":"https:\/\/schema.org","@graph":[{"@type":"WebPage","@id":"https:\/\/nesthostelsvalencia.com\/es\/reservar-red-nest-hostel-valencia\/","url":"https:\/\/nesthostelsvalencia.com\/es\/reservar-red-nest-hostel-valencia\/","name":"Reserva Albergue Red Nest Valencia \u00ae Precio oficial sin suplemento","isPartOf":{"@id":"https:\/\/nesthostelsvalencia.com\/es\/#website"},"primaryImageOfPage":{"@id":"https:\/\/nesthostelsvalencia.com\/es\/reservar-red-nest-hostel-valencia\/#primaryimage"},"image":{"@id":"https:\/\/nesthostelsvalencia.com\/es\/reservar-red-nest-hostel-valencia\/#primaryimage"},"thumbnailUrl":"https:\/\/nesthostelsvalencia.com\/wp-content\/uploads\/2023\/08\/booking-feet-up-hostels.jpg","datePublished":"2017-07-25T11:02:17+00:00","dateModified":"2023-10-31T14:50:57+00:00","description":"Reserva Red Nest Hostel Valencia \u00ae Precio oficial sin costes adicionales, sin comisiones por su reserva y sin costes ocultos","breadcrumb":{"@id":"https:\/\/nesthostelsvalencia.com\/es\/reservar-red-nest-hostel-valencia\/#breadcrumb"},"inLanguage":"es-ES","potentialAction":[{"@type":"ReadAction","target":["https:\/\/nesthostelsvalencia.com\/es\/reservar-red-nest-hostel-valencia\/"]}]},{"@type":"ImageObject","inLanguage":"es-ES","@id":"https:\/\/nesthostelsvalencia.com\/es\/reservar-red-nest-hostel-valencia\/#primaryimage","url":"https:\/\/nesthostelsvalencia.com\/wp-content\/uploads\/2023\/08\/booking-feet-up-hostels.jpg","contentUrl":"https:\/\/nesthostelsvalencia.com\/wp-content\/uploads\/2023\/08\/booking-feet-up-hostels.jpg","width":1920,"height":1080,"caption":"Booking at the Best Price with Feet Up Hostels"},{"@type":"BreadcrumbList","@id":"https:\/\/nesthostelsvalencia.com\/es\/reservar-red-nest-hostel-valencia\/#breadcrumb","itemListElement":[{"@type":"ListItem","position":1,"name":"Home","item":"https:\/\/nesthostelsvalencia.com\/es\/"},{"@type":"ListItem","position":2,"name":"Reservar Red Nest Hostel Valencia"}]},{"@type":"WebSite","@id":"https:\/\/nesthostelsvalencia.com\/es\/#website","url":"https:\/\/nesthostelsvalencia.com\/es\/","name":"Nest Hostels Valencia","description":"News, events and tourist info about Valencia","publisher":{"@id":"https:\/\/nesthostelsvalencia.com\/es\/#organization"},"alternateName":"Nest Hostels Valencia","potentialAction":[{"@type":"SearchAction","target":{"@type":"EntryPoint","urlTemplate":"https:\/\/nesthostelsvalencia.com\/es\/?s={search_term_string}"},"query-input":{"@type":"PropertyValueSpecification","valueRequired":true,"valueName":"search_term_string"}}],"inLanguage":"es-ES"},{"@type":"Organization","@id":"https:\/\/nesthostelsvalencia.com\/es\/#organization","name":"Nest Hostels Valencia","alternateName":"Youth hostels and beds for travelers in Valencia","url":"https:\/\/nesthostelsvalencia.com\/es\/","logo":{"@type":"ImageObject","inLanguage":"es-ES","@id":"https:\/\/nesthostelsvalencia.com\/es\/#\/schema\/logo\/image\/","url":"https:\/\/nesthostelsvalencia.com\/wp-content\/uploads\/2022\/01\/logo-nesthostels-valencia-feetuphostels.svg","contentUrl":"https:\/\/nesthostelsvalencia.com\/wp-content\/uploads\/2022\/01\/logo-nesthostels-valencia-feetuphostels.svg","width":279,"height":130,"caption":"Nest Hostels Valencia"},"image":{"@id":"https:\/\/nesthostelsvalencia.com\/es\/#\/schema\/logo\/image\/"}}]}},"_links":{"self":[{"href":"https:\/\/nesthostelsvalencia.com\/es\/wp-json\/wp\/v2\/pages\/3738","targetHints":{"allow":["GET"]}}],"collection":[{"href":"https:\/\/nesthostelsvalencia.com\/es\/wp-json\/wp\/v2\/pages"}],"about":[{"href":"https:\/\/nesthostelsvalencia.com\/es\/wp-json\/wp\/v2\/types\/page"}],"author":[{"embeddable":true,"href":"https:\/\/nesthostelsvalencia.com\/es\/wp-json\/wp\/v2\/users\/21"}],"replies":[{"embeddable":true,"href":"https:\/\/nesthostelsvalencia.com\/es\/wp-json\/wp\/v2\/comments?post=3738"}],"version-history":[{"count":0,"href":"https:\/\/nesthostelsvalencia.com\/es\/wp-json\/wp\/v2\/pages\/3738\/revisions"}],"wp:featuredmedia":[{"embeddable":true,"href":"https:\/\/nesthostelsvalencia.com\/es\/wp-json\/wp\/v2\/media\/21147"}],"wp:attachment":[{"href":"https:\/\/nesthostelsvalencia.com\/es\/wp-json\/wp\/v2\/media?parent=3738"}],"curies":[{"name":"wp","href":"https:\/\/api.w.org\/{rel}","templated":true}]}}