{"id":3870,"date":"2017-09-05T11:15:04","date_gmt":"2017-09-05T09:15:04","guid":{"rendered":"https:\/\/nesthostelsvalencia.com\/2017\/privacy-policy\/"},"modified":"2023-09-21T12:31:14","modified_gmt":"2023-09-21T10:31:14","slug":"politica-privacidad","status":"publish","type":"page","link":"https:\/\/nesthostelsvalencia.com\/es\/politica-privacidad\/","title":{"rendered":"Pol\u00edtica de Privacidad"},"content":{"rendered":"\n<h1 class=\"wp-block-heading has-text-align-center\">Pol\u00edtica de privacidad Nest Hostels Valencia<\/h1>\n\n<h2 class=\"wp-block-heading\">1. \u00bfQui\u00e9n es responsable del tratamiento de sus datos?<\/h2>\n\n<ul class=\"wp-block-list\">\n<li>Su raz\u00f3n social es: <strong>NEST HOUSE SL.<\/strong><\/li>\n\n\n\n<li>CIF\/NIF\/NIE is: B97490999<\/li>\n\n\n\n<li>Su domicilio social est\u00e1 en: CALLE DE LA PAZ, 36<\/li>\n\n\n\n<li>Inscrita en el Registro Mercantil de: VALENCIA, TOMO 9055, LIBRO 6339, FOLIO 37, SECCI\u00d3N 8, HOJA V-134583, INSCRIPCI\u00d3N 1.<\/li>\n\n\n\n<li>Tel\u00e9fono: <a href=\"tel:+34963285515\" target=\"_blank\" rel=\"noreferrer noopener\">+34963285515<\/a><\/li>\n\n\n\n<li>Email: <a href=\"mailto:info@feetuphostels.com\" target=\"_blank\" rel=\"noreferrer noopener\">info@feetuphostels.com<\/a><\/li>\n<\/ul>\n\n<h2 class=\"wp-block-heading\">2. \u00bfQu\u00e9 tipo de datos tenemos sobre usted y c\u00f3mo los hemos obtenido?<\/h2>\n\n<h3 class=\"wp-block-heading\">Las categor\u00edas de datos personales que tratamos sobre clientes y proveedores son:<\/h3>\n\n<ul class=\"wp-block-list\">\n<li>I. Datos de identificaci\u00f3n<\/li>\n\n\n\n<li>II. Direcciones postales o electr\u00f3nicas<\/li>\n\n\n\n<li>III. Informaci\u00f3n comercial<\/li>\n\n\n\n<li>IV. Datos econ\u00f3micos y de transacciones<\/li>\n\n\n\n<li>V. Datos de navegaci\u00f3n<\/li>\n\n\n\n<li>VI. Datos especialmente protegidos: salud, en el caso de los empleados<\/li>\n\n\n\n<li>VII. Imagen\/voz<\/li>\n\n\n\n<li>VIII. Datos de geolocalizaci\u00f3n<\/li>\n\n\n\n<li>IX. Datos biom\u00e9tricos<\/li>\n<\/ul>\n\n<p>Todos estos datos los hemos obtenido directamente de usted mediante la presentaci\u00f3n de una oferta comercial, propuesta contractual, etc., o a trav\u00e9s de su empresa facilit\u00e1ndonos los datos identificativos y dem\u00e1s informaci\u00f3n necesaria para llevar a cabo el objeto de la relaci\u00f3n contractual entre las partes. Ser\u00e1 obligaci\u00f3n suya o de su empresa facilitarnos los datos actualizados en caso de modificaci\u00f3n.<\/p>\n\n<h2 class=\"wp-block-heading\">3. \u00bfCon qu\u00e9 finalidad procesamos sus datos?<\/h2>\n\n<p>Tratamos los datos facilitados por las personas interesadas con la finalidad de gestionar diferentes actividades derivadas de procedimientos espec\u00edficos llevados a cabo en materia de ventas, servicio postventa, gesti\u00f3n de proveedores, calidad de los servicios, etc. De este modo, utilizaremos sus datos para llevar a cabo alguna de las siguientes acciones:<\/p>\n\n<ul class=\"wp-block-list\">\n<li>I. Prestaci\u00f3n de los servicios solicitados o entrega del producto adquirido.<\/li>\n\n\n\n<li>II. Env\u00edo de la informaci\u00f3n solicitada a trav\u00e9s del formulario de contacto de nuestra p\u00e1gina web o cualquier otro medio de contacto con nuestra empresa.<\/li>\n\n\n\n<li>III. Proporcionar tanto a clientes potenciales como a nuestros clientes, ofertas de productos y servicios de su inter\u00e9s.<\/li>\n\n\n\n<li>IV. Llevar a cabo la gesti\u00f3n administrativa, fiscal y contable de nuestros clientes y\/o proveedores.<\/li>\n\n\n\n<li>V. Realizar encuestas de satisfacci\u00f3n, estudios de mercado, etc. para poder ofrecerle las ofertas m\u00e1s adecuadas y una calidad de servicio optimizada, etc.<\/li>\n\n\n\n<li>VI. Gesti\u00f3n laboral de los empleados.<\/li>\n<\/ul>\n\n<h2 class=\"wp-block-heading\">4. \u00bfCu\u00e1nto tiempo conservaremos sus datos?<\/h2>\n\n<p>Los datos personales relativos a personas f\u00edsicas vinculadas a clientes potenciales, clientes y proveedores que recabemos a trav\u00e9s de los distintos formularios de contacto y\/o recogida de informaci\u00f3n (incluidos los datos recabados a trav\u00e9s de <a href=\"https:\/\/nesthostelsvalencia.com\/es\/politica-de-cookies\/\">cookies<\/a>, en su caso) se conservar\u00e1n mientras no se solicite su supresi\u00f3n por el interesado. Los datos facilitados por nuestros clientes y proveedores se conservar\u00e1n mientras se mantenga la relaci\u00f3n comercial entre las partes, respetando, en todo caso, los plazos m\u00ednimos legales de conservaci\u00f3n seg\u00fan la materia.<\/p>\n\n<p>Los datos de los trabajadores se conservar\u00e1n mientras se mantenga la relaci\u00f3n laboral y, en todo caso, de acuerdo con lo que la legislaci\u00f3n laboral prescriba al efecto.<\/p>\n\n<p>En el caso de las im\u00e1genes obtenidas por el sistema de videovigilancia, el plazo de conservaci\u00f3n de las mismas ser\u00e1 de 1 mes, de acuerdo con lo establecido en el art\u00edculo 22.3 de la LOPDGDD, salvo que deban conservarse para su entrega a las autoridades competentes.<\/p>\n\n<p>En cualquier caso, conservaremos sus datos personales durante el periodo de tiempo que sea razonablemente necesario teniendo en cuenta nuestras necesidades para responder a las preguntas que surjan o resolver problemas, realizar mejoras, activar nuevos servicios y cumplir los requisitos exigidos por la legislaci\u00f3n aplicable. Esto significa que podemos conservar sus datos personales durante un periodo de tiempo razonable incluso despu\u00e9s de que haya dejado de utilizar nuestros productos o despu\u00e9s de que haya dejado de utilizar este sitio web. Transcurrido este periodo, sus datos personales ser\u00e1n eliminados de todos nuestros sistemas.<\/p>\n\n<h2 class=\"wp-block-heading\">5. \u00bfCu\u00e1l es la base jur\u00eddica para el tratamiento de sus datos?<\/h2>\n\n<p>Seg\u00fan el tipo de tratamiento de datos, la base de legitimaci\u00f3n es la siguiente:<\/p>\n\n<figure class=\"wp-block-table\"><table><tbody><tr><td>Tratamientos<\/td><td>Base de legitimaci\u00f3n<\/td><\/tr><tr><td><strong>Gesti\u00f3n contable<\/strong>: Gesti\u00f3n de la facturaci\u00f3n con clientes y\/o proveedores<\/td><td>Mantenimiento, desarrollo y control de la relaci\u00f3n contractual entre las partes<\/td><\/tr><tr><td><strong>Gesti\u00f3n fiscal<\/strong>: Aplicaci\u00f3n de retenciones, bonificaciones, etc..<\/td><td>Mantenimiento, desarrollo y control de la relaci\u00f3n contractual entre las partes; Cumplimiento de las obligaciones legales<\/td><\/tr><tr><td><strong>Gesti\u00f3n administrativa<\/strong>: Gesti\u00f3n log\u00edstica, almac\u00e9n, entregas a clientes, recepci\u00f3n de mercanc\u00edas, etc..<\/td><td>Mantenimiento, desarrollo y control de la relaci\u00f3n contractual entre las partes<\/td><\/tr><tr><td><strong>Marketing<\/strong>: Acciones comerciales sobre nuestros productos o servicios dirigidas a nuestros clientes o a aquellas personas que hayan solicitado informaci\u00f3n sobre nuestros productos y servicios en el pasado, incluyendo la realizaci\u00f3n de encuestas de satisfacci\u00f3n a nuestros clientes.<\/td><td>Con el consentimiento libre e inequ\u00edvoco del interesado (potenciales clientes), manifestamos que la retirada de este consentimiento en ning\u00fan caso puede condicionar la ejecuci\u00f3n del contrato entre las partes; el inter\u00e9s leg\u00edtimo de la empresa en la promoci\u00f3n y comercializaci\u00f3n de productos o servicios similares a los obtenidos o solicitados por los interesados en el pasado.<\/td><\/tr><tr><td><strong>Si usted es un empleado, para la Gesti\u00f3n Laboral<\/strong>: Gesti\u00f3n administrativa, contable y fiscal de los empleados.&#13;\n<strong>Gesti\u00f3n del registro de la jornada laboral<\/strong>: Hora de inicio y fin de la jornada, as\u00ed como las horas extraordinarias.<\/td><td>Ejecuci\u00f3n de un contrato de trabajo. Cumplimiento legal<\/td><\/tr><tr><td><strong>Videovigilancia<\/strong>: Control laboral.<\/td><td>Ejecuci\u00f3n de un contrato. Art\u00edculo 89 LOPDGDD y 20.3 Estatuto de los Trabajadores.<\/td><\/tr><tr><td><strong>Im\u00e1genes\/voz de los trabajadores<\/strong>: Publicaci\u00f3n de imagen\/voz en la p\u00e1gina web de la empresa, libros de empresa, y <strong>RRSS para dar a conocer al personal<\/strong>.<\/td><td>Consentimiento expreso del interesado.<\/td><\/tr><tr><td><strong>Geolocalizaci\u00f3n<\/strong>: Control laboral y espacial de los veh\u00edculos y m\u00f3viles de la empresa.<\/td><td>Ejecuci\u00f3n del contrato de trabajo. Art\u00edculo 20.3 del Estatuto de los Trabajadores y 90 de la LOPDGDD. Inter\u00e9s leg\u00edtimo del responsable.<\/td><\/tr><\/tbody><\/table><\/figure>\n\n<script type=\"text\/javascript\" charset=\"UTF-8\" data-cookiescriptreport=\"report\" src=\"\/\/report.cookie-script.com\/r\/09a8cc402e0940366114c33c3cfbb79b.js\"><\/script>\r\n\n<p>En caso de que no facilite sus datos personales, no podr\u00e1 ejecutar su contrato ni cumplir con las obligaciones legales o derivadas de las autoridades p\u00fablicas.<\/p>\n\n<p>En caso de que no facilite sus datos personales, no podr\u00e1 ejecutar su contrato ni cumplir con las obligaciones legales o derivadas de las autoridades p\u00fablicas.<\/p>\n\n<h2 class=\"wp-block-heading\">6. \u00bfA qu\u00e9 destinatarios se comunicar\u00e1n sus datos?<\/h2>\n\n<p>No transferiremos sus datos personales a ninguna empresa tercera que pretenda utilizarlos en sus acciones de marketing directo, salvo en el caso de que usted nos haya autorizado expresamente a hacerlo.<\/p>\n\n<p>Le informamos que podemos facilitar sus datos personales a los \u00f3rganos de la Administraci\u00f3n P\u00fablica y a las Autoridades competentes en aquellos casos en los que estemos legalmente obligados o en los casos en los que, actuando de buena fe, consideremos que dicha actuaci\u00f3n es razonablemente necesaria para cumplir con un proceso judicial ; para contestar a cualquier reclamaci\u00f3n o demanda legal o para proteger los derechos de la empresa o de sus clientes y del p\u00fablico en general.<\/p>\n\n<p>Le informamos que sus datos no ser\u00e1n cedidos ni comunicados a terceros, siendo la empresa la \u00fanica responsable de su tratamiento y custodia.<\/p>\n\n<p>S\u00ed, facilitaremos sus datos personales a terceros (por ejemplo, proveedores de servicios de Internet que nos ayuden a administrar nuestra web o a llevar a cabo los servicios contratados, empresas de soporte y mantenimiento inform\u00e1tico, empresas de log\u00edstica, gestor\u00edas y asesor\u00eda fiscal y contable, etc.). En cualquier caso, estos terceros deber\u00e1n mantener, en todo momento, los mismos niveles de seguridad que nosotros en relaci\u00f3n con sus datos personales y, cuando sea necesario, estar\u00e1n sujetos a compromisos legales para mantener la privacidad y seguridad de sus datos personales. , as\u00ed como a utilizarlos \u00fanicamente siguiendo instrucciones espec\u00edficas de la empresa.<\/p>\n\n<h2 class=\"wp-block-heading\">7. \u00bfTransferencias de datos a terceros pa\u00edses?<\/h2>\n\n<p>No est\u00e1 prevista la transferencia de datos a terceros pa\u00edses.<\/p>\n\n<h2 class=\"wp-block-heading\">8. \u00bfCu\u00e1les son sus derechos como parte interesada? <\/h2>\n\n<p>Cualquier persona tiene derecho a obtener confirmaci\u00f3n sobre si estamos tratando o no datos personales que le conciernan.<\/p>\n\n<p>En concreto, las personas interesadas podr\u00e1n solicitar el derecho de acceso a sus datos personales, as\u00ed como recibirlos en un formato com\u00fan y de lectura mec\u00e1nica si el tratamiento se realiza por medios electr\u00f3nicos (derecho de portabilidad).<\/p>\n\n<p>Asimismo, las personas interesadas podr\u00e1n solicitar el derecho a rectificar los datos inexactos o, en su caso, solicitar su supresi\u00f3n cuando, entre otros motivos, los datos ya no sean necesarios para los fines que fueron recogidos.<\/p>\n\n<p>Adem\u00e1s, en determinadas circunstancias, los interesados podr\u00e1n solicitar la limitaci\u00f3n del tratamiento de sus datos, o en determinadas circunstancias y por motivos relacionados con su situaci\u00f3n particular, los interesados podr\u00e1n ejercer su derecho de oposici\u00f3n al tratamiento de sus datos. Dejaremos de tratar los datos, salvo por motivos leg\u00edtimos imperiosos, el ejercicio o la defensa de posibles reclamaciones, o en aquellas excepciones establecidas en la normativa aplicable.<\/p>\n\n<p>Asimismo, le informamos de que tiene derecho a retirar su consentimiento otorgado en cualquier momento, sin que ello afecte a la legalidad del tratamiento basado en el consentimiento previo a su retirada.<\/p>\n\n<p>Asimismo, se informa al Usuario que en cualquier momento podr\u00e1 ejercitar los derechos antes mencionados dirigi\u00e9ndose por escrito a nosotros utilizando los datos de contacto que aparecen en el punto 1, y adjuntando copia de su DNI.<\/p>\n\n<p>Tambi\u00e9n tendr\u00e1 derecho a presentar una reclamaci\u00f3n ante la Agencia Espa\u00f1ola de Protecci\u00f3n de Datos, especialmente cuando no haya obtenido satisfacci\u00f3n en el ejercicio de sus derechos.<\/p>\n\n<p><a href=\"http:\/\/www.agpd.es\/portalwebAGPD\/index-ides-idphp.php\" target=\"_blank\" rel=\"noreferrer noopener\">http:\/\/www.agpd.es\/portalwebAGPD\/index-ides-idphp.php<\/a><\/p>\n\n<p>Por otro lado, de acuerdo con lo dispuesto en la Ley 34\/2002, de 11 de julio, de Servicios de la Sociedad de la Informaci\u00f3n y de Comercio Electr\u00f3nico, nos comprometemos a no enviarle informaci\u00f3n comercial si as\u00ed nos lo ha comunicado.<\/p>\n\n<figure class=\"wp-block-image aligncenter size-full\"><a href=\"https:\/\/nesthostelsvalencia.com\/wp-content\/uploads\/2023\/08\/privacy-policy-nesthostelsvalencia.jpg\"><img fetchpriority=\"high\" decoding=\"async\" width=\"1920\" height=\"1080\" src=\"https:\/\/nesthostelsvalencia.com\/wp-content\/uploads\/2023\/08\/privacy-policy-nesthostelsvalencia.jpg\" alt=\"Pol&#xED;tica de privacidad Nest Hostels Valencia\" class=\"wp-image-21792\" srcset=\"https:\/\/nesthostelsvalencia.com\/wp-content\/uploads\/2023\/08\/privacy-policy-nesthostelsvalencia.jpg 1920w, https:\/\/nesthostelsvalencia.com\/wp-content\/uploads\/2023\/08\/privacy-policy-nesthostelsvalencia-300x169.jpg 300w, https:\/\/nesthostelsvalencia.com\/wp-content\/uploads\/2023\/08\/privacy-policy-nesthostelsvalencia-1024x576.jpg 1024w, https:\/\/nesthostelsvalencia.com\/wp-content\/uploads\/2023\/08\/privacy-policy-nesthostelsvalencia-768x432.jpg 768w, https:\/\/nesthostelsvalencia.com\/wp-content\/uploads\/2023\/08\/privacy-policy-nesthostelsvalencia-1536x864.jpg 1536w\" sizes=\"(max-width: 1920px) 100vw, 1920px\" \/><\/a><figcaption class=\"wp-element-caption\">Pol\u00edtica de privacidad Nest Hostels Valencia<\/figcaption><\/figure>\n","protected":false},"excerpt":{"rendered":"<p>Pol\u00edtica de Privacidad y Protecci\u00f3n de Datos de Nest Hostels Valencia. Informamos que los datos personales de los usuarios del sitio web<\/p>\n","protected":false},"author":21,"featured_media":21797,"parent":0,"menu_order":0,"comment_status":"closed","ping_status":"closed","template":"","meta":{"footnotes":""},"class_list":["post-3870","page","type-page","status-publish","has-post-thumbnail","hentry"],"yoast_head":"<!-- This site is optimized with the Yoast SEO plugin v27.4 - https:\/\/yoast.com\/product\/yoast-seo-wordpress\/ -->\n<title>Pol\u00edtica de Privacidad | Pol\u00edtica de Privacidad y Protecci\u00f3n de Datos<\/title>\n<meta name=\"description\" content=\"Pol\u00edtica de Privacidad | Pol\u00edtica de Privacidad y Protecci\u00f3n de Datos sobre Nest Hostels Valencia. Informamos que los datos personales de los usuarios del sitio web\" \/>\n<meta name=\"robots\" content=\"index, follow, max-snippet:-1, max-image-preview:large, max-video-preview:-1\" \/>\n<link rel=\"canonical\" href=\"https:\/\/nesthostelsvalencia.com\/es\/politica-privacidad\/\" \/>\n<meta property=\"og:locale\" content=\"es_ES\" \/>\n<meta property=\"og:type\" content=\"article\" \/>\n<meta property=\"og:title\" content=\"Pol\u00edtica de Privacidad | Pol\u00edtica de Privacidad y Protecci\u00f3n de Datos\" \/>\n<meta property=\"og:description\" content=\"Pol\u00edtica de Privacidad | Pol\u00edtica de Privacidad y Protecci\u00f3n de Datos sobre Nest Hostels Valencia. Informamos que los datos personales de los usuarios del sitio web\" \/>\n<meta property=\"og:url\" content=\"https:\/\/nesthostelsvalencia.com\/es\/politica-privacidad\/\" \/>\n<meta property=\"og:site_name\" content=\"Nest Hostels Valencia\" \/>\n<meta property=\"article:modified_time\" content=\"2023-09-21T10:31:14+00:00\" \/>\n<meta property=\"og:image\" content=\"https:\/\/nesthostelsvalencia.com\/wp-content\/uploads\/2023\/08\/privacy-policy-nesthostelsvalencia.jpg\" \/>\n\t<meta property=\"og:image:width\" content=\"1920\" \/>\n\t<meta property=\"og:image:height\" content=\"1080\" \/>\n\t<meta property=\"og:image:type\" content=\"image\/jpeg\" \/>\n<meta name=\"twitter:card\" content=\"summary_large_image\" \/>\n<meta name=\"twitter:label1\" content=\"Tiempo de lectura\" \/>\n\t<meta name=\"twitter:data1\" content=\"8 minutes\" \/>\n<script type=\"application\/ld+json\" class=\"yoast-schema-graph\">{\"@context\":\"https:\\\/\\\/schema.org\",\"@graph\":[{\"@type\":\"WebPage\",\"@id\":\"https:\\\/\\\/nesthostelsvalencia.com\\\/es\\\/politica-privacidad\\\/\",\"url\":\"https:\\\/\\\/nesthostelsvalencia.com\\\/es\\\/politica-privacidad\\\/\",\"name\":\"Pol\u00edtica de Privacidad | Pol\u00edtica de Privacidad y Protecci\u00f3n de Datos\",\"isPartOf\":{\"@id\":\"https:\\\/\\\/nesthostelsvalencia.com\\\/es\\\/#website\"},\"primaryImageOfPage\":{\"@id\":\"https:\\\/\\\/nesthostelsvalencia.com\\\/es\\\/politica-privacidad\\\/#primaryimage\"},\"image\":{\"@id\":\"https:\\\/\\\/nesthostelsvalencia.com\\\/es\\\/politica-privacidad\\\/#primaryimage\"},\"thumbnailUrl\":\"https:\\\/\\\/nesthostelsvalencia.com\\\/wp-content\\\/uploads\\\/2023\\\/08\\\/privacy-policy-nesthostelsvalencia.jpg\",\"datePublished\":\"2017-09-05T09:15:04+00:00\",\"dateModified\":\"2023-09-21T10:31:14+00:00\",\"description\":\"Pol\u00edtica de Privacidad | Pol\u00edtica de Privacidad y Protecci\u00f3n de Datos sobre Nest Hostels Valencia. Informamos que los datos personales de los usuarios del sitio web\",\"breadcrumb\":{\"@id\":\"https:\\\/\\\/nesthostelsvalencia.com\\\/es\\\/politica-privacidad\\\/#breadcrumb\"},\"inLanguage\":\"es-ES\",\"potentialAction\":[{\"@type\":\"ReadAction\",\"target\":[\"https:\\\/\\\/nesthostelsvalencia.com\\\/es\\\/politica-privacidad\\\/\"]}]},{\"@type\":\"ImageObject\",\"inLanguage\":\"es-ES\",\"@id\":\"https:\\\/\\\/nesthostelsvalencia.com\\\/es\\\/politica-privacidad\\\/#primaryimage\",\"url\":\"https:\\\/\\\/nesthostelsvalencia.com\\\/wp-content\\\/uploads\\\/2023\\\/08\\\/privacy-policy-nesthostelsvalencia.jpg\",\"contentUrl\":\"https:\\\/\\\/nesthostelsvalencia.com\\\/wp-content\\\/uploads\\\/2023\\\/08\\\/privacy-policy-nesthostelsvalencia.jpg\",\"width\":1920,\"height\":1080,\"caption\":\"Privacy policy Nest Hostels Valencia\"},{\"@type\":\"BreadcrumbList\",\"@id\":\"https:\\\/\\\/nesthostelsvalencia.com\\\/es\\\/politica-privacidad\\\/#breadcrumb\",\"itemListElement\":[{\"@type\":\"ListItem\",\"position\":1,\"name\":\"Home\",\"item\":\"https:\\\/\\\/nesthostelsvalencia.com\\\/es\\\/\"},{\"@type\":\"ListItem\",\"position\":2,\"name\":\"Pol\u00edtica de Privacidad\"}]},{\"@type\":\"WebSite\",\"@id\":\"https:\\\/\\\/nesthostelsvalencia.com\\\/es\\\/#website\",\"url\":\"https:\\\/\\\/nesthostelsvalencia.com\\\/es\\\/\",\"name\":\"Nest Hostels Valencia\",\"description\":\"News, events and tourist info about Valencia\",\"publisher\":{\"@id\":\"https:\\\/\\\/nesthostelsvalencia.com\\\/es\\\/#organization\"},\"alternateName\":\"Nest Hostels Valencia\",\"potentialAction\":[{\"@type\":\"SearchAction\",\"target\":{\"@type\":\"EntryPoint\",\"urlTemplate\":\"https:\\\/\\\/nesthostelsvalencia.com\\\/es\\\/?s={search_term_string}\"},\"query-input\":{\"@type\":\"PropertyValueSpecification\",\"valueRequired\":true,\"valueName\":\"search_term_string\"}}],\"inLanguage\":\"es-ES\"},{\"@type\":\"Organization\",\"@id\":\"https:\\\/\\\/nesthostelsvalencia.com\\\/es\\\/#organization\",\"name\":\"Nest Hostels Valencia\",\"alternateName\":\"Youth hostels and beds for travelers in Valencia\",\"url\":\"https:\\\/\\\/nesthostelsvalencia.com\\\/es\\\/\",\"logo\":{\"@type\":\"ImageObject\",\"inLanguage\":\"es-ES\",\"@id\":\"https:\\\/\\\/nesthostelsvalencia.com\\\/es\\\/#\\\/schema\\\/logo\\\/image\\\/\",\"url\":\"https:\\\/\\\/nesthostelsvalencia.com\\\/wp-content\\\/uploads\\\/2022\\\/01\\\/logo-nesthostels-valencia-feetuphostels.svg\",\"contentUrl\":\"https:\\\/\\\/nesthostelsvalencia.com\\\/wp-content\\\/uploads\\\/2022\\\/01\\\/logo-nesthostels-valencia-feetuphostels.svg\",\"width\":279,\"height\":130,\"caption\":\"Nest Hostels Valencia\"},\"image\":{\"@id\":\"https:\\\/\\\/nesthostelsvalencia.com\\\/es\\\/#\\\/schema\\\/logo\\\/image\\\/\"}}]}<\/script>\n<!-- \/ Yoast SEO plugin. -->","yoast_head_json":{"title":"Pol\u00edtica de Privacidad | Pol\u00edtica de Privacidad y Protecci\u00f3n de Datos","description":"Pol\u00edtica de Privacidad | Pol\u00edtica de Privacidad y Protecci\u00f3n de Datos sobre Nest Hostels Valencia. Informamos que los datos personales de los usuarios del sitio web","robots":{"index":"index","follow":"follow","max-snippet":"max-snippet:-1","max-image-preview":"max-image-preview:large","max-video-preview":"max-video-preview:-1"},"canonical":"https:\/\/nesthostelsvalencia.com\/es\/politica-privacidad\/","og_locale":"es_ES","og_type":"article","og_title":"Pol\u00edtica de Privacidad | Pol\u00edtica de Privacidad y Protecci\u00f3n de Datos","og_description":"Pol\u00edtica de Privacidad | Pol\u00edtica de Privacidad y Protecci\u00f3n de Datos sobre Nest Hostels Valencia. Informamos que los datos personales de los usuarios del sitio web","og_url":"https:\/\/nesthostelsvalencia.com\/es\/politica-privacidad\/","og_site_name":"Nest Hostels Valencia","article_modified_time":"2023-09-21T10:31:14+00:00","og_image":[{"width":1920,"height":1080,"url":"https:\/\/nesthostelsvalencia.com\/wp-content\/uploads\/2023\/08\/privacy-policy-nesthostelsvalencia.jpg","type":"image\/jpeg"}],"twitter_card":"summary_large_image","twitter_misc":{"Tiempo de lectura":"8 minutes"},"schema":{"@context":"https:\/\/schema.org","@graph":[{"@type":"WebPage","@id":"https:\/\/nesthostelsvalencia.com\/es\/politica-privacidad\/","url":"https:\/\/nesthostelsvalencia.com\/es\/politica-privacidad\/","name":"Pol\u00edtica de Privacidad | Pol\u00edtica de Privacidad y Protecci\u00f3n de Datos","isPartOf":{"@id":"https:\/\/nesthostelsvalencia.com\/es\/#website"},"primaryImageOfPage":{"@id":"https:\/\/nesthostelsvalencia.com\/es\/politica-privacidad\/#primaryimage"},"image":{"@id":"https:\/\/nesthostelsvalencia.com\/es\/politica-privacidad\/#primaryimage"},"thumbnailUrl":"https:\/\/nesthostelsvalencia.com\/wp-content\/uploads\/2023\/08\/privacy-policy-nesthostelsvalencia.jpg","datePublished":"2017-09-05T09:15:04+00:00","dateModified":"2023-09-21T10:31:14+00:00","description":"Pol\u00edtica de Privacidad | Pol\u00edtica de Privacidad y Protecci\u00f3n de Datos sobre Nest Hostels Valencia. Informamos que los datos personales de los usuarios del sitio web","breadcrumb":{"@id":"https:\/\/nesthostelsvalencia.com\/es\/politica-privacidad\/#breadcrumb"},"inLanguage":"es-ES","potentialAction":[{"@type":"ReadAction","target":["https:\/\/nesthostelsvalencia.com\/es\/politica-privacidad\/"]}]},{"@type":"ImageObject","inLanguage":"es-ES","@id":"https:\/\/nesthostelsvalencia.com\/es\/politica-privacidad\/#primaryimage","url":"https:\/\/nesthostelsvalencia.com\/wp-content\/uploads\/2023\/08\/privacy-policy-nesthostelsvalencia.jpg","contentUrl":"https:\/\/nesthostelsvalencia.com\/wp-content\/uploads\/2023\/08\/privacy-policy-nesthostelsvalencia.jpg","width":1920,"height":1080,"caption":"Privacy policy Nest Hostels Valencia"},{"@type":"BreadcrumbList","@id":"https:\/\/nesthostelsvalencia.com\/es\/politica-privacidad\/#breadcrumb","itemListElement":[{"@type":"ListItem","position":1,"name":"Home","item":"https:\/\/nesthostelsvalencia.com\/es\/"},{"@type":"ListItem","position":2,"name":"Pol\u00edtica de Privacidad"}]},{"@type":"WebSite","@id":"https:\/\/nesthostelsvalencia.com\/es\/#website","url":"https:\/\/nesthostelsvalencia.com\/es\/","name":"Nest Hostels Valencia","description":"News, events and tourist info about Valencia","publisher":{"@id":"https:\/\/nesthostelsvalencia.com\/es\/#organization"},"alternateName":"Nest Hostels Valencia","potentialAction":[{"@type":"SearchAction","target":{"@type":"EntryPoint","urlTemplate":"https:\/\/nesthostelsvalencia.com\/es\/?s={search_term_string}"},"query-input":{"@type":"PropertyValueSpecification","valueRequired":true,"valueName":"search_term_string"}}],"inLanguage":"es-ES"},{"@type":"Organization","@id":"https:\/\/nesthostelsvalencia.com\/es\/#organization","name":"Nest Hostels Valencia","alternateName":"Youth hostels and beds for travelers in Valencia","url":"https:\/\/nesthostelsvalencia.com\/es\/","logo":{"@type":"ImageObject","inLanguage":"es-ES","@id":"https:\/\/nesthostelsvalencia.com\/es\/#\/schema\/logo\/image\/","url":"https:\/\/nesthostelsvalencia.com\/wp-content\/uploads\/2022\/01\/logo-nesthostels-valencia-feetuphostels.svg","contentUrl":"https:\/\/nesthostelsvalencia.com\/wp-content\/uploads\/2022\/01\/logo-nesthostels-valencia-feetuphostels.svg","width":279,"height":130,"caption":"Nest Hostels Valencia"},"image":{"@id":"https:\/\/nesthostelsvalencia.com\/es\/#\/schema\/logo\/image\/"}}]}},"_links":{"self":[{"href":"https:\/\/nesthostelsvalencia.com\/es\/wp-json\/wp\/v2\/pages\/3870","targetHints":{"allow":["GET"]}}],"collection":[{"href":"https:\/\/nesthostelsvalencia.com\/es\/wp-json\/wp\/v2\/pages"}],"about":[{"href":"https:\/\/nesthostelsvalencia.com\/es\/wp-json\/wp\/v2\/types\/page"}],"author":[{"embeddable":true,"href":"https:\/\/nesthostelsvalencia.com\/es\/wp-json\/wp\/v2\/users\/21"}],"replies":[{"embeddable":true,"href":"https:\/\/nesthostelsvalencia.com\/es\/wp-json\/wp\/v2\/comments?post=3870"}],"version-history":[{"count":0,"href":"https:\/\/nesthostelsvalencia.com\/es\/wp-json\/wp\/v2\/pages\/3870\/revisions"}],"wp:featuredmedia":[{"embeddable":true,"href":"https:\/\/nesthostelsvalencia.com\/es\/wp-json\/wp\/v2\/media\/21797"}],"wp:attachment":[{"href":"https:\/\/nesthostelsvalencia.com\/es\/wp-json\/wp\/v2\/media?parent=3870"}],"curies":[{"name":"wp","href":"https:\/\/api.w.org\/{rel}","templated":true}]}}