{"id":8446,"date":"2018-03-26T11:15:12","date_gmt":"2018-03-26T09:15:12","guid":{"rendered":"https:\/\/nesthostelsvalencia.com\/reviews-purple-nest-hostel-valencia\/"},"modified":"2024-07-23T09:10:48","modified_gmt":"2024-07-23T07:10:48","slug":"comentarios-albergue-purple-nest-valencia","status":"publish","type":"page","link":"https:\/\/nesthostelsvalencia.com\/es\/comentarios-albergue-purple-nest-valencia\/","title":{"rendered":"Comentarios Albergue Purple Nest Valencia"},"content":{"rendered":"\n<h1 class=\"wp-block-heading has-text-align-center\">Comentarios Purple Nest Hostel<\/h1>\n\n<script src=\"https:\/\/apps.elfsight.com\/p\/platform.js\" defer=\"\"><\/script>\r\n<div class=\"elfsight-app-2b82ef62-1731-4184-8e8b-0427e0bb4501\"><\/div>\n\n<div style=\"height:50px\" aria-hidden=\"true\" class=\"wp-block-spacer\"><\/div>\n\n<h2 class=\"wp-block-heading\">Est\u00e1s buscando las mejores opiniones de Purple Nest Hostel?<\/h2>\n\n<p>Has venido al lugar adecuado. Nuestro albergue ha sido calificado constantemente como uno de los mejores alojamientos en el coraz\u00f3n de la ciudad. Nuestros hu\u00e9spedes hablan maravillas de nuestras c\u00f3modas habitaciones, de nuestro amable personal y de nuestra inmejorable ubicaci\u00f3n. Pero no te quedes s\u00f3lo con nuestra palabra, echa un vistazo a las opiniones de nuestros satisfechos hu\u00e9spedes y descubre por qu\u00e9 el <a href=\"https:\/\/nesthostelsvalencia.com\/es\/albergue-purple-nest-hostel-valencia\/\">albergue Purple Nest<\/a> es la elecci\u00f3n perfecta para tu estancia en la ciudad.&#8221;<\/p>\n\n<h2 class=\"wp-block-heading\">Las mejores valoraciones<\/h2>\n\n<blockquote class=\"wp-block-quote is-layout-flow wp-block-quote-is-layout-flow\">\n<h3 class=\"wp-block-heading\"><em>Superb<\/em><\/h3>\n\n\n\n<p>El personal era absolutamente incre\u00edble. trat\u00f3 de ayudarme a mover mi habitaci\u00f3n lo aprecio, me sent\u00ed valioso. adem\u00e1s ped\u00ed cambiar mi cama que se hizo inmediatamente. el personal es fant\u00e1stico \ud83d\ude1e &#8211; un chico estaba roncando en mi habitaci\u00f3n no pod\u00eda dormir.<\/p>\n<cite>Oleksandra &#8211; Booking<\/cite><\/blockquote>\n\n<hr class=\"wp-block-separator has-alpha-channel-opacity is-style-dots\"\/>\n\n<blockquote class=\"wp-block-quote is-layout-flow wp-block-quote-is-layout-flow\">\n<h3 class=\"wp-block-heading\"><em>Simpat\u00eda, amabilidad, buenos momentos<\/em><\/h3>\n\n\n\n<p>\ud83d\ude00 &#8211; El PERSONAL DE RECEPCI\u00d3N:) son super amables y super simp\u00e1ticos. Siempre ayudando y encontrando soluciones para ti. Si solo quieres tener una experiencia s\u00f3lida en Valencia solo ven a purple nest y saluda a la Recepci\u00f3n. \ud83d\ude1e &#8211; Nada en absoluto<\/p>\n\n\n\n<p><\/p>\n<cite>Mehmet &#8211; HostelWorld<\/cite><\/blockquote>\n\n<blockquote class=\"wp-block-quote is-layout-flow wp-block-quote-is-layout-flow\">\n<hr class=\"wp-block-separator has-alpha-channel-opacity is-style-dots\"\/>\n\n\n\n<h3 class=\"wp-block-heading\"><em>Muy buena<\/em><\/h3>\n\n\n\n<p>Super buena ubicaci\u00f3n, gran tour de la ciudad ofrecido. La cocina tambi\u00e9n es estupenda. Las camas son c\u00f3modas pero un poco inestables y no hay espacio para guardar objetos personales.<\/p>\n<cite>Linda &#8211; <a href=\"https:\/\/g.page\/PurpleNestHostelValencia\" target=\"_blank\" rel=\"noreferrer noopener\">Google<\/a><\/cite><\/blockquote>\n\n<blockquote class=\"wp-block-quote is-layout-flow wp-block-quote-is-layout-flow\">\n<hr class=\"wp-block-separator has-alpha-channel-opacity is-style-dots\"\/>\n\n\n\n<h3 class=\"wp-block-heading\"><em>Excelente albergue.<\/em><\/h3>\n\n\n\n<p>\u00a1Excelente albergue! Excelente ubicaci\u00f3n, bonitas habitaciones, delicioso desayuno, actividades interesantes y divertidas todos los d\u00edas y el equipo de recepci\u00f3n m\u00e1s profesional y amable (especialmente Manu:-)). Sinceramente no puedo esperar a visitarlos de nuevo en el futuro. Nos vemos chicos \ud83d\ude09<\/p>\n<cite>Wioletta Karina Z &#8211; Tripadvisor<\/cite><\/blockquote>\n\n<figure class=\"wp-block-image aligncenter size-full\"><a href=\"https:\/\/nesthostelsvalencia.com\/wp-content\/uploads\/2014\/10\/come-to-nest-hostels-valencia.jpg\"><img fetchpriority=\"high\" decoding=\"async\" width=\"900\" height=\"602\" src=\"https:\/\/nesthostelsvalencia.com\/wp-content\/uploads\/2014\/10\/come-to-nest-hostels-valencia.jpg\" alt=\"La recepci&#xF3;n le da una c&#xE1;lida bienvenida\" class=\"wp-image-3563\" srcset=\"https:\/\/nesthostelsvalencia.com\/wp-content\/uploads\/2014\/10\/come-to-nest-hostels-valencia.jpg 900w, https:\/\/nesthostelsvalencia.com\/wp-content\/uploads\/2014\/10\/come-to-nest-hostels-valencia-300x201.jpg 300w, https:\/\/nesthostelsvalencia.com\/wp-content\/uploads\/2014\/10\/come-to-nest-hostels-valencia-768x514.jpg 768w, https:\/\/nesthostelsvalencia.com\/wp-content\/uploads\/2014\/10\/come-to-nest-hostels-valencia-218x146.jpg 218w, https:\/\/nesthostelsvalencia.com\/wp-content\/uploads\/2014\/10\/come-to-nest-hostels-valencia-50x33.jpg 50w, https:\/\/nesthostelsvalencia.com\/wp-content\/uploads\/2014\/10\/come-to-nest-hostels-valencia-112x75.jpg 112w\" sizes=\"(max-width: 900px) 100vw, 900px\" \/><\/a><figcaption class=\"wp-element-caption\">La recepci\u00f3n te da una c\u00e1lida bienvenida | Ver todas las opiniones<\/figcaption><\/figure>\n","protected":false},"excerpt":{"rendered":"<p>Comentarios Purple Nest Hostel Valencia. Valoraciones reales de hu\u00e9spedes reales. Nuestros clientes dicen: &#8220;Ambiente estupendo. Ambiente agradable. Hostal bastante moderno.&#8221; Hostal elegante. El \u00e1rea de la entrada est\u00e1 bien. Adecuado para viajeros en solitario. Bueno para viajar con amigos.<\/p>\n","protected":false},"author":21,"featured_media":6508,"parent":0,"menu_order":0,"comment_status":"closed","ping_status":"closed","template":"","meta":{"footnotes":""},"class_list":["post-8446","page","type-page","status-publish","has-post-thumbnail","hentry"],"yoast_head":"<!-- This site is optimized with the Yoast SEO plugin v27.4 - https:\/\/yoast.com\/product\/yoast-seo-wordpress\/ -->\n<title>Comentarios Purple Nest Hostel Valencia. Valoraciones hu\u00e9spedes reales<\/title>\n<meta name=\"description\" content=\"Comentarios Purple Nest Hostel Valencia. Valoraciones reales de hu\u00e9spedes reales. Nuestros clientes dicen: &quot;Ambiente estupendo. Ambiente agradable. Hostal bastante moderno.&quot; Hostal elegante. El \u00e1rea de la entrada est\u00e1 bien. Adecuado para viajeros en solitario. Bueno para viajar con amigos.\" \/>\n<meta name=\"robots\" content=\"index, follow, max-snippet:-1, max-image-preview:large, max-video-preview:-1\" \/>\n<link rel=\"canonical\" href=\"https:\/\/nesthostelsvalencia.com\/es\/comentarios-albergue-purple-nest-valencia\/\" \/>\n<meta property=\"og:locale\" content=\"es_ES\" \/>\n<meta property=\"og:type\" content=\"article\" \/>\n<meta property=\"og:title\" content=\"Comentarios Purple Nest Hostel Valencia. Valoraciones hu\u00e9spedes reales\" \/>\n<meta property=\"og:description\" content=\"Comentarios Purple Nest Hostel Valencia. Valoraciones reales de hu\u00e9spedes reales. Nuestros clientes dicen: &quot;Ambiente estupendo. Ambiente agradable. Hostal bastante moderno.&quot; Hostal elegante. El \u00e1rea de la entrada est\u00e1 bien. Adecuado para viajeros en solitario. Bueno para viajar con amigos.\" \/>\n<meta property=\"og:url\" content=\"https:\/\/nesthostelsvalencia.com\/es\/comentarios-albergue-purple-nest-valencia\/\" \/>\n<meta property=\"og:site_name\" content=\"Nest Hostels Valencia\" \/>\n<meta property=\"article:modified_time\" content=\"2024-07-23T07:10:48+00:00\" \/>\n<meta property=\"og:image\" content=\"https:\/\/nesthostelsvalencia.com\/wp-content\/uploads\/2014\/10\/come-to-nest-hostels-valencia.jpg\" \/>\n\t<meta property=\"og:image:width\" content=\"900\" \/>\n\t<meta property=\"og:image:height\" content=\"602\" \/>\n\t<meta property=\"og:image:type\" content=\"image\/jpeg\" \/>\n<meta name=\"twitter:card\" content=\"summary_large_image\" \/>\n<meta name=\"twitter:label1\" content=\"Tiempo de lectura\" \/>\n\t<meta name=\"twitter:data1\" content=\"1 minute\" \/>\n<script type=\"application\/ld+json\" class=\"yoast-schema-graph\">{\"@context\":\"https:\\\/\\\/schema.org\",\"@graph\":[{\"@type\":\"WebPage\",\"@id\":\"https:\\\/\\\/nesthostelsvalencia.com\\\/es\\\/comentarios-albergue-purple-nest-valencia\\\/\",\"url\":\"https:\\\/\\\/nesthostelsvalencia.com\\\/es\\\/comentarios-albergue-purple-nest-valencia\\\/\",\"name\":\"Comentarios Purple Nest Hostel Valencia. Valoraciones hu\u00e9spedes reales\",\"isPartOf\":{\"@id\":\"https:\\\/\\\/nesthostelsvalencia.com\\\/es\\\/#website\"},\"primaryImageOfPage\":{\"@id\":\"https:\\\/\\\/nesthostelsvalencia.com\\\/es\\\/comentarios-albergue-purple-nest-valencia\\\/#primaryimage\"},\"image\":{\"@id\":\"https:\\\/\\\/nesthostelsvalencia.com\\\/es\\\/comentarios-albergue-purple-nest-valencia\\\/#primaryimage\"},\"thumbnailUrl\":\"https:\\\/\\\/nesthostelsvalencia.com\\\/wp-content\\\/uploads\\\/2014\\\/10\\\/come-to-nest-hostels-valencia.jpg\",\"datePublished\":\"2018-03-26T09:15:12+00:00\",\"dateModified\":\"2024-07-23T07:10:48+00:00\",\"description\":\"Comentarios Purple Nest Hostel Valencia. Valoraciones reales de hu\u00e9spedes reales. Nuestros clientes dicen: \\\"Ambiente estupendo. Ambiente agradable. Hostal bastante moderno.\\\" Hostal elegante. El \u00e1rea de la entrada est\u00e1 bien. Adecuado para viajeros en solitario. Bueno para viajar con amigos.\",\"breadcrumb\":{\"@id\":\"https:\\\/\\\/nesthostelsvalencia.com\\\/es\\\/comentarios-albergue-purple-nest-valencia\\\/#breadcrumb\"},\"inLanguage\":\"es-ES\",\"potentialAction\":[{\"@type\":\"ReadAction\",\"target\":[\"https:\\\/\\\/nesthostelsvalencia.com\\\/es\\\/comentarios-albergue-purple-nest-valencia\\\/\"]}]},{\"@type\":\"ImageObject\",\"inLanguage\":\"es-ES\",\"@id\":\"https:\\\/\\\/nesthostelsvalencia.com\\\/es\\\/comentarios-albergue-purple-nest-valencia\\\/#primaryimage\",\"url\":\"https:\\\/\\\/nesthostelsvalencia.com\\\/wp-content\\\/uploads\\\/2014\\\/10\\\/come-to-nest-hostels-valencia.jpg\",\"contentUrl\":\"https:\\\/\\\/nesthostelsvalencia.com\\\/wp-content\\\/uploads\\\/2014\\\/10\\\/come-to-nest-hostels-valencia.jpg\",\"width\":900,\"height\":602,\"caption\":\"Come to Nest Hostel Valencia\"},{\"@type\":\"BreadcrumbList\",\"@id\":\"https:\\\/\\\/nesthostelsvalencia.com\\\/es\\\/comentarios-albergue-purple-nest-valencia\\\/#breadcrumb\",\"itemListElement\":[{\"@type\":\"ListItem\",\"position\":1,\"name\":\"Home\",\"item\":\"https:\\\/\\\/nesthostelsvalencia.com\\\/es\\\/\"},{\"@type\":\"ListItem\",\"position\":2,\"name\":\"Comentarios Albergue Purple Nest Valencia\"}]},{\"@type\":\"WebSite\",\"@id\":\"https:\\\/\\\/nesthostelsvalencia.com\\\/es\\\/#website\",\"url\":\"https:\\\/\\\/nesthostelsvalencia.com\\\/es\\\/\",\"name\":\"Nest Hostels Valencia\",\"description\":\"News, events and tourist info about Valencia\",\"publisher\":{\"@id\":\"https:\\\/\\\/nesthostelsvalencia.com\\\/es\\\/#organization\"},\"alternateName\":\"Nest Hostels Valencia\",\"potentialAction\":[{\"@type\":\"SearchAction\",\"target\":{\"@type\":\"EntryPoint\",\"urlTemplate\":\"https:\\\/\\\/nesthostelsvalencia.com\\\/es\\\/?s={search_term_string}\"},\"query-input\":{\"@type\":\"PropertyValueSpecification\",\"valueRequired\":true,\"valueName\":\"search_term_string\"}}],\"inLanguage\":\"es-ES\"},{\"@type\":\"Organization\",\"@id\":\"https:\\\/\\\/nesthostelsvalencia.com\\\/es\\\/#organization\",\"name\":\"Nest Hostels Valencia\",\"alternateName\":\"Youth hostels and beds for travelers in Valencia\",\"url\":\"https:\\\/\\\/nesthostelsvalencia.com\\\/es\\\/\",\"logo\":{\"@type\":\"ImageObject\",\"inLanguage\":\"es-ES\",\"@id\":\"https:\\\/\\\/nesthostelsvalencia.com\\\/es\\\/#\\\/schema\\\/logo\\\/image\\\/\",\"url\":\"https:\\\/\\\/nesthostelsvalencia.com\\\/wp-content\\\/uploads\\\/2022\\\/01\\\/logo-nesthostels-valencia-feetuphostels.svg\",\"contentUrl\":\"https:\\\/\\\/nesthostelsvalencia.com\\\/wp-content\\\/uploads\\\/2022\\\/01\\\/logo-nesthostels-valencia-feetuphostels.svg\",\"width\":279,\"height\":130,\"caption\":\"Nest Hostels Valencia\"},\"image\":{\"@id\":\"https:\\\/\\\/nesthostelsvalencia.com\\\/es\\\/#\\\/schema\\\/logo\\\/image\\\/\"}}]}<\/script>\n<!-- \/ Yoast SEO plugin. -->","yoast_head_json":{"title":"Comentarios Purple Nest Hostel Valencia. Valoraciones hu\u00e9spedes reales","description":"Comentarios Purple Nest Hostel Valencia. Valoraciones reales de hu\u00e9spedes reales. Nuestros clientes dicen: \"Ambiente estupendo. Ambiente agradable. Hostal bastante moderno.\" Hostal elegante. El \u00e1rea de la entrada est\u00e1 bien. Adecuado para viajeros en solitario. Bueno para viajar con amigos.","robots":{"index":"index","follow":"follow","max-snippet":"max-snippet:-1","max-image-preview":"max-image-preview:large","max-video-preview":"max-video-preview:-1"},"canonical":"https:\/\/nesthostelsvalencia.com\/es\/comentarios-albergue-purple-nest-valencia\/","og_locale":"es_ES","og_type":"article","og_title":"Comentarios Purple Nest Hostel Valencia. Valoraciones hu\u00e9spedes reales","og_description":"Comentarios Purple Nest Hostel Valencia. Valoraciones reales de hu\u00e9spedes reales. Nuestros clientes dicen: \"Ambiente estupendo. Ambiente agradable. Hostal bastante moderno.\" Hostal elegante. El \u00e1rea de la entrada est\u00e1 bien. Adecuado para viajeros en solitario. Bueno para viajar con amigos.","og_url":"https:\/\/nesthostelsvalencia.com\/es\/comentarios-albergue-purple-nest-valencia\/","og_site_name":"Nest Hostels Valencia","article_modified_time":"2024-07-23T07:10:48+00:00","og_image":[{"width":900,"height":602,"url":"https:\/\/nesthostelsvalencia.com\/wp-content\/uploads\/2014\/10\/come-to-nest-hostels-valencia.jpg","type":"image\/jpeg"}],"twitter_card":"summary_large_image","twitter_misc":{"Tiempo de lectura":"1 minute"},"schema":{"@context":"https:\/\/schema.org","@graph":[{"@type":"WebPage","@id":"https:\/\/nesthostelsvalencia.com\/es\/comentarios-albergue-purple-nest-valencia\/","url":"https:\/\/nesthostelsvalencia.com\/es\/comentarios-albergue-purple-nest-valencia\/","name":"Comentarios Purple Nest Hostel Valencia. Valoraciones hu\u00e9spedes reales","isPartOf":{"@id":"https:\/\/nesthostelsvalencia.com\/es\/#website"},"primaryImageOfPage":{"@id":"https:\/\/nesthostelsvalencia.com\/es\/comentarios-albergue-purple-nest-valencia\/#primaryimage"},"image":{"@id":"https:\/\/nesthostelsvalencia.com\/es\/comentarios-albergue-purple-nest-valencia\/#primaryimage"},"thumbnailUrl":"https:\/\/nesthostelsvalencia.com\/wp-content\/uploads\/2014\/10\/come-to-nest-hostels-valencia.jpg","datePublished":"2018-03-26T09:15:12+00:00","dateModified":"2024-07-23T07:10:48+00:00","description":"Comentarios Purple Nest Hostel Valencia. Valoraciones reales de hu\u00e9spedes reales. Nuestros clientes dicen: \"Ambiente estupendo. Ambiente agradable. Hostal bastante moderno.\" Hostal elegante. El \u00e1rea de la entrada est\u00e1 bien. Adecuado para viajeros en solitario. Bueno para viajar con amigos.","breadcrumb":{"@id":"https:\/\/nesthostelsvalencia.com\/es\/comentarios-albergue-purple-nest-valencia\/#breadcrumb"},"inLanguage":"es-ES","potentialAction":[{"@type":"ReadAction","target":["https:\/\/nesthostelsvalencia.com\/es\/comentarios-albergue-purple-nest-valencia\/"]}]},{"@type":"ImageObject","inLanguage":"es-ES","@id":"https:\/\/nesthostelsvalencia.com\/es\/comentarios-albergue-purple-nest-valencia\/#primaryimage","url":"https:\/\/nesthostelsvalencia.com\/wp-content\/uploads\/2014\/10\/come-to-nest-hostels-valencia.jpg","contentUrl":"https:\/\/nesthostelsvalencia.com\/wp-content\/uploads\/2014\/10\/come-to-nest-hostels-valencia.jpg","width":900,"height":602,"caption":"Come to Nest Hostel Valencia"},{"@type":"BreadcrumbList","@id":"https:\/\/nesthostelsvalencia.com\/es\/comentarios-albergue-purple-nest-valencia\/#breadcrumb","itemListElement":[{"@type":"ListItem","position":1,"name":"Home","item":"https:\/\/nesthostelsvalencia.com\/es\/"},{"@type":"ListItem","position":2,"name":"Comentarios Albergue Purple Nest Valencia"}]},{"@type":"WebSite","@id":"https:\/\/nesthostelsvalencia.com\/es\/#website","url":"https:\/\/nesthostelsvalencia.com\/es\/","name":"Nest Hostels Valencia","description":"News, events and tourist info about Valencia","publisher":{"@id":"https:\/\/nesthostelsvalencia.com\/es\/#organization"},"alternateName":"Nest Hostels Valencia","potentialAction":[{"@type":"SearchAction","target":{"@type":"EntryPoint","urlTemplate":"https:\/\/nesthostelsvalencia.com\/es\/?s={search_term_string}"},"query-input":{"@type":"PropertyValueSpecification","valueRequired":true,"valueName":"search_term_string"}}],"inLanguage":"es-ES"},{"@type":"Organization","@id":"https:\/\/nesthostelsvalencia.com\/es\/#organization","name":"Nest Hostels Valencia","alternateName":"Youth hostels and beds for travelers in Valencia","url":"https:\/\/nesthostelsvalencia.com\/es\/","logo":{"@type":"ImageObject","inLanguage":"es-ES","@id":"https:\/\/nesthostelsvalencia.com\/es\/#\/schema\/logo\/image\/","url":"https:\/\/nesthostelsvalencia.com\/wp-content\/uploads\/2022\/01\/logo-nesthostels-valencia-feetuphostels.svg","contentUrl":"https:\/\/nesthostelsvalencia.com\/wp-content\/uploads\/2022\/01\/logo-nesthostels-valencia-feetuphostels.svg","width":279,"height":130,"caption":"Nest Hostels Valencia"},"image":{"@id":"https:\/\/nesthostelsvalencia.com\/es\/#\/schema\/logo\/image\/"}}]}},"_links":{"self":[{"href":"https:\/\/nesthostelsvalencia.com\/es\/wp-json\/wp\/v2\/pages\/8446","targetHints":{"allow":["GET"]}}],"collection":[{"href":"https:\/\/nesthostelsvalencia.com\/es\/wp-json\/wp\/v2\/pages"}],"about":[{"href":"https:\/\/nesthostelsvalencia.com\/es\/wp-json\/wp\/v2\/types\/page"}],"author":[{"embeddable":true,"href":"https:\/\/nesthostelsvalencia.com\/es\/wp-json\/wp\/v2\/users\/21"}],"replies":[{"embeddable":true,"href":"https:\/\/nesthostelsvalencia.com\/es\/wp-json\/wp\/v2\/comments?post=8446"}],"version-history":[{"count":0,"href":"https:\/\/nesthostelsvalencia.com\/es\/wp-json\/wp\/v2\/pages\/8446\/revisions"}],"wp:featuredmedia":[{"embeddable":true,"href":"https:\/\/nesthostelsvalencia.com\/es\/wp-json\/wp\/v2\/media\/6508"}],"wp:attachment":[{"href":"https:\/\/nesthostelsvalencia.com\/es\/wp-json\/wp\/v2\/media?parent=8446"}],"curies":[{"name":"wp","href":"https:\/\/api.w.org\/{rel}","templated":true}]}}