{"id":3353,"date":"2015-05-22T11:33:41","date_gmt":"2015-05-22T09:33:41","guid":{"rendered":"http:\/\/www.nesthostelsvalencia.com\/fr\/how-to-get-purple-nest-hostel\/"},"modified":"2024-07-22T18:04:05","modified_gmt":"2024-07-22T16:04:05","slug":"comment-arriver-au-purple-nest-hostel","status":"publish","type":"page","link":"https:\/\/nesthostelsvalencia.com\/fr\/comment-arriver-au-purple-nest-hostel\/","title":{"rendered":"Comment se rendre \u00e0 l&rsquo;auberge Purple Nest \u00e0 Valence"},"content":{"rendered":"\n<h1 class=\"wp-block-heading has-text-align-center\">Emplacement Purple Nest Hostel<\/h1>\n\n<iframe src=\"https:\/\/www.google.com\/maps\/embed?pb=!1m14!1m8!1m3!1d7324.881480266293!2d-0.37653507087462473!3d39.475353662594124!3m2!1i1024!2i768!4f13.1!3m3!1m2!1s0xd6048b252915ce7%3A0x50e428c5db0a22ab!2sPurple%20Nest%20Hostel%20Valencia!5e0!3m2!1ses!2ses!4v1679482757682!5m2!1ses!2ses\" width=\"100%\" height=\"450\" style=\"border:0;\" allowfullscreen=\"\" loading=\"lazy\" referrerpolicy=\"no-referrer-when-downgrade\"><\/iframe>\r\n\n<div style=\"height:25px\" aria-hidden=\"true\" class=\"wp-block-spacer\"><\/div>\n\n<h3 class=\"wp-block-heading\">Comment se rendre \u00e0 l&rsquo;a\u00e9roport de Valence ?<\/h3>\n\n<ul class=\"wp-block-list\">\n<li>La premi\u00e8re option. Prendre le m\u00e9tro depuis l&rsquo;a\u00e9roport jusqu&rsquo;\u00e0 la station X\u00e0tiva, puis marcher environ 15 minutes jusqu&rsquo;\u00e0 l&rsquo;auberge.<\/li>\n\n\n\n<li>Deuxi\u00e8me option. est de prendre un taxi de l&rsquo;a\u00e9roport \u00e0 l&rsquo;auberge.<\/li>\n<\/ul>\n\n<h3 class=\"wp-block-heading\">Comment se rendre \u00e0 la gare Valence Nord ?<\/h3>\n\n<ul class=\"wp-block-list\">\n<li>Premi\u00e8re option.  Prendre le m\u00e9tro depuis la station X\u00e0tiva, qui se trouve juste \u00e0 c\u00f4t\u00e9 de la Estaci\u00f3n del Norte, jusqu&rsquo;\u00e0 la station Col\u00f3n. De l\u00e0, vous n&rsquo;avez qu&rsquo;\u00e0 marcher environ 10 minutes le long de l&rsquo;ancien lit du Turia jusqu&rsquo;\u00e0 ce que vous atteigniez le Purple Nest Hostel Valencia.<\/li>\n\n\n\n<li>Deuxi\u00e8me option. est de prendre un bus de la Estaci\u00f3n del Norte \u00e0 la Plaza del Ayuntamiento.&#13;\nL\u00e0, vous pourrez prendre un autre bus qui vous conduira \u00e0 la Plaza de la Reina.<\/li>\n<\/ul>\n\n<h3 class=\"wp-block-heading\">Comment se rendre \u00e0 la gare routi\u00e8re de Valence?<\/h3>\n\n<ul class=\"wp-block-list\">\n<li>La premi\u00e8re option. Vous pouvez prendre le bus 80 depuis la gare routi\u00e8re jusqu&rsquo;\u00e0 la place Poeta Llorente, qui n&rsquo;est qu&rsquo;\u00e0 6 arr\u00eats. Ensuite, vous pouvez marcher pendant environ 50 m\u00e8tres jusqu&rsquo;\u00e0 l&rsquo;auberge.<\/li>\n\n\n\n<li>La deuxi\u00e8me option. (Est gratuite) Une autre option consiste \u00e0 marcher de la gare routi\u00e8re \u00e0 l&rsquo;auberge, ce qui prend environ 20 minutes. Vous pouvez suivre cet itin\u00e9raire : sortez de la gare routi\u00e8re et traversez la route, tournez \u00e0 gauche sur l&rsquo;Avenida Men\u00e9ndez Pidal, tournez \u00e0 droite dans la Calle de la Paz, tournez \u00e0 gauche dans la Calle de San Vicente M\u00e1rtir, tournez \u00e0 droite sur la Plaza de la Reina, tournez \u00e0 gauche dans la Calle del Mar, tournez \u00e0 droite dans la Calle del General Tovar et continuez jusqu&rsquo;\u00e0 ce que vous arriviez \u00e0 l&rsquo;auberge.&#13;\n*** Traduit avec www.DeepL.com\/Translator (version gratuite) ***&#13;\n&#13;\n<\/li>\n<\/ul>\n\n<h3 class=\"wp-block-heading\">Comment se rendre \u00e0 la gare Joaquin Sorolla ?<\/h3>\n\n<ul class=\"wp-block-list\">\n<li>En bus. Vous pouvez prendre le bus num\u00e9ro 27 depuis la station Joaquin Sorolla jusqu&rsquo;\u00e0 la Plaza de la Reina, ce qui repr\u00e9sente un trajet de 15 minutes. De l\u00e0, vous pouvez marcher pendant environ 10 minutes jusqu&rsquo;au Purple Nest Hostel Valencia, situ\u00e9 sur la Plaza Tetuan. Le tarif du bus est de 1,50 euros par personne, et vous pouvez acheter le billet \u00e0 bord ou \u00e0 la gare.<\/li>\n\n\n\n<li>En m\u00e9tro. Vous pouvez prendre la ligne 5 du m\u00e9tro depuis la station Joaquin Sorolla jusqu&rsquo;\u00e0 Colon, ce qui repr\u00e9sente un trajet de 10 minutes.<\/li>\n\n\n\n<li>De l\u00e0, vous pouvez marcher pendant environ 15 minutes jusqu&rsquo;au Purple Nest Hostel Valencia, situ\u00e9 sur la Plaza Tetuan. Le tarif du m\u00e9tro est de 1,40 euros par personne, et vous pouvez acheter le billet \u00e0 la station ou en ligne.<\/li>\n\n\n\n<li>En taxi. Vous pouvez prendre un taxi depuis la gare Joaquin Sorolla jusqu&rsquo;\u00e0 Purple Nest Hostel Valencia, ce qui repr\u00e9sente un trajet de 10 minutes. Le prix du taxi est d&rsquo;environ 10 euros, en fonction de la circulation et de l&rsquo;heure de la journ\u00e9e.<\/li>\n\n\n\n<li>Vous pouvez h\u00e9ler un taxi dans la rue ou en appeler un \u00e0 l&rsquo;aide d&rsquo;une application comme Cabify ou Uber.<\/li>\n\n\n\n<li>En v\u00e9lo. Vous pouvez louer un v\u00e9lo \u00e0 la station Joaquin Sorolla pour 2 euros par heure ou 10 euros par jour.<\/li>\n\n\n\n<li>Vous pouvez faire du v\u00e9lo le long des jardins du Turia, un itin\u00e9raire pittoresque et s\u00fbr qui vous m\u00e8nera \u00e0 Purple Nest Hostel Valencia en 20 minutes environ. Vous pouvez garer votre v\u00e9lo \u00e0 l&rsquo;auberge ou \u00e0 l&rsquo;une des nombreuses stations de v\u00e9los de la ville.<\/li>\n<\/ul>\n\n<h3 class=\"wp-block-heading\">Comment se rendre au port de Valence ?<\/h3>\n\n<ul class=\"wp-block-list\">\n<li>Premi\u00e8re option. est de prendre le bus num\u00e9ro 4 depuis le port jusqu&rsquo;\u00e0 la Plaza del Ayuntamiento.<br\/>De l\u00e0, vous devrez changer pour le bus num\u00e9ro 5 qui vous conduira \u00e0 la Plaza de Tetu\u00e1n. <br\/>De l\u00e0, vous n&rsquo;aurez qu&rsquo;\u00e0 marcher environ 10 minutes jusqu&rsquo;au Purple Nest Hostel Valencia.<\/li>\n\n\n\n<li>Deuxi\u00e8me option. Prendre un taxi depuis le port jusqu&rsquo;\u00e0 Purple Nest Hostel Valencia.<\/li>\n<\/ul>\n\n<h3 class=\"wp-block-heading\">Informations sur le stationnement, les v\u00e9los et les billets<\/h3>\n\n<ul class=\"wp-block-list\">\n<li>A propos du parking. Il n&rsquo;y a pas de parking gratuit mais il y a une rue \u00e0 c\u00f4t\u00e9 de l&rsquo;auberge appel\u00e9e Paseo de la Alameda o\u00f9 vous pouvez toujours vous garer gratuitement.\u00a0<a href=\"https:\/\/goo.gl\/maps\/gq2btF25prPF7zCb9\" target=\"_blank\" rel=\"noreferrer noopener\">Voir l&#8217;emplacement<\/a>. En face de l&rsquo;auberge, il y a un parking priv\u00e9 ; vous pouvez y trouver des prix.\u00a0<a href=\"https:\/\/www.interparking.es\/es-ES\/find-parking\/Glorieta-Paz\/\">https:\/\/www.interparking.es\/es-ES\/find-parking\/Glorieta-Paz\/<\/a><\/li>\n\n\n\n<li>A propos des billets. Vous pouvez acheter plusieurs types de cartes de voyage (Travel Cards), en fonction de la dur\u00e9e de votre s\u00e9jour \u00e0 Valence :<\/li>\n\n\n\n<li>Les bus EMT couvrent presque tous les quartiers de la ville et circulent toutes les 10 \u00e0 20 minutes.<br\/>Le prix d&rsquo;un billet simple est de 1,50\u20ac.<\/li>\n\n\n\n<li>Bonobus individuel de 10 voyages d&rsquo;une dur\u00e9e de 1 heure pour chaque voyage (bus uniquement) \u20ac9.<\/li>\n\n\n\n<li>Bonometro pour 10 trajets, chaque trajet est valable jusqu&rsquo;\u00e0 ce que vous quittiez le m\u00e9tro (c&rsquo;est-\u00e0-dire que vous pouvez changer de ligne) \u20ac 9.<\/li>\n\n\n\n<li>Metrobus, un billet combin\u00e9 que vous pouvez utiliser dans le m\u00e9tro et le bus. (\u20ac 9).<\/li>\n\n\n\n<li>Pour plus d&rsquo;informations sur les billets de bus, ainsi que sur les lignes et les horaires, vous pouvez consulter le site officiel de l&rsquo;Entreprise Municipale de Transport (EMT)..\u00a0<a href=\"https:\/\/www.emtvalencia.es\/ciudadano\/index.php\" target=\"_blank\" rel=\"noreferrer noopener\">emtvalencia.es<\/a>.\u200e<\/li>\n\n\n\n<li>Si vous souhaitez obtenir de plus amples informations sur le m\u00e9tro de Valence, les horaires, les dates et bien d&rsquo;autres d\u00e9tails, vous pouvez consulter le site officiel du m\u00e9tro de Valence..\u00a0<a href=\"https:\/\/www.metrovalencia.es\/\" target=\"_blank\" rel=\"noreferrer noopener\">www.metrovalencia.es<\/a>.<\/li>\n\n\n\n<li>De plus, si vous \u00eates un amoureux de la bicyclette et que vous pr\u00e9f\u00e9rez appr\u00e9cier et conna\u00eetre Valence \u00e0 v\u00e9lo, vous pouvez visiter le site officiel de Valenbisi.\u00a0<a href=\"https:\/\/www.valenbisi.es\/\" target=\"_blank\" rel=\"noreferrer noopener\">www.valenbisi.es<\/a><\/li>\n<\/ul>\n\n<p><\/p>\n\n<figure class=\"wp-block-image aligncenter size-large\"><a href=\"https:\/\/nesthostelsvalencia.com\/wp-content\/uploads\/2014\/04\/street-valencia-nesthostelslvaneica.jpg\"><img fetchpriority=\"high\" decoding=\"async\" width=\"1024\" height=\"720\" src=\"https:\/\/nesthostelsvalencia.com\/wp-content\/uploads\/2014\/04\/street-valencia-nesthostelslvaneica-1024x720.jpg\" alt=\"Rues Valence\" class=\"wp-image-3928\" srcset=\"https:\/\/nesthostelsvalencia.com\/wp-content\/uploads\/2014\/04\/street-valencia-nesthostelslvaneica-1024x720.jpg 1024w, https:\/\/nesthostelsvalencia.com\/wp-content\/uploads\/2014\/04\/street-valencia-nesthostelslvaneica-300x211.jpg 300w, https:\/\/nesthostelsvalencia.com\/wp-content\/uploads\/2014\/04\/street-valencia-nesthostelslvaneica-768x540.jpg 768w, https:\/\/nesthostelsvalencia.com\/wp-content\/uploads\/2014\/04\/street-valencia-nesthostelslvaneica-208x146.jpg 208w, https:\/\/nesthostelsvalencia.com\/wp-content\/uploads\/2014\/04\/street-valencia-nesthostelslvaneica-50x35.jpg 50w, https:\/\/nesthostelsvalencia.com\/wp-content\/uploads\/2014\/04\/street-valencia-nesthostelslvaneica-107x75.jpg 107w, https:\/\/nesthostelsvalencia.com\/wp-content\/uploads\/2014\/04\/street-valencia-nesthostelslvaneica.jpg 1280w\" sizes=\"(max-width: 1024px) 100vw, 1024px\" \/><\/a><figcaption class=\"wp-element-caption\">Rues Valence<\/figcaption><\/figure>\n","protected":false},"excerpt":{"rendered":"<p>Comment se rendre au Purple Nest Hostel Valencia. Emplacement du Purple Nest dans le centre de Valence. L&rsquo;h\u00e9bergement le moins cher \u00e0 Valence<\/p>\n","protected":false},"author":21,"featured_media":6800,"parent":0,"menu_order":0,"comment_status":"closed","ping_status":"closed","template":"","meta":{"footnotes":""},"class_list":["post-3353","page","type-page","status-publish","has-post-thumbnail","hentry"],"yoast_head":"<!-- This site is optimized with the Yoast SEO plugin v27.3 - https:\/\/yoast.com\/product\/yoast-seo-wordpress\/ -->\n<title>Comment se rendre \u00e0 Purple Nest Hostel Valencia. Emplacement du Purple Nest<\/title>\n<meta name=\"description\" content=\"Comment se rendre au Purple Nest Hostel Valencia. Emplacement du Purple Nest dans le centre de Valence. L&#039;h\u00e9bergement le moins cher \u00e0 Valence\" \/>\n<meta name=\"robots\" content=\"index, follow, max-snippet:-1, max-image-preview:large, max-video-preview:-1\" \/>\n<link rel=\"canonical\" href=\"https:\/\/nesthostelsvalencia.com\/fr\/comment-arriver-au-purple-nest-hostel\/\" \/>\n<meta property=\"og:locale\" content=\"fr_FR\" \/>\n<meta property=\"og:type\" content=\"article\" \/>\n<meta property=\"og:title\" content=\"Comment se rendre \u00e0 Purple Nest Hostel Valencia. Emplacement du Purple Nest\" \/>\n<meta property=\"og:description\" content=\"Comment se rendre au Purple Nest Hostel Valencia. Emplacement du Purple Nest dans le centre de Valence. L&#039;h\u00e9bergement le moins cher \u00e0 Valence\" \/>\n<meta property=\"og:url\" content=\"https:\/\/nesthostelsvalencia.com\/fr\/comment-arriver-au-purple-nest-hostel\/\" \/>\n<meta property=\"og:site_name\" content=\"Nest Hostels Valencia\" \/>\n<meta property=\"article:modified_time\" content=\"2024-07-22T16:04:05+00:00\" \/>\n<meta property=\"og:image\" content=\"https:\/\/nesthostelsvalencia.com\/wp-content\/uploads\/2014\/04\/street-valencia-nesthostelslvaneica.jpg\" \/>\n\t<meta property=\"og:image:width\" content=\"1280\" \/>\n\t<meta property=\"og:image:height\" content=\"900\" \/>\n\t<meta property=\"og:image:type\" content=\"image\/jpeg\" \/>\n<meta name=\"twitter:card\" content=\"summary_large_image\" \/>\n<meta name=\"twitter:label1\" content=\"Dur\u00e9e de lecture estim\u00e9e\" \/>\n\t<meta name=\"twitter:data1\" content=\"8 minutes\" \/>\n<script type=\"application\/ld+json\" class=\"yoast-schema-graph\">{\"@context\":\"https:\\\/\\\/schema.org\",\"@graph\":[{\"@type\":\"WebPage\",\"@id\":\"https:\\\/\\\/nesthostelsvalencia.com\\\/fr\\\/comment-arriver-au-purple-nest-hostel\\\/\",\"url\":\"https:\\\/\\\/nesthostelsvalencia.com\\\/fr\\\/comment-arriver-au-purple-nest-hostel\\\/\",\"name\":\"Comment se rendre \u00e0 Purple Nest Hostel Valencia. Emplacement du Purple Nest\",\"isPartOf\":{\"@id\":\"https:\\\/\\\/nesthostelsvalencia.com\\\/fr\\\/#website\"},\"primaryImageOfPage\":{\"@id\":\"https:\\\/\\\/nesthostelsvalencia.com\\\/fr\\\/comment-arriver-au-purple-nest-hostel\\\/#primaryimage\"},\"image\":{\"@id\":\"https:\\\/\\\/nesthostelsvalencia.com\\\/fr\\\/comment-arriver-au-purple-nest-hostel\\\/#primaryimage\"},\"thumbnailUrl\":\"https:\\\/\\\/nesthostelsvalencia.com\\\/wp-content\\\/uploads\\\/2014\\\/04\\\/street-valencia-nesthostelslvaneica.jpg\",\"datePublished\":\"2015-05-22T09:33:41+00:00\",\"dateModified\":\"2024-07-22T16:04:05+00:00\",\"description\":\"Comment se rendre au Purple Nest Hostel Valencia. Emplacement du Purple Nest dans le centre de Valence. L'h\u00e9bergement le moins cher \u00e0 Valence\",\"breadcrumb\":{\"@id\":\"https:\\\/\\\/nesthostelsvalencia.com\\\/fr\\\/comment-arriver-au-purple-nest-hostel\\\/#breadcrumb\"},\"inLanguage\":\"fr-FR\",\"potentialAction\":[{\"@type\":\"ReadAction\",\"target\":[\"https:\\\/\\\/nesthostelsvalencia.com\\\/fr\\\/comment-arriver-au-purple-nest-hostel\\\/\"]}]},{\"@type\":\"ImageObject\",\"inLanguage\":\"fr-FR\",\"@id\":\"https:\\\/\\\/nesthostelsvalencia.com\\\/fr\\\/comment-arriver-au-purple-nest-hostel\\\/#primaryimage\",\"url\":\"https:\\\/\\\/nesthostelsvalencia.com\\\/wp-content\\\/uploads\\\/2014\\\/04\\\/street-valencia-nesthostelslvaneica.jpg\",\"contentUrl\":\"https:\\\/\\\/nesthostelsvalencia.com\\\/wp-content\\\/uploads\\\/2014\\\/04\\\/street-valencia-nesthostelslvaneica.jpg\",\"width\":1280,\"height\":900,\"caption\":\"Streets Valencia\"},{\"@type\":\"BreadcrumbList\",\"@id\":\"https:\\\/\\\/nesthostelsvalencia.com\\\/fr\\\/comment-arriver-au-purple-nest-hostel\\\/#breadcrumb\",\"itemListElement\":[{\"@type\":\"ListItem\",\"position\":1,\"name\":\"Home\",\"item\":\"https:\\\/\\\/nesthostelsvalencia.com\\\/fr\\\/\"},{\"@type\":\"ListItem\",\"position\":2,\"name\":\"Comment se rendre \u00e0 l&rsquo;auberge Purple Nest \u00e0 Valence\"}]},{\"@type\":\"WebSite\",\"@id\":\"https:\\\/\\\/nesthostelsvalencia.com\\\/fr\\\/#website\",\"url\":\"https:\\\/\\\/nesthostelsvalencia.com\\\/fr\\\/\",\"name\":\"Nest Hostels Valencia\",\"description\":\"Youth hostels and beds for travelers in Valencia\",\"publisher\":{\"@id\":\"https:\\\/\\\/nesthostelsvalencia.com\\\/fr\\\/#organization\"},\"alternateName\":\"Nest Hostels Valencia\",\"potentialAction\":[{\"@type\":\"SearchAction\",\"target\":{\"@type\":\"EntryPoint\",\"urlTemplate\":\"https:\\\/\\\/nesthostelsvalencia.com\\\/fr\\\/?s={search_term_string}\"},\"query-input\":{\"@type\":\"PropertyValueSpecification\",\"valueRequired\":true,\"valueName\":\"search_term_string\"}}],\"inLanguage\":\"fr-FR\"},{\"@type\":\"Organization\",\"@id\":\"https:\\\/\\\/nesthostelsvalencia.com\\\/fr\\\/#organization\",\"name\":\"Nest Hostels Valencia\",\"alternateName\":\"Youth hostels and beds for travelers in Valencia\",\"url\":\"https:\\\/\\\/nesthostelsvalencia.com\\\/fr\\\/\",\"logo\":{\"@type\":\"ImageObject\",\"inLanguage\":\"fr-FR\",\"@id\":\"https:\\\/\\\/nesthostelsvalencia.com\\\/fr\\\/#\\\/schema\\\/logo\\\/image\\\/\",\"url\":\"https:\\\/\\\/nesthostelsvalencia.com\\\/wp-content\\\/uploads\\\/2022\\\/01\\\/logo-nesthostels-valencia-feetuphostels.svg\",\"contentUrl\":\"https:\\\/\\\/nesthostelsvalencia.com\\\/wp-content\\\/uploads\\\/2022\\\/01\\\/logo-nesthostels-valencia-feetuphostels.svg\",\"width\":279,\"height\":130,\"caption\":\"Nest Hostels Valencia\"},\"image\":{\"@id\":\"https:\\\/\\\/nesthostelsvalencia.com\\\/fr\\\/#\\\/schema\\\/logo\\\/image\\\/\"}}]}<\/script>\n<!-- \/ Yoast SEO plugin. -->","yoast_head_json":{"title":"Comment se rendre \u00e0 Purple Nest Hostel Valencia. Emplacement du Purple Nest","description":"Comment se rendre au Purple Nest Hostel Valencia. Emplacement du Purple Nest dans le centre de Valence. L'h\u00e9bergement le moins cher \u00e0 Valence","robots":{"index":"index","follow":"follow","max-snippet":"max-snippet:-1","max-image-preview":"max-image-preview:large","max-video-preview":"max-video-preview:-1"},"canonical":"https:\/\/nesthostelsvalencia.com\/fr\/comment-arriver-au-purple-nest-hostel\/","og_locale":"fr_FR","og_type":"article","og_title":"Comment se rendre \u00e0 Purple Nest Hostel Valencia. Emplacement du Purple Nest","og_description":"Comment se rendre au Purple Nest Hostel Valencia. Emplacement du Purple Nest dans le centre de Valence. L'h\u00e9bergement le moins cher \u00e0 Valence","og_url":"https:\/\/nesthostelsvalencia.com\/fr\/comment-arriver-au-purple-nest-hostel\/","og_site_name":"Nest Hostels Valencia","article_modified_time":"2024-07-22T16:04:05+00:00","og_image":[{"width":1280,"height":900,"url":"https:\/\/nesthostelsvalencia.com\/wp-content\/uploads\/2014\/04\/street-valencia-nesthostelslvaneica.jpg","type":"image\/jpeg"}],"twitter_card":"summary_large_image","twitter_misc":{"Dur\u00e9e de lecture estim\u00e9e":"8 minutes"},"schema":{"@context":"https:\/\/schema.org","@graph":[{"@type":"WebPage","@id":"https:\/\/nesthostelsvalencia.com\/fr\/comment-arriver-au-purple-nest-hostel\/","url":"https:\/\/nesthostelsvalencia.com\/fr\/comment-arriver-au-purple-nest-hostel\/","name":"Comment se rendre \u00e0 Purple Nest Hostel Valencia. Emplacement du Purple Nest","isPartOf":{"@id":"https:\/\/nesthostelsvalencia.com\/fr\/#website"},"primaryImageOfPage":{"@id":"https:\/\/nesthostelsvalencia.com\/fr\/comment-arriver-au-purple-nest-hostel\/#primaryimage"},"image":{"@id":"https:\/\/nesthostelsvalencia.com\/fr\/comment-arriver-au-purple-nest-hostel\/#primaryimage"},"thumbnailUrl":"https:\/\/nesthostelsvalencia.com\/wp-content\/uploads\/2014\/04\/street-valencia-nesthostelslvaneica.jpg","datePublished":"2015-05-22T09:33:41+00:00","dateModified":"2024-07-22T16:04:05+00:00","description":"Comment se rendre au Purple Nest Hostel Valencia. Emplacement du Purple Nest dans le centre de Valence. L'h\u00e9bergement le moins cher \u00e0 Valence","breadcrumb":{"@id":"https:\/\/nesthostelsvalencia.com\/fr\/comment-arriver-au-purple-nest-hostel\/#breadcrumb"},"inLanguage":"fr-FR","potentialAction":[{"@type":"ReadAction","target":["https:\/\/nesthostelsvalencia.com\/fr\/comment-arriver-au-purple-nest-hostel\/"]}]},{"@type":"ImageObject","inLanguage":"fr-FR","@id":"https:\/\/nesthostelsvalencia.com\/fr\/comment-arriver-au-purple-nest-hostel\/#primaryimage","url":"https:\/\/nesthostelsvalencia.com\/wp-content\/uploads\/2014\/04\/street-valencia-nesthostelslvaneica.jpg","contentUrl":"https:\/\/nesthostelsvalencia.com\/wp-content\/uploads\/2014\/04\/street-valencia-nesthostelslvaneica.jpg","width":1280,"height":900,"caption":"Streets Valencia"},{"@type":"BreadcrumbList","@id":"https:\/\/nesthostelsvalencia.com\/fr\/comment-arriver-au-purple-nest-hostel\/#breadcrumb","itemListElement":[{"@type":"ListItem","position":1,"name":"Home","item":"https:\/\/nesthostelsvalencia.com\/fr\/"},{"@type":"ListItem","position":2,"name":"Comment se rendre \u00e0 l&rsquo;auberge Purple Nest \u00e0 Valence"}]},{"@type":"WebSite","@id":"https:\/\/nesthostelsvalencia.com\/fr\/#website","url":"https:\/\/nesthostelsvalencia.com\/fr\/","name":"Nest Hostels Valencia","description":"Youth hostels and beds for travelers in Valencia","publisher":{"@id":"https:\/\/nesthostelsvalencia.com\/fr\/#organization"},"alternateName":"Nest Hostels Valencia","potentialAction":[{"@type":"SearchAction","target":{"@type":"EntryPoint","urlTemplate":"https:\/\/nesthostelsvalencia.com\/fr\/?s={search_term_string}"},"query-input":{"@type":"PropertyValueSpecification","valueRequired":true,"valueName":"search_term_string"}}],"inLanguage":"fr-FR"},{"@type":"Organization","@id":"https:\/\/nesthostelsvalencia.com\/fr\/#organization","name":"Nest Hostels Valencia","alternateName":"Youth hostels and beds for travelers in Valencia","url":"https:\/\/nesthostelsvalencia.com\/fr\/","logo":{"@type":"ImageObject","inLanguage":"fr-FR","@id":"https:\/\/nesthostelsvalencia.com\/fr\/#\/schema\/logo\/image\/","url":"https:\/\/nesthostelsvalencia.com\/wp-content\/uploads\/2022\/01\/logo-nesthostels-valencia-feetuphostels.svg","contentUrl":"https:\/\/nesthostelsvalencia.com\/wp-content\/uploads\/2022\/01\/logo-nesthostels-valencia-feetuphostels.svg","width":279,"height":130,"caption":"Nest Hostels Valencia"},"image":{"@id":"https:\/\/nesthostelsvalencia.com\/fr\/#\/schema\/logo\/image\/"}}]}},"_links":{"self":[{"href":"https:\/\/nesthostelsvalencia.com\/fr\/wp-json\/wp\/v2\/pages\/3353","targetHints":{"allow":["GET"]}}],"collection":[{"href":"https:\/\/nesthostelsvalencia.com\/fr\/wp-json\/wp\/v2\/pages"}],"about":[{"href":"https:\/\/nesthostelsvalencia.com\/fr\/wp-json\/wp\/v2\/types\/page"}],"author":[{"embeddable":true,"href":"https:\/\/nesthostelsvalencia.com\/fr\/wp-json\/wp\/v2\/users\/21"}],"replies":[{"embeddable":true,"href":"https:\/\/nesthostelsvalencia.com\/fr\/wp-json\/wp\/v2\/comments?post=3353"}],"version-history":[{"count":0,"href":"https:\/\/nesthostelsvalencia.com\/fr\/wp-json\/wp\/v2\/pages\/3353\/revisions"}],"wp:featuredmedia":[{"embeddable":true,"href":"https:\/\/nesthostelsvalencia.com\/fr\/wp-json\/wp\/v2\/media\/6800"}],"wp:attachment":[{"href":"https:\/\/nesthostelsvalencia.com\/fr\/wp-json\/wp\/v2\/media?parent=3353"}],"curies":[{"name":"wp","href":"https:\/\/api.w.org\/{rel}","templated":true}]}}