{"id":3360,"date":"2015-05-22T12:36:45","date_gmt":"2015-05-22T10:36:45","guid":{"rendered":"http:\/\/www.nesthostelsvalencia.com\/fr\/how-to-get-to-red-nest-hostel\/"},"modified":"2024-07-22T18:41:53","modified_gmt":"2024-07-22T16:41:53","slug":"comment-se-rendre-au-red-nest-hostel","status":"publish","type":"page","link":"https:\/\/nesthostelsvalencia.com\/fr\/comment-se-rendre-au-red-nest-hostel\/","title":{"rendered":"Comment se rendre au Red Nest Hostel"},"content":{"rendered":"\n<h1 class=\"wp-block-heading has-text-align-center\">Emplacement Red Nest Hostel<\/h1>\n\n<iframe src=\"https:\/\/www.google.com\/maps\/embed?pb=!1m14!1m8!1m3!1d6159.489326558575!2d-0.375414800490832!3d39.47509674530684!3m2!1i1024!2i768!4f13.1!3m3!1m2!1s0xd6048b252915ce7%3A0xc3230866517c578d!2sRed%20Nest%20Hostel%20Valencia!5e0!3m2!1ses!2ses!4v1699007339535!5m2!1ses!2ses\" width=\"100%\" height=\"450\" style=\"border:0;\" allowfullscreen=\"\" loading=\"lazy\" referrerpolicy=\"no-referrer-when-downgrade\"><\/iframe>\r\n\n<div style=\"height:25px\" aria-hidden=\"true\" class=\"wp-block-spacer\"><\/div>\n","protected":false},"excerpt":{"rendered":"<p>Comment se rendre \u00e0 l&rsquo;auberge Red Nest \u00e0 Valence. Emplacement du Red Nest Hostel Valencia. Le Red Nest Hostel Valencia est situ\u00e9 dans la rue La Paz, tout pr\u00e8s des lieux les plus touristiques de Valence et des transports en commun qui te permettront de rejoindre n&rsquo;importe quel autre endroit de Valence, y compris la plage.<\/p>\n","protected":false},"author":21,"featured_media":16634,"parent":0,"menu_order":0,"comment_status":"closed","ping_status":"closed","template":"","meta":{"footnotes":""},"class_list":["post-3360","page","type-page","status-publish","has-post-thumbnail","hentry"],"yoast_head":"<!-- This site is optimized with the Yoast SEO plugin v27.4 - https:\/\/yoast.com\/product\/yoast-seo-wordpress\/ -->\n<title>Comment se rendre \u00e0 l&#039;auberge Red Nest Valencia. Emplacement Red Nest Valencia<\/title>\n<meta name=\"description\" content=\"Comment se rendre au Red Nest Hostel Valencia. Emplacement Red Nest dans le centre de Valence. L&#039;h\u00e9bergement le moins cher \u00e0 Valence\" \/>\n<meta name=\"robots\" content=\"index, follow, max-snippet:-1, max-image-preview:large, max-video-preview:-1\" \/>\n<link rel=\"canonical\" href=\"https:\/\/nesthostelsvalencia.com\/fr\/comment-se-rendre-au-red-nest-hostel\/\" \/>\n<meta property=\"og:locale\" content=\"fr_FR\" \/>\n<meta property=\"og:type\" content=\"article\" \/>\n<meta property=\"og:title\" content=\"Comment se rendre \u00e0 l&#039;auberge Red Nest Valencia. Emplacement Red Nest Valencia\" \/>\n<meta property=\"og:description\" content=\"Comment se rendre au Red Nest Hostel Valencia. Emplacement Red Nest dans le centre de Valence. L&#039;h\u00e9bergement le moins cher \u00e0 Valence\" \/>\n<meta property=\"og:url\" content=\"https:\/\/nesthostelsvalencia.com\/fr\/comment-se-rendre-au-red-nest-hostel\/\" \/>\n<meta property=\"og:site_name\" content=\"Nest Hostels Valencia\" \/>\n<meta property=\"article:modified_time\" content=\"2024-07-22T16:41:53+00:00\" \/>\n<meta property=\"og:image\" content=\"https:\/\/nesthostelsvalencia.com\/wp-content\/uploads\/2022\/05\/pexels-nubia-navarro-nubikini-386000.jpg\" \/>\n\t<meta property=\"og:image:width\" content=\"5184\" \/>\n\t<meta property=\"og:image:height\" content=\"3456\" \/>\n\t<meta property=\"og:image:type\" content=\"image\/jpeg\" \/>\n<meta name=\"twitter:card\" content=\"summary_large_image\" \/>\n<meta name=\"twitter:label1\" content=\"Dur\u00e9e de lecture estim\u00e9e\" \/>\n\t<meta name=\"twitter:data1\" content=\"1 minute\" \/>\n<script type=\"application\/ld+json\" class=\"yoast-schema-graph\">{\"@context\":\"https:\\\/\\\/schema.org\",\"@graph\":[{\"@type\":\"WebPage\",\"@id\":\"https:\\\/\\\/nesthostelsvalencia.com\\\/fr\\\/comment-se-rendre-au-red-nest-hostel\\\/\",\"url\":\"https:\\\/\\\/nesthostelsvalencia.com\\\/fr\\\/comment-se-rendre-au-red-nest-hostel\\\/\",\"name\":\"Comment se rendre \u00e0 l'auberge Red Nest Valencia. Emplacement Red Nest Valencia\",\"isPartOf\":{\"@id\":\"https:\\\/\\\/nesthostelsvalencia.com\\\/fr\\\/#website\"},\"primaryImageOfPage\":{\"@id\":\"https:\\\/\\\/nesthostelsvalencia.com\\\/fr\\\/comment-se-rendre-au-red-nest-hostel\\\/#primaryimage\"},\"image\":{\"@id\":\"https:\\\/\\\/nesthostelsvalencia.com\\\/fr\\\/comment-se-rendre-au-red-nest-hostel\\\/#primaryimage\"},\"thumbnailUrl\":\"https:\\\/\\\/nesthostelsvalencia.com\\\/wp-content\\\/uploads\\\/2022\\\/05\\\/pexels-nubia-navarro-nubikini-386000.jpg\",\"datePublished\":\"2015-05-22T10:36:45+00:00\",\"dateModified\":\"2024-07-22T16:41:53+00:00\",\"description\":\"Comment se rendre au Red Nest Hostel Valencia. Emplacement Red Nest dans le centre de Valence. L'h\u00e9bergement le moins cher \u00e0 Valence\",\"breadcrumb\":{\"@id\":\"https:\\\/\\\/nesthostelsvalencia.com\\\/fr\\\/comment-se-rendre-au-red-nest-hostel\\\/#breadcrumb\"},\"inLanguage\":\"fr-FR\",\"potentialAction\":[{\"@type\":\"ReadAction\",\"target\":[\"https:\\\/\\\/nesthostelsvalencia.com\\\/fr\\\/comment-se-rendre-au-red-nest-hostel\\\/\"]}]},{\"@type\":\"ImageObject\",\"inLanguage\":\"fr-FR\",\"@id\":\"https:\\\/\\\/nesthostelsvalencia.com\\\/fr\\\/comment-se-rendre-au-red-nest-hostel\\\/#primaryimage\",\"url\":\"https:\\\/\\\/nesthostelsvalencia.com\\\/wp-content\\\/uploads\\\/2022\\\/05\\\/pexels-nubia-navarro-nubikini-386000.jpg\",\"contentUrl\":\"https:\\\/\\\/nesthostelsvalencia.com\\\/wp-content\\\/uploads\\\/2022\\\/05\\\/pexels-nubia-navarro-nubikini-386000.jpg\",\"width\":5184,\"height\":3456},{\"@type\":\"BreadcrumbList\",\"@id\":\"https:\\\/\\\/nesthostelsvalencia.com\\\/fr\\\/comment-se-rendre-au-red-nest-hostel\\\/#breadcrumb\",\"itemListElement\":[{\"@type\":\"ListItem\",\"position\":1,\"name\":\"Home\",\"item\":\"https:\\\/\\\/nesthostelsvalencia.com\\\/fr\\\/\"},{\"@type\":\"ListItem\",\"position\":2,\"name\":\"Comment se rendre au Red Nest Hostel\"}]},{\"@type\":\"WebSite\",\"@id\":\"https:\\\/\\\/nesthostelsvalencia.com\\\/fr\\\/#website\",\"url\":\"https:\\\/\\\/nesthostelsvalencia.com\\\/fr\\\/\",\"name\":\"Nest Hostels Valencia\",\"description\":\"Youth hostels and beds for travelers in Valencia\",\"publisher\":{\"@id\":\"https:\\\/\\\/nesthostelsvalencia.com\\\/fr\\\/#organization\"},\"alternateName\":\"Nest Hostels Valencia\",\"potentialAction\":[{\"@type\":\"SearchAction\",\"target\":{\"@type\":\"EntryPoint\",\"urlTemplate\":\"https:\\\/\\\/nesthostelsvalencia.com\\\/fr\\\/?s={search_term_string}\"},\"query-input\":{\"@type\":\"PropertyValueSpecification\",\"valueRequired\":true,\"valueName\":\"search_term_string\"}}],\"inLanguage\":\"fr-FR\"},{\"@type\":\"Organization\",\"@id\":\"https:\\\/\\\/nesthostelsvalencia.com\\\/fr\\\/#organization\",\"name\":\"Nest Hostels Valencia\",\"alternateName\":\"Youth hostels and beds for travelers in Valencia\",\"url\":\"https:\\\/\\\/nesthostelsvalencia.com\\\/fr\\\/\",\"logo\":{\"@type\":\"ImageObject\",\"inLanguage\":\"fr-FR\",\"@id\":\"https:\\\/\\\/nesthostelsvalencia.com\\\/fr\\\/#\\\/schema\\\/logo\\\/image\\\/\",\"url\":\"https:\\\/\\\/nesthostelsvalencia.com\\\/wp-content\\\/uploads\\\/2022\\\/01\\\/logo-nesthostels-valencia-feetuphostels.svg\",\"contentUrl\":\"https:\\\/\\\/nesthostelsvalencia.com\\\/wp-content\\\/uploads\\\/2022\\\/01\\\/logo-nesthostels-valencia-feetuphostels.svg\",\"width\":279,\"height\":130,\"caption\":\"Nest Hostels Valencia\"},\"image\":{\"@id\":\"https:\\\/\\\/nesthostelsvalencia.com\\\/fr\\\/#\\\/schema\\\/logo\\\/image\\\/\"}}]}<\/script>\n<!-- \/ Yoast SEO plugin. -->","yoast_head_json":{"title":"Comment se rendre \u00e0 l'auberge Red Nest Valencia. Emplacement Red Nest Valencia","description":"Comment se rendre au Red Nest Hostel Valencia. Emplacement Red Nest dans le centre de Valence. L'h\u00e9bergement le moins cher \u00e0 Valence","robots":{"index":"index","follow":"follow","max-snippet":"max-snippet:-1","max-image-preview":"max-image-preview:large","max-video-preview":"max-video-preview:-1"},"canonical":"https:\/\/nesthostelsvalencia.com\/fr\/comment-se-rendre-au-red-nest-hostel\/","og_locale":"fr_FR","og_type":"article","og_title":"Comment se rendre \u00e0 l'auberge Red Nest Valencia. Emplacement Red Nest Valencia","og_description":"Comment se rendre au Red Nest Hostel Valencia. Emplacement Red Nest dans le centre de Valence. L'h\u00e9bergement le moins cher \u00e0 Valence","og_url":"https:\/\/nesthostelsvalencia.com\/fr\/comment-se-rendre-au-red-nest-hostel\/","og_site_name":"Nest Hostels Valencia","article_modified_time":"2024-07-22T16:41:53+00:00","og_image":[{"width":5184,"height":3456,"url":"https:\/\/nesthostelsvalencia.com\/wp-content\/uploads\/2022\/05\/pexels-nubia-navarro-nubikini-386000.jpg","type":"image\/jpeg"}],"twitter_card":"summary_large_image","twitter_misc":{"Dur\u00e9e de lecture estim\u00e9e":"1 minute"},"schema":{"@context":"https:\/\/schema.org","@graph":[{"@type":"WebPage","@id":"https:\/\/nesthostelsvalencia.com\/fr\/comment-se-rendre-au-red-nest-hostel\/","url":"https:\/\/nesthostelsvalencia.com\/fr\/comment-se-rendre-au-red-nest-hostel\/","name":"Comment se rendre \u00e0 l'auberge Red Nest Valencia. Emplacement Red Nest Valencia","isPartOf":{"@id":"https:\/\/nesthostelsvalencia.com\/fr\/#website"},"primaryImageOfPage":{"@id":"https:\/\/nesthostelsvalencia.com\/fr\/comment-se-rendre-au-red-nest-hostel\/#primaryimage"},"image":{"@id":"https:\/\/nesthostelsvalencia.com\/fr\/comment-se-rendre-au-red-nest-hostel\/#primaryimage"},"thumbnailUrl":"https:\/\/nesthostelsvalencia.com\/wp-content\/uploads\/2022\/05\/pexels-nubia-navarro-nubikini-386000.jpg","datePublished":"2015-05-22T10:36:45+00:00","dateModified":"2024-07-22T16:41:53+00:00","description":"Comment se rendre au Red Nest Hostel Valencia. Emplacement Red Nest dans le centre de Valence. L'h\u00e9bergement le moins cher \u00e0 Valence","breadcrumb":{"@id":"https:\/\/nesthostelsvalencia.com\/fr\/comment-se-rendre-au-red-nest-hostel\/#breadcrumb"},"inLanguage":"fr-FR","potentialAction":[{"@type":"ReadAction","target":["https:\/\/nesthostelsvalencia.com\/fr\/comment-se-rendre-au-red-nest-hostel\/"]}]},{"@type":"ImageObject","inLanguage":"fr-FR","@id":"https:\/\/nesthostelsvalencia.com\/fr\/comment-se-rendre-au-red-nest-hostel\/#primaryimage","url":"https:\/\/nesthostelsvalencia.com\/wp-content\/uploads\/2022\/05\/pexels-nubia-navarro-nubikini-386000.jpg","contentUrl":"https:\/\/nesthostelsvalencia.com\/wp-content\/uploads\/2022\/05\/pexels-nubia-navarro-nubikini-386000.jpg","width":5184,"height":3456},{"@type":"BreadcrumbList","@id":"https:\/\/nesthostelsvalencia.com\/fr\/comment-se-rendre-au-red-nest-hostel\/#breadcrumb","itemListElement":[{"@type":"ListItem","position":1,"name":"Home","item":"https:\/\/nesthostelsvalencia.com\/fr\/"},{"@type":"ListItem","position":2,"name":"Comment se rendre au Red Nest Hostel"}]},{"@type":"WebSite","@id":"https:\/\/nesthostelsvalencia.com\/fr\/#website","url":"https:\/\/nesthostelsvalencia.com\/fr\/","name":"Nest Hostels Valencia","description":"Youth hostels and beds for travelers in Valencia","publisher":{"@id":"https:\/\/nesthostelsvalencia.com\/fr\/#organization"},"alternateName":"Nest Hostels Valencia","potentialAction":[{"@type":"SearchAction","target":{"@type":"EntryPoint","urlTemplate":"https:\/\/nesthostelsvalencia.com\/fr\/?s={search_term_string}"},"query-input":{"@type":"PropertyValueSpecification","valueRequired":true,"valueName":"search_term_string"}}],"inLanguage":"fr-FR"},{"@type":"Organization","@id":"https:\/\/nesthostelsvalencia.com\/fr\/#organization","name":"Nest Hostels Valencia","alternateName":"Youth hostels and beds for travelers in Valencia","url":"https:\/\/nesthostelsvalencia.com\/fr\/","logo":{"@type":"ImageObject","inLanguage":"fr-FR","@id":"https:\/\/nesthostelsvalencia.com\/fr\/#\/schema\/logo\/image\/","url":"https:\/\/nesthostelsvalencia.com\/wp-content\/uploads\/2022\/01\/logo-nesthostels-valencia-feetuphostels.svg","contentUrl":"https:\/\/nesthostelsvalencia.com\/wp-content\/uploads\/2022\/01\/logo-nesthostels-valencia-feetuphostels.svg","width":279,"height":130,"caption":"Nest Hostels Valencia"},"image":{"@id":"https:\/\/nesthostelsvalencia.com\/fr\/#\/schema\/logo\/image\/"}}]}},"_links":{"self":[{"href":"https:\/\/nesthostelsvalencia.com\/fr\/wp-json\/wp\/v2\/pages\/3360","targetHints":{"allow":["GET"]}}],"collection":[{"href":"https:\/\/nesthostelsvalencia.com\/fr\/wp-json\/wp\/v2\/pages"}],"about":[{"href":"https:\/\/nesthostelsvalencia.com\/fr\/wp-json\/wp\/v2\/types\/page"}],"author":[{"embeddable":true,"href":"https:\/\/nesthostelsvalencia.com\/fr\/wp-json\/wp\/v2\/users\/21"}],"replies":[{"embeddable":true,"href":"https:\/\/nesthostelsvalencia.com\/fr\/wp-json\/wp\/v2\/comments?post=3360"}],"version-history":[{"count":0,"href":"https:\/\/nesthostelsvalencia.com\/fr\/wp-json\/wp\/v2\/pages\/3360\/revisions"}],"wp:featuredmedia":[{"embeddable":true,"href":"https:\/\/nesthostelsvalencia.com\/fr\/wp-json\/wp\/v2\/media\/16634"}],"wp:attachment":[{"href":"https:\/\/nesthostelsvalencia.com\/fr\/wp-json\/wp\/v2\/media?parent=3360"}],"curies":[{"name":"wp","href":"https:\/\/api.w.org\/{rel}","templated":true}]}}