{"id":3381,"date":"2015-06-15T09:51:42","date_gmt":"2015-06-15T07:51:42","guid":{"rendered":"http:\/\/www.nesthostelsvalencia.com\/fr\/group-booking\/"},"modified":"2023-10-25T12:25:30","modified_gmt":"2023-10-25T10:25:30","slug":"reservation-groupe","status":"publish","type":"page","link":"https:\/\/nesthostelsvalencia.com\/fr\/reservation-groupe\/","title":{"rendered":"R\u00e9servations de Groupe"},"content":{"rendered":"\n<h1 class=\"wp-block-heading has-text-align-center\">R\u00e9servations de groupe \u00e0 Nest Hostels Valencia<\/h1>\n\n\n\n<h2 class=\"wp-block-heading has-text-align-center\">H\u00e9bergement et auberges pour groupes \u00e0 Valence<\/h2>\n\n\n\n<p class=\"has-text-align-center\">R\u00e9servations de groupe et r\u00e9servez un h\u00e9bergement pour votre groupe \u00e0 Valence gr\u00e2ce \u00e0 Feet Up Hostels. Nous sommes sp\u00e9cialis\u00e9s dans la gestion des r\u00e9servations de groupe (Seulement pour 10 personnes ou plus)<\/p>\n\n\n\n<figure class=\"wp-block-image aligncenter size-large\"><a href=\"https:\/\/nesthostelsvalencia.com\/wp-content\/uploads\/2014\/10\/background-travelingroup.jpg\"><img fetchpriority=\"high\" decoding=\"async\" width=\"1024\" height=\"576\" src=\"https:\/\/nesthostelsvalencia.com\/wp-content\/uploads\/2014\/10\/background-travelingroup-1024x576.jpg\" alt=\"Les meilleurs Groupes \u00e0 Nest Hostels Valencia\" class=\"wp-image-3561\" srcset=\"https:\/\/nesthostelsvalencia.com\/wp-content\/uploads\/2014\/10\/background-travelingroup-1024x576.jpg 1024w, https:\/\/nesthostelsvalencia.com\/wp-content\/uploads\/2014\/10\/background-travelingroup-300x169.jpg 300w, https:\/\/nesthostelsvalencia.com\/wp-content\/uploads\/2014\/10\/background-travelingroup-768x432.jpg 768w, https:\/\/nesthostelsvalencia.com\/wp-content\/uploads\/2014\/10\/background-travelingroup-260x146.jpg 260w, https:\/\/nesthostelsvalencia.com\/wp-content\/uploads\/2014\/10\/background-travelingroup-50x28.jpg 50w, https:\/\/nesthostelsvalencia.com\/wp-content\/uploads\/2014\/10\/background-travelingroup-133x75.jpg 133w, https:\/\/nesthostelsvalencia.com\/wp-content\/uploads\/2014\/10\/background-travelingroup.jpg 1920w\" sizes=\"(max-width: 1024px) 100vw, 1024px\" \/><\/a><figcaption class=\"wp-element-caption\">Les meilleurs Groupes \u00e0 Nest Hostels Valencia<\/figcaption><\/figure>\n\n\n\n<p>Planifiez votre voyage avec Feet Up Hostels<\/p>\n\n\n\n<p>Are you planning to visit Valencia with your group? are you more than 10 people? We know that finding the perfect accommodation for your group can be really difficult, especially in a city like Valencia, that&rsquo;s why at Nest Hostels Valencia we have a specialized group department that will help and advise you on everything related to your group:<\/p>\n\n\n\n<ul class=\"wp-block-list\">\n<li>L&rsquo;h\u00e9bergement<\/li>\n\n\n\n<li><a href=\"https:\/\/nesthostelsvalencia.com\/top-activities-to-do-in-valencia\/\">Activit\u00e9<\/a><\/li>\n\n\n\n<li>Transfert.<\/li>\n\n\n\n<li>Mangez.<\/li>\n<\/ul>\n\n\n\n<p>Laisse tes soucis \u00e0 la maison et, consacre-toi uniquement \u00e0 profiter de ton s\u00e9jour et de Valence.<\/p>\n\n\n\n<h2 class=\"wp-block-heading\">Ce sont les avantages que vous et votre groupe aurez lors de la r\u00e9servation avec nous<\/h2>\n\n\n\n<ul class=\"wp-block-list\">\n<li>Le meilleur prix garanti<\/li>\n\n\n\n<li>Grande vari\u00e9t\u00e9 de types de chambres.<\/li>\n\n\n\n<li>Organisation des activit\u00e9s.<\/li>\n\n\n\n<li>Service de transfert I\/v vers l&rsquo;a\u00e9roport.<\/li>\n\n\n\n<li>Service personnalis\u00e9.<\/li>\n\n\n\n<li><a href=\"https:\/\/devoradorescatering.com\/\" target=\"_blank\" rel=\"noreferrer noopener\">Catering<\/a> pour les d\u00e9jeuners, les d\u00eeners et les pique-niques.<\/li>\n\n\n\n<li>D\u00e9partement sp\u00e9cialis\u00e9 dans les groupes.<\/li>\n\n\n\n<li>Salle de stockage des bagages gratuite.<\/li>\n<\/ul>\n\n\n\n<p><\/p>\n\n\n\n<p class=\"has-white-color has-vivid-cyan-blue-background-color has-text-color has-background\">N&rsquo;oublie pas ! Pour t&rsquo;inscrire dans les auberges du <a href=\"https:\/\/feetuphostels.com\/fr\/\" target=\"_blank\" rel=\"noopener\">groupe Feet Up Hostels<\/a>, tu dois fournir une caution de 10 \u20ac et un passeport, une carte d&rsquo;identit\u00e9 ou un permis de conduire en cours de validit\u00e9.<\/p>\n\n\n\n<h2 class=\"wp-block-heading\">R\u00e9servez un h\u00e9bergement pour votre groupe \u00e0 Valence<\/h2>\n\n\n\n<p>Vous ne connaissez pas la ville et vous ne savez pas par o\u00f9 commencer? Vous ne trouvez pas de restaurant adapt\u00e9 aux besoins de votre groupe? Vous n&rsquo;avez pas le bon budget? Nous pensons qu&rsquo;apr\u00e8s une journ\u00e9e enti\u00e8re de visites \u00e0 Valence, vous avez besoin de vous reposer et de mettre vos soucis de c\u00f4t\u00e9, c&rsquo;est pourquoi <strong>Nest Hostels Valencia<\/strong> met \u00e0 votre disposition un service de menu qui s&rsquo;adapte \u00e0 tous vos besoins. Nous proposons la demi-pension, la pension compl\u00e8te et les pique-niques. Les pensions peuvent \u00eatre combin\u00e9es de la mani\u00e8re qui vous convient le mieux.<\/p>\n\n\n\n<h2 class=\"wp-block-heading\">Nous avons des menus pour les v\u00e9g\u00e9tariens, les athl\u00e8tes, les coeliaques, etc.<\/h2>\n\n\n\n<p>Vous n&rsquo;aurez qu&rsquo;\u00e0 nous informer \u00e0 l&rsquo;avance du menu que vous souhaitez et des r\u00e9gimes sp\u00e9ciaux et nous nous occuperons de tout avant votre arriv\u00e9e.<\/p>\n\n\n\n<p>Avec une gestion de plus de 500 groupes annuels depuis 2010, Purple Nest Hostel Valencia et Red Nest Hostel Valencia font partie du groupe Feet Up Hostels, l&rsquo;une des cha\u00eenes d&rsquo;auberges les plus c\u00e9l\u00e8bres d&rsquo;Espagne et avec beaucoup d&rsquo;exp\u00e9rience dans le tourisme des jeunes. Nous offrons l&rsquo;h\u00e9bergement \u00e0 toutes sortes de groupes, y compris les \u00e9coles, les universit\u00e9s, les entreprises, les groupes d&rsquo;\u00e9v\u00e9nements, les institutions sportives, etc. De plus, si vous souhaitez visiter l&rsquo;auberge avant votre s\u00e9jour, notre service des groupes effectuera une visite guid\u00e9e afin que vous puissiez voir nos installations et r\u00e9soudre tous les doutes que vous avez sur les auberges Nest Valencia.<\/p>\n","protected":false},"excerpt":{"rendered":"<p>R\u00e9servation de groupes \u00e0 Valence. H\u00e9bergement pour les groupes au meilleur prix. Contacte-nous et obtiens des offres en \u2705 H\u00e9bergement \u2705 Nourriture \u2705 Activit\u00e9s.<\/p>\n","protected":false},"author":21,"featured_media":6500,"parent":0,"menu_order":0,"comment_status":"open","ping_status":"open","template":"","meta":{"footnotes":""},"class_list":["post-3381","page","type-page","status-publish","has-post-thumbnail","hentry"],"yoast_head":"<!-- This site is optimized with the Yoast SEO plugin v27.3 - https:\/\/yoast.com\/product\/yoast-seo-wordpress\/ -->\n<title>R\u00e9servations de groupe Valence \u2705 H\u00e9bergement pour groupes \u00e0 Valence<\/title>\n<meta name=\"description\" content=\"R\u00e9servations de groupe Valencia. H\u00e9bergement pour groupes au meilleur prix. Contactez-nous et obtenez des offres en \u2705 H\u00e9bergement \u2705 Nourriture \u2705 Activit\u00e9s\" \/>\n<meta name=\"robots\" content=\"index, follow, max-snippet:-1, max-image-preview:large, max-video-preview:-1\" \/>\n<link rel=\"canonical\" href=\"https:\/\/nesthostelsvalencia.com\/fr\/reservation-groupe\/\" \/>\n<meta property=\"og:locale\" content=\"fr_FR\" \/>\n<meta property=\"og:type\" content=\"article\" \/>\n<meta property=\"og:title\" content=\"R\u00e9servations de groupe Valence \u2705 H\u00e9bergement pour groupes \u00e0 Valence\" \/>\n<meta property=\"og:description\" content=\"R\u00e9servations de groupe Valencia. H\u00e9bergement pour groupes au meilleur prix. Contactez-nous et obtenez des offres en \u2705 H\u00e9bergement \u2705 Nourriture \u2705 Activit\u00e9s\" \/>\n<meta property=\"og:url\" content=\"https:\/\/nesthostelsvalencia.com\/fr\/reservation-groupe\/\" \/>\n<meta property=\"og:site_name\" content=\"Nest Hostels Valencia\" \/>\n<meta property=\"article:modified_time\" content=\"2023-10-25T10:25:30+00:00\" \/>\n<meta property=\"og:image\" content=\"https:\/\/nesthostelsvalencia.com\/wp-content\/uploads\/2014\/10\/background-travelingroup.jpg\" \/>\n\t<meta property=\"og:image:width\" content=\"1920\" \/>\n\t<meta property=\"og:image:height\" content=\"1080\" \/>\n\t<meta property=\"og:image:type\" content=\"image\/jpeg\" \/>\n<meta name=\"twitter:card\" content=\"summary_large_image\" \/>\n<meta name=\"twitter:label1\" content=\"Dur\u00e9e de lecture estim\u00e9e\" \/>\n\t<meta name=\"twitter:data1\" content=\"3 minutes\" \/>\n<script type=\"application\/ld+json\" class=\"yoast-schema-graph\">{\"@context\":\"https:\\\/\\\/schema.org\",\"@graph\":[{\"@type\":\"WebPage\",\"@id\":\"https:\\\/\\\/nesthostelsvalencia.com\\\/fr\\\/reservation-groupe\\\/\",\"url\":\"https:\\\/\\\/nesthostelsvalencia.com\\\/fr\\\/reservation-groupe\\\/\",\"name\":\"R\u00e9servations de groupe Valence \u2705 H\u00e9bergement pour groupes \u00e0 Valence\",\"isPartOf\":{\"@id\":\"https:\\\/\\\/nesthostelsvalencia.com\\\/fr\\\/#website\"},\"primaryImageOfPage\":{\"@id\":\"https:\\\/\\\/nesthostelsvalencia.com\\\/fr\\\/reservation-groupe\\\/#primaryimage\"},\"image\":{\"@id\":\"https:\\\/\\\/nesthostelsvalencia.com\\\/fr\\\/reservation-groupe\\\/#primaryimage\"},\"thumbnailUrl\":\"https:\\\/\\\/nesthostelsvalencia.com\\\/wp-content\\\/uploads\\\/2014\\\/10\\\/background-travelingroup.jpg\",\"datePublished\":\"2015-06-15T07:51:42+00:00\",\"dateModified\":\"2023-10-25T10:25:30+00:00\",\"description\":\"R\u00e9servations de groupe Valencia. H\u00e9bergement pour groupes au meilleur prix. Contactez-nous et obtenez des offres en \u2705 H\u00e9bergement \u2705 Nourriture \u2705 Activit\u00e9s\",\"breadcrumb\":{\"@id\":\"https:\\\/\\\/nesthostelsvalencia.com\\\/fr\\\/reservation-groupe\\\/#breadcrumb\"},\"inLanguage\":\"fr-FR\",\"potentialAction\":[{\"@type\":\"ReadAction\",\"target\":[\"https:\\\/\\\/nesthostelsvalencia.com\\\/fr\\\/reservation-groupe\\\/\"]}]},{\"@type\":\"ImageObject\",\"inLanguage\":\"fr-FR\",\"@id\":\"https:\\\/\\\/nesthostelsvalencia.com\\\/fr\\\/reservation-groupe\\\/#primaryimage\",\"url\":\"https:\\\/\\\/nesthostelsvalencia.com\\\/wp-content\\\/uploads\\\/2014\\\/10\\\/background-travelingroup.jpg\",\"contentUrl\":\"https:\\\/\\\/nesthostelsvalencia.com\\\/wp-content\\\/uploads\\\/2014\\\/10\\\/background-travelingroup.jpg\",\"width\":1920,\"height\":1080,\"caption\":\"The Best Groups in Nest Hostels Valencia\"},{\"@type\":\"BreadcrumbList\",\"@id\":\"https:\\\/\\\/nesthostelsvalencia.com\\\/fr\\\/reservation-groupe\\\/#breadcrumb\",\"itemListElement\":[{\"@type\":\"ListItem\",\"position\":1,\"name\":\"Home\",\"item\":\"https:\\\/\\\/nesthostelsvalencia.com\\\/fr\\\/\"},{\"@type\":\"ListItem\",\"position\":2,\"name\":\"R\u00e9servations de Groupe\"}]},{\"@type\":\"WebSite\",\"@id\":\"https:\\\/\\\/nesthostelsvalencia.com\\\/fr\\\/#website\",\"url\":\"https:\\\/\\\/nesthostelsvalencia.com\\\/fr\\\/\",\"name\":\"Nest Hostels Valencia\",\"description\":\"Youth hostels and beds for travelers in Valencia\",\"publisher\":{\"@id\":\"https:\\\/\\\/nesthostelsvalencia.com\\\/fr\\\/#organization\"},\"alternateName\":\"Nest Hostels Valencia\",\"potentialAction\":[{\"@type\":\"SearchAction\",\"target\":{\"@type\":\"EntryPoint\",\"urlTemplate\":\"https:\\\/\\\/nesthostelsvalencia.com\\\/fr\\\/?s={search_term_string}\"},\"query-input\":{\"@type\":\"PropertyValueSpecification\",\"valueRequired\":true,\"valueName\":\"search_term_string\"}}],\"inLanguage\":\"fr-FR\"},{\"@type\":\"Organization\",\"@id\":\"https:\\\/\\\/nesthostelsvalencia.com\\\/fr\\\/#organization\",\"name\":\"Nest Hostels Valencia\",\"alternateName\":\"Youth hostels and beds for travelers in Valencia\",\"url\":\"https:\\\/\\\/nesthostelsvalencia.com\\\/fr\\\/\",\"logo\":{\"@type\":\"ImageObject\",\"inLanguage\":\"fr-FR\",\"@id\":\"https:\\\/\\\/nesthostelsvalencia.com\\\/fr\\\/#\\\/schema\\\/logo\\\/image\\\/\",\"url\":\"https:\\\/\\\/nesthostelsvalencia.com\\\/wp-content\\\/uploads\\\/2022\\\/01\\\/logo-nesthostels-valencia-feetuphostels.svg\",\"contentUrl\":\"https:\\\/\\\/nesthostelsvalencia.com\\\/wp-content\\\/uploads\\\/2022\\\/01\\\/logo-nesthostels-valencia-feetuphostels.svg\",\"width\":279,\"height\":130,\"caption\":\"Nest Hostels Valencia\"},\"image\":{\"@id\":\"https:\\\/\\\/nesthostelsvalencia.com\\\/fr\\\/#\\\/schema\\\/logo\\\/image\\\/\"}}]}<\/script>\n<!-- \/ Yoast SEO plugin. -->","yoast_head_json":{"title":"R\u00e9servations de groupe Valence \u2705 H\u00e9bergement pour groupes \u00e0 Valence","description":"R\u00e9servations de groupe Valencia. H\u00e9bergement pour groupes au meilleur prix. Contactez-nous et obtenez des offres en \u2705 H\u00e9bergement \u2705 Nourriture \u2705 Activit\u00e9s","robots":{"index":"index","follow":"follow","max-snippet":"max-snippet:-1","max-image-preview":"max-image-preview:large","max-video-preview":"max-video-preview:-1"},"canonical":"https:\/\/nesthostelsvalencia.com\/fr\/reservation-groupe\/","og_locale":"fr_FR","og_type":"article","og_title":"R\u00e9servations de groupe Valence \u2705 H\u00e9bergement pour groupes \u00e0 Valence","og_description":"R\u00e9servations de groupe Valencia. H\u00e9bergement pour groupes au meilleur prix. Contactez-nous et obtenez des offres en \u2705 H\u00e9bergement \u2705 Nourriture \u2705 Activit\u00e9s","og_url":"https:\/\/nesthostelsvalencia.com\/fr\/reservation-groupe\/","og_site_name":"Nest Hostels Valencia","article_modified_time":"2023-10-25T10:25:30+00:00","og_image":[{"width":1920,"height":1080,"url":"https:\/\/nesthostelsvalencia.com\/wp-content\/uploads\/2014\/10\/background-travelingroup.jpg","type":"image\/jpeg"}],"twitter_card":"summary_large_image","twitter_misc":{"Dur\u00e9e de lecture estim\u00e9e":"3 minutes"},"schema":{"@context":"https:\/\/schema.org","@graph":[{"@type":"WebPage","@id":"https:\/\/nesthostelsvalencia.com\/fr\/reservation-groupe\/","url":"https:\/\/nesthostelsvalencia.com\/fr\/reservation-groupe\/","name":"R\u00e9servations de groupe Valence \u2705 H\u00e9bergement pour groupes \u00e0 Valence","isPartOf":{"@id":"https:\/\/nesthostelsvalencia.com\/fr\/#website"},"primaryImageOfPage":{"@id":"https:\/\/nesthostelsvalencia.com\/fr\/reservation-groupe\/#primaryimage"},"image":{"@id":"https:\/\/nesthostelsvalencia.com\/fr\/reservation-groupe\/#primaryimage"},"thumbnailUrl":"https:\/\/nesthostelsvalencia.com\/wp-content\/uploads\/2014\/10\/background-travelingroup.jpg","datePublished":"2015-06-15T07:51:42+00:00","dateModified":"2023-10-25T10:25:30+00:00","description":"R\u00e9servations de groupe Valencia. H\u00e9bergement pour groupes au meilleur prix. Contactez-nous et obtenez des offres en \u2705 H\u00e9bergement \u2705 Nourriture \u2705 Activit\u00e9s","breadcrumb":{"@id":"https:\/\/nesthostelsvalencia.com\/fr\/reservation-groupe\/#breadcrumb"},"inLanguage":"fr-FR","potentialAction":[{"@type":"ReadAction","target":["https:\/\/nesthostelsvalencia.com\/fr\/reservation-groupe\/"]}]},{"@type":"ImageObject","inLanguage":"fr-FR","@id":"https:\/\/nesthostelsvalencia.com\/fr\/reservation-groupe\/#primaryimage","url":"https:\/\/nesthostelsvalencia.com\/wp-content\/uploads\/2014\/10\/background-travelingroup.jpg","contentUrl":"https:\/\/nesthostelsvalencia.com\/wp-content\/uploads\/2014\/10\/background-travelingroup.jpg","width":1920,"height":1080,"caption":"The Best Groups in Nest Hostels Valencia"},{"@type":"BreadcrumbList","@id":"https:\/\/nesthostelsvalencia.com\/fr\/reservation-groupe\/#breadcrumb","itemListElement":[{"@type":"ListItem","position":1,"name":"Home","item":"https:\/\/nesthostelsvalencia.com\/fr\/"},{"@type":"ListItem","position":2,"name":"R\u00e9servations de Groupe"}]},{"@type":"WebSite","@id":"https:\/\/nesthostelsvalencia.com\/fr\/#website","url":"https:\/\/nesthostelsvalencia.com\/fr\/","name":"Nest Hostels Valencia","description":"Youth hostels and beds for travelers in Valencia","publisher":{"@id":"https:\/\/nesthostelsvalencia.com\/fr\/#organization"},"alternateName":"Nest Hostels Valencia","potentialAction":[{"@type":"SearchAction","target":{"@type":"EntryPoint","urlTemplate":"https:\/\/nesthostelsvalencia.com\/fr\/?s={search_term_string}"},"query-input":{"@type":"PropertyValueSpecification","valueRequired":true,"valueName":"search_term_string"}}],"inLanguage":"fr-FR"},{"@type":"Organization","@id":"https:\/\/nesthostelsvalencia.com\/fr\/#organization","name":"Nest Hostels Valencia","alternateName":"Youth hostels and beds for travelers in Valencia","url":"https:\/\/nesthostelsvalencia.com\/fr\/","logo":{"@type":"ImageObject","inLanguage":"fr-FR","@id":"https:\/\/nesthostelsvalencia.com\/fr\/#\/schema\/logo\/image\/","url":"https:\/\/nesthostelsvalencia.com\/wp-content\/uploads\/2022\/01\/logo-nesthostels-valencia-feetuphostels.svg","contentUrl":"https:\/\/nesthostelsvalencia.com\/wp-content\/uploads\/2022\/01\/logo-nesthostels-valencia-feetuphostels.svg","width":279,"height":130,"caption":"Nest Hostels Valencia"},"image":{"@id":"https:\/\/nesthostelsvalencia.com\/fr\/#\/schema\/logo\/image\/"}}]}},"_links":{"self":[{"href":"https:\/\/nesthostelsvalencia.com\/fr\/wp-json\/wp\/v2\/pages\/3381","targetHints":{"allow":["GET"]}}],"collection":[{"href":"https:\/\/nesthostelsvalencia.com\/fr\/wp-json\/wp\/v2\/pages"}],"about":[{"href":"https:\/\/nesthostelsvalencia.com\/fr\/wp-json\/wp\/v2\/types\/page"}],"author":[{"embeddable":true,"href":"https:\/\/nesthostelsvalencia.com\/fr\/wp-json\/wp\/v2\/users\/21"}],"replies":[{"embeddable":true,"href":"https:\/\/nesthostelsvalencia.com\/fr\/wp-json\/wp\/v2\/comments?post=3381"}],"version-history":[{"count":0,"href":"https:\/\/nesthostelsvalencia.com\/fr\/wp-json\/wp\/v2\/pages\/3381\/revisions"}],"wp:featuredmedia":[{"embeddable":true,"href":"https:\/\/nesthostelsvalencia.com\/fr\/wp-json\/wp\/v2\/media\/6500"}],"wp:attachment":[{"href":"https:\/\/nesthostelsvalencia.com\/fr\/wp-json\/wp\/v2\/media?parent=3381"}],"curies":[{"name":"wp","href":"https:\/\/api.w.org\/{rel}","templated":true}]}}