{"id":3716,"date":"2014-10-15T10:41:58","date_gmt":"2014-10-15T08:41:58","guid":{"rendered":"https:\/\/nesthostelsvalencia.com\/2017\/home\/"},"modified":"2023-03-18T18:16:26","modified_gmt":"2023-03-18T17:16:26","slug":"home","status":"publish","type":"page","link":"https:\/\/nesthostelsvalencia.com\/fr\/","title":{"rendered":"Nest Hostels Valence"},"content":{"rendered":"\n<h1 class=\"has-text-align-center wp-block-heading\">Nest Hostels Valence | Bienvenue \u00e0 Valence!<\/h1>\n\n<h2 class=\"wp-block-heading\">We are Friendliness Specialists<\/h2>\n\n<p><strong>Nest Hostels Group<\/strong>, nous sommes l&rsquo;une des cha\u00eenes d&rsquo;auberges de jeunesse les plus connues d&rsquo;Espagne. Nous avons plus de 15 ans d&rsquo;exp\u00e9rience dans l&rsquo;offre d&rsquo;h\u00e9bergements de qualit\u00e9 \u00e0 un prix abordable pour tous les voyageurs visitant Valence.<\/p>\n\n<p>Ce sont quelques-uns des services que vous trouverez en s\u00e9journant chez nous.<\/p>\n\n<ul class=\"wp-block-list\">\n<li>Notre personnel parle plusieurs langues (anglais, fran\u00e7ais, italien, espagnol, portugais, grec).<\/li>\n\n\n\n<li>Machine \u00e0 laver et s\u00e8che-cheveux.<\/li>\n\n\n\n<li>Petit d\u00e9jeuner continental (facultatif).<\/li>\n\n\n\n<li>Tous nos prix sont sans frais cach\u00e9s.<\/li>\n\n\n\n<li>Chambres familiales.<\/li>\n\n\n\n<li>Cuisine enti\u00e8rement \u00e9quip\u00e9e<\/li>\n\n\n\n<li>Air conditioning in all rooms.<\/li>\n<\/ul>\n\n<h3 class=\"wp-block-heading\">Pas de prix cach\u00e9s<\/h3>\n\n<p>Prix officiels, meilleurs que dans d&rsquo;autres canaux de r\u00e9servation.<\/p>\n\n<h3 class=\"wp-block-heading\">Vrais commentaires des clients<\/h3>\n\n<p>Toutes les opinions proviennent de clients qui ont s\u00e9journ\u00e9 chez nous.<\/p>\n\n<h3 class=\"wp-block-heading\"><a href=\"https:\/\/feetuphostels.com\/fr\/\" target=\"_blank\" rel=\"noreferrer noopener\">Annulation gratuite*<\/a><\/h3>\n\n<p>Vous pouvez annuler votre r\u00e9servation gratuitement dans *n&rsquo;importe laquelle des chambres.<\/p>\n\n<h3 class=\"wp-block-heading\">R\u00e9servations directes avec l&rsquo;auberge<\/h3>\n\n<p>Prix officiel sans interm\u00e9diaires.<\/p>\n\n<h3 class=\"wp-block-heading\">Nettoyage et protection<\/h3>\n\n<p>Le nettoyage est quelque chose que nous prenons tr\u00e8s au s\u00e9rieux.<\/p>\n\n<h2 class=\"wp-block-heading\"><a href=\"https:\/\/nesthostelsvalencia.com\/fr\/red-nest-hostel-valencia\/\" target=\"_blank\" rel=\"noreferrer noopener\">Auberge de jeunesse Red Nest Valence<\/a><\/h2>\n\n<figure class=\"wp-block-image aligncenter size-full\"><a href=\"https:\/\/nesthostelsvalencia.com\/wp-content\/uploads\/2018\/11\/red-nest-hostel-valencia-nesthostelsvalencia-2018.jpg\"><img fetchpriority=\"high\" decoding=\"async\" width=\"1200\" height=\"900\" src=\"https:\/\/nesthostelsvalencia.com\/wp-content\/uploads\/2018\/11\/red-nest-hostel-valencia-nesthostelsvalencia-2018.jpg\" alt=\"Auberge de jeunesse Red Nest Valence\" class=\"wp-image-9754\" srcset=\"https:\/\/nesthostelsvalencia.com\/wp-content\/uploads\/2018\/11\/red-nest-hostel-valencia-nesthostelsvalencia-2018.jpg 1200w, https:\/\/nesthostelsvalencia.com\/wp-content\/uploads\/2018\/11\/red-nest-hostel-valencia-nesthostelsvalencia-2018-300x225.jpg 300w, https:\/\/nesthostelsvalencia.com\/wp-content\/uploads\/2018\/11\/red-nest-hostel-valencia-nesthostelsvalencia-2018-768x576.jpg 768w, https:\/\/nesthostelsvalencia.com\/wp-content\/uploads\/2018\/11\/red-nest-hostel-valencia-nesthostelsvalencia-2018-1024x768.jpg 1024w, https:\/\/nesthostelsvalencia.com\/wp-content\/uploads\/2018\/11\/red-nest-hostel-valencia-nesthostelsvalencia-2018-195x146.jpg 195w, https:\/\/nesthostelsvalencia.com\/wp-content\/uploads\/2018\/11\/red-nest-hostel-valencia-nesthostelsvalencia-2018-50x38.jpg 50w, https:\/\/nesthostelsvalencia.com\/wp-content\/uploads\/2018\/11\/red-nest-hostel-valencia-nesthostelsvalencia-2018-100x75.jpg 100w\" sizes=\"(max-width: 1200px) 100vw, 1200px\" \/><\/a><figcaption class=\"wp-element-caption\">Auberge de jeunesse Red Nest Valence<\/figcaption><\/figure>\n\n<h3 class=\"wp-block-heading\">Nest Hostels Valencia. Une auberge dans le centre de Valence<\/h3>\n\n<p>Chambres priv\u00e9es, partag\u00e9es, mixtes et familiales o\u00f9 vous trouverez des casiers gratuits pour ranger vos bagages.<\/p>\n\n<p>Situ\u00e9 sur la c\u00e9l\u00e8bre <a href=\"https:\/\/nesthostelsvalencia.com\/fr\/comment-se-rendre-au-red-nest-hostel\/\">rue La Paz \u00e0 Valence<\/a> et \u00e0 quelques m\u00e8tres de nombreux endroits embl\u00e9matiques \u00e0 conna\u00eetre lors de votre visite \u00e0 Valence.<\/p>\n\n<p>De notre auberge, vous pouvez rejoindre presque n&rsquo;importe o\u00f9 dans la ville, car nous avons les transports en commun tr\u00e8s proches de nos installations.<\/p>\n\n<h2 class=\"wp-block-heading\"><a href=\"https:\/\/nesthostelsvalencia.com\/fr\/purple-nest-hostel-valencia\/\" target=\"_blank\" rel=\"noreferrer noopener\">Purple Nest Hostel Valencia<\/a><\/h2>\n\n<figure class=\"wp-block-image aligncenter size-full\"><a href=\"https:\/\/nesthostelsvalencia.com\/wp-content\/uploads\/2018\/07\/06purple-nest-hostel-valencia-friendliness.jpg\"><img decoding=\"async\" width=\"1200\" height=\"900\" src=\"https:\/\/nesthostelsvalencia.com\/wp-content\/uploads\/2018\/07\/06purple-nest-hostel-valencia-friendliness.jpg\" alt=\"Purple Nest Hostel Valencia\" class=\"wp-image-9632\" srcset=\"https:\/\/nesthostelsvalencia.com\/wp-content\/uploads\/2018\/07\/06purple-nest-hostel-valencia-friendliness.jpg 1200w, https:\/\/nesthostelsvalencia.com\/wp-content\/uploads\/2018\/07\/06purple-nest-hostel-valencia-friendliness-300x225.jpg 300w, https:\/\/nesthostelsvalencia.com\/wp-content\/uploads\/2018\/07\/06purple-nest-hostel-valencia-friendliness-768x576.jpg 768w, https:\/\/nesthostelsvalencia.com\/wp-content\/uploads\/2018\/07\/06purple-nest-hostel-valencia-friendliness-1024x768.jpg 1024w, https:\/\/nesthostelsvalencia.com\/wp-content\/uploads\/2018\/07\/06purple-nest-hostel-valencia-friendliness-195x146.jpg 195w, https:\/\/nesthostelsvalencia.com\/wp-content\/uploads\/2018\/07\/06purple-nest-hostel-valencia-friendliness-50x38.jpg 50w, https:\/\/nesthostelsvalencia.com\/wp-content\/uploads\/2018\/07\/06purple-nest-hostel-valencia-friendliness-100x75.jpg 100w\" sizes=\"(max-width: 1200px) 100vw, 1200px\" \/><\/a><figcaption class=\"wp-element-caption\">Purple Nest Hostel Valencia<\/figcaption><\/figure>\n\n<h3 class=\"wp-block-heading\">Une auberge centrale et \u00e9conomique pour s\u00e9journer \u00e0 Valence<\/h3>\n\n<p>Avec une r\u00e9ception o\u00f9 vous serez assist\u00e9 par notre personnel multilingue qui sera pr\u00eat \u00e0 vous aider 24 heures par jour.<\/p>\n\n<p>Des installations color\u00e9es dont vous pourrez profiter pendant votre s\u00e9jour dans notre auberge.<\/p>\n\n<p>Les chambres ont \u00e9t\u00e9 d\u00e9cor\u00e9es avec diff\u00e9rents th\u00e8mes et d\u00e9corations r\u00e9partis sur les 4 \u00e9tages de notre immeuble situ\u00e9 sur la <a href=\"https:\/\/nesthostelsvalencia.com\/fr\/comment-arriver-au-purple-nest-hostel\/\" target=\"_blank\" rel=\"noreferrer noopener\">Plaza de Tetu\u00e1n<\/a>, \u00e0 quelques m\u00e8tres de nombreuses gares routi\u00e8res et stations de m\u00e9tro.<\/p>\n\n<figure class=\"wp-block-image aligncenter size-full\"><a href=\"https:\/\/nesthostelsvalencia.com\/wp-content\/uploads\/2018\/11\/plaza-de-la-reina-valencia.jpg\"><img decoding=\"async\" width=\"600\" height=\"400\" src=\"https:\/\/nesthostelsvalencia.com\/wp-content\/uploads\/2018\/11\/plaza-de-la-reina-valencia.jpg\" alt=\"Plaza de la reina de Valencia\" class=\"wp-image-9794\" srcset=\"https:\/\/nesthostelsvalencia.com\/wp-content\/uploads\/2018\/11\/plaza-de-la-reina-valencia.jpg 600w, https:\/\/nesthostelsvalencia.com\/wp-content\/uploads\/2018\/11\/plaza-de-la-reina-valencia-300x200.jpg 300w, https:\/\/nesthostelsvalencia.com\/wp-content\/uploads\/2018\/11\/plaza-de-la-reina-valencia-219x146.jpg 219w, https:\/\/nesthostelsvalencia.com\/wp-content\/uploads\/2018\/11\/plaza-de-la-reina-valencia-50x33.jpg 50w, https:\/\/nesthostelsvalencia.com\/wp-content\/uploads\/2018\/11\/plaza-de-la-reina-valencia-113x75.jpg 113w\" sizes=\"(max-width: 600px) 100vw, 600px\" \/><\/a><figcaption class=\"wp-element-caption\">Plaza de la reina de Valencia<\/figcaption><\/figure>\n\n<h3 class=\"wp-block-heading\"><a href=\"https:\/\/nesthostelsvalencia.com\/tag\/blog\/\" target=\"_blank\" rel=\"noreferrer noopener\">Venez profiter de Valence<\/a><\/h3>\n\n<p>Valence est l&rsquo;une des villes les plus populaires de la c\u00f4te m\u00e9diterran\u00e9enne espagnole \u00e0 visiter par les touristes, les voyageurs et les routards visitant l&rsquo;Espagne. Vous pourrez trouver et d\u00e9couvrir des endroits avec beaucoup de charme, tels que:<\/p>\n\n<ul class=\"wp-block-list\">\n<li>La Cit\u00e9 des Arts et des Sciences.<\/li>\n\n\n\n<li>L&rsquo;oc\u00e9anographique.<\/li>\n\n\n\n<li>Le Palau de la M\u00fasica<\/li>\n\n\n\n<li>Ce ne sont l\u00e0 que quelques-uns des endroits que vous pouvez visiter tout en profitant de l&rsquo;air pur des jardins de la rivi\u00e8re Turia.<\/li>\n<\/ul>\n","protected":false},"excerpt":{"rendered":"<p>Auberges de Jeunesse \u00e0 Valence. Red Nest Hostel Hostel et Purple Nest Hostel Valencia. Les routards les plus populaires logement \u00e0 Valence par Feetup auberges. Auberges les moins chers dans le centre de Valence. \u2705 Meilleur prix \u2705 pas cher h\u00e9bergement \u2705 gratuit annulation \u2705 pas de frais cach\u00e9s \u2705 chambres priv\u00e9es \u2705 WiFi gratuit \u2705 petit d\u00e9jeuner \u2705 choisir l&rsquo;Auberge de droite pour vous \u2705 confirmation instantan\u00e9e \u2705 pas de frais de r\u00e9servation \u2705 lire les commentaires des clients \u2705 nous parlons votre langue. \u2705 24\/7 r\u00e9ception<\/p>\n","protected":false},"author":21,"featured_media":18072,"parent":0,"menu_order":0,"comment_status":"open","ping_status":"open","template":"","meta":{"footnotes":""},"class_list":["post-3716","page","type-page","status-publish","has-post-thumbnail","hentry"],"yoast_head":"<!-- This site is optimized with the Yoast SEO plugin v27.4 - https:\/\/yoast.com\/product\/yoast-seo-wordpress\/ -->\n<title>Nest Hostels Valence. Red Nest &amp; Purple Nest \u2705 Meilleur prix<\/title>\n<meta name=\"description\" content=\"Nest Hostels Valence. Auberges de jeunesse \u00e0 Valence. Les auberges les plus populaires Backpackers \u00e0 Valence par Feetup auberges \u2705 seulement le meilleur prix\" \/>\n<meta name=\"robots\" content=\"index, follow, max-snippet:-1, max-image-preview:large, max-video-preview:-1\" \/>\n<link rel=\"canonical\" href=\"https:\/\/nesthostelsvalencia.com\/fr\/\" \/>\n<meta property=\"og:locale\" content=\"fr_FR\" \/>\n<meta property=\"og:type\" content=\"article\" \/>\n<meta property=\"og:title\" content=\"Nest Hostels Valence. Red Nest &amp; Purple Nest \u2705 Meilleur prix\" \/>\n<meta property=\"og:description\" content=\"Nest Hostels Valence. Auberges de jeunesse \u00e0 Valence. Les auberges les plus populaires Backpackers \u00e0 Valence par Feetup auberges \u2705 seulement le meilleur prix\" \/>\n<meta property=\"og:url\" content=\"https:\/\/nesthostelsvalencia.com\/fr\/\" \/>\n<meta property=\"og:site_name\" content=\"Nest Hostels Valencia\" \/>\n<meta property=\"article:modified_time\" content=\"2023-03-18T17:16:26+00:00\" \/>\n<meta property=\"og:image\" content=\"https:\/\/nesthostelsvalencia.com\/wp-content\/uploads\/2022\/03\/homepage-nesthostelsvalencia2022-min.jpg\" \/>\n\t<meta property=\"og:image:width\" content=\"1920\" \/>\n\t<meta property=\"og:image:height\" content=\"1080\" \/>\n\t<meta property=\"og:image:type\" content=\"image\/jpeg\" \/>\n<meta name=\"twitter:card\" content=\"summary_large_image\" \/>\n<meta name=\"twitter:label1\" content=\"Dur\u00e9e de lecture estim\u00e9e\" \/>\n\t<meta name=\"twitter:data1\" content=\"3 minutes\" \/>\n<script type=\"application\/ld+json\" class=\"yoast-schema-graph\">{\"@context\":\"https:\\\/\\\/schema.org\",\"@graph\":[{\"@type\":\"WebPage\",\"@id\":\"https:\\\/\\\/nesthostelsvalencia.com\\\/fr\\\/\",\"url\":\"https:\\\/\\\/nesthostelsvalencia.com\\\/fr\\\/\",\"name\":\"Nest Hostels Valence. Red Nest & Purple Nest \u2705 Meilleur prix\",\"isPartOf\":{\"@id\":\"https:\\\/\\\/nesthostelsvalencia.com\\\/fr\\\/#website\"},\"primaryImageOfPage\":{\"@id\":\"https:\\\/\\\/nesthostelsvalencia.com\\\/fr\\\/#primaryimage\"},\"image\":{\"@id\":\"https:\\\/\\\/nesthostelsvalencia.com\\\/fr\\\/#primaryimage\"},\"thumbnailUrl\":\"https:\\\/\\\/nesthostelsvalencia.com\\\/wp-content\\\/uploads\\\/2022\\\/03\\\/homepage-nesthostelsvalencia2022-min.jpg\",\"datePublished\":\"2014-10-15T08:41:58+00:00\",\"dateModified\":\"2023-03-18T17:16:26+00:00\",\"description\":\"Nest Hostels Valence. Auberges de jeunesse \u00e0 Valence. Les auberges les plus populaires Backpackers \u00e0 Valence par Feetup auberges \u2705 seulement le meilleur prix\",\"breadcrumb\":{\"@id\":\"https:\\\/\\\/nesthostelsvalencia.com\\\/fr\\\/#breadcrumb\"},\"inLanguage\":\"fr-FR\",\"potentialAction\":[{\"@type\":\"ReadAction\",\"target\":[\"https:\\\/\\\/nesthostelsvalencia.com\\\/fr\\\/\"]}]},{\"@type\":\"ImageObject\",\"inLanguage\":\"fr-FR\",\"@id\":\"https:\\\/\\\/nesthostelsvalencia.com\\\/fr\\\/#primaryimage\",\"url\":\"https:\\\/\\\/nesthostelsvalencia.com\\\/wp-content\\\/uploads\\\/2022\\\/03\\\/homepage-nesthostelsvalencia2022-min.jpg\",\"contentUrl\":\"https:\\\/\\\/nesthostelsvalencia.com\\\/wp-content\\\/uploads\\\/2022\\\/03\\\/homepage-nesthostelsvalencia2022-min.jpg\",\"width\":1920,\"height\":1080,\"caption\":\"Homepage Nest Hostels Valencia\"},{\"@type\":\"BreadcrumbList\",\"@id\":\"https:\\\/\\\/nesthostelsvalencia.com\\\/fr\\\/#breadcrumb\",\"itemListElement\":[{\"@type\":\"ListItem\",\"position\":1,\"name\":\"Home\",\"item\":\"https:\\\/\\\/nesthostelsvalencia.com\\\/fr\\\/\"},{\"@type\":\"ListItem\",\"position\":2,\"name\":\"Nest Hostels Valence\"}]},{\"@type\":\"WebSite\",\"@id\":\"https:\\\/\\\/nesthostelsvalencia.com\\\/fr\\\/#website\",\"url\":\"https:\\\/\\\/nesthostelsvalencia.com\\\/fr\\\/\",\"name\":\"Nest Hostels Valencia\",\"description\":\"Youth hostels and beds for travelers in Valencia\",\"publisher\":{\"@id\":\"https:\\\/\\\/nesthostelsvalencia.com\\\/fr\\\/#organization\"},\"alternateName\":\"Nest Hostels Valencia\",\"potentialAction\":[{\"@type\":\"SearchAction\",\"target\":{\"@type\":\"EntryPoint\",\"urlTemplate\":\"https:\\\/\\\/nesthostelsvalencia.com\\\/fr\\\/?s={search_term_string}\"},\"query-input\":{\"@type\":\"PropertyValueSpecification\",\"valueRequired\":true,\"valueName\":\"search_term_string\"}}],\"inLanguage\":\"fr-FR\"},{\"@type\":\"Organization\",\"@id\":\"https:\\\/\\\/nesthostelsvalencia.com\\\/fr\\\/#organization\",\"name\":\"Nest Hostels Valencia\",\"alternateName\":\"Youth hostels and beds for travelers in Valencia\",\"url\":\"https:\\\/\\\/nesthostelsvalencia.com\\\/fr\\\/\",\"logo\":{\"@type\":\"ImageObject\",\"inLanguage\":\"fr-FR\",\"@id\":\"https:\\\/\\\/nesthostelsvalencia.com\\\/fr\\\/#\\\/schema\\\/logo\\\/image\\\/\",\"url\":\"https:\\\/\\\/nesthostelsvalencia.com\\\/wp-content\\\/uploads\\\/2022\\\/01\\\/logo-nesthostels-valencia-feetuphostels.svg\",\"contentUrl\":\"https:\\\/\\\/nesthostelsvalencia.com\\\/wp-content\\\/uploads\\\/2022\\\/01\\\/logo-nesthostels-valencia-feetuphostels.svg\",\"width\":279,\"height\":130,\"caption\":\"Nest Hostels Valencia\"},\"image\":{\"@id\":\"https:\\\/\\\/nesthostelsvalencia.com\\\/fr\\\/#\\\/schema\\\/logo\\\/image\\\/\"}}]}<\/script>\n<!-- \/ Yoast SEO plugin. -->","yoast_head_json":{"title":"Nest Hostels Valence. Red Nest & Purple Nest \u2705 Meilleur prix","description":"Nest Hostels Valence. Auberges de jeunesse \u00e0 Valence. Les auberges les plus populaires Backpackers \u00e0 Valence par Feetup auberges \u2705 seulement le meilleur prix","robots":{"index":"index","follow":"follow","max-snippet":"max-snippet:-1","max-image-preview":"max-image-preview:large","max-video-preview":"max-video-preview:-1"},"canonical":"https:\/\/nesthostelsvalencia.com\/fr\/","og_locale":"fr_FR","og_type":"article","og_title":"Nest Hostels Valence. Red Nest & Purple Nest \u2705 Meilleur prix","og_description":"Nest Hostels Valence. Auberges de jeunesse \u00e0 Valence. Les auberges les plus populaires Backpackers \u00e0 Valence par Feetup auberges \u2705 seulement le meilleur prix","og_url":"https:\/\/nesthostelsvalencia.com\/fr\/","og_site_name":"Nest Hostels Valencia","article_modified_time":"2023-03-18T17:16:26+00:00","og_image":[{"width":1920,"height":1080,"url":"https:\/\/nesthostelsvalencia.com\/wp-content\/uploads\/2022\/03\/homepage-nesthostelsvalencia2022-min.jpg","type":"image\/jpeg"}],"twitter_card":"summary_large_image","twitter_misc":{"Dur\u00e9e de lecture estim\u00e9e":"3 minutes"},"schema":{"@context":"https:\/\/schema.org","@graph":[{"@type":"WebPage","@id":"https:\/\/nesthostelsvalencia.com\/fr\/","url":"https:\/\/nesthostelsvalencia.com\/fr\/","name":"Nest Hostels Valence. Red Nest & Purple Nest \u2705 Meilleur prix","isPartOf":{"@id":"https:\/\/nesthostelsvalencia.com\/fr\/#website"},"primaryImageOfPage":{"@id":"https:\/\/nesthostelsvalencia.com\/fr\/#primaryimage"},"image":{"@id":"https:\/\/nesthostelsvalencia.com\/fr\/#primaryimage"},"thumbnailUrl":"https:\/\/nesthostelsvalencia.com\/wp-content\/uploads\/2022\/03\/homepage-nesthostelsvalencia2022-min.jpg","datePublished":"2014-10-15T08:41:58+00:00","dateModified":"2023-03-18T17:16:26+00:00","description":"Nest Hostels Valence. Auberges de jeunesse \u00e0 Valence. Les auberges les plus populaires Backpackers \u00e0 Valence par Feetup auberges \u2705 seulement le meilleur prix","breadcrumb":{"@id":"https:\/\/nesthostelsvalencia.com\/fr\/#breadcrumb"},"inLanguage":"fr-FR","potentialAction":[{"@type":"ReadAction","target":["https:\/\/nesthostelsvalencia.com\/fr\/"]}]},{"@type":"ImageObject","inLanguage":"fr-FR","@id":"https:\/\/nesthostelsvalencia.com\/fr\/#primaryimage","url":"https:\/\/nesthostelsvalencia.com\/wp-content\/uploads\/2022\/03\/homepage-nesthostelsvalencia2022-min.jpg","contentUrl":"https:\/\/nesthostelsvalencia.com\/wp-content\/uploads\/2022\/03\/homepage-nesthostelsvalencia2022-min.jpg","width":1920,"height":1080,"caption":"Homepage Nest Hostels Valencia"},{"@type":"BreadcrumbList","@id":"https:\/\/nesthostelsvalencia.com\/fr\/#breadcrumb","itemListElement":[{"@type":"ListItem","position":1,"name":"Home","item":"https:\/\/nesthostelsvalencia.com\/fr\/"},{"@type":"ListItem","position":2,"name":"Nest Hostels Valence"}]},{"@type":"WebSite","@id":"https:\/\/nesthostelsvalencia.com\/fr\/#website","url":"https:\/\/nesthostelsvalencia.com\/fr\/","name":"Nest Hostels Valencia","description":"Youth hostels and beds for travelers in Valencia","publisher":{"@id":"https:\/\/nesthostelsvalencia.com\/fr\/#organization"},"alternateName":"Nest Hostels Valencia","potentialAction":[{"@type":"SearchAction","target":{"@type":"EntryPoint","urlTemplate":"https:\/\/nesthostelsvalencia.com\/fr\/?s={search_term_string}"},"query-input":{"@type":"PropertyValueSpecification","valueRequired":true,"valueName":"search_term_string"}}],"inLanguage":"fr-FR"},{"@type":"Organization","@id":"https:\/\/nesthostelsvalencia.com\/fr\/#organization","name":"Nest Hostels Valencia","alternateName":"Youth hostels and beds for travelers in Valencia","url":"https:\/\/nesthostelsvalencia.com\/fr\/","logo":{"@type":"ImageObject","inLanguage":"fr-FR","@id":"https:\/\/nesthostelsvalencia.com\/fr\/#\/schema\/logo\/image\/","url":"https:\/\/nesthostelsvalencia.com\/wp-content\/uploads\/2022\/01\/logo-nesthostels-valencia-feetuphostels.svg","contentUrl":"https:\/\/nesthostelsvalencia.com\/wp-content\/uploads\/2022\/01\/logo-nesthostels-valencia-feetuphostels.svg","width":279,"height":130,"caption":"Nest Hostels Valencia"},"image":{"@id":"https:\/\/nesthostelsvalencia.com\/fr\/#\/schema\/logo\/image\/"}}]}},"_links":{"self":[{"href":"https:\/\/nesthostelsvalencia.com\/fr\/wp-json\/wp\/v2\/pages\/3716","targetHints":{"allow":["GET"]}}],"collection":[{"href":"https:\/\/nesthostelsvalencia.com\/fr\/wp-json\/wp\/v2\/pages"}],"about":[{"href":"https:\/\/nesthostelsvalencia.com\/fr\/wp-json\/wp\/v2\/types\/page"}],"author":[{"embeddable":true,"href":"https:\/\/nesthostelsvalencia.com\/fr\/wp-json\/wp\/v2\/users\/21"}],"replies":[{"embeddable":true,"href":"https:\/\/nesthostelsvalencia.com\/fr\/wp-json\/wp\/v2\/comments?post=3716"}],"version-history":[{"count":0,"href":"https:\/\/nesthostelsvalencia.com\/fr\/wp-json\/wp\/v2\/pages\/3716\/revisions"}],"wp:featuredmedia":[{"embeddable":true,"href":"https:\/\/nesthostelsvalencia.com\/fr\/wp-json\/wp\/v2\/media\/18072"}],"wp:attachment":[{"href":"https:\/\/nesthostelsvalencia.com\/fr\/wp-json\/wp\/v2\/media?parent=3716"}],"curies":[{"name":"wp","href":"https:\/\/api.w.org\/{rel}","templated":true}]}}