{"id":3724,"date":"2016-06-22T13:59:24","date_gmt":"2016-06-22T11:59:24","guid":{"rendered":"https:\/\/nesthostelsvalencia.com\/2017\/booking-purple-nest-hostel-valencia\/"},"modified":"2023-10-31T15:36:41","modified_gmt":"2023-10-31T14:36:41","slug":"reservation-purple-nest-hostel-valencia","status":"publish","type":"page","link":"https:\/\/nesthostelsvalencia.com\/fr\/reservation-purple-nest-hostel-valencia\/","title":{"rendered":"Reservation Purple Nest Hostel Valencia"},"content":{"rendered":"\n<h1 class=\"wp-block-heading has-text-align-center\">R\u00e9servation Purple Nest Hostel Valencia<\/h1>\n\n\n\n<h2 class=\"wp-block-heading has-text-align-center\">R\u00e9servez directement et \u00e9conomisez jusqu&rsquo;\u00e0 10 % dans le centre de Valence<\/h2>\n\n\n\n<h3 class=\"wp-block-heading has-text-align-center\">R\u00e9serve ton s\u00e9jour \u00e0 Purple Nest Hostel Valencia<\/h3>\n\n\n\n<p>Tu cherches l&rsquo;endroit id\u00e9al pour s\u00e9journer au c\u0153ur de Valence ? Ne cherche pas plus loin ! Au Purple Nest Hostel Valencia, nous offrons une exp\u00e9rience unique et dynamique aux jeunes voyageurs. R\u00e9serve \u00e0 Purple Nest ta place d\u00e8s maintenant !<\/p>\n\n\n\n<h3 class=\"wp-block-heading\">Pourquoi choisir <a href=\"https:\/\/feetuphostels.com\/fr\/purple-nest-hostel-valence\/\" target=\"_blank\" rel=\"noopener\">Purple Nest Hostel Valencia<\/a>?<\/h3>\n\n\n\n<ul class=\"wp-block-list\">\n<li><a href=\"https:\/\/nesthostelsvalencia.com\/fr\/comment-arriver-au-purple-nest-hostel\/\">Situation centrale<\/a>: Explore les sites embl\u00e9matiques de Valence, tous accessibles \u00e0 pied.<\/li>\n\n\n\n<li>Des tarifs abordables : Obtiens le meilleur rapport qualit\u00e9-prix sans faire de compromis sur le confort.<\/li>\n\n\n\n<li>Ambiance conviviale pour les jeunes : Rencontre d&rsquo;autres tr aveurs et cr\u00e9e des souvenirs durables.<\/li>\n<\/ul>\n\n\n\n<p>R\u00e9serve d\u00e8s maintenant et d\u00e9couvre Valence comme jamais auparavant. Le nombre de places est limit\u00e9 !<\/p>\n\n\n\n<figure class=\"wp-block-image aligncenter size-large\"><a href=\"https:\/\/nesthostelsvalencia.com\/wp-content\/uploads\/2023\/08\/booking-feet-up-hostels.jpg\"><img fetchpriority=\"high\" decoding=\"async\" width=\"1024\" height=\"576\" src=\"https:\/\/nesthostelsvalencia.com\/wp-content\/uploads\/2023\/08\/booking-feet-up-hostels-1024x576.jpg\" alt=\"R\u00e9servation au meilleur prix avec Feet Up Hostels | R\u00e9servation Purple Nest Hostel\" class=\"wp-image-21142\" srcset=\"https:\/\/nesthostelsvalencia.com\/wp-content\/uploads\/2023\/08\/booking-feet-up-hostels-1024x576.jpg 1024w, https:\/\/nesthostelsvalencia.com\/wp-content\/uploads\/2023\/08\/booking-feet-up-hostels-300x169.jpg 300w, https:\/\/nesthostelsvalencia.com\/wp-content\/uploads\/2023\/08\/booking-feet-up-hostels-768x432.jpg 768w, https:\/\/nesthostelsvalencia.com\/wp-content\/uploads\/2023\/08\/booking-feet-up-hostels-1536x864.jpg 1536w, https:\/\/nesthostelsvalencia.com\/wp-content\/uploads\/2023\/08\/booking-feet-up-hostels.jpg 1920w\" sizes=\"(max-width: 1024px) 100vw, 1024px\" \/><\/a><figcaption class=\"wp-element-caption\">R\u00e9servation au meilleur prix avec Feet Up Hostels | R\u00e9servation Purple Nest Hostel<\/figcaption><\/figure>\n","protected":false},"excerpt":{"rendered":"<p>R\u00e9servez dans le Purple Nest Hostel Valencia. R\u00e9servation en ligne et confirmation imm\u00e9diate \u00e0 Valence. R\u00e9servez votre lit au meilleur prix de la ville de Valence dans l&rsquo;une des meilleures auberges de jeunesse de Valence situ\u00e9 dans le coeur et le centre de Valence<\/p>\n","protected":false},"author":21,"featured_media":6788,"parent":0,"menu_order":0,"comment_status":"closed","ping_status":"closed","template":"","meta":{"footnotes":""},"class_list":["post-3724","page","type-page","status-publish","has-post-thumbnail","hentry"],"yoast_head":"<!-- This site is optimized with the Yoast SEO plugin v27.3 - https:\/\/yoast.com\/product\/yoast-seo-wordpress\/ -->\n<title>R\u00e9servation Purple Nest Hostel Valencia \u00ae R\u00e9serve un lit au meilleur prix<\/title>\n<meta name=\"description\" content=\"R\u00e9servation Purple Nest Hostel Valencia \u00ae R\u00e9servez votre lit au meilleur prix \u00e0 Valence. R\u00e9servez votre lit dans le centre de Valence avec WIFI gratuit.\" \/>\n<meta name=\"robots\" content=\"index, follow, max-snippet:-1, max-image-preview:large, max-video-preview:-1\" \/>\n<link rel=\"canonical\" href=\"https:\/\/nesthostelsvalencia.com\/fr\/reservation-purple-nest-hostel-valencia\/\" \/>\n<meta property=\"og:locale\" content=\"fr_FR\" \/>\n<meta property=\"og:type\" content=\"article\" \/>\n<meta property=\"og:title\" content=\"R\u00e9servation Purple Nest Hostel Valencia \u00ae R\u00e9serve un lit au meilleur prix\" \/>\n<meta property=\"og:description\" content=\"R\u00e9servation Purple Nest Hostel Valencia \u00ae R\u00e9servez votre lit au meilleur prix \u00e0 Valence. R\u00e9servez votre lit dans le centre de Valence avec WIFI gratuit.\" \/>\n<meta property=\"og:url\" content=\"https:\/\/nesthostelsvalencia.com\/fr\/reservation-purple-nest-hostel-valencia\/\" \/>\n<meta property=\"og:site_name\" content=\"Nest Hostels Valencia\" \/>\n<meta property=\"article:modified_time\" content=\"2023-10-31T14:36:41+00:00\" \/>\n<meta property=\"og:image\" content=\"https:\/\/nesthostelsvalencia.com\/wp-content\/uploads\/2014\/05\/we-are-nest-hostels-valencia.jpg\" \/>\n\t<meta property=\"og:image:width\" content=\"1280\" \/>\n\t<meta property=\"og:image:height\" content=\"900\" \/>\n\t<meta property=\"og:image:type\" content=\"image\/jpeg\" \/>\n<meta name=\"twitter:card\" content=\"summary_large_image\" \/>\n<meta name=\"twitter:label1\" content=\"Dur\u00e9e de lecture estim\u00e9e\" \/>\n\t<meta name=\"twitter:data1\" content=\"1 minute\" \/>\n<script type=\"application\/ld+json\" class=\"yoast-schema-graph\">{\"@context\":\"https:\\\/\\\/schema.org\",\"@graph\":[{\"@type\":\"WebPage\",\"@id\":\"https:\\\/\\\/nesthostelsvalencia.com\\\/fr\\\/reservation-purple-nest-hostel-valencia\\\/\",\"url\":\"https:\\\/\\\/nesthostelsvalencia.com\\\/fr\\\/reservation-purple-nest-hostel-valencia\\\/\",\"name\":\"R\u00e9servation Purple Nest Hostel Valencia \u00ae R\u00e9serve un lit au meilleur prix\",\"isPartOf\":{\"@id\":\"https:\\\/\\\/nesthostelsvalencia.com\\\/fr\\\/#website\"},\"primaryImageOfPage\":{\"@id\":\"https:\\\/\\\/nesthostelsvalencia.com\\\/fr\\\/reservation-purple-nest-hostel-valencia\\\/#primaryimage\"},\"image\":{\"@id\":\"https:\\\/\\\/nesthostelsvalencia.com\\\/fr\\\/reservation-purple-nest-hostel-valencia\\\/#primaryimage\"},\"thumbnailUrl\":\"https:\\\/\\\/nesthostelsvalencia.com\\\/wp-content\\\/uploads\\\/2014\\\/05\\\/we-are-nest-hostels-valencia.jpg\",\"datePublished\":\"2016-06-22T11:59:24+00:00\",\"dateModified\":\"2023-10-31T14:36:41+00:00\",\"description\":\"R\u00e9servation Purple Nest Hostel Valencia \u00ae R\u00e9servez votre lit au meilleur prix \u00e0 Valence. R\u00e9servez votre lit dans le centre de Valence avec WIFI gratuit.\",\"breadcrumb\":{\"@id\":\"https:\\\/\\\/nesthostelsvalencia.com\\\/fr\\\/reservation-purple-nest-hostel-valencia\\\/#breadcrumb\"},\"inLanguage\":\"fr-FR\",\"potentialAction\":[{\"@type\":\"ReadAction\",\"target\":[\"https:\\\/\\\/nesthostelsvalencia.com\\\/fr\\\/reservation-purple-nest-hostel-valencia\\\/\"]}]},{\"@type\":\"ImageObject\",\"inLanguage\":\"fr-FR\",\"@id\":\"https:\\\/\\\/nesthostelsvalencia.com\\\/fr\\\/reservation-purple-nest-hostel-valencia\\\/#primaryimage\",\"url\":\"https:\\\/\\\/nesthostelsvalencia.com\\\/wp-content\\\/uploads\\\/2014\\\/05\\\/we-are-nest-hostels-valencia.jpg\",\"contentUrl\":\"https:\\\/\\\/nesthostelsvalencia.com\\\/wp-content\\\/uploads\\\/2014\\\/05\\\/we-are-nest-hostels-valencia.jpg\",\"width\":1280,\"height\":900,\"caption\":\"We Are Nest Hostels Valencia\"},{\"@type\":\"BreadcrumbList\",\"@id\":\"https:\\\/\\\/nesthostelsvalencia.com\\\/fr\\\/reservation-purple-nest-hostel-valencia\\\/#breadcrumb\",\"itemListElement\":[{\"@type\":\"ListItem\",\"position\":1,\"name\":\"Home\",\"item\":\"https:\\\/\\\/nesthostelsvalencia.com\\\/fr\\\/\"},{\"@type\":\"ListItem\",\"position\":2,\"name\":\"Reservation Purple Nest Hostel Valencia\"}]},{\"@type\":\"WebSite\",\"@id\":\"https:\\\/\\\/nesthostelsvalencia.com\\\/fr\\\/#website\",\"url\":\"https:\\\/\\\/nesthostelsvalencia.com\\\/fr\\\/\",\"name\":\"Nest Hostels Valencia\",\"description\":\"Youth hostels and beds for travelers in Valencia\",\"publisher\":{\"@id\":\"https:\\\/\\\/nesthostelsvalencia.com\\\/fr\\\/#organization\"},\"alternateName\":\"Nest Hostels Valencia\",\"potentialAction\":[{\"@type\":\"SearchAction\",\"target\":{\"@type\":\"EntryPoint\",\"urlTemplate\":\"https:\\\/\\\/nesthostelsvalencia.com\\\/fr\\\/?s={search_term_string}\"},\"query-input\":{\"@type\":\"PropertyValueSpecification\",\"valueRequired\":true,\"valueName\":\"search_term_string\"}}],\"inLanguage\":\"fr-FR\"},{\"@type\":\"Organization\",\"@id\":\"https:\\\/\\\/nesthostelsvalencia.com\\\/fr\\\/#organization\",\"name\":\"Nest Hostels Valencia\",\"alternateName\":\"Youth hostels and beds for travelers in Valencia\",\"url\":\"https:\\\/\\\/nesthostelsvalencia.com\\\/fr\\\/\",\"logo\":{\"@type\":\"ImageObject\",\"inLanguage\":\"fr-FR\",\"@id\":\"https:\\\/\\\/nesthostelsvalencia.com\\\/fr\\\/#\\\/schema\\\/logo\\\/image\\\/\",\"url\":\"https:\\\/\\\/nesthostelsvalencia.com\\\/wp-content\\\/uploads\\\/2022\\\/01\\\/logo-nesthostels-valencia-feetuphostels.svg\",\"contentUrl\":\"https:\\\/\\\/nesthostelsvalencia.com\\\/wp-content\\\/uploads\\\/2022\\\/01\\\/logo-nesthostels-valencia-feetuphostels.svg\",\"width\":279,\"height\":130,\"caption\":\"Nest Hostels Valencia\"},\"image\":{\"@id\":\"https:\\\/\\\/nesthostelsvalencia.com\\\/fr\\\/#\\\/schema\\\/logo\\\/image\\\/\"}}]}<\/script>\n<!-- \/ Yoast SEO plugin. -->","yoast_head_json":{"title":"R\u00e9servation Purple Nest Hostel Valencia \u00ae R\u00e9serve un lit au meilleur prix","description":"R\u00e9servation Purple Nest Hostel Valencia \u00ae R\u00e9servez votre lit au meilleur prix \u00e0 Valence. R\u00e9servez votre lit dans le centre de Valence avec WIFI gratuit.","robots":{"index":"index","follow":"follow","max-snippet":"max-snippet:-1","max-image-preview":"max-image-preview:large","max-video-preview":"max-video-preview:-1"},"canonical":"https:\/\/nesthostelsvalencia.com\/fr\/reservation-purple-nest-hostel-valencia\/","og_locale":"fr_FR","og_type":"article","og_title":"R\u00e9servation Purple Nest Hostel Valencia \u00ae R\u00e9serve un lit au meilleur prix","og_description":"R\u00e9servation Purple Nest Hostel Valencia \u00ae R\u00e9servez votre lit au meilleur prix \u00e0 Valence. R\u00e9servez votre lit dans le centre de Valence avec WIFI gratuit.","og_url":"https:\/\/nesthostelsvalencia.com\/fr\/reservation-purple-nest-hostel-valencia\/","og_site_name":"Nest Hostels Valencia","article_modified_time":"2023-10-31T14:36:41+00:00","og_image":[{"width":1280,"height":900,"url":"https:\/\/nesthostelsvalencia.com\/wp-content\/uploads\/2014\/05\/we-are-nest-hostels-valencia.jpg","type":"image\/jpeg"}],"twitter_card":"summary_large_image","twitter_misc":{"Dur\u00e9e de lecture estim\u00e9e":"1 minute"},"schema":{"@context":"https:\/\/schema.org","@graph":[{"@type":"WebPage","@id":"https:\/\/nesthostelsvalencia.com\/fr\/reservation-purple-nest-hostel-valencia\/","url":"https:\/\/nesthostelsvalencia.com\/fr\/reservation-purple-nest-hostel-valencia\/","name":"R\u00e9servation Purple Nest Hostel Valencia \u00ae R\u00e9serve un lit au meilleur prix","isPartOf":{"@id":"https:\/\/nesthostelsvalencia.com\/fr\/#website"},"primaryImageOfPage":{"@id":"https:\/\/nesthostelsvalencia.com\/fr\/reservation-purple-nest-hostel-valencia\/#primaryimage"},"image":{"@id":"https:\/\/nesthostelsvalencia.com\/fr\/reservation-purple-nest-hostel-valencia\/#primaryimage"},"thumbnailUrl":"https:\/\/nesthostelsvalencia.com\/wp-content\/uploads\/2014\/05\/we-are-nest-hostels-valencia.jpg","datePublished":"2016-06-22T11:59:24+00:00","dateModified":"2023-10-31T14:36:41+00:00","description":"R\u00e9servation Purple Nest Hostel Valencia \u00ae R\u00e9servez votre lit au meilleur prix \u00e0 Valence. R\u00e9servez votre lit dans le centre de Valence avec WIFI gratuit.","breadcrumb":{"@id":"https:\/\/nesthostelsvalencia.com\/fr\/reservation-purple-nest-hostel-valencia\/#breadcrumb"},"inLanguage":"fr-FR","potentialAction":[{"@type":"ReadAction","target":["https:\/\/nesthostelsvalencia.com\/fr\/reservation-purple-nest-hostel-valencia\/"]}]},{"@type":"ImageObject","inLanguage":"fr-FR","@id":"https:\/\/nesthostelsvalencia.com\/fr\/reservation-purple-nest-hostel-valencia\/#primaryimage","url":"https:\/\/nesthostelsvalencia.com\/wp-content\/uploads\/2014\/05\/we-are-nest-hostels-valencia.jpg","contentUrl":"https:\/\/nesthostelsvalencia.com\/wp-content\/uploads\/2014\/05\/we-are-nest-hostels-valencia.jpg","width":1280,"height":900,"caption":"We Are Nest Hostels Valencia"},{"@type":"BreadcrumbList","@id":"https:\/\/nesthostelsvalencia.com\/fr\/reservation-purple-nest-hostel-valencia\/#breadcrumb","itemListElement":[{"@type":"ListItem","position":1,"name":"Home","item":"https:\/\/nesthostelsvalencia.com\/fr\/"},{"@type":"ListItem","position":2,"name":"Reservation Purple Nest Hostel Valencia"}]},{"@type":"WebSite","@id":"https:\/\/nesthostelsvalencia.com\/fr\/#website","url":"https:\/\/nesthostelsvalencia.com\/fr\/","name":"Nest Hostels Valencia","description":"Youth hostels and beds for travelers in Valencia","publisher":{"@id":"https:\/\/nesthostelsvalencia.com\/fr\/#organization"},"alternateName":"Nest Hostels Valencia","potentialAction":[{"@type":"SearchAction","target":{"@type":"EntryPoint","urlTemplate":"https:\/\/nesthostelsvalencia.com\/fr\/?s={search_term_string}"},"query-input":{"@type":"PropertyValueSpecification","valueRequired":true,"valueName":"search_term_string"}}],"inLanguage":"fr-FR"},{"@type":"Organization","@id":"https:\/\/nesthostelsvalencia.com\/fr\/#organization","name":"Nest Hostels Valencia","alternateName":"Youth hostels and beds for travelers in Valencia","url":"https:\/\/nesthostelsvalencia.com\/fr\/","logo":{"@type":"ImageObject","inLanguage":"fr-FR","@id":"https:\/\/nesthostelsvalencia.com\/fr\/#\/schema\/logo\/image\/","url":"https:\/\/nesthostelsvalencia.com\/wp-content\/uploads\/2022\/01\/logo-nesthostels-valencia-feetuphostels.svg","contentUrl":"https:\/\/nesthostelsvalencia.com\/wp-content\/uploads\/2022\/01\/logo-nesthostels-valencia-feetuphostels.svg","width":279,"height":130,"caption":"Nest Hostels Valencia"},"image":{"@id":"https:\/\/nesthostelsvalencia.com\/fr\/#\/schema\/logo\/image\/"}}]}},"_links":{"self":[{"href":"https:\/\/nesthostelsvalencia.com\/fr\/wp-json\/wp\/v2\/pages\/3724","targetHints":{"allow":["GET"]}}],"collection":[{"href":"https:\/\/nesthostelsvalencia.com\/fr\/wp-json\/wp\/v2\/pages"}],"about":[{"href":"https:\/\/nesthostelsvalencia.com\/fr\/wp-json\/wp\/v2\/types\/page"}],"author":[{"embeddable":true,"href":"https:\/\/nesthostelsvalencia.com\/fr\/wp-json\/wp\/v2\/users\/21"}],"replies":[{"embeddable":true,"href":"https:\/\/nesthostelsvalencia.com\/fr\/wp-json\/wp\/v2\/comments?post=3724"}],"version-history":[{"count":0,"href":"https:\/\/nesthostelsvalencia.com\/fr\/wp-json\/wp\/v2\/pages\/3724\/revisions"}],"wp:featuredmedia":[{"embeddable":true,"href":"https:\/\/nesthostelsvalencia.com\/fr\/wp-json\/wp\/v2\/media\/6788"}],"wp:attachment":[{"href":"https:\/\/nesthostelsvalencia.com\/fr\/wp-json\/wp\/v2\/media?parent=3724"}],"curies":[{"name":"wp","href":"https:\/\/api.w.org\/{rel}","templated":true}]}}