{"id":3779,"date":"2015-05-22T12:35:20","date_gmt":"2015-05-22T10:35:20","guid":{"rendered":"https:\/\/nesthostelsvalencia.com\/2017\/red-nest-hostel-valencia\/"},"modified":"2024-03-13T12:50:41","modified_gmt":"2024-03-13T11:50:41","slug":"red-nest-hostel-valencia","status":"publish","type":"page","link":"https:\/\/nesthostelsvalencia.com\/fr\/red-nest-hostel-valencia\/","title":{"rendered":"Red Nest Hostel Valencia \u00ae"},"content":{"rendered":"\n<h1 class=\"wp-block-heading has-text-align-center\">Red Nest Hostel Valencia<\/h1>\n\n<p>Nous sommes l&rsquo;une des auberges les plus connues, centrales, belles et accessibles (Red Nest Hostal Valencia) de Valence. La couleur des murs de toutes nos chambres se distingue dans nos installations. La plupart des espaces communs de notre auberge ont des carreaux aux couleurs vives et vibrantes. Et des motifs originaux peints sur les murs.<\/p>\n\n<h2 class=\"wp-block-heading\">O\u00f9 sommes-nous situ\u00e9s ?<\/h2>\n\n<p>L&rsquo;auberge Red Nest est situ\u00e9e au c\u0153ur de Valence. A quelques minutes de marche de la station de m\u00e9tro Colon. Par exemple, l&rsquo;h\u00f4tel de ville, ainsi que le Teatro Principal, l&rsquo;\u00e9glise de Valence, la Torre del Miguelete et le Mercado de Col\u00f3n. Ils se trouvent tous dans un rayon d&rsquo;un kilom\u00e8tre de l&rsquo;auberge. De plus, les visiteurs devraient se familiariser avec Valence pendant les Fallas (qui ont lieu en mars). Et la plage de Valence se trouve \u00e0 un quart d&rsquo;heure de bus de l&rsquo;auberge.<\/p>\n\n<h2 class=\"wp-block-heading\">Comment se rendre \u00e0 notre Purple Nest Hostel Valencia ?<\/h2>\n\n<p>Le Red Nest Hostel est situ\u00e9 dans le centre de Valence. \u00c0 5 minutes \u00e0 pied de la station de m\u00e9tro Col\u00f3n.<\/p>\n\n<p><\/p>\n\n<h2 class=\"wp-block-heading\">Des activit\u00e9s sont-elles organis\u00e9es dans notre auberge ?<\/h2>\n\n<p>Diverses activit\u00e9s ont lieu dans notre auberge Red Nest Hostel Valencia. Comme des visites guid\u00e9es, des barbecues, des repas, des f\u00eates et divers jeux. Car nous voulons que les clients deviennent plus que de simples visiteurs.<\/p>\n\n<p>La plupart des activit\u00e9s sont g\u00e9r\u00e9es par notre personnel ou par le personnel de notre soci\u00e9t\u00e9 TourmeOut.<\/p>\n\n<h2 class=\"wp-block-heading\">Que trouverez-vous dans nos installations ?<\/h2>\n\n<div class=\"wp-block-columns is-layout-flex wp-container-core-columns-is-layout-28f84493 wp-block-columns-is-layout-flex\">\n<div class=\"wp-block-column is-layout-flow wp-block-column-is-layout-flow\">\n<p>Le Red Nest pr\u00e9sente des couleurs vives et offre un choix de logements lumineux et a\u00e9r\u00e9s. Ils comprennent des chambres doubles pour deux personnes, des chambres doubles sup\u00e9rieures pour trois personnes, des chambres quadruples pour quatre personnes et des chambres partag\u00e9es. Dans des dortoirs mixtes ou f\u00e9minins (4, 6, 8 ou 10 lits). Des salles de bains priv\u00e9es sont disponibles dans les chambres priv\u00e9es. Les salles de bains communes sont disponibles dans les chambres plus grandes.<\/p>\n\n\n\n<h2 class=\"wp-block-heading\">Quelles sont les caract\u00e9ristiques que vous trouverez dans notre auberge ?<\/h2>\n\n\n\n<p>Il dispose de chambres lumineuses et climatis\u00e9es, du Wi-Fi gratuit, d&rsquo;un patio sur le toit. Et des serviettes sont offertes pour la salle de bain commune.<\/p>\n\n\n\n<p>En outre, l&rsquo;auberge Red Nest dispose de distributeurs automatiques et d&rsquo;ordinateurs avec acc\u00e8s \u00e0 Internet qui peuvent \u00eatre utilis\u00e9s moyennant des frais. Elle propose \u00e9galement du caf\u00e9 et du th\u00e9 gratuits.<\/p>\n\n\n\n<p>And the Red Nest is also in a great location for seeing the sights and enjoying the nightlife. The bus station is about ? kilometers and the beach bus stops right outside the hostel.<\/p>\n<\/div>\n\n\n\n<div class=\"wp-block-column is-layout-flow wp-block-column-is-layout-flow\">\n<figure class=\"wp-block-image size-full\"><a href=\"https:\/\/nesthostelsvalencia.com\/wp-content\/uploads\/2018\/07\/04red-nest-hostel-valencia-friendliness.jpg\"><img fetchpriority=\"high\" decoding=\"async\" width=\"1200\" height=\"900\" src=\"https:\/\/nesthostelsvalencia.com\/wp-content\/uploads\/2018\/07\/04red-nest-hostel-valencia-friendliness.jpg\" alt=\"D&#xE9;gustez nos cocktails entre amis\" class=\"wp-image-9589\" srcset=\"https:\/\/nesthostelsvalencia.com\/wp-content\/uploads\/2018\/07\/04red-nest-hostel-valencia-friendliness.jpg 1200w, https:\/\/nesthostelsvalencia.com\/wp-content\/uploads\/2018\/07\/04red-nest-hostel-valencia-friendliness-300x225.jpg 300w, https:\/\/nesthostelsvalencia.com\/wp-content\/uploads\/2018\/07\/04red-nest-hostel-valencia-friendliness-768x576.jpg 768w, https:\/\/nesthostelsvalencia.com\/wp-content\/uploads\/2018\/07\/04red-nest-hostel-valencia-friendliness-1024x768.jpg 1024w, https:\/\/nesthostelsvalencia.com\/wp-content\/uploads\/2018\/07\/04red-nest-hostel-valencia-friendliness-195x146.jpg 195w, https:\/\/nesthostelsvalencia.com\/wp-content\/uploads\/2018\/07\/04red-nest-hostel-valencia-friendliness-50x38.jpg 50w, https:\/\/nesthostelsvalencia.com\/wp-content\/uploads\/2018\/07\/04red-nest-hostel-valencia-friendliness-100x75.jpg 100w\" sizes=\"(max-width: 1200px) 100vw, 1200px\" \/><\/a><figcaption class=\"wp-element-caption\">D\u00e9gustez nos cocktails entre amis<\/figcaption><\/figure>\n<\/div>\n<\/div>\n\n<p>Enfin, sur la base d&rsquo;avis ind\u00e9pendants, nos clients estiment que cette r\u00e9gion de Valence est leur pr\u00e9f\u00e9r\u00e9e.<\/p>\n\n<figure class=\"wp-block-pullquote has-very-light-gray-to-cyan-bluish-gray-gradient-background has-background\"><blockquote><p>Rapport co\u00fbt\/b\u00e9n\u00e9fice parfait. Emplacement au sommet du sommet, les h\u00f4tes sont disponibles et la visite \u00e0 pied gratuite g\u00e9r\u00e9e par Roxy \u00e9tait extraordinaire.<\/p><cite><strong>Gaetano Petraglia<\/strong> Hace una semana en <a href=\"https:\/\/goo.gl\/maps\/xceVE18cJgA4idFT8\" target=\"_blank\" rel=\"noreferrer noopener\">Google<\/a><\/cite><\/blockquote><\/figure>\n\n<h2 class=\"wp-block-heading\">Avez-vous une autre question ?<\/h2>\n\n<p>Vous pouvez consulter notre foire aux questions pour trouver une r\u00e9ponse \u00e0 vos doutes. Vous pouvez \u00e9galement nous envoyer un courriel \u00e0 (&#8230;)<\/p>\n\n<h2 class=\"wp-block-heading\">Quels sont les services de l&rsquo;auberge ?<\/h2>\n\n<p>Le Red Nest est une auberge de jeunesse confortable \u00e0 l&rsquo;atmosph\u00e8re anim\u00e9e qui offre une vari\u00e9t\u00e9 de conforts. Comme une buanderie avec un s\u00e9choir, la climatisation, une cuisine commune et un ascenseur. Il y a un espace de travail avec acc\u00e8s \u00e0 Internet et quelques ordinateurs et tables. Ainsi qu&rsquo;une salle de divertissement avec t\u00e9l\u00e9vision et lecteur DVD. L&rsquo;auberge dispose \u00e9galement d&rsquo;une table de billard, ainsi que d&rsquo;un patio pour les bains de soleil au dernier \u00e9tage. Et l&rsquo;auberge dispose d&rsquo;une r\u00e9ception ouverte 24h\/24 avec des informations et des cartes de la ville.<\/p>\n\n<p>Les invit\u00e9s pourront participer \u00e0 toute une s\u00e9rie d&rsquo;\u00e9v\u00e9nements. Comme des visites guid\u00e9es de la ville, des soir\u00e9es dansantes et des routes des tapas, entre autres. L&rsquo;entreprise a et expose des v\u00e9los de location, ainsi que de la literie et des couvertures pour le client. Les chambres sont \u00e9quip\u00e9es de ventilateurs et sont non-fumeurs.<\/p>\n\n<h2 class=\"wp-block-heading\">Quels services la chambre comprend-elle ?<\/h2>\n\n<p>L&rsquo;auberge Red Nest dispose de belles chambres pouvant accueillir jusqu&rsquo;\u00e0 douze personnes dans certains cas, tandis que d&rsquo;autres sont priv\u00e9es et doubles. La salle de bains est commune et vous pouvez demander un lit dans l&rsquo;une des chambres r\u00e9serv\u00e9es aux dames ou aux messieurs. Le Wi-Fi est disponible dans les chambres, ainsi que des casiers avec cadenas en vente \u00e0 la r\u00e9ception. Enfin, pour les personnes \u00e2g\u00e9es de plus de 35 ans, des chambres priv\u00e9es seront requises.<\/p>\n","protected":false},"excerpt":{"rendered":"<p>Red Nest Hostel Valencia \u00ae Auberge la moins ch\u00e8re et la plus agr\u00e9able du centre de Valence. L&rsquo;une des auberges de jeunesse les plus \u00e9conomiques, propres et s\u00fbres de Valence. R\u00e9servation en ligne garantie au meilleur prix. R\u00e9servez directement et \u00e9conomisez jusqu&rsquo;\u00e0 5% sur votre lit. Chambre double avec salle de bain partag\u00e9e, standard twin, m\u00e9lange de lits \u00e0 Valence<\/p>\n","protected":false},"author":21,"featured_media":9752,"parent":0,"menu_order":0,"comment_status":"open","ping_status":"closed","template":"","meta":{"footnotes":""},"class_list":["post-3779","page","type-page","status-publish","has-post-thumbnail","hentry"],"yoast_head":"<!-- This site is optimized with the Yoast SEO plugin v27.5 - https:\/\/yoast.com\/product\/yoast-seo-wordpress\/ -->\n<title>Red Nest Hostel Valencia \u00ae Auberge la moins ch\u00e8re de Valence<\/title>\n<meta name=\"description\" content=\"Red Nest Hostel Valencia \u00ae Auberge la moins ch\u00e8re et la plus agr\u00e9able dans le centre de Valence. L&#039;une des auberges les plus \u00e9conomiques\" \/>\n<meta name=\"robots\" content=\"index, follow, max-snippet:-1, max-image-preview:large, max-video-preview:-1\" \/>\n<link rel=\"canonical\" href=\"https:\/\/nesthostelsvalencia.com\/fr\/red-nest-hostel-valencia\/\" \/>\n<meta property=\"og:locale\" content=\"fr_FR\" \/>\n<meta property=\"og:type\" content=\"article\" \/>\n<meta property=\"og:title\" content=\"Red Nest Hostel Valencia \u00ae Auberge la moins ch\u00e8re de Valence\" \/>\n<meta property=\"og:description\" content=\"Red Nest Hostel Valencia \u00ae Auberge la moins ch\u00e8re et la plus agr\u00e9able dans le centre de Valence. L&#039;une des auberges les plus \u00e9conomiques\" \/>\n<meta property=\"og:url\" content=\"https:\/\/nesthostelsvalencia.com\/fr\/red-nest-hostel-valencia\/\" \/>\n<meta property=\"og:site_name\" content=\"Nest Hostels Valencia\" \/>\n<meta property=\"article:modified_time\" content=\"2024-03-13T11:50:41+00:00\" \/>\n<meta property=\"og:image\" content=\"https:\/\/nesthostelsvalencia.com\/wp-content\/uploads\/2018\/11\/red-nest-hostel-valencia-nesthostelsvalencia-2018.jpg\" \/>\n\t<meta property=\"og:image:width\" content=\"1200\" \/>\n\t<meta property=\"og:image:height\" content=\"900\" \/>\n\t<meta property=\"og:image:type\" content=\"image\/jpeg\" \/>\n<meta name=\"twitter:card\" content=\"summary_large_image\" \/>\n<meta name=\"twitter:label1\" content=\"Dur\u00e9e de lecture estim\u00e9e\" \/>\n\t<meta name=\"twitter:data1\" content=\"4 minutes\" \/>\n<script type=\"application\/ld+json\" class=\"yoast-schema-graph\">{\"@context\":\"https:\\\/\\\/schema.org\",\"@graph\":[{\"@type\":\"WebPage\",\"@id\":\"https:\\\/\\\/nesthostelsvalencia.com\\\/fr\\\/red-nest-hostel-valencia\\\/\",\"url\":\"https:\\\/\\\/nesthostelsvalencia.com\\\/fr\\\/red-nest-hostel-valencia\\\/\",\"name\":\"Red Nest Hostel Valencia \u00ae Auberge la moins ch\u00e8re de Valence\",\"isPartOf\":{\"@id\":\"https:\\\/\\\/nesthostelsvalencia.com\\\/fr\\\/#website\"},\"primaryImageOfPage\":{\"@id\":\"https:\\\/\\\/nesthostelsvalencia.com\\\/fr\\\/red-nest-hostel-valencia\\\/#primaryimage\"},\"image\":{\"@id\":\"https:\\\/\\\/nesthostelsvalencia.com\\\/fr\\\/red-nest-hostel-valencia\\\/#primaryimage\"},\"thumbnailUrl\":\"https:\\\/\\\/nesthostelsvalencia.com\\\/wp-content\\\/uploads\\\/2018\\\/11\\\/red-nest-hostel-valencia-nesthostelsvalencia-2018.jpg\",\"datePublished\":\"2015-05-22T10:35:20+00:00\",\"dateModified\":\"2024-03-13T11:50:41+00:00\",\"description\":\"Red Nest Hostel Valencia \u00ae Auberge la moins ch\u00e8re et la plus agr\u00e9able dans le centre de Valence. L'une des auberges les plus \u00e9conomiques\",\"breadcrumb\":{\"@id\":\"https:\\\/\\\/nesthostelsvalencia.com\\\/fr\\\/red-nest-hostel-valencia\\\/#breadcrumb\"},\"inLanguage\":\"fr-FR\",\"potentialAction\":[{\"@type\":\"ReadAction\",\"target\":[\"https:\\\/\\\/nesthostelsvalencia.com\\\/fr\\\/red-nest-hostel-valencia\\\/\"]}]},{\"@type\":\"ImageObject\",\"inLanguage\":\"fr-FR\",\"@id\":\"https:\\\/\\\/nesthostelsvalencia.com\\\/fr\\\/red-nest-hostel-valencia\\\/#primaryimage\",\"url\":\"https:\\\/\\\/nesthostelsvalencia.com\\\/wp-content\\\/uploads\\\/2018\\\/11\\\/red-nest-hostel-valencia-nesthostelsvalencia-2018.jpg\",\"contentUrl\":\"https:\\\/\\\/nesthostelsvalencia.com\\\/wp-content\\\/uploads\\\/2018\\\/11\\\/red-nest-hostel-valencia-nesthostelsvalencia-2018.jpg\",\"width\":1200,\"height\":900,\"caption\":\"Red Nest Hostel Valencia\"},{\"@type\":\"BreadcrumbList\",\"@id\":\"https:\\\/\\\/nesthostelsvalencia.com\\\/fr\\\/red-nest-hostel-valencia\\\/#breadcrumb\",\"itemListElement\":[{\"@type\":\"ListItem\",\"position\":1,\"name\":\"Home\",\"item\":\"https:\\\/\\\/nesthostelsvalencia.com\\\/fr\\\/\"},{\"@type\":\"ListItem\",\"position\":2,\"name\":\"Red Nest Hostel Valencia \u00ae\"}]},{\"@type\":\"WebSite\",\"@id\":\"https:\\\/\\\/nesthostelsvalencia.com\\\/fr\\\/#website\",\"url\":\"https:\\\/\\\/nesthostelsvalencia.com\\\/fr\\\/\",\"name\":\"Nest Hostels Valencia\",\"description\":\"Youth hostels and beds for travelers in Valencia\",\"publisher\":{\"@id\":\"https:\\\/\\\/nesthostelsvalencia.com\\\/fr\\\/#organization\"},\"alternateName\":\"Nest Hostels Valencia\",\"potentialAction\":[{\"@type\":\"SearchAction\",\"target\":{\"@type\":\"EntryPoint\",\"urlTemplate\":\"https:\\\/\\\/nesthostelsvalencia.com\\\/fr\\\/?s={search_term_string}\"},\"query-input\":{\"@type\":\"PropertyValueSpecification\",\"valueRequired\":true,\"valueName\":\"search_term_string\"}}],\"inLanguage\":\"fr-FR\"},{\"@type\":\"Organization\",\"@id\":\"https:\\\/\\\/nesthostelsvalencia.com\\\/fr\\\/#organization\",\"name\":\"Nest Hostels Valencia\",\"alternateName\":\"Youth hostels and beds for travelers in Valencia\",\"url\":\"https:\\\/\\\/nesthostelsvalencia.com\\\/fr\\\/\",\"logo\":{\"@type\":\"ImageObject\",\"inLanguage\":\"fr-FR\",\"@id\":\"https:\\\/\\\/nesthostelsvalencia.com\\\/fr\\\/#\\\/schema\\\/logo\\\/image\\\/\",\"url\":\"https:\\\/\\\/nesthostelsvalencia.com\\\/wp-content\\\/uploads\\\/2022\\\/01\\\/logo-nesthostels-valencia-feetuphostels.svg\",\"contentUrl\":\"https:\\\/\\\/nesthostelsvalencia.com\\\/wp-content\\\/uploads\\\/2022\\\/01\\\/logo-nesthostels-valencia-feetuphostels.svg\",\"width\":279,\"height\":130,\"caption\":\"Nest Hostels Valencia\"},\"image\":{\"@id\":\"https:\\\/\\\/nesthostelsvalencia.com\\\/fr\\\/#\\\/schema\\\/logo\\\/image\\\/\"}}]}<\/script>\n<!-- \/ Yoast SEO plugin. -->","yoast_head_json":{"title":"Red Nest Hostel Valencia \u00ae Auberge la moins ch\u00e8re de Valence","description":"Red Nest Hostel Valencia \u00ae Auberge la moins ch\u00e8re et la plus agr\u00e9able dans le centre de Valence. L'une des auberges les plus \u00e9conomiques","robots":{"index":"index","follow":"follow","max-snippet":"max-snippet:-1","max-image-preview":"max-image-preview:large","max-video-preview":"max-video-preview:-1"},"canonical":"https:\/\/nesthostelsvalencia.com\/fr\/red-nest-hostel-valencia\/","og_locale":"fr_FR","og_type":"article","og_title":"Red Nest Hostel Valencia \u00ae Auberge la moins ch\u00e8re de Valence","og_description":"Red Nest Hostel Valencia \u00ae Auberge la moins ch\u00e8re et la plus agr\u00e9able dans le centre de Valence. L'une des auberges les plus \u00e9conomiques","og_url":"https:\/\/nesthostelsvalencia.com\/fr\/red-nest-hostel-valencia\/","og_site_name":"Nest Hostels Valencia","article_modified_time":"2024-03-13T11:50:41+00:00","og_image":[{"width":1200,"height":900,"url":"https:\/\/nesthostelsvalencia.com\/wp-content\/uploads\/2018\/11\/red-nest-hostel-valencia-nesthostelsvalencia-2018.jpg","type":"image\/jpeg"}],"twitter_card":"summary_large_image","twitter_misc":{"Dur\u00e9e de lecture estim\u00e9e":"4 minutes"},"schema":{"@context":"https:\/\/schema.org","@graph":[{"@type":"WebPage","@id":"https:\/\/nesthostelsvalencia.com\/fr\/red-nest-hostel-valencia\/","url":"https:\/\/nesthostelsvalencia.com\/fr\/red-nest-hostel-valencia\/","name":"Red Nest Hostel Valencia \u00ae Auberge la moins ch\u00e8re de Valence","isPartOf":{"@id":"https:\/\/nesthostelsvalencia.com\/fr\/#website"},"primaryImageOfPage":{"@id":"https:\/\/nesthostelsvalencia.com\/fr\/red-nest-hostel-valencia\/#primaryimage"},"image":{"@id":"https:\/\/nesthostelsvalencia.com\/fr\/red-nest-hostel-valencia\/#primaryimage"},"thumbnailUrl":"https:\/\/nesthostelsvalencia.com\/wp-content\/uploads\/2018\/11\/red-nest-hostel-valencia-nesthostelsvalencia-2018.jpg","datePublished":"2015-05-22T10:35:20+00:00","dateModified":"2024-03-13T11:50:41+00:00","description":"Red Nest Hostel Valencia \u00ae Auberge la moins ch\u00e8re et la plus agr\u00e9able dans le centre de Valence. L'une des auberges les plus \u00e9conomiques","breadcrumb":{"@id":"https:\/\/nesthostelsvalencia.com\/fr\/red-nest-hostel-valencia\/#breadcrumb"},"inLanguage":"fr-FR","potentialAction":[{"@type":"ReadAction","target":["https:\/\/nesthostelsvalencia.com\/fr\/red-nest-hostel-valencia\/"]}]},{"@type":"ImageObject","inLanguage":"fr-FR","@id":"https:\/\/nesthostelsvalencia.com\/fr\/red-nest-hostel-valencia\/#primaryimage","url":"https:\/\/nesthostelsvalencia.com\/wp-content\/uploads\/2018\/11\/red-nest-hostel-valencia-nesthostelsvalencia-2018.jpg","contentUrl":"https:\/\/nesthostelsvalencia.com\/wp-content\/uploads\/2018\/11\/red-nest-hostel-valencia-nesthostelsvalencia-2018.jpg","width":1200,"height":900,"caption":"Red Nest Hostel Valencia"},{"@type":"BreadcrumbList","@id":"https:\/\/nesthostelsvalencia.com\/fr\/red-nest-hostel-valencia\/#breadcrumb","itemListElement":[{"@type":"ListItem","position":1,"name":"Home","item":"https:\/\/nesthostelsvalencia.com\/fr\/"},{"@type":"ListItem","position":2,"name":"Red Nest Hostel Valencia \u00ae"}]},{"@type":"WebSite","@id":"https:\/\/nesthostelsvalencia.com\/fr\/#website","url":"https:\/\/nesthostelsvalencia.com\/fr\/","name":"Nest Hostels Valencia","description":"Youth hostels and beds for travelers in Valencia","publisher":{"@id":"https:\/\/nesthostelsvalencia.com\/fr\/#organization"},"alternateName":"Nest Hostels Valencia","potentialAction":[{"@type":"SearchAction","target":{"@type":"EntryPoint","urlTemplate":"https:\/\/nesthostelsvalencia.com\/fr\/?s={search_term_string}"},"query-input":{"@type":"PropertyValueSpecification","valueRequired":true,"valueName":"search_term_string"}}],"inLanguage":"fr-FR"},{"@type":"Organization","@id":"https:\/\/nesthostelsvalencia.com\/fr\/#organization","name":"Nest Hostels Valencia","alternateName":"Youth hostels and beds for travelers in Valencia","url":"https:\/\/nesthostelsvalencia.com\/fr\/","logo":{"@type":"ImageObject","inLanguage":"fr-FR","@id":"https:\/\/nesthostelsvalencia.com\/fr\/#\/schema\/logo\/image\/","url":"https:\/\/nesthostelsvalencia.com\/wp-content\/uploads\/2022\/01\/logo-nesthostels-valencia-feetuphostels.svg","contentUrl":"https:\/\/nesthostelsvalencia.com\/wp-content\/uploads\/2022\/01\/logo-nesthostels-valencia-feetuphostels.svg","width":279,"height":130,"caption":"Nest Hostels Valencia"},"image":{"@id":"https:\/\/nesthostelsvalencia.com\/fr\/#\/schema\/logo\/image\/"}}]}},"_links":{"self":[{"href":"https:\/\/nesthostelsvalencia.com\/fr\/wp-json\/wp\/v2\/pages\/3779","targetHints":{"allow":["GET"]}}],"collection":[{"href":"https:\/\/nesthostelsvalencia.com\/fr\/wp-json\/wp\/v2\/pages"}],"about":[{"href":"https:\/\/nesthostelsvalencia.com\/fr\/wp-json\/wp\/v2\/types\/page"}],"author":[{"embeddable":true,"href":"https:\/\/nesthostelsvalencia.com\/fr\/wp-json\/wp\/v2\/users\/21"}],"replies":[{"embeddable":true,"href":"https:\/\/nesthostelsvalencia.com\/fr\/wp-json\/wp\/v2\/comments?post=3779"}],"version-history":[{"count":0,"href":"https:\/\/nesthostelsvalencia.com\/fr\/wp-json\/wp\/v2\/pages\/3779\/revisions"}],"wp:featuredmedia":[{"embeddable":true,"href":"https:\/\/nesthostelsvalencia.com\/fr\/wp-json\/wp\/v2\/media\/9752"}],"wp:attachment":[{"href":"https:\/\/nesthostelsvalencia.com\/fr\/wp-json\/wp\/v2\/media?parent=3779"}],"curies":[{"name":"wp","href":"https:\/\/api.w.org\/{rel}","templated":true}]}}