{"id":7438,"date":"2017-08-16T13:03:40","date_gmt":"2017-08-16T11:03:40","guid":{"rendered":"https:\/\/nesthostelsvalencia.com\/terms-conditions\/"},"modified":"2023-03-20T15:44:20","modified_gmt":"2023-03-20T14:44:20","slug":"termes-conditions","status":"publish","type":"page","link":"https:\/\/nesthostelsvalencia.com\/fr\/termes-conditions\/","title":{"rendered":"Avis juridiques"},"content":{"rendered":"\n<h1 class=\"has-text-align-center wp-block-heading\">Mentions l\u00e9gales Nest Hostels Valencia<\/h1>\n\n<h2 class=\"wp-block-heading\">1. Objet et acceptation<\/h2>\n\n<p>Le pr\u00e9sent avis juridique r\u00e9git l&rsquo;utilisation du site web\u00a0<a href=\"https:\/\/nesthostelsvalencia.com\/fr\/\" target=\"_blank\" rel=\"noreferrer noopener\">https:\/\/nesthostelsvalencia.com\/<\/a> (ci-apr\u00e8s, le WEB), propri\u00e9t\u00e9 de BOOKING HOSTELS SL. (ci-apr\u00e8s, le propri\u00e9taire du site).<\/p>\n\n<p>La navigation sur le site web du PROPRI\u00c9TAIRE DU WEB attribue la condition d&rsquo;utilisateur de celui-ci et implique l&rsquo;acceptation totale et sans r\u00e9serve de toutes et chacune des dispositions incluses dans les pr\u00e9sentes mentions l\u00e9gales, qui peuvent \u00eatre modifi\u00e9es.<\/p>\n\n<p>L&rsquo;utilisateur s&rsquo;engage \u00e0 faire un usage correct du site Web conform\u00e9ment \u00e0 la loi, \u00e0 la bonne foi, \u00e0 l&rsquo;ordre public, aux usages de la circulation et au pr\u00e9sent avis juridique. L&rsquo;utilisateur r\u00e9pondra au PROPRI\u00c9TAIRE DU SITE WEB ou \u00e0 des tiers, de tout dommage pouvant r\u00e9sulter d&rsquo;un manquement \u00e0 cette obligation.<\/p>\n\n<h2 class=\"wp-block-heading\">2. Identification et communications.<\/h2>\n\n<p>LE PROPRI\u00c9TAIRE DU WEB, conform\u00e9ment \u00e0 la loi 34\/2002, du 11 juillet, sur les services de la soci\u00e9t\u00e9 de l&rsquo;information et du commerce \u00e9lectronique, vous informe que :<\/p>\n\n<ul class=\"wp-block-list\">\n<li>Sa raison sociale est : BOOKING HOSTELS SL.<\/li>\n\n\n\n<li>CIF\/NIF\/NIE est : B98157274<\/li>\n\n\n\n<li>Son si\u00e8ge social est situ\u00e9 \u00e0 l&rsquo;adresse suivante C\/ RODRIGUEZ DE CEPEDA N\u00ba 35 &#8211; 46021 VALENCIA<\/li>\n\n\n\n<li>Inscrit au registre du commerce de : VALENCE, VOLUME 9055, LIVRE 6339, FOLIO 37, SECTION 8, FEUILLE V-134583, ENTR\u00c9E 1.<\/li>\n\n\n\n<li>T\u00e9l\u00e9phone:\u00a0<a href=\"tel:+34963285515\" target=\"_blank\" rel=\"noreferrer noopener\">+34963285515<\/a><\/li>\n\n\n\n<li>Email:\u00a0<a href=\"mailto:info@feetuphostels.com\" target=\"_blank\" rel=\"noreferrer noopener\">info@feetuphostels.com<\/a><\/li>\n<\/ul>\n\n<h2 class=\"wp-block-heading\">3. Les communications.<\/h2>\n\n<p>Toutes les notifications et communications entre les utilisateurs et le PROPRI\u00c9TAIRE DU WEB seront consid\u00e9r\u00e9es comme effectives, \u00e0 toutes fins utiles, lorsqu&rsquo;elles seront effectu\u00e9es par courrier postal ou par tout autre moyen d\u00e9crit ci-dessous :<\/p>\n\n<ul class=\"wp-block-list\">\n<li>T\u00e9l\u00e9phone:\u00a0<a href=\"tel:+34963285515\" target=\"_blank\" rel=\"noreferrer noopener\">+34963285515<\/a><\/li>\n\n\n\n<li>Email:\u00a0<a href=\"mailto:info@feetuphostels.com\" target=\"_blank\" rel=\"noreferrer noopener\">info@feetuphostels.com<\/a><\/li>\n<\/ul>\n\n<h2 class=\"wp-block-heading\"><strong>4. Conditions d&rsquo;acc\u00e8s et d&rsquo;utilisation.<\/strong><\/h2>\n\n<p>Le site web et ses services sont d&rsquo;acc\u00e8s libre et gratuit. Toutefois, le PROPRI\u00c9TAIRE DU SITE WEB conditionne l&rsquo;utilisation de certains des services offerts sur son site web \u00e0 l&rsquo;accomplissement pr\u00e9alable du formulaire correspondant.<\/p>\n\n<p>L&rsquo;utilisateur garantit l&rsquo;authenticit\u00e9 et l&rsquo;actualit\u00e9 de toutes les donn\u00e9es communiqu\u00e9es au PROPRI\u00c9TAIRE DU SITE WEB et sera seul responsable de toute d\u00e9claration fausse ou inexacte.<\/p>\n\n<p>L&rsquo;utilisateur s&rsquo;engage express\u00e9ment \u00e0 faire un usage appropri\u00e9 des contenus et des services du PROPRI\u00c9TAIRE DU WEB et \u00e0 ne pas les utiliser, entre autres :<\/p>\n\n<p>a) Diffuser des contenus criminels, violents, pornographiques, racistes, x\u00e9nophobes, offensants, faisant l&rsquo;apologie du terrorisme ou, d&rsquo;une mani\u00e8re g\u00e9n\u00e9rale, contraires \u00e0 la loi ou \u00e0 l&rsquo;ordre public.<\/p>\n\n<p>b) Introduire des virus informatiques dans le r\u00e9seau ou effectuer des actions susceptibles d&rsquo;alt\u00e9rer, de d\u00e9t\u00e9riorer, d&rsquo;interrompre ou de g\u00e9n\u00e9rer des erreurs ou des dommages aux documents \u00e9lectroniques, aux donn\u00e9es ou aux syst\u00e8mes physiques et logiques du PROPRI\u00c9TAIRE DU SITE WEB ou de tiers ; ainsi qu&rsquo;entraver l&rsquo;acc\u00e8s d&rsquo;autres utilisateurs au site web et \u00e0 ses services par la consommation massive des ressources informatiques gr\u00e2ce auxquelles le PROPRI\u00c9TAIRE DU SITE WEB fournit ses services.<\/p>\n\n<p>c) tenter d&rsquo;acc\u00e9der aux comptes de courrier \u00e9lectronique d&rsquo;autres utilisateurs ou \u00e0 des zones restreintes des syst\u00e8mes informatiques du PROPRI\u00c9TAIRE DU SITE WEB ou de tiers et, le cas \u00e9ch\u00e9ant, d&rsquo;en extraire des informations.<\/p>\n\n<p>d) violer les droits de propri\u00e9t\u00e9 intellectuelle ou industrielle, ainsi que la confidentialit\u00e9 des informations du PROPRI\u00c9TAIRE DU SITE WEB ou de tiers.<\/p>\n\n<p>e) usurper l&rsquo;identit\u00e9 d&rsquo;un autre utilisateur, d&rsquo;une administration publique ou d&rsquo;un tiers.<\/p>\n\n<p>f) reproduire, copier, distribuer, mettre \u00e0 disposition, ou toute autre forme de communication publique, transformer ou modifier le contenu, \u00e0 moins que vous n&rsquo;ayez l&rsquo;autorisation du titulaire des droits correspondants ou que cela soit l\u00e9galement permis.<\/p>\n\n<p>g) collecter des donn\u00e9es \u00e0 des fins publicitaires et envoyer des publicit\u00e9s de toute nature et des communications \u00e0 des fins de vente ou autres de nature commerciale sans votre demande ou consentement pr\u00e9alable.<\/p>\n\n<h2 class=\"wp-block-heading\"><strong>5. Propri\u00e9t\u00e9 intellectuelle et industrielle.<\/strong><\/h2>\n\n<p>Tous les contenus du site web, tels que les textes, les photographies, les graphiques, les images, les ic\u00f4nes, la technologie, le logiciel, ainsi que sa conception graphique et ses codes sources, constituent une \u0153uvre dont la propri\u00e9t\u00e9 appartient au PROPRI\u00c9TAIRE DU SITE WEB, sans qu&rsquo;il soit entendu qu&rsquo;il ne soit c\u00e9d\u00e9 \u00e0 l&rsquo;utilisateur aucun des droits d&rsquo;exploitation sur ceux-ci au-del\u00e0 de ce qui est strictement n\u00e9cessaire \u00e0 l&rsquo;utilisation correcte du site web.<\/p>\n\n<p>En r\u00e9sum\u00e9, les utilisateurs qui acc\u00e8dent \u00e0 ce site web peuvent visualiser les contenus et r\u00e9aliser, le cas \u00e9ch\u00e9ant, des copies priv\u00e9es autoris\u00e9es, \u00e0 condition que les \u00e9l\u00e9ments reproduits ne soient pas c\u00e9d\u00e9s ult\u00e9rieurement \u00e0 des tiers, ni install\u00e9s sur des serveurs connect\u00e9s \u00e0 des r\u00e9seaux, et qu&rsquo;ils ne fassent l&rsquo;objet d&rsquo;aucun type d&rsquo;exploitation.<\/p>\n\n<p>De m\u00eame, toutes les marques, noms commerciaux ou signes distinctifs de toute nature qui apparaissent sur le site web sont la propri\u00e9t\u00e9 du PROPRI\u00c9TAIRE DU WEB, sans qu&rsquo;il soit entendu que l&rsquo;utilisation ou l&rsquo;acc\u00e8s \u00e0 ceux-ci attribue \u00e0 l&rsquo;utilisateur un quelconque droit sur ceux-ci.<\/p>\n\n<p>La distribution, la modification, la cession ou la communication publique des contenus et tout autre acte qui n&rsquo;a pas \u00e9t\u00e9 express\u00e9ment autoris\u00e9 par le titulaire des droits d&rsquo;exploitation sont interdits.<\/p>\n\n<h2 class=\"wp-block-heading\"><strong>6. Hyperliens.<\/strong><\/h2>\n\n<p>L&rsquo;\u00e9tablissement d&rsquo;un lien hypertexte n&rsquo;implique en aucun cas l&rsquo;existence de relations entre le PROPRI\u00c9TAIRE DU WEB et le propri\u00e9taire du site web sur lequel il est \u00e9tabli, ni l&rsquo;acceptation et l&rsquo;approbation par le PROPRI\u00c9TAIRE DU WEB de son contenu ou de ses services. <\/p>\n\n<p>Les personnes qui ont l&rsquo;intention d&rsquo;\u00e9tablir un lien hypertexte doivent pr\u00e9alablement demander l&rsquo;autorisation par \u00e9crit au PROPRI\u00c9TAIRE DU SITE WEB.<\/p>\n\n<p>En tout \u00e9tat de cause, l&rsquo;hyperlien ne permettra d&rsquo;acc\u00e9der qu&rsquo;\u00e0 la page d&rsquo;accueil ou \u00e0 la page d&rsquo;accueil de notre site web, de m\u00eame, vous devez vous abstenir de faire des d\u00e9clarations ou indications fausses, inexactes ou incorrectes sur le PROPRI\u00c9TAIRE DU WEB, ou d&rsquo;inclure des contenus ill\u00e9gaux, contraires aux bonnes m\u0153urs et \u00e0 l&rsquo;ordre public.<\/p>\n\n<p>LE PROPRI\u00c9TAIRE DU SITE WEB n&rsquo;est pas responsable de l&rsquo;usage que chaque utilisateur fait du mat\u00e9riel mis \u00e0 disposition sur ce site ni des actions qu&rsquo;il entreprend sur la base de ce mat\u00e9riel.<\/p>\n\n<p>En ce qui concerne les hyperliens vers d&rsquo;autres sites, comme c&rsquo;est \u00e9galement le cas pour les r\u00e9seaux sociaux, le PROPRI\u00c9TAIRE DU WEB n&rsquo;exercera aucun contr\u00f4le sur ces sites et leurs contenus, n&rsquo;assumera aucune responsabilit\u00e9 quant aux contenus de tout lien appartenant \u00e0 d&rsquo;autres sites Web externes et ne garantira pas la disponibilit\u00e9 technique, la qualit\u00e9, la fiabilit\u00e9, l&rsquo;exactitude, l&rsquo;amplitude, la v\u00e9racit\u00e9 et la validit\u00e9 de tout mat\u00e9riel ou information contenu dans l&rsquo;un de ces hyperliens ou dans d&rsquo;autres sites Internet.<\/p>\n\n<h2 class=\"wp-block-heading\"><strong>7. Exclusion des garanties et de la responsabilit\u00e9.<\/strong><\/h2>\n\n<p>Le contenu de ce site web est de nature g\u00e9n\u00e9rale et n&rsquo;a qu&rsquo;une valeur informative, sans garantir pleinement l&rsquo;acc\u00e8s \u00e0 l&rsquo;ensemble du contenu, ni son exhaustivit\u00e9, son exactitude, sa validit\u00e9 ou son actualit\u00e9, ni son ad\u00e9quation ou son utilit\u00e9 \u00e0 une fin sp\u00e9cifique.<\/p>\n\n<p>LE PROPRI\u00c9TAIRE DU SITE WEB exclut, dans la mesure permise par la loi, toute responsabilit\u00e9 pour les dommages de toute nature r\u00e9sultant de :<\/p>\n\n<p>a) l&rsquo;impossibilit\u00e9 d&rsquo;acc\u00e9der au site web ou le manque de v\u00e9racit\u00e9, d&rsquo;exactitude, d&rsquo;exhaustivit\u00e9 et\/ou d&rsquo;actualit\u00e9 des contenus, ainsi que l&rsquo;existence de vices et de d\u00e9fauts de toute nature des contenus transmis, diffus\u00e9s, stock\u00e9s, mis \u00e0 disposition, auxquels il a \u00e9t\u00e9 acc\u00e9d\u00e9 par le biais du site web ou des services offerts.<\/p>\n\n<p>b) la pr\u00e9sence de virus ou d&rsquo;autres \u00e9l\u00e9ments dans le contenu qui peuvent causer des alt\u00e9rations dans les syst\u00e8mes informatiques, les documents \u00e9lectroniques ou les donn\u00e9es des utilisateurs.<\/p>\n\n<p>c) le non-respect des lois, de la bonne foi, de l&rsquo;ordre public, des usages de la circulation et du pr\u00e9sent avis juridique en raison d&rsquo;une utilisation incorrecte du site Web. En particulier, et \u00e0 titre d&rsquo;exemple, le PROPRI\u00c9TAIRE DU SITE WEB n&rsquo;est pas responsable des actions de tiers qui violent les droits de propri\u00e9t\u00e9 intellectuelle et industrielle, les secrets d&rsquo;affaires, les droits \u00e0 l&rsquo;honneur, la vie priv\u00e9e personnelle et familiale, l&rsquo;image elle-m\u00eame, ainsi que la r\u00e9glementation en mati\u00e8re de concurrence d\u00e9loyale et de publicit\u00e9 illicite.<\/p>\n\n<p>De m\u00eame, le propri\u00e9taire du site d\u00e9cline toute responsabilit\u00e9 quant \u00e0 l&rsquo;information qui se trouve en dehors de ce site et qui n&rsquo;est pas g\u00e9r\u00e9e directement par notre webmestre. La fonction des liens qui apparaissent sur ce site est exclusivement d&rsquo;informer l&rsquo;utilisateur de l&rsquo;existence d&rsquo;autres sources capables d&rsquo;\u00e9largir le contenu offert par ce site.<\/p>\n\n<p>Le PROPRI\u00c9TAIRE DU SITE WEB ne garantit pas le fonctionnement ou l&rsquo;accessibilit\u00e9 des sites li\u00e9s et n&rsquo;en assume pas la responsabilit\u00e9 ; il ne sugg\u00e8re pas, n&rsquo;invite pas ou ne recommande pas la visite de ces sites et ne sera donc pas responsable du r\u00e9sultat obtenu. Le PROPRI\u00c9TAIRE DU SITE WEB n&rsquo;est pas responsable de l&rsquo;\u00e9tablissement d&rsquo;hyperliens par des tiers.<\/p>\n\n<h2 class=\"wp-block-heading\"><strong>8. Proc\u00e9dure en cas d&rsquo;exercice d&rsquo;activit\u00e9s ill\u00e9gales.<\/strong><\/h2>\n\n<p>Si le PROPRI\u00c9TAIRE DU SITE INTERNET a connaissance de l&rsquo;utilisation des services Internet pour des activit\u00e9s qui portent atteinte aux droits ou qui constituent des actes illicites, il prendra les mesures n\u00e9cessaires pour r\u00e9primer et \u00e9liminer ces activit\u00e9s, en se r\u00e9servant le droit d&rsquo;engager une action en justice.<\/p>\n\n<p>Si un utilisateur ou un tiers consid\u00e8re qu&rsquo;il existe des faits ou des circonstances qui r\u00e9v\u00e8lent le caract\u00e8re illicite de l&rsquo;utilisation de tout contenu et\/ou de la r\u00e9alisation de toute activit\u00e9 sur les pages web incluses ou accessibles par le site web, il doit envoyer une notification au PROPRI\u00c9TAIRE DU SITE WEB en s&rsquo;identifiant d\u00fbment et en pr\u00e9cisant les infractions pr\u00e9sum\u00e9es.<\/p>\n\n<h2 class=\"wp-block-heading\"><strong>9. Publications<\/strong><\/h2>\n\n<p>Les informations administratives fournies par le biais du site web ne remplacent pas la publicit\u00e9 l\u00e9gale des lois, r\u00e8glements, plans, dispositions g\u00e9n\u00e9rales et actes qui doivent \u00eatre formellement publi\u00e9s dans les journaux officiels des administrations publiques, qui constituent le seul instrument attestant de leur authenticit\u00e9 et de leur contenu. Les informations disponibles sur ce site web doivent \u00eatre consid\u00e9r\u00e9es comme un guide sans valeur juridique.<\/p>\n\n<h2 class=\"wp-block-heading\"><strong>10. L\u00e9gislation et juridiction applicables.<\/strong><\/h2>\n\n<p>Le pr\u00e9sent avis juridique est r\u00e9gi par la l\u00e9gislation espagnole. Les parties conviennent de se soumettre \u00e0 la juridiction des cours et tribunaux qui leur correspondent en fonction de la l\u00e9gislation proc\u00e9durale applicable.<\/p>\n\n<p><\/p>\n","protected":false},"excerpt":{"rendered":"<p>Le pr\u00e9sent avis juridique r\u00e9git l&rsquo;utilisation du site Web nesthostelsvalencia.com (ci-apr\u00e8s d\u00e9nomm\u00e9 \u00a0\u00bb le site Web \u00ab\u00a0), dont le propri\u00e9taire est BOOKING HOSTELS S.L. (ci-apr\u00e8s d\u00e9nomm\u00e9 \u00a0\u00bb le propri\u00e9taire du site Web \u00ab\u00a0).<br \/>\nLa navigation sur le site web du PROPRI\u00c9TAIRE DU WEB attribue la condition d&rsquo;utilisateur de celui-ci et implique l&rsquo;acceptation totale et sans r\u00e9serve de toutes et chacune des dispositions incluses dans les pr\u00e9sentes mentions l\u00e9gales, qui peuvent \u00eatre modifi\u00e9es.<br \/>\nL&rsquo;utilisateur s&rsquo;engage \u00e0 faire un usage correct du site web conform\u00e9ment aux lois, \u00e0 la bonne foi, \u00e0 l&rsquo;ordre public, aux usages de la circulation et au pr\u00e9sent avis juridique. L&rsquo;utilisateur sera responsable envers le PROPRI\u00c9TAIRE DU SITE WEB ou envers des tiers, de tous les dommages qui pourraient \u00eatre caus\u00e9s \u00e0 la suite de la violation de cette obligation.<\/p>\n","protected":false},"author":21,"featured_media":0,"parent":0,"menu_order":0,"comment_status":"closed","ping_status":"closed","template":"","meta":{"footnotes":""},"class_list":["post-7438","page","type-page","status-publish","hentry"],"yoast_head":"<!-- This site is optimized with the Yoast SEO plugin v27.3 - https:\/\/yoast.com\/product\/yoast-seo-wordpress\/ -->\n<title>Avis juridiques. Conditions d&#039;utilisation, objet<\/title>\n<meta name=\"description\" content=\"Mentions l\u00e9gales. Conditions d&#039;utilisation, objectif et acceptation des utilisateurs. L&#039;utilisateur est tenu d&#039;utiliser correctement le site web\" \/>\n<meta name=\"robots\" content=\"index, follow, max-snippet:-1, max-image-preview:large, max-video-preview:-1\" \/>\n<link rel=\"canonical\" href=\"https:\/\/nesthostelsvalencia.com\/fr\/termes-conditions\/\" \/>\n<meta property=\"og:locale\" content=\"fr_FR\" \/>\n<meta property=\"og:type\" content=\"article\" \/>\n<meta property=\"og:title\" content=\"Avis juridiques. Conditions d&#039;utilisation, objet\" \/>\n<meta property=\"og:description\" content=\"Mentions l\u00e9gales. Conditions d&#039;utilisation, objectif et acceptation des utilisateurs. L&#039;utilisateur est tenu d&#039;utiliser correctement le site web\" \/>\n<meta property=\"og:url\" content=\"https:\/\/nesthostelsvalencia.com\/fr\/termes-conditions\/\" \/>\n<meta property=\"og:site_name\" content=\"Nest Hostels Valencia\" \/>\n<meta property=\"article:modified_time\" content=\"2023-03-20T14:44:20+00:00\" \/>\n<meta property=\"og:image\" content=\"https:\/\/nesthostelsvalencia.com\/wp-content\/uploads\/2022\/02\/57purple-nest-hostel-valencia-web.jpg\" \/>\n\t<meta property=\"og:image:width\" content=\"3500\" \/>\n\t<meta property=\"og:image:height\" content=\"2333\" \/>\n\t<meta property=\"og:image:type\" content=\"image\/jpeg\" \/>\n<meta name=\"twitter:card\" content=\"summary_large_image\" \/>\n<meta name=\"twitter:label1\" content=\"Dur\u00e9e de lecture estim\u00e9e\" \/>\n\t<meta name=\"twitter:data1\" content=\"9 minutes\" \/>\n<script type=\"application\/ld+json\" class=\"yoast-schema-graph\">{\"@context\":\"https:\\\/\\\/schema.org\",\"@graph\":[{\"@type\":\"WebPage\",\"@id\":\"https:\\\/\\\/nesthostelsvalencia.com\\\/fr\\\/termes-conditions\\\/\",\"url\":\"https:\\\/\\\/nesthostelsvalencia.com\\\/fr\\\/termes-conditions\\\/\",\"name\":\"Avis juridiques. Conditions d'utilisation, objet\",\"isPartOf\":{\"@id\":\"https:\\\/\\\/nesthostelsvalencia.com\\\/fr\\\/#website\"},\"datePublished\":\"2017-08-16T11:03:40+00:00\",\"dateModified\":\"2023-03-20T14:44:20+00:00\",\"description\":\"Mentions l\u00e9gales. Conditions d'utilisation, objectif et acceptation des utilisateurs. L'utilisateur est tenu d'utiliser correctement le site web\",\"breadcrumb\":{\"@id\":\"https:\\\/\\\/nesthostelsvalencia.com\\\/fr\\\/termes-conditions\\\/#breadcrumb\"},\"inLanguage\":\"fr-FR\",\"potentialAction\":[{\"@type\":\"ReadAction\",\"target\":[\"https:\\\/\\\/nesthostelsvalencia.com\\\/fr\\\/termes-conditions\\\/\"]}]},{\"@type\":\"BreadcrumbList\",\"@id\":\"https:\\\/\\\/nesthostelsvalencia.com\\\/fr\\\/termes-conditions\\\/#breadcrumb\",\"itemListElement\":[{\"@type\":\"ListItem\",\"position\":1,\"name\":\"Home\",\"item\":\"https:\\\/\\\/nesthostelsvalencia.com\\\/fr\\\/\"},{\"@type\":\"ListItem\",\"position\":2,\"name\":\"Avis juridiques\"}]},{\"@type\":\"WebSite\",\"@id\":\"https:\\\/\\\/nesthostelsvalencia.com\\\/fr\\\/#website\",\"url\":\"https:\\\/\\\/nesthostelsvalencia.com\\\/fr\\\/\",\"name\":\"Nest Hostels Valencia\",\"description\":\"Youth hostels and beds for travelers in Valencia\",\"publisher\":{\"@id\":\"https:\\\/\\\/nesthostelsvalencia.com\\\/fr\\\/#organization\"},\"alternateName\":\"Nest Hostels Valencia\",\"potentialAction\":[{\"@type\":\"SearchAction\",\"target\":{\"@type\":\"EntryPoint\",\"urlTemplate\":\"https:\\\/\\\/nesthostelsvalencia.com\\\/fr\\\/?s={search_term_string}\"},\"query-input\":{\"@type\":\"PropertyValueSpecification\",\"valueRequired\":true,\"valueName\":\"search_term_string\"}}],\"inLanguage\":\"fr-FR\"},{\"@type\":\"Organization\",\"@id\":\"https:\\\/\\\/nesthostelsvalencia.com\\\/fr\\\/#organization\",\"name\":\"Nest Hostels Valencia\",\"alternateName\":\"Youth hostels and beds for travelers in Valencia\",\"url\":\"https:\\\/\\\/nesthostelsvalencia.com\\\/fr\\\/\",\"logo\":{\"@type\":\"ImageObject\",\"inLanguage\":\"fr-FR\",\"@id\":\"https:\\\/\\\/nesthostelsvalencia.com\\\/fr\\\/#\\\/schema\\\/logo\\\/image\\\/\",\"url\":\"https:\\\/\\\/nesthostelsvalencia.com\\\/wp-content\\\/uploads\\\/2022\\\/01\\\/logo-nesthostels-valencia-feetuphostels.svg\",\"contentUrl\":\"https:\\\/\\\/nesthostelsvalencia.com\\\/wp-content\\\/uploads\\\/2022\\\/01\\\/logo-nesthostels-valencia-feetuphostels.svg\",\"width\":279,\"height\":130,\"caption\":\"Nest Hostels Valencia\"},\"image\":{\"@id\":\"https:\\\/\\\/nesthostelsvalencia.com\\\/fr\\\/#\\\/schema\\\/logo\\\/image\\\/\"}}]}<\/script>\n<!-- \/ Yoast SEO plugin. -->","yoast_head_json":{"title":"Avis juridiques. Conditions d'utilisation, objet","description":"Mentions l\u00e9gales. Conditions d'utilisation, objectif et acceptation des utilisateurs. L'utilisateur est tenu d'utiliser correctement le site web","robots":{"index":"index","follow":"follow","max-snippet":"max-snippet:-1","max-image-preview":"max-image-preview:large","max-video-preview":"max-video-preview:-1"},"canonical":"https:\/\/nesthostelsvalencia.com\/fr\/termes-conditions\/","og_locale":"fr_FR","og_type":"article","og_title":"Avis juridiques. Conditions d'utilisation, objet","og_description":"Mentions l\u00e9gales. Conditions d'utilisation, objectif et acceptation des utilisateurs. L'utilisateur est tenu d'utiliser correctement le site web","og_url":"https:\/\/nesthostelsvalencia.com\/fr\/termes-conditions\/","og_site_name":"Nest Hostels Valencia","article_modified_time":"2023-03-20T14:44:20+00:00","og_image":[{"width":3500,"height":2333,"url":"https:\/\/nesthostelsvalencia.com\/wp-content\/uploads\/2022\/02\/57purple-nest-hostel-valencia-web.jpg","type":"image\/jpeg"}],"twitter_card":"summary_large_image","twitter_misc":{"Dur\u00e9e de lecture estim\u00e9e":"9 minutes"},"schema":{"@context":"https:\/\/schema.org","@graph":[{"@type":"WebPage","@id":"https:\/\/nesthostelsvalencia.com\/fr\/termes-conditions\/","url":"https:\/\/nesthostelsvalencia.com\/fr\/termes-conditions\/","name":"Avis juridiques. Conditions d'utilisation, objet","isPartOf":{"@id":"https:\/\/nesthostelsvalencia.com\/fr\/#website"},"datePublished":"2017-08-16T11:03:40+00:00","dateModified":"2023-03-20T14:44:20+00:00","description":"Mentions l\u00e9gales. Conditions d'utilisation, objectif et acceptation des utilisateurs. L'utilisateur est tenu d'utiliser correctement le site web","breadcrumb":{"@id":"https:\/\/nesthostelsvalencia.com\/fr\/termes-conditions\/#breadcrumb"},"inLanguage":"fr-FR","potentialAction":[{"@type":"ReadAction","target":["https:\/\/nesthostelsvalencia.com\/fr\/termes-conditions\/"]}]},{"@type":"BreadcrumbList","@id":"https:\/\/nesthostelsvalencia.com\/fr\/termes-conditions\/#breadcrumb","itemListElement":[{"@type":"ListItem","position":1,"name":"Home","item":"https:\/\/nesthostelsvalencia.com\/fr\/"},{"@type":"ListItem","position":2,"name":"Avis juridiques"}]},{"@type":"WebSite","@id":"https:\/\/nesthostelsvalencia.com\/fr\/#website","url":"https:\/\/nesthostelsvalencia.com\/fr\/","name":"Nest Hostels Valencia","description":"Youth hostels and beds for travelers in Valencia","publisher":{"@id":"https:\/\/nesthostelsvalencia.com\/fr\/#organization"},"alternateName":"Nest Hostels Valencia","potentialAction":[{"@type":"SearchAction","target":{"@type":"EntryPoint","urlTemplate":"https:\/\/nesthostelsvalencia.com\/fr\/?s={search_term_string}"},"query-input":{"@type":"PropertyValueSpecification","valueRequired":true,"valueName":"search_term_string"}}],"inLanguage":"fr-FR"},{"@type":"Organization","@id":"https:\/\/nesthostelsvalencia.com\/fr\/#organization","name":"Nest Hostels Valencia","alternateName":"Youth hostels and beds for travelers in Valencia","url":"https:\/\/nesthostelsvalencia.com\/fr\/","logo":{"@type":"ImageObject","inLanguage":"fr-FR","@id":"https:\/\/nesthostelsvalencia.com\/fr\/#\/schema\/logo\/image\/","url":"https:\/\/nesthostelsvalencia.com\/wp-content\/uploads\/2022\/01\/logo-nesthostels-valencia-feetuphostels.svg","contentUrl":"https:\/\/nesthostelsvalencia.com\/wp-content\/uploads\/2022\/01\/logo-nesthostels-valencia-feetuphostels.svg","width":279,"height":130,"caption":"Nest Hostels Valencia"},"image":{"@id":"https:\/\/nesthostelsvalencia.com\/fr\/#\/schema\/logo\/image\/"}}]}},"_links":{"self":[{"href":"https:\/\/nesthostelsvalencia.com\/fr\/wp-json\/wp\/v2\/pages\/7438","targetHints":{"allow":["GET"]}}],"collection":[{"href":"https:\/\/nesthostelsvalencia.com\/fr\/wp-json\/wp\/v2\/pages"}],"about":[{"href":"https:\/\/nesthostelsvalencia.com\/fr\/wp-json\/wp\/v2\/types\/page"}],"author":[{"embeddable":true,"href":"https:\/\/nesthostelsvalencia.com\/fr\/wp-json\/wp\/v2\/users\/21"}],"replies":[{"embeddable":true,"href":"https:\/\/nesthostelsvalencia.com\/fr\/wp-json\/wp\/v2\/comments?post=7438"}],"version-history":[{"count":0,"href":"https:\/\/nesthostelsvalencia.com\/fr\/wp-json\/wp\/v2\/pages\/7438\/revisions"}],"wp:attachment":[{"href":"https:\/\/nesthostelsvalencia.com\/fr\/wp-json\/wp\/v2\/media?parent=7438"}],"curies":[{"name":"wp","href":"https:\/\/api.w.org\/{rel}","templated":true}]}}