{"id":7450,"date":"2017-09-05T11:27:29","date_gmt":"2017-09-05T09:27:29","guid":{"rendered":"https:\/\/nesthostelsvalencia.com\/cookies-policy\/"},"modified":"2023-10-31T17:27:36","modified_gmt":"2023-10-31T16:27:36","slug":"politique-cookies","status":"publish","type":"page","link":"https:\/\/nesthostelsvalencia.com\/fr\/politique-cookies\/","title":{"rendered":"Politique des cookies"},"content":{"rendered":"\n<h1 class=\"wp-block-heading has-text-align-center\">Politique de cookies Nest Hostels Valencia<\/h1>\n\n\n\n<p>Nous n\u2019utilisons pas de cookies pour collecter des informations sur les utilisateurs. Seuls des cookies propres, les cookies de session, sont utilis\u00e9s \u00e0 des fins techniques (ceux qui permettent \u00e0 l\u2019utilisateur de naviguer sur le site web et d\u2019utiliser les diff\u00e9rentes options et services qui y existent).<\/p>\n\n\n\n<p>Le portail dont nous sommes les propri\u00e9taires contient des liens vers des sites web de tiers, dont les politiques de confidentialit\u00e9 nous sont \u00e9trang\u00e8res. En acc\u00e9dant \u00e0 ces sites web, vous pouvez d\u00e9cider d\u2019accepter ou non leurs politiques de confidentialit\u00e9 et de cookies. En g\u00e9n\u00e9ral, si vous naviguez sur Internet, vous pouvez accepter ou refuser les cookies de tiers \u00e0 partir des options de configuration de votre navigateur.<\/p>\n\n\n\n<h2 class=\"wp-block-heading\">A) D\u00e9finition et fonction g\u00e9n\u00e9rique des cookies.<\/h2>\n\n\n\n<p><strong>NEST HOUSE SL.<\/strong>, propri\u00e9taire de ce site web, vous informe que des cookies et\/ou des technologies similaires sont utilis\u00e9s pour stocker et r\u00e9cup\u00e9rer des informations lorsque vous naviguez. En g\u00e9n\u00e9ral, ces technologies peuvent servir \u00e0 des fins tr\u00e8s diverses, comme, par exemple, vous reconna\u00eetre en tant qu\u2019utilisateur, obtenir des informations sur vos habitudes de navigation ou personnaliser l\u2019affichage des contenus. Les utilisations sp\u00e9cifiques que nous faisons de ces technologies sont d\u00e9crites ci-dessous.<\/p>\n\n\n\n<h2 class=\"wp-block-heading\">B) Des informations sur le type de cookies utilis\u00e9s et leur finalit\u00e9.<\/h2>\n\n\n\n<ul class=\"wp-block-list\">\n<li><strong>Techniques<\/strong>: Sont celles n\u00e9cessaires \u00e0 la navigation et au bon fonctionnement de notre site web. Elles permettent, par exemple, de contr\u00f4ler le trafic et la communication des donn\u00e9es, d\u2019acc\u00e9der \u00e0 des zones \u00e0 acc\u00e8s restreint, de r\u00e9aliser le processus d\u2019achat d\u2019une commande, d\u2019utiliser des \u00e9l\u00e9ments de s\u00e9curit\u00e9 et de stocker des contenus pour pouvoir diffuser des vid\u00e9os ou partager des contenus via les r\u00e9seaux sociaux.<\/li>\n\n\n\n<li><strong>Personnalisation<\/strong>:&nbsp;Ce sont celles qui permettent \u00e0 l\u2019utilisateur d\u2019acc\u00e9der au service avec des caract\u00e9ristiques pr\u00e9d\u00e9finies en fonction d\u2019une s\u00e9rie de crit\u00e8res, tels que la langue, le type de navigateur par lequel on acc\u00e8de au service, la configuration r\u00e9gionale d\u2019o\u00f9 on y acc\u00e8de. au service etc.<\/li>\n\n\n\n<li><strong>Analyse<\/strong>:&nbsp;Sont celles qui, trait\u00e9es par nous ou par des tiers, nous permettent de quantifier le nombre d\u2019utilisateurs et de r\u00e9aliser ainsi la mesure et l\u2019analyse statistique de l\u2019utilisation faite par les utilisateurs du service offert. Pour cela, votre navigation sur notre site web est analys\u00e9e afin d\u2019am\u00e9liorer l\u2019offre de produits ou de services que nous vous proposons.<\/li>\n\n\n\n<li><strong>Publicit\u00e9<\/strong>:&nbsp;Ce sont celles qui permettent de g\u00e9rer, de la mani\u00e8re la plus efficace possible, les espaces publicitaires qui pourraient \u00eatre inclus dans notre site web.<\/li>\n\n\n\n<li><strong>Publicit\u00e9 comportementale<\/strong>:&nbsp;Sont celles qui, trait\u00e9es par nous ou par des tiers, nous permettent d\u2019analyser vos habitudes de navigation sur Internet afin de vous montrer des publicit\u00e9s li\u00e9es \u00e0 votre profil de navigation.<\/li>\n<\/ul>\n\n\n\n<h2 class=\"wp-block-heading\">C) Identification de l\u2019utilisateur des cookies:<\/h2>\n\n\n\n<p>Les informations obtenues par les cookies ne peuvent \u00eatre trait\u00e9es que par l\u2019\u00e9diteur et\/ou \u00e9galement par des tiers avec lesquels notre \u00e9diteur a contract\u00e9 pour fournir un service pour lequel l\u2019utilisation de cookies est requise:<\/p>\n\n\n\n<p>\u2013&nbsp;<strong>Cookies propres<\/strong>:&nbsp;Ce sont ceux qui sont envoy\u00e9s \u00e0 votre ordinateur \u00e0 partir de nos propres ordinateurs ou domaines et \u00e0 partir desquels nous fournissons le service que vous demandez.<\/p>\n\n\n\n<p>\u2013&nbsp;<strong>Cookies de tiers<\/strong>:&nbsp;Ce sont ceux qui appartiennent et sont g\u00e9r\u00e9s par une entit\u00e9 collaboratrice tierce, qu\u2019ils soient envoy\u00e9s par nos propres \u00e9quipes ou par celles de l\u2019entit\u00e9 collaboratrice elle-m\u00eame. Comme, par exemple, ceux utilis\u00e9s par les r\u00e9seaux sociaux, ou par des contenus externes tels que Google Maps, qui permettent de quantifier le nombre d\u2019utilisateurs et de r\u00e9aliser ainsi la mesure et l\u2019analyse statistique de l\u2019utilisation faite par les utilisateurs du service propos\u00e9.<\/p>\n\n\n\n<p>Pour cela, votre navigation sur notre site est analys\u00e9e afin d\u2019am\u00e9liorer l\u2019offre de produits ou de services que nous vous proposons. + Rencontrez les tiers <a href=\"https:\/\/www.reinventalia.com\/\" target=\"_blank\" rel=\"noreferrer noopener\">www.reinventalia.com<\/a>.<\/p>\n\n\n\n<h2 class=\"wp-block-heading\">D) P\u00e9riode de conservation.<\/h2>\n\n\n\n<ul class=\"wp-block-list\">\n<li><strong>Cookies de session<\/strong>: Il s\u2019agit de cookies temporaires qui restent dans le fichier de cookies de votre navigateur jusqu\u2019\u00e0 ce que l\u2019utilisateur quitte la page web, de sorte qu\u2019aucun d\u2019entre eux n\u2019est enregistr\u00e9 sur le disque dur de votre ordinateur. Les informations obtenues gr\u00e2ce \u00e0 ces cookies sont utilis\u00e9es pour analyser les mod\u00e8les de trafic sur le site web. En fin de compte, cela nous permet de fournir une meilleure exp\u00e9rience pour am\u00e9liorer le contenu et faciliter son utilisation.<\/li>\n\n\n\n<li><strong>Cookies persistants<\/strong>: ils sont stock\u00e9s sur le disque dur et notre site web les lit \u00e0 chaque nouvelle visite de l\u2019Utilisateur. Un cookie permanent a une certaine date d\u2019expiration. Le cookie cessera de fonctionner apr\u00e8s cette date. Nous utilisons ces cookies, g\u00e9n\u00e9ralement, pour faciliter les services d\u2019achat et d\u2019enregistrement.<\/li>\n<\/ul>\n\n\n\n<p>Les donn\u00e9es obtenues \u00e0 partir de ces deux types de cookies seront conserv\u00e9es comme indiqu\u00e9 dans la politique de confidentialit\u00e9 de notre site web: <a href=\"https:\/\/nesthostelsvalencia.com\/fr\/\">https:\/\/nesthostelsvalencia.com\/<\/a><\/p>\n\n\n\n<h2 class=\"wp-block-heading\">E) Activation, restriction et\/ou d\u00e9sactivation des cookies.<\/h2>\n\n\n\n<p>Vous pouvez autoriser ou bloquer les cookies, ainsi que supprimer vos donn\u00e9es de navigation (y compris les cookies) du navigateur que vous utilisez. V\u00e9rifiez les options et instructions propos\u00e9es par votre navigateur \u00e0 cet effet.<\/p>\n\n\n\n<p>Veuillez noter que si vous acceptez les cookies de tiers, vous devez les supprimer des options de votre navigateur.<\/p>\n\n\n\n<h2 class=\"wp-block-heading\">F) Nous ne proc\u00e9dons pas aux transferts de donn\u00e9es vers des pays tiers effectu\u00e9s par l\u2019\u00e9diteur.<\/h2>\n\n\n\n<p>Vous pouvez prendre connaissance des transferts vers des pays tiers qui, le cas \u00e9ch\u00e9ant, sont effectu\u00e9s par les tiers identifi\u00e9s dans la pr\u00e9sente politique en mati\u00e8re de cookies dans leurs politiques correspondantes (voir les liens fournis dans la section \u00ab\u00a0Cookies de tiers\u00a0\u00bb).<\/p>\n\n\n\n<h2 class=\"wp-block-heading\">G) La pr\u00e9paration des profils.<\/h2>\n\n\n\n<p>Nous ne cr\u00e9ons pas de profils.<\/p>\n\n\n\n<h2 class=\"wp-block-heading\">H) Autres informations.<\/h2>\n\n\n\n<p>En ce qui concerne le reste des informations requises par l&rsquo;article 13 du RGPD, vous pouvez les consulter ici <a href=\"http:\/\/www.reinventalia.com\/\" target=\"_blank\" rel=\"noreferrer noopener\">www.reinventalia.com<\/a>.<\/p>\n\n\n\n<figure class=\"wp-block-image aligncenter size-large\"><a href=\"https:\/\/nesthostelsvalencia.com\/wp-content\/uploads\/2023\/09\/cookie-policies-nest-hostels-valencia.jpg\"><img fetchpriority=\"high\" decoding=\"async\" width=\"1024\" height=\"576\" src=\"https:\/\/nesthostelsvalencia.com\/wp-content\/uploads\/2023\/09\/cookie-policies-nest-hostels-valencia-1024x576.jpg\" alt=\"Politique de cookies Nest Hostels Valencia\" class=\"wp-image-22990\" srcset=\"https:\/\/nesthostelsvalencia.com\/wp-content\/uploads\/2023\/09\/cookie-policies-nest-hostels-valencia-1024x576.jpg 1024w, https:\/\/nesthostelsvalencia.com\/wp-content\/uploads\/2023\/09\/cookie-policies-nest-hostels-valencia-300x169.jpg 300w, https:\/\/nesthostelsvalencia.com\/wp-content\/uploads\/2023\/09\/cookie-policies-nest-hostels-valencia-768x432.jpg 768w, https:\/\/nesthostelsvalencia.com\/wp-content\/uploads\/2023\/09\/cookie-policies-nest-hostels-valencia-1536x864.jpg 1536w, https:\/\/nesthostelsvalencia.com\/wp-content\/uploads\/2023\/09\/cookie-policies-nest-hostels-valencia.jpg 1920w\" sizes=\"(max-width: 1024px) 100vw, 1024px\" \/><\/a><figcaption class=\"wp-element-caption\">Politique de cookies Nest Hostels Valencia<\/figcaption><\/figure>\n","protected":false},"excerpt":{"rendered":"<p>Les cookies sont g\u00e9n\u00e9ralement de petits fichiers texte, avec des \u00e9tiquettes d&rsquo;identification, qui sont stock\u00e9s dans le r\u00e9pertoire du navigateur de ton ordinateur ou dans les sous-dossiers du programme.<\/p>\n","protected":false},"author":21,"featured_media":22992,"parent":0,"menu_order":0,"comment_status":"closed","ping_status":"closed","template":"","meta":{"footnotes":""},"class_list":["post-7450","page","type-page","status-publish","has-post-thumbnail","hentry"],"yoast_head":"<!-- This site is optimized with the Yoast SEO plugin v27.3 - https:\/\/yoast.com\/product\/yoast-seo-wordpress\/ -->\n<title>Politique en mati\u00e8re de cookies de Nest Hostels https:\/\/nesthostelsvalencia.com<\/title>\n<meta name=\"description\" content=\"Les cookies sont g\u00e9n\u00e9ralement de petits fichiers texte, avec des \u00e9tiquettes d&#039;identification, qui sont stock\u00e9s dans le r\u00e9pertoire du navigateur de ton ordinateur ou dans les sous-dossiers du programme.\" \/>\n<meta name=\"robots\" content=\"index, follow, max-snippet:-1, max-image-preview:large, max-video-preview:-1\" \/>\n<link rel=\"canonical\" href=\"https:\/\/nesthostelsvalencia.com\/fr\/politique-cookies\/\" \/>\n<meta property=\"og:locale\" content=\"fr_FR\" \/>\n<meta property=\"og:type\" content=\"article\" \/>\n<meta property=\"og:title\" content=\"Politique en mati\u00e8re de cookies de Nest Hostels https:\/\/nesthostelsvalencia.com\" \/>\n<meta property=\"og:description\" content=\"Les cookies sont g\u00e9n\u00e9ralement de petits fichiers texte, avec des \u00e9tiquettes d&#039;identification, qui sont stock\u00e9s dans le r\u00e9pertoire du navigateur de ton ordinateur ou dans les sous-dossiers du programme.\" \/>\n<meta property=\"og:url\" content=\"https:\/\/nesthostelsvalencia.com\/fr\/politique-cookies\/\" \/>\n<meta property=\"og:site_name\" content=\"Nest Hostels Valencia\" \/>\n<meta property=\"article:modified_time\" content=\"2023-10-31T16:27:36+00:00\" \/>\n<meta property=\"og:image\" content=\"https:\/\/nesthostelsvalencia.com\/wp-content\/uploads\/2023\/09\/cookie-policies-nest-hostels-valencia.jpg\" \/>\n\t<meta property=\"og:image:width\" content=\"1920\" \/>\n\t<meta property=\"og:image:height\" content=\"1080\" \/>\n\t<meta property=\"og:image:type\" content=\"image\/jpeg\" \/>\n<meta name=\"twitter:card\" content=\"summary_large_image\" \/>\n<meta name=\"twitter:label1\" content=\"Dur\u00e9e de lecture estim\u00e9e\" \/>\n\t<meta name=\"twitter:data1\" content=\"5 minutes\" \/>\n<script type=\"application\/ld+json\" class=\"yoast-schema-graph\">{\"@context\":\"https:\\\/\\\/schema.org\",\"@graph\":[{\"@type\":\"WebPage\",\"@id\":\"https:\\\/\\\/nesthostelsvalencia.com\\\/fr\\\/politique-cookies\\\/\",\"url\":\"https:\\\/\\\/nesthostelsvalencia.com\\\/fr\\\/politique-cookies\\\/\",\"name\":\"Politique en mati\u00e8re de cookies de Nest Hostels https:\\\/\\\/nesthostelsvalencia.com\",\"isPartOf\":{\"@id\":\"https:\\\/\\\/nesthostelsvalencia.com\\\/fr\\\/#website\"},\"primaryImageOfPage\":{\"@id\":\"https:\\\/\\\/nesthostelsvalencia.com\\\/fr\\\/politique-cookies\\\/#primaryimage\"},\"image\":{\"@id\":\"https:\\\/\\\/nesthostelsvalencia.com\\\/fr\\\/politique-cookies\\\/#primaryimage\"},\"thumbnailUrl\":\"https:\\\/\\\/nesthostelsvalencia.com\\\/wp-content\\\/uploads\\\/2023\\\/09\\\/cookie-policies-nest-hostels-valencia.jpg\",\"datePublished\":\"2017-09-05T09:27:29+00:00\",\"dateModified\":\"2023-10-31T16:27:36+00:00\",\"description\":\"Les cookies sont g\u00e9n\u00e9ralement de petits fichiers texte, avec des \u00e9tiquettes d'identification, qui sont stock\u00e9s dans le r\u00e9pertoire du navigateur de ton ordinateur ou dans les sous-dossiers du programme.\",\"breadcrumb\":{\"@id\":\"https:\\\/\\\/nesthostelsvalencia.com\\\/fr\\\/politique-cookies\\\/#breadcrumb\"},\"inLanguage\":\"fr-FR\",\"potentialAction\":[{\"@type\":\"ReadAction\",\"target\":[\"https:\\\/\\\/nesthostelsvalencia.com\\\/fr\\\/politique-cookies\\\/\"]}]},{\"@type\":\"ImageObject\",\"inLanguage\":\"fr-FR\",\"@id\":\"https:\\\/\\\/nesthostelsvalencia.com\\\/fr\\\/politique-cookies\\\/#primaryimage\",\"url\":\"https:\\\/\\\/nesthostelsvalencia.com\\\/wp-content\\\/uploads\\\/2023\\\/09\\\/cookie-policies-nest-hostels-valencia.jpg\",\"contentUrl\":\"https:\\\/\\\/nesthostelsvalencia.com\\\/wp-content\\\/uploads\\\/2023\\\/09\\\/cookie-policies-nest-hostels-valencia.jpg\",\"width\":1920,\"height\":1080,\"caption\":\"Cookie policies Nest Hostels Valencia\"},{\"@type\":\"BreadcrumbList\",\"@id\":\"https:\\\/\\\/nesthostelsvalencia.com\\\/fr\\\/politique-cookies\\\/#breadcrumb\",\"itemListElement\":[{\"@type\":\"ListItem\",\"position\":1,\"name\":\"Home\",\"item\":\"https:\\\/\\\/nesthostelsvalencia.com\\\/fr\\\/\"},{\"@type\":\"ListItem\",\"position\":2,\"name\":\"Politique des cookies\"}]},{\"@type\":\"WebSite\",\"@id\":\"https:\\\/\\\/nesthostelsvalencia.com\\\/fr\\\/#website\",\"url\":\"https:\\\/\\\/nesthostelsvalencia.com\\\/fr\\\/\",\"name\":\"Nest Hostels Valencia\",\"description\":\"Youth hostels and beds for travelers in Valencia\",\"publisher\":{\"@id\":\"https:\\\/\\\/nesthostelsvalencia.com\\\/fr\\\/#organization\"},\"alternateName\":\"Nest Hostels Valencia\",\"potentialAction\":[{\"@type\":\"SearchAction\",\"target\":{\"@type\":\"EntryPoint\",\"urlTemplate\":\"https:\\\/\\\/nesthostelsvalencia.com\\\/fr\\\/?s={search_term_string}\"},\"query-input\":{\"@type\":\"PropertyValueSpecification\",\"valueRequired\":true,\"valueName\":\"search_term_string\"}}],\"inLanguage\":\"fr-FR\"},{\"@type\":\"Organization\",\"@id\":\"https:\\\/\\\/nesthostelsvalencia.com\\\/fr\\\/#organization\",\"name\":\"Nest Hostels Valencia\",\"alternateName\":\"Youth hostels and beds for travelers in Valencia\",\"url\":\"https:\\\/\\\/nesthostelsvalencia.com\\\/fr\\\/\",\"logo\":{\"@type\":\"ImageObject\",\"inLanguage\":\"fr-FR\",\"@id\":\"https:\\\/\\\/nesthostelsvalencia.com\\\/fr\\\/#\\\/schema\\\/logo\\\/image\\\/\",\"url\":\"https:\\\/\\\/nesthostelsvalencia.com\\\/wp-content\\\/uploads\\\/2022\\\/01\\\/logo-nesthostels-valencia-feetuphostels.svg\",\"contentUrl\":\"https:\\\/\\\/nesthostelsvalencia.com\\\/wp-content\\\/uploads\\\/2022\\\/01\\\/logo-nesthostels-valencia-feetuphostels.svg\",\"width\":279,\"height\":130,\"caption\":\"Nest Hostels Valencia\"},\"image\":{\"@id\":\"https:\\\/\\\/nesthostelsvalencia.com\\\/fr\\\/#\\\/schema\\\/logo\\\/image\\\/\"}}]}<\/script>\n<!-- \/ Yoast SEO plugin. -->","yoast_head_json":{"title":"Politique en mati\u00e8re de cookies de Nest Hostels https:\/\/nesthostelsvalencia.com","description":"Les cookies sont g\u00e9n\u00e9ralement de petits fichiers texte, avec des \u00e9tiquettes d'identification, qui sont stock\u00e9s dans le r\u00e9pertoire du navigateur de ton ordinateur ou dans les sous-dossiers du programme.","robots":{"index":"index","follow":"follow","max-snippet":"max-snippet:-1","max-image-preview":"max-image-preview:large","max-video-preview":"max-video-preview:-1"},"canonical":"https:\/\/nesthostelsvalencia.com\/fr\/politique-cookies\/","og_locale":"fr_FR","og_type":"article","og_title":"Politique en mati\u00e8re de cookies de Nest Hostels https:\/\/nesthostelsvalencia.com","og_description":"Les cookies sont g\u00e9n\u00e9ralement de petits fichiers texte, avec des \u00e9tiquettes d'identification, qui sont stock\u00e9s dans le r\u00e9pertoire du navigateur de ton ordinateur ou dans les sous-dossiers du programme.","og_url":"https:\/\/nesthostelsvalencia.com\/fr\/politique-cookies\/","og_site_name":"Nest Hostels Valencia","article_modified_time":"2023-10-31T16:27:36+00:00","og_image":[{"width":1920,"height":1080,"url":"https:\/\/nesthostelsvalencia.com\/wp-content\/uploads\/2023\/09\/cookie-policies-nest-hostels-valencia.jpg","type":"image\/jpeg"}],"twitter_card":"summary_large_image","twitter_misc":{"Dur\u00e9e de lecture estim\u00e9e":"5 minutes"},"schema":{"@context":"https:\/\/schema.org","@graph":[{"@type":"WebPage","@id":"https:\/\/nesthostelsvalencia.com\/fr\/politique-cookies\/","url":"https:\/\/nesthostelsvalencia.com\/fr\/politique-cookies\/","name":"Politique en mati\u00e8re de cookies de Nest Hostels https:\/\/nesthostelsvalencia.com","isPartOf":{"@id":"https:\/\/nesthostelsvalencia.com\/fr\/#website"},"primaryImageOfPage":{"@id":"https:\/\/nesthostelsvalencia.com\/fr\/politique-cookies\/#primaryimage"},"image":{"@id":"https:\/\/nesthostelsvalencia.com\/fr\/politique-cookies\/#primaryimage"},"thumbnailUrl":"https:\/\/nesthostelsvalencia.com\/wp-content\/uploads\/2023\/09\/cookie-policies-nest-hostels-valencia.jpg","datePublished":"2017-09-05T09:27:29+00:00","dateModified":"2023-10-31T16:27:36+00:00","description":"Les cookies sont g\u00e9n\u00e9ralement de petits fichiers texte, avec des \u00e9tiquettes d'identification, qui sont stock\u00e9s dans le r\u00e9pertoire du navigateur de ton ordinateur ou dans les sous-dossiers du programme.","breadcrumb":{"@id":"https:\/\/nesthostelsvalencia.com\/fr\/politique-cookies\/#breadcrumb"},"inLanguage":"fr-FR","potentialAction":[{"@type":"ReadAction","target":["https:\/\/nesthostelsvalencia.com\/fr\/politique-cookies\/"]}]},{"@type":"ImageObject","inLanguage":"fr-FR","@id":"https:\/\/nesthostelsvalencia.com\/fr\/politique-cookies\/#primaryimage","url":"https:\/\/nesthostelsvalencia.com\/wp-content\/uploads\/2023\/09\/cookie-policies-nest-hostels-valencia.jpg","contentUrl":"https:\/\/nesthostelsvalencia.com\/wp-content\/uploads\/2023\/09\/cookie-policies-nest-hostels-valencia.jpg","width":1920,"height":1080,"caption":"Cookie policies Nest Hostels Valencia"},{"@type":"BreadcrumbList","@id":"https:\/\/nesthostelsvalencia.com\/fr\/politique-cookies\/#breadcrumb","itemListElement":[{"@type":"ListItem","position":1,"name":"Home","item":"https:\/\/nesthostelsvalencia.com\/fr\/"},{"@type":"ListItem","position":2,"name":"Politique des cookies"}]},{"@type":"WebSite","@id":"https:\/\/nesthostelsvalencia.com\/fr\/#website","url":"https:\/\/nesthostelsvalencia.com\/fr\/","name":"Nest Hostels Valencia","description":"Youth hostels and beds for travelers in Valencia","publisher":{"@id":"https:\/\/nesthostelsvalencia.com\/fr\/#organization"},"alternateName":"Nest Hostels Valencia","potentialAction":[{"@type":"SearchAction","target":{"@type":"EntryPoint","urlTemplate":"https:\/\/nesthostelsvalencia.com\/fr\/?s={search_term_string}"},"query-input":{"@type":"PropertyValueSpecification","valueRequired":true,"valueName":"search_term_string"}}],"inLanguage":"fr-FR"},{"@type":"Organization","@id":"https:\/\/nesthostelsvalencia.com\/fr\/#organization","name":"Nest Hostels Valencia","alternateName":"Youth hostels and beds for travelers in Valencia","url":"https:\/\/nesthostelsvalencia.com\/fr\/","logo":{"@type":"ImageObject","inLanguage":"fr-FR","@id":"https:\/\/nesthostelsvalencia.com\/fr\/#\/schema\/logo\/image\/","url":"https:\/\/nesthostelsvalencia.com\/wp-content\/uploads\/2022\/01\/logo-nesthostels-valencia-feetuphostels.svg","contentUrl":"https:\/\/nesthostelsvalencia.com\/wp-content\/uploads\/2022\/01\/logo-nesthostels-valencia-feetuphostels.svg","width":279,"height":130,"caption":"Nest Hostels Valencia"},"image":{"@id":"https:\/\/nesthostelsvalencia.com\/fr\/#\/schema\/logo\/image\/"}}]}},"_links":{"self":[{"href":"https:\/\/nesthostelsvalencia.com\/fr\/wp-json\/wp\/v2\/pages\/7450","targetHints":{"allow":["GET"]}}],"collection":[{"href":"https:\/\/nesthostelsvalencia.com\/fr\/wp-json\/wp\/v2\/pages"}],"about":[{"href":"https:\/\/nesthostelsvalencia.com\/fr\/wp-json\/wp\/v2\/types\/page"}],"author":[{"embeddable":true,"href":"https:\/\/nesthostelsvalencia.com\/fr\/wp-json\/wp\/v2\/users\/21"}],"replies":[{"embeddable":true,"href":"https:\/\/nesthostelsvalencia.com\/fr\/wp-json\/wp\/v2\/comments?post=7450"}],"version-history":[{"count":0,"href":"https:\/\/nesthostelsvalencia.com\/fr\/wp-json\/wp\/v2\/pages\/7450\/revisions"}],"wp:featuredmedia":[{"embeddable":true,"href":"https:\/\/nesthostelsvalencia.com\/fr\/wp-json\/wp\/v2\/media\/22992"}],"wp:attachment":[{"href":"https:\/\/nesthostelsvalencia.com\/fr\/wp-json\/wp\/v2\/media?parent=7450"}],"curies":[{"name":"wp","href":"https:\/\/api.w.org\/{rel}","templated":true}]}}