{"id":9501,"date":"2018-03-26T11:15:12","date_gmt":"2018-03-26T09:15:12","guid":{"rendered":"https:\/\/nesthostelsvalencia.com\/reviews-purple-nest-hostel-valencia\/"},"modified":"2024-07-23T09:11:55","modified_gmt":"2024-07-23T07:11:55","slug":"commentaires-purple-nest-hostel-valencia","status":"publish","type":"page","link":"https:\/\/nesthostelsvalencia.com\/fr\/commentaires-purple-nest-hostel-valencia\/","title":{"rendered":"Commentaires Purple Nest Hostel Valencia"},"content":{"rendered":"\n<h1 class=\"wp-block-heading has-text-align-center\">Commentaires Purple Nest Hostel Valencia<\/h1>\n\n<script src=\"https:\/\/apps.elfsight.com\/p\/platform.js\" defer=\"\"><\/script>\r\n<div class=\"elfsight-app-2b82ef62-1731-4184-8e8b-0427e0bb4501\"><\/div>\n\n<div style=\"height:50px\" aria-hidden=\"true\" class=\"wp-block-spacer\"><\/div>\n\n<h2 class=\"wp-block-heading\">Vous cherchez les meilleurs commentaires sur Purple Nest Hostel ?<\/h2>\n\n<p>Vous \u00eates au bon endroit ! Notre auberge a toujours \u00e9t\u00e9 consid\u00e9r\u00e9e comme l&rsquo;un des meilleurs h\u00e9bergements au c\u0153ur de la ville. Nos clients ne tarissent pas d&rsquo;\u00e9loges sur le confort de nos chambres, l&rsquo;amabilit\u00e9 de notre personnel et notre emplacement imbattable. Mais ne vous contentez pas de nous croire sur parole, lisez les commentaires de nos clients satisfaits et d\u00e9couvrez pourquoi <a href=\"https:\/\/nesthostelsvalencia.com\/fr\/purple-nest-hostel-valencia\/\">Purple Nest Hostel<\/a> est le choix id\u00e9al pour votre s\u00e9jour en ville.\u00a0\u00bb<\/p>\n\n<h2 class=\"wp-block-heading\">Les meilleures critiques<\/h2>\n\n<blockquote class=\"wp-block-quote is-layout-flow wp-block-quote-is-layout-flow\">\n<h3 class=\"wp-block-heading\"><em>Superb<\/em><\/h3>\n\n\n\n<p>Le personnel a \u00e9t\u00e9 absolument g\u00e9nial. il a essay\u00e9 de m&rsquo;aider \u00e0 changer de chambre, ce que j&rsquo;ai appr\u00e9ci\u00e9, je me suis sentie utile. de plus, j&rsquo;ai demand\u00e9 \u00e0 changer de lit, ce qui a \u00e9t\u00e9 fait imm\u00e9diatement. le personnel est fantastique \ud83d\ude1e &#8211; un type ronflait dans ma chambre, je n&rsquo;arrivais pas \u00e0 dormir.<\/p>\n<cite>Oleksandra &#8211; Booking<\/cite><\/blockquote>\n\n<hr class=\"wp-block-separator has-alpha-channel-opacity is-style-dots\"\/>\n\n<blockquote class=\"wp-block-quote is-layout-flow wp-block-quote-is-layout-flow\">\n<h3 class=\"wp-block-heading\">Amabilit\u00e9, serviabilit\u00e9, bons moments<\/h3>\n\n\n\n<p>\ud83d\ude00 &#8211; L&rsquo;\u00c9QUIPE DE R\u00c9CEPTION \ud83d\ude42 ils sont super sympathiques et super gentils. Toujours en train d&rsquo;aider et de trouver des solutions pour vous. Si vous voulez juste avoir une exp\u00e9rience solide \u00e0 Valence, venez \u00e0 purple nest et dites bonjour \u00e0 la r\u00e9ception. \ud83d\ude1e &#8211; Rien du tout<\/p>\n\n\n\n<p><\/p>\n<cite>Mehmet &#8211; HostelWorld<\/cite><\/blockquote>\n\n<blockquote class=\"wp-block-quote is-layout-flow wp-block-quote-is-layout-flow\">\n<hr class=\"wp-block-separator has-alpha-channel-opacity is-style-dots\"\/>\n\n\n\n<h3 class=\"wp-block-heading\">Tr\u00e8s bon<\/h3>\n\n\n\n<p>Super bien situ\u00e9, super visite de la ville propos\u00e9e. La cuisine est \u00e9galement super. Les lits sont confortables mais un peu instables et il n&rsquo;y a malheureusement pas de place pour y ranger des objets personnels.<\/p>\n<cite>Linda &#8211; <a href=\"https:\/\/g.page\/PurpleNestHostelValencia\" target=\"_blank\" rel=\"noreferrer noopener\">Google<\/a><\/cite><\/blockquote>\n\n<blockquote class=\"wp-block-quote is-layout-flow wp-block-quote-is-layout-flow\">\n<hr class=\"wp-block-separator has-alpha-channel-opacity is-style-dots\"\/>\n\n\n\n<h3 class=\"wp-block-heading\">Excellente auberge !<\/h3>\n\n\n\n<p>Excellente auberge ! Excellente situation, chambres agr\u00e9ables, petit-d\u00e9jeuner d\u00e9licieux, activit\u00e9s int\u00e9ressantes\/amusantes tous les jours et l&rsquo;\u00e9quipe de gestion de la r\u00e9ception la plus professionnelle et la plus amicale qui soit (en particulier Manu:-)) ! J&rsquo;ai vraiment h\u00e2te de les visiter \u00e0 nouveau dans le futur. \u00a1Nos vemos chicos ! \ud83d\ude09<\/p>\n<cite>Wioletta Karina Z &#8211; Tripadvisor<\/cite><\/blockquote>\n\n<figure class=\"wp-block-image aligncenter size-full\"><a href=\"https:\/\/nesthostelsvalencia.com\/wp-content\/uploads\/2014\/10\/come-to-nest-hostels-valencia.jpg\"><img fetchpriority=\"high\" decoding=\"async\" width=\"900\" height=\"602\" src=\"https:\/\/nesthostelsvalencia.com\/wp-content\/uploads\/2014\/10\/come-to-nest-hostels-valencia.jpg\" alt=\"La r&#xE9;ception vous accueille chaleureusement\" class=\"wp-image-3563\" srcset=\"https:\/\/nesthostelsvalencia.com\/wp-content\/uploads\/2014\/10\/come-to-nest-hostels-valencia.jpg 900w, https:\/\/nesthostelsvalencia.com\/wp-content\/uploads\/2014\/10\/come-to-nest-hostels-valencia-300x201.jpg 300w, https:\/\/nesthostelsvalencia.com\/wp-content\/uploads\/2014\/10\/come-to-nest-hostels-valencia-768x514.jpg 768w, https:\/\/nesthostelsvalencia.com\/wp-content\/uploads\/2014\/10\/come-to-nest-hostels-valencia-218x146.jpg 218w, https:\/\/nesthostelsvalencia.com\/wp-content\/uploads\/2014\/10\/come-to-nest-hostels-valencia-50x33.jpg 50w, https:\/\/nesthostelsvalencia.com\/wp-content\/uploads\/2014\/10\/come-to-nest-hostels-valencia-112x75.jpg 112w\" sizes=\"(max-width: 900px) 100vw, 900px\" \/><\/a><figcaption class=\"wp-element-caption\">La r\u00e9ception vous accueille chaleureusement | Voir tous les commentaires<\/figcaption><\/figure>\n","protected":false},"excerpt":{"rendered":"<p>Commentaires Purple Nest Hostel Valencia. Evaluations de vrais clients \u00ab\u00a0La meilleure auberge o\u00f9 j&rsquo;ai s\u00e9journ\u00e9 ! Le personnel est formidable, tr\u00e8s serviable en ce qui concerne les attractions touristiques\/les transports etc&#8230; j&rsquo;ai rencontr\u00e9 des gens vraiment sympas en s\u00e9journant ici, tout le monde \u00e9tait partant pour une discussion ! Et aussi un super wifi ! !!\u00a0\u00bb<\/p>\n","protected":false},"author":21,"featured_media":6506,"parent":0,"menu_order":0,"comment_status":"closed","ping_status":"closed","template":"","meta":{"footnotes":""},"class_list":["post-9501","page","type-page","status-publish","has-post-thumbnail","hentry"],"yoast_head":"<!-- This site is optimized with the Yoast SEO plugin v27.3 - https:\/\/yoast.com\/product\/yoast-seo-wordpress\/ -->\n<title>Commentaires Purple Nest Hostel \u00ae De vraies \u00e9valuations d&#039;invit\u00e9s<\/title>\n<meta name=\"description\" content=\"Reviews Purple Nest Hostel Valencia \u00ae Real guest ratings \u2b50\u2b50\u2b50\u2b50\u2b50 Nos clients disent : &quot;Une ambiance g\u00e9niale. Ambiance conviviale. Auberge relativement moderne\" \/>\n<meta name=\"robots\" content=\"index, follow, max-snippet:-1, max-image-preview:large, max-video-preview:-1\" \/>\n<link rel=\"canonical\" href=\"https:\/\/nesthostelsvalencia.com\/fr\/commentaires-purple-nest-hostel-valencia\/\" \/>\n<meta property=\"og:locale\" content=\"fr_FR\" \/>\n<meta property=\"og:type\" content=\"article\" \/>\n<meta property=\"og:title\" content=\"Commentaires Purple Nest Hostel \u00ae De vraies \u00e9valuations d&#039;invit\u00e9s\" \/>\n<meta property=\"og:description\" content=\"Reviews Purple Nest Hostel Valencia \u00ae Real guest ratings \u2b50\u2b50\u2b50\u2b50\u2b50 Nos clients disent : &quot;Une ambiance g\u00e9niale. Ambiance conviviale. Auberge relativement moderne\" \/>\n<meta property=\"og:url\" content=\"https:\/\/nesthostelsvalencia.com\/fr\/commentaires-purple-nest-hostel-valencia\/\" \/>\n<meta property=\"og:site_name\" content=\"Nest Hostels Valencia\" \/>\n<meta property=\"article:modified_time\" content=\"2024-07-23T07:11:55+00:00\" \/>\n<meta property=\"og:image\" content=\"https:\/\/nesthostelsvalencia.com\/wp-content\/uploads\/2014\/10\/come-to-nest-hostels-valencia.jpg\" \/>\n\t<meta property=\"og:image:width\" content=\"900\" \/>\n\t<meta property=\"og:image:height\" content=\"602\" \/>\n\t<meta property=\"og:image:type\" content=\"image\/jpeg\" \/>\n<meta name=\"twitter:card\" content=\"summary_large_image\" \/>\n<meta name=\"twitter:label1\" content=\"Dur\u00e9e de lecture estim\u00e9e\" \/>\n\t<meta name=\"twitter:data1\" content=\"1 minute\" \/>\n<script type=\"application\/ld+json\" class=\"yoast-schema-graph\">{\"@context\":\"https:\\\/\\\/schema.org\",\"@graph\":[{\"@type\":\"WebPage\",\"@id\":\"https:\\\/\\\/nesthostelsvalencia.com\\\/fr\\\/commentaires-purple-nest-hostel-valencia\\\/\",\"url\":\"https:\\\/\\\/nesthostelsvalencia.com\\\/fr\\\/commentaires-purple-nest-hostel-valencia\\\/\",\"name\":\"Commentaires Purple Nest Hostel \u00ae De vraies \u00e9valuations d'invit\u00e9s\",\"isPartOf\":{\"@id\":\"https:\\\/\\\/nesthostelsvalencia.com\\\/fr\\\/#website\"},\"primaryImageOfPage\":{\"@id\":\"https:\\\/\\\/nesthostelsvalencia.com\\\/fr\\\/commentaires-purple-nest-hostel-valencia\\\/#primaryimage\"},\"image\":{\"@id\":\"https:\\\/\\\/nesthostelsvalencia.com\\\/fr\\\/commentaires-purple-nest-hostel-valencia\\\/#primaryimage\"},\"thumbnailUrl\":\"https:\\\/\\\/nesthostelsvalencia.com\\\/wp-content\\\/uploads\\\/2014\\\/10\\\/come-to-nest-hostels-valencia.jpg\",\"datePublished\":\"2018-03-26T09:15:12+00:00\",\"dateModified\":\"2024-07-23T07:11:55+00:00\",\"description\":\"Reviews Purple Nest Hostel Valencia \u00ae Real guest ratings \u2b50\u2b50\u2b50\u2b50\u2b50 Nos clients disent : \\\"Une ambiance g\u00e9niale. Ambiance conviviale. Auberge relativement moderne\",\"breadcrumb\":{\"@id\":\"https:\\\/\\\/nesthostelsvalencia.com\\\/fr\\\/commentaires-purple-nest-hostel-valencia\\\/#breadcrumb\"},\"inLanguage\":\"fr-FR\",\"potentialAction\":[{\"@type\":\"ReadAction\",\"target\":[\"https:\\\/\\\/nesthostelsvalencia.com\\\/fr\\\/commentaires-purple-nest-hostel-valencia\\\/\"]}]},{\"@type\":\"ImageObject\",\"inLanguage\":\"fr-FR\",\"@id\":\"https:\\\/\\\/nesthostelsvalencia.com\\\/fr\\\/commentaires-purple-nest-hostel-valencia\\\/#primaryimage\",\"url\":\"https:\\\/\\\/nesthostelsvalencia.com\\\/wp-content\\\/uploads\\\/2014\\\/10\\\/come-to-nest-hostels-valencia.jpg\",\"contentUrl\":\"https:\\\/\\\/nesthostelsvalencia.com\\\/wp-content\\\/uploads\\\/2014\\\/10\\\/come-to-nest-hostels-valencia.jpg\",\"width\":900,\"height\":602,\"caption\":\"Come to Nest Hostel Valencia\"},{\"@type\":\"BreadcrumbList\",\"@id\":\"https:\\\/\\\/nesthostelsvalencia.com\\\/fr\\\/commentaires-purple-nest-hostel-valencia\\\/#breadcrumb\",\"itemListElement\":[{\"@type\":\"ListItem\",\"position\":1,\"name\":\"Home\",\"item\":\"https:\\\/\\\/nesthostelsvalencia.com\\\/fr\\\/\"},{\"@type\":\"ListItem\",\"position\":2,\"name\":\"Commentaires Purple Nest Hostel Valencia\"}]},{\"@type\":\"WebSite\",\"@id\":\"https:\\\/\\\/nesthostelsvalencia.com\\\/fr\\\/#website\",\"url\":\"https:\\\/\\\/nesthostelsvalencia.com\\\/fr\\\/\",\"name\":\"Nest Hostels Valencia\",\"description\":\"Youth hostels and beds for travelers in Valencia\",\"publisher\":{\"@id\":\"https:\\\/\\\/nesthostelsvalencia.com\\\/fr\\\/#organization\"},\"alternateName\":\"Nest Hostels Valencia\",\"potentialAction\":[{\"@type\":\"SearchAction\",\"target\":{\"@type\":\"EntryPoint\",\"urlTemplate\":\"https:\\\/\\\/nesthostelsvalencia.com\\\/fr\\\/?s={search_term_string}\"},\"query-input\":{\"@type\":\"PropertyValueSpecification\",\"valueRequired\":true,\"valueName\":\"search_term_string\"}}],\"inLanguage\":\"fr-FR\"},{\"@type\":\"Organization\",\"@id\":\"https:\\\/\\\/nesthostelsvalencia.com\\\/fr\\\/#organization\",\"name\":\"Nest Hostels Valencia\",\"alternateName\":\"Youth hostels and beds for travelers in Valencia\",\"url\":\"https:\\\/\\\/nesthostelsvalencia.com\\\/fr\\\/\",\"logo\":{\"@type\":\"ImageObject\",\"inLanguage\":\"fr-FR\",\"@id\":\"https:\\\/\\\/nesthostelsvalencia.com\\\/fr\\\/#\\\/schema\\\/logo\\\/image\\\/\",\"url\":\"https:\\\/\\\/nesthostelsvalencia.com\\\/wp-content\\\/uploads\\\/2022\\\/01\\\/logo-nesthostels-valencia-feetuphostels.svg\",\"contentUrl\":\"https:\\\/\\\/nesthostelsvalencia.com\\\/wp-content\\\/uploads\\\/2022\\\/01\\\/logo-nesthostels-valencia-feetuphostels.svg\",\"width\":279,\"height\":130,\"caption\":\"Nest Hostels Valencia\"},\"image\":{\"@id\":\"https:\\\/\\\/nesthostelsvalencia.com\\\/fr\\\/#\\\/schema\\\/logo\\\/image\\\/\"}}]}<\/script>\n<!-- \/ Yoast SEO plugin. -->","yoast_head_json":{"title":"Commentaires Purple Nest Hostel \u00ae De vraies \u00e9valuations d'invit\u00e9s","description":"Reviews Purple Nest Hostel Valencia \u00ae Real guest ratings \u2b50\u2b50\u2b50\u2b50\u2b50 Nos clients disent : \"Une ambiance g\u00e9niale. Ambiance conviviale. Auberge relativement moderne","robots":{"index":"index","follow":"follow","max-snippet":"max-snippet:-1","max-image-preview":"max-image-preview:large","max-video-preview":"max-video-preview:-1"},"canonical":"https:\/\/nesthostelsvalencia.com\/fr\/commentaires-purple-nest-hostel-valencia\/","og_locale":"fr_FR","og_type":"article","og_title":"Commentaires Purple Nest Hostel \u00ae De vraies \u00e9valuations d'invit\u00e9s","og_description":"Reviews Purple Nest Hostel Valencia \u00ae Real guest ratings \u2b50\u2b50\u2b50\u2b50\u2b50 Nos clients disent : \"Une ambiance g\u00e9niale. Ambiance conviviale. Auberge relativement moderne","og_url":"https:\/\/nesthostelsvalencia.com\/fr\/commentaires-purple-nest-hostel-valencia\/","og_site_name":"Nest Hostels Valencia","article_modified_time":"2024-07-23T07:11:55+00:00","og_image":[{"width":900,"height":602,"url":"https:\/\/nesthostelsvalencia.com\/wp-content\/uploads\/2014\/10\/come-to-nest-hostels-valencia.jpg","type":"image\/jpeg"}],"twitter_card":"summary_large_image","twitter_misc":{"Dur\u00e9e de lecture estim\u00e9e":"1 minute"},"schema":{"@context":"https:\/\/schema.org","@graph":[{"@type":"WebPage","@id":"https:\/\/nesthostelsvalencia.com\/fr\/commentaires-purple-nest-hostel-valencia\/","url":"https:\/\/nesthostelsvalencia.com\/fr\/commentaires-purple-nest-hostel-valencia\/","name":"Commentaires Purple Nest Hostel \u00ae De vraies \u00e9valuations d'invit\u00e9s","isPartOf":{"@id":"https:\/\/nesthostelsvalencia.com\/fr\/#website"},"primaryImageOfPage":{"@id":"https:\/\/nesthostelsvalencia.com\/fr\/commentaires-purple-nest-hostel-valencia\/#primaryimage"},"image":{"@id":"https:\/\/nesthostelsvalencia.com\/fr\/commentaires-purple-nest-hostel-valencia\/#primaryimage"},"thumbnailUrl":"https:\/\/nesthostelsvalencia.com\/wp-content\/uploads\/2014\/10\/come-to-nest-hostels-valencia.jpg","datePublished":"2018-03-26T09:15:12+00:00","dateModified":"2024-07-23T07:11:55+00:00","description":"Reviews Purple Nest Hostel Valencia \u00ae Real guest ratings \u2b50\u2b50\u2b50\u2b50\u2b50 Nos clients disent : \"Une ambiance g\u00e9niale. Ambiance conviviale. Auberge relativement moderne","breadcrumb":{"@id":"https:\/\/nesthostelsvalencia.com\/fr\/commentaires-purple-nest-hostel-valencia\/#breadcrumb"},"inLanguage":"fr-FR","potentialAction":[{"@type":"ReadAction","target":["https:\/\/nesthostelsvalencia.com\/fr\/commentaires-purple-nest-hostel-valencia\/"]}]},{"@type":"ImageObject","inLanguage":"fr-FR","@id":"https:\/\/nesthostelsvalencia.com\/fr\/commentaires-purple-nest-hostel-valencia\/#primaryimage","url":"https:\/\/nesthostelsvalencia.com\/wp-content\/uploads\/2014\/10\/come-to-nest-hostels-valencia.jpg","contentUrl":"https:\/\/nesthostelsvalencia.com\/wp-content\/uploads\/2014\/10\/come-to-nest-hostels-valencia.jpg","width":900,"height":602,"caption":"Come to Nest Hostel Valencia"},{"@type":"BreadcrumbList","@id":"https:\/\/nesthostelsvalencia.com\/fr\/commentaires-purple-nest-hostel-valencia\/#breadcrumb","itemListElement":[{"@type":"ListItem","position":1,"name":"Home","item":"https:\/\/nesthostelsvalencia.com\/fr\/"},{"@type":"ListItem","position":2,"name":"Commentaires Purple Nest Hostel Valencia"}]},{"@type":"WebSite","@id":"https:\/\/nesthostelsvalencia.com\/fr\/#website","url":"https:\/\/nesthostelsvalencia.com\/fr\/","name":"Nest Hostels Valencia","description":"Youth hostels and beds for travelers in Valencia","publisher":{"@id":"https:\/\/nesthostelsvalencia.com\/fr\/#organization"},"alternateName":"Nest Hostels Valencia","potentialAction":[{"@type":"SearchAction","target":{"@type":"EntryPoint","urlTemplate":"https:\/\/nesthostelsvalencia.com\/fr\/?s={search_term_string}"},"query-input":{"@type":"PropertyValueSpecification","valueRequired":true,"valueName":"search_term_string"}}],"inLanguage":"fr-FR"},{"@type":"Organization","@id":"https:\/\/nesthostelsvalencia.com\/fr\/#organization","name":"Nest Hostels Valencia","alternateName":"Youth hostels and beds for travelers in Valencia","url":"https:\/\/nesthostelsvalencia.com\/fr\/","logo":{"@type":"ImageObject","inLanguage":"fr-FR","@id":"https:\/\/nesthostelsvalencia.com\/fr\/#\/schema\/logo\/image\/","url":"https:\/\/nesthostelsvalencia.com\/wp-content\/uploads\/2022\/01\/logo-nesthostels-valencia-feetuphostels.svg","contentUrl":"https:\/\/nesthostelsvalencia.com\/wp-content\/uploads\/2022\/01\/logo-nesthostels-valencia-feetuphostels.svg","width":279,"height":130,"caption":"Nest Hostels Valencia"},"image":{"@id":"https:\/\/nesthostelsvalencia.com\/fr\/#\/schema\/logo\/image\/"}}]}},"_links":{"self":[{"href":"https:\/\/nesthostelsvalencia.com\/fr\/wp-json\/wp\/v2\/pages\/9501","targetHints":{"allow":["GET"]}}],"collection":[{"href":"https:\/\/nesthostelsvalencia.com\/fr\/wp-json\/wp\/v2\/pages"}],"about":[{"href":"https:\/\/nesthostelsvalencia.com\/fr\/wp-json\/wp\/v2\/types\/page"}],"author":[{"embeddable":true,"href":"https:\/\/nesthostelsvalencia.com\/fr\/wp-json\/wp\/v2\/users\/21"}],"replies":[{"embeddable":true,"href":"https:\/\/nesthostelsvalencia.com\/fr\/wp-json\/wp\/v2\/comments?post=9501"}],"version-history":[{"count":0,"href":"https:\/\/nesthostelsvalencia.com\/fr\/wp-json\/wp\/v2\/pages\/9501\/revisions"}],"wp:featuredmedia":[{"embeddable":true,"href":"https:\/\/nesthostelsvalencia.com\/fr\/wp-json\/wp\/v2\/media\/6506"}],"wp:attachment":[{"href":"https:\/\/nesthostelsvalencia.com\/fr\/wp-json\/wp\/v2\/media?parent=9501"}],"curies":[{"name":"wp","href":"https:\/\/api.w.org\/{rel}","templated":true}]}}