{"id":9505,"date":"2013-05-20T12:46:11","date_gmt":"2013-05-20T10:46:11","guid":{"rendered":"https:\/\/nesthostelsvalencia.com\/reviews-red-nest-hostel-valencia\/"},"modified":"2023-11-02T17:03:18","modified_gmt":"2023-11-02T16:03:18","slug":"commentaires-red-nest-hostel-valencia","status":"publish","type":"page","link":"https:\/\/nesthostelsvalencia.com\/fr\/commentaires-red-nest-hostel-valencia\/","title":{"rendered":"Commentaires Red  Nest Hostel Valencia"},"content":{"rendered":"\n<h1 class=\"wp-block-heading has-text-align-center\">Commentaires Red Nest Hostel<\/h1>\n\n\n\n<script src=\"https:\/\/apps.elfsight.com\/p\/platform.js\" defer=\"defer\"><\/script>\r\n<div class=\"elfsight-app-3efdd47a-9966-4dc4-9f94-9adcf3f7fe9b\"><\/div>\n\n\n\n<div style=\"height:50px\" aria-hidden=\"true\" class=\"wp-block-spacer\"><\/div>\n\n\n\n<h2 class=\"wp-block-heading\">Tu cherches les meilleurs commentaires sur l&rsquo;auberge Red Nest ?<\/h2>\n\n\n\n<p>Tu es au bon endroit ! Notre auberge a toujours \u00e9t\u00e9 consid\u00e9r\u00e9e comme l&rsquo;un des meilleurs h\u00e9bergements au c\u0153ur de la ville. Nos clients ne tarissent pas d&rsquo;\u00e9loges sur nos chambres confortables, notre personnel sympathique et notre emplacement imbattable. Mais ne nous crois pas sur parole &#8211; consulte les commentaires de nos clients satisfaits et d\u00e9couvre pourquoi <a href=\"https:\/\/nesthostelsvalencia.com\/fr\/red-nest-hostel-valencia\/\">Purple Nest Hostel<\/a> est le choix id\u00e9al pour ton s\u00e9jour en ville.\u00a0\u00bb<\/p>\n\n\n\n<figure class=\"wp-block-image aligncenter size-large\"><a href=\"https:\/\/nesthostelsvalencia.com\/wp-content\/uploads\/2018\/07\/03red-nest-hostel-valencia-friendliness.jpg\"><img fetchpriority=\"high\" decoding=\"async\" width=\"1024\" height=\"768\" src=\"https:\/\/nesthostelsvalencia.com\/wp-content\/uploads\/2018\/07\/03red-nest-hostel-valencia-friendliness-1024x768.jpg\" alt=\"Bon s\u00e9jour\" class=\"wp-image-9584\" srcset=\"https:\/\/nesthostelsvalencia.com\/wp-content\/uploads\/2018\/07\/03red-nest-hostel-valencia-friendliness-1024x768.jpg 1024w, https:\/\/nesthostelsvalencia.com\/wp-content\/uploads\/2018\/07\/03red-nest-hostel-valencia-friendliness-300x225.jpg 300w, https:\/\/nesthostelsvalencia.com\/wp-content\/uploads\/2018\/07\/03red-nest-hostel-valencia-friendliness-768x576.jpg 768w, https:\/\/nesthostelsvalencia.com\/wp-content\/uploads\/2018\/07\/03red-nest-hostel-valencia-friendliness-195x146.jpg 195w, https:\/\/nesthostelsvalencia.com\/wp-content\/uploads\/2018\/07\/03red-nest-hostel-valencia-friendliness-50x38.jpg 50w, https:\/\/nesthostelsvalencia.com\/wp-content\/uploads\/2018\/07\/03red-nest-hostel-valencia-friendliness-100x75.jpg 100w, https:\/\/nesthostelsvalencia.com\/wp-content\/uploads\/2018\/07\/03red-nest-hostel-valencia-friendliness.jpg 1200w\" sizes=\"(max-width: 1024px) 100vw, 1024px\" \/><\/a><figcaption class=\"wp-element-caption\">Profite de ton s\u00e9jour avec notre personnel<\/figcaption><\/figure>\n\n\n\n<p><\/p>\n\n\n\n<p><\/p>\n","protected":false},"excerpt":{"rendered":"<p>Reviews Red Nest Hostel Valencia \u00ae Real guest ratings. Nos invit\u00e9s disent : \u00ab\u00a0Bon emplacement, proche des transports en commun\u00a0\u00bb<\/p>\n","protected":false},"author":21,"featured_media":9576,"parent":0,"menu_order":1,"comment_status":"closed","ping_status":"closed","template":"","meta":{"footnotes":""},"class_list":["post-9505","page","type-page","status-publish","has-post-thumbnail","hentry"],"yoast_head":"<!-- This site is optimized with the Yoast SEO plugin v27.3 - https:\/\/yoast.com\/product\/yoast-seo-wordpress\/ -->\n<title>Commentaires Red Nest Hostel Valencia\u00ae Real \u00e9valuations des clients Valencia<\/title>\n<meta name=\"description\" content=\"Reviews Red Nest Hostel Valencia \u00ae Real guest ratings. Nos invit\u00e9s disent : &quot;Bon emplacement, proche des transports en commun&quot;\" \/>\n<meta name=\"robots\" content=\"index, follow, max-snippet:-1, max-image-preview:large, max-video-preview:-1\" \/>\n<link rel=\"canonical\" href=\"https:\/\/nesthostelsvalencia.com\/fr\/commentaires-red-nest-hostel-valencia\/\" \/>\n<meta property=\"og:locale\" content=\"fr_FR\" \/>\n<meta property=\"og:type\" content=\"article\" \/>\n<meta property=\"og:title\" content=\"Commentaires Red Nest Hostel Valencia\u00ae Real \u00e9valuations des clients Valencia\" \/>\n<meta property=\"og:description\" content=\"Avis des clients de Red Nest Hostel Valencia\" \/>\n<meta property=\"og:url\" content=\"https:\/\/nesthostelsvalencia.com\/fr\/commentaires-red-nest-hostel-valencia\/\" \/>\n<meta property=\"og:site_name\" content=\"Nest Hostels Valencia\" \/>\n<meta property=\"article:modified_time\" content=\"2023-11-02T16:03:18+00:00\" \/>\n<meta property=\"og:image\" content=\"https:\/\/nesthostelsvalencia.com\/wp-content\/uploads\/2018\/07\/01red-nest-hostel-valencia-friendliness.jpg\" \/>\n\t<meta property=\"og:image:width\" content=\"1200\" \/>\n\t<meta property=\"og:image:height\" content=\"900\" \/>\n\t<meta property=\"og:image:type\" content=\"image\/jpeg\" \/>\n<meta name=\"twitter:card\" content=\"summary_large_image\" \/>\n<meta name=\"twitter:label1\" content=\"Dur\u00e9e de lecture estim\u00e9e\" \/>\n\t<meta name=\"twitter:data1\" content=\"1 minute\" \/>\n<script type=\"application\/ld+json\" class=\"yoast-schema-graph\">{\"@context\":\"https:\\\/\\\/schema.org\",\"@graph\":[{\"@type\":\"WebPage\",\"@id\":\"https:\\\/\\\/nesthostelsvalencia.com\\\/fr\\\/commentaires-red-nest-hostel-valencia\\\/\",\"url\":\"https:\\\/\\\/nesthostelsvalencia.com\\\/fr\\\/commentaires-red-nest-hostel-valencia\\\/\",\"name\":\"Commentaires Red Nest Hostel Valencia\u00ae Real \u00e9valuations des clients Valencia\",\"isPartOf\":{\"@id\":\"https:\\\/\\\/nesthostelsvalencia.com\\\/fr\\\/#website\"},\"primaryImageOfPage\":{\"@id\":\"https:\\\/\\\/nesthostelsvalencia.com\\\/fr\\\/commentaires-red-nest-hostel-valencia\\\/#primaryimage\"},\"image\":{\"@id\":\"https:\\\/\\\/nesthostelsvalencia.com\\\/fr\\\/commentaires-red-nest-hostel-valencia\\\/#primaryimage\"},\"thumbnailUrl\":\"https:\\\/\\\/nesthostelsvalencia.com\\\/wp-content\\\/uploads\\\/2018\\\/07\\\/01red-nest-hostel-valencia-friendliness.jpg\",\"datePublished\":\"2013-05-20T10:46:11+00:00\",\"dateModified\":\"2023-11-02T16:03:18+00:00\",\"description\":\"Reviews Red Nest Hostel Valencia \u00ae Real guest ratings. Nos invit\u00e9s disent : \\\"Bon emplacement, proche des transports en commun\\\"\",\"breadcrumb\":{\"@id\":\"https:\\\/\\\/nesthostelsvalencia.com\\\/fr\\\/commentaires-red-nest-hostel-valencia\\\/#breadcrumb\"},\"inLanguage\":\"fr-FR\",\"potentialAction\":[{\"@type\":\"ReadAction\",\"target\":[\"https:\\\/\\\/nesthostelsvalencia.com\\\/fr\\\/commentaires-red-nest-hostel-valencia\\\/\"]}]},{\"@type\":\"ImageObject\",\"inLanguage\":\"fr-FR\",\"@id\":\"https:\\\/\\\/nesthostelsvalencia.com\\\/fr\\\/commentaires-red-nest-hostel-valencia\\\/#primaryimage\",\"url\":\"https:\\\/\\\/nesthostelsvalencia.com\\\/wp-content\\\/uploads\\\/2018\\\/07\\\/01red-nest-hostel-valencia-friendliness.jpg\",\"contentUrl\":\"https:\\\/\\\/nesthostelsvalencia.com\\\/wp-content\\\/uploads\\\/2018\\\/07\\\/01red-nest-hostel-valencia-friendliness.jpg\",\"width\":1200,\"height\":900,\"caption\":\"Red Nest Hostel in Valencia\"},{\"@type\":\"BreadcrumbList\",\"@id\":\"https:\\\/\\\/nesthostelsvalencia.com\\\/fr\\\/commentaires-red-nest-hostel-valencia\\\/#breadcrumb\",\"itemListElement\":[{\"@type\":\"ListItem\",\"position\":1,\"name\":\"Home\",\"item\":\"https:\\\/\\\/nesthostelsvalencia.com\\\/fr\\\/\"},{\"@type\":\"ListItem\",\"position\":2,\"name\":\"commentaires sur red nest hostel\"}]},{\"@type\":\"WebSite\",\"@id\":\"https:\\\/\\\/nesthostelsvalencia.com\\\/fr\\\/#website\",\"url\":\"https:\\\/\\\/nesthostelsvalencia.com\\\/fr\\\/\",\"name\":\"Nest Hostels Valencia\",\"description\":\"Youth hostels and beds for travelers in Valencia\",\"publisher\":{\"@id\":\"https:\\\/\\\/nesthostelsvalencia.com\\\/fr\\\/#organization\"},\"alternateName\":\"Nest Hostels Valencia\",\"potentialAction\":[{\"@type\":\"SearchAction\",\"target\":{\"@type\":\"EntryPoint\",\"urlTemplate\":\"https:\\\/\\\/nesthostelsvalencia.com\\\/fr\\\/?s={search_term_string}\"},\"query-input\":{\"@type\":\"PropertyValueSpecification\",\"valueRequired\":true,\"valueName\":\"search_term_string\"}}],\"inLanguage\":\"fr-FR\"},{\"@type\":\"Organization\",\"@id\":\"https:\\\/\\\/nesthostelsvalencia.com\\\/fr\\\/#organization\",\"name\":\"Nest Hostels Valencia\",\"alternateName\":\"Youth hostels and beds for travelers in Valencia\",\"url\":\"https:\\\/\\\/nesthostelsvalencia.com\\\/fr\\\/\",\"logo\":{\"@type\":\"ImageObject\",\"inLanguage\":\"fr-FR\",\"@id\":\"https:\\\/\\\/nesthostelsvalencia.com\\\/fr\\\/#\\\/schema\\\/logo\\\/image\\\/\",\"url\":\"https:\\\/\\\/nesthostelsvalencia.com\\\/wp-content\\\/uploads\\\/2022\\\/01\\\/logo-nesthostels-valencia-feetuphostels.svg\",\"contentUrl\":\"https:\\\/\\\/nesthostelsvalencia.com\\\/wp-content\\\/uploads\\\/2022\\\/01\\\/logo-nesthostels-valencia-feetuphostels.svg\",\"width\":279,\"height\":130,\"caption\":\"Nest Hostels Valencia\"},\"image\":{\"@id\":\"https:\\\/\\\/nesthostelsvalencia.com\\\/fr\\\/#\\\/schema\\\/logo\\\/image\\\/\"}}]}<\/script>\n<!-- \/ Yoast SEO plugin. -->","yoast_head_json":{"title":"Commentaires Red Nest Hostel Valencia\u00ae Real \u00e9valuations des clients Valencia","description":"Reviews Red Nest Hostel Valencia \u00ae Real guest ratings. Nos invit\u00e9s disent : \"Bon emplacement, proche des transports en commun\"","robots":{"index":"index","follow":"follow","max-snippet":"max-snippet:-1","max-image-preview":"max-image-preview:large","max-video-preview":"max-video-preview:-1"},"canonical":"https:\/\/nesthostelsvalencia.com\/fr\/commentaires-red-nest-hostel-valencia\/","og_locale":"fr_FR","og_type":"article","og_title":"Commentaires Red Nest Hostel Valencia\u00ae Real \u00e9valuations des clients Valencia","og_description":"Avis des clients de Red Nest Hostel Valencia","og_url":"https:\/\/nesthostelsvalencia.com\/fr\/commentaires-red-nest-hostel-valencia\/","og_site_name":"Nest Hostels Valencia","article_modified_time":"2023-11-02T16:03:18+00:00","og_image":[{"width":1200,"height":900,"url":"https:\/\/nesthostelsvalencia.com\/wp-content\/uploads\/2018\/07\/01red-nest-hostel-valencia-friendliness.jpg","type":"image\/jpeg"}],"twitter_card":"summary_large_image","twitter_misc":{"Dur\u00e9e de lecture estim\u00e9e":"1 minute"},"schema":{"@context":"https:\/\/schema.org","@graph":[{"@type":"WebPage","@id":"https:\/\/nesthostelsvalencia.com\/fr\/commentaires-red-nest-hostel-valencia\/","url":"https:\/\/nesthostelsvalencia.com\/fr\/commentaires-red-nest-hostel-valencia\/","name":"Commentaires Red Nest Hostel Valencia\u00ae Real \u00e9valuations des clients Valencia","isPartOf":{"@id":"https:\/\/nesthostelsvalencia.com\/fr\/#website"},"primaryImageOfPage":{"@id":"https:\/\/nesthostelsvalencia.com\/fr\/commentaires-red-nest-hostel-valencia\/#primaryimage"},"image":{"@id":"https:\/\/nesthostelsvalencia.com\/fr\/commentaires-red-nest-hostel-valencia\/#primaryimage"},"thumbnailUrl":"https:\/\/nesthostelsvalencia.com\/wp-content\/uploads\/2018\/07\/01red-nest-hostel-valencia-friendliness.jpg","datePublished":"2013-05-20T10:46:11+00:00","dateModified":"2023-11-02T16:03:18+00:00","description":"Reviews Red Nest Hostel Valencia \u00ae Real guest ratings. Nos invit\u00e9s disent : \"Bon emplacement, proche des transports en commun\"","breadcrumb":{"@id":"https:\/\/nesthostelsvalencia.com\/fr\/commentaires-red-nest-hostel-valencia\/#breadcrumb"},"inLanguage":"fr-FR","potentialAction":[{"@type":"ReadAction","target":["https:\/\/nesthostelsvalencia.com\/fr\/commentaires-red-nest-hostel-valencia\/"]}]},{"@type":"ImageObject","inLanguage":"fr-FR","@id":"https:\/\/nesthostelsvalencia.com\/fr\/commentaires-red-nest-hostel-valencia\/#primaryimage","url":"https:\/\/nesthostelsvalencia.com\/wp-content\/uploads\/2018\/07\/01red-nest-hostel-valencia-friendliness.jpg","contentUrl":"https:\/\/nesthostelsvalencia.com\/wp-content\/uploads\/2018\/07\/01red-nest-hostel-valencia-friendliness.jpg","width":1200,"height":900,"caption":"Red Nest Hostel in Valencia"},{"@type":"BreadcrumbList","@id":"https:\/\/nesthostelsvalencia.com\/fr\/commentaires-red-nest-hostel-valencia\/#breadcrumb","itemListElement":[{"@type":"ListItem","position":1,"name":"Home","item":"https:\/\/nesthostelsvalencia.com\/fr\/"},{"@type":"ListItem","position":2,"name":"commentaires sur red nest hostel"}]},{"@type":"WebSite","@id":"https:\/\/nesthostelsvalencia.com\/fr\/#website","url":"https:\/\/nesthostelsvalencia.com\/fr\/","name":"Nest Hostels Valencia","description":"Youth hostels and beds for travelers in Valencia","publisher":{"@id":"https:\/\/nesthostelsvalencia.com\/fr\/#organization"},"alternateName":"Nest Hostels Valencia","potentialAction":[{"@type":"SearchAction","target":{"@type":"EntryPoint","urlTemplate":"https:\/\/nesthostelsvalencia.com\/fr\/?s={search_term_string}"},"query-input":{"@type":"PropertyValueSpecification","valueRequired":true,"valueName":"search_term_string"}}],"inLanguage":"fr-FR"},{"@type":"Organization","@id":"https:\/\/nesthostelsvalencia.com\/fr\/#organization","name":"Nest Hostels Valencia","alternateName":"Youth hostels and beds for travelers in Valencia","url":"https:\/\/nesthostelsvalencia.com\/fr\/","logo":{"@type":"ImageObject","inLanguage":"fr-FR","@id":"https:\/\/nesthostelsvalencia.com\/fr\/#\/schema\/logo\/image\/","url":"https:\/\/nesthostelsvalencia.com\/wp-content\/uploads\/2022\/01\/logo-nesthostels-valencia-feetuphostels.svg","contentUrl":"https:\/\/nesthostelsvalencia.com\/wp-content\/uploads\/2022\/01\/logo-nesthostels-valencia-feetuphostels.svg","width":279,"height":130,"caption":"Nest Hostels Valencia"},"image":{"@id":"https:\/\/nesthostelsvalencia.com\/fr\/#\/schema\/logo\/image\/"}}]}},"_links":{"self":[{"href":"https:\/\/nesthostelsvalencia.com\/fr\/wp-json\/wp\/v2\/pages\/9505","targetHints":{"allow":["GET"]}}],"collection":[{"href":"https:\/\/nesthostelsvalencia.com\/fr\/wp-json\/wp\/v2\/pages"}],"about":[{"href":"https:\/\/nesthostelsvalencia.com\/fr\/wp-json\/wp\/v2\/types\/page"}],"author":[{"embeddable":true,"href":"https:\/\/nesthostelsvalencia.com\/fr\/wp-json\/wp\/v2\/users\/21"}],"replies":[{"embeddable":true,"href":"https:\/\/nesthostelsvalencia.com\/fr\/wp-json\/wp\/v2\/comments?post=9505"}],"version-history":[{"count":0,"href":"https:\/\/nesthostelsvalencia.com\/fr\/wp-json\/wp\/v2\/pages\/9505\/revisions"}],"wp:featuredmedia":[{"embeddable":true,"href":"https:\/\/nesthostelsvalencia.com\/fr\/wp-json\/wp\/v2\/media\/9576"}],"wp:attachment":[{"href":"https:\/\/nesthostelsvalencia.com\/fr\/wp-json\/wp\/v2\/media?parent=9505"}],"curies":[{"name":"wp","href":"https:\/\/api.w.org\/{rel}","templated":true}]}}