{"id":3173,"date":"2015-05-22T12:35:20","date_gmt":"2015-05-22T10:35:20","guid":{"rendered":"http:\/\/www.nesthostelsvalencia.com\/it\/red-nest-hostel-valencia\/"},"modified":"2024-03-13T12:50:18","modified_gmt":"2024-03-13T11:50:18","slug":"ostello-valencia-red-nest","status":"publish","type":"page","link":"https:\/\/nesthostelsvalencia.com\/it\/ostello-valencia-red-nest\/","title":{"rendered":"Ostello Valencia Red Nest"},"content":{"rendered":"\n<h1 class=\"wp-block-heading has-text-align-center\">Ostello Red Nest Valencia<\/h1>\n\n<p>Siamo uno degli ostelli (Red Nest Hostal Valencia) pi\u00f9 conosciuti, centrali, belli e accessibili di Valencia. Il colore delle pareti di tutte le nostre camere spicca nelle nostre strutture. La maggior parte delle aree comuni del nostro ostello ha piastrelle dai colori vivaci e brillanti. E disegni originali dipinti sulle pareti.<\/p>\n\n<h2 class=\"wp-block-heading\">Dove ci troviamo?<\/h2>\n\n<p>L&#8217;ostello Red Nest si trova nel cuore di Valencia. A pochi minuti a piedi dalla stazione della <a href=\"https:\/\/goo.gl\/maps\/to1mUfsGNpw3yHXS7\" target=\"_blank\" rel=\"noopener\">metropolitana Colon<\/a>. Per esempio, il municipio, cos\u00ec come il Teatro Principal, la chiesa di Valencia, la Torre del Miguelete e il Mercado de Col\u00f3n. Si trovano tutti nel raggio di un chilometro dall&#8217;ostello. Inoltre, i visitatori dovrebbero familiarizzare con Valencia durante le Fallas (che si svolgono a marzo). La spiaggia di Valencia si trova a un quarto d&#8217;ora di autobus dall&#8217;ostello.<\/p>\n\n<h2 class=\"wp-block-heading\">Come raggiungere il nostro Purple Nest Hostel Valencia?<\/h2>\n\n<p>Il Red Nest Hostel si trova nel centro di Valencia. A 5 minuti a piedi dalla stazione della metropolitana Col\u00f3n.<\/p>\n\n<p><\/p>\n\n<h2 class=\"wp-block-heading\">Vengono svolte attivit\u00e0 nel nostro ostello?<\/h2>\n\n<p>Nel nostro Red Nest Hostel Valencia si svolgono diverse attivit\u00e0. Come visite guidate, barbecue, pasti, feste e giochi vari. Poich\u00e9 vogliamo che i clienti diventino pi\u00f9 che semplici visitatori.<\/p>\n\n<p>La maggior parte delle attivit\u00e0 sono gestite dal nostro personale o dal personale della nostra societ\u00e0 TourmeOut.<\/p>\n\n<h2 class=\"wp-block-heading\">Cosa troverete nelle nostre strutture?<\/h2>\n\n<div class=\"wp-block-columns is-layout-flex wp-container-core-columns-is-layout-28f84493 wp-block-columns-is-layout-flex\">\n<div class=\"wp-block-column is-layout-flow wp-block-column-is-layout-flow\">\n<p>Il Red Nest ha colori vivaci e offre una variet\u00e0 di sistemazioni luminose e ariose tra cui scegliere. Comprendono camere doppie per due persone, camere doppie superior per tre persone, camere quadruple per quattro persone e camere condivise. In dormitori misti o femminili (4, 6, 8 o 10 letti). I bagni privati sono disponibili nelle camere private. Mentre i bagni condivisi sono disponibili nelle camere pi\u00f9 grandi.<\/p>\n\n\n\n<h2 class=\"wp-block-heading\">Quali caratteristiche trover\u00e0 nel nostro ostello?<\/h2>\n\n\n\n<p>Dispone di camere luminose e climatizzate, di connessione Wi-Fi gratuita e di un patio sul tetto. Il bagno comune \u00e8 fornito di asciugamani.<\/p>\n\n\n\n<p>Inoltre, l&#8217;ostello Red Nest dispone di distributori automatici e di computer con accesso a Internet che possono essere utilizzati a pagamento. Offre anche caff\u00e8 e t\u00e8 gratuiti.<\/p>\n\n\n\n<p>Inoltre, il Red Nest si trova in un&#8217;ottima posizione per visitare le attrazioni turistiche e godersi la vita notturna. La stazione degli autobus si trova a circa ? chilometri e l&#8217;autobus per la spiaggia si ferma proprio davanti all&#8217;ostello.<\/p>\n<\/div>\n\n\n\n<div class=\"wp-block-column is-layout-flow wp-block-column-is-layout-flow\">\n<figure class=\"wp-block-image size-full\"><a href=\"https:\/\/nesthostelsvalencia.com\/wp-content\/uploads\/2018\/07\/04red-nest-hostel-valencia-friendliness.jpg\"><img fetchpriority=\"high\" decoding=\"async\" width=\"1200\" height=\"900\" src=\"https:\/\/nesthostelsvalencia.com\/wp-content\/uploads\/2018\/07\/04red-nest-hostel-valencia-friendliness.jpg\" alt=\"Assapori i nostri cocktail con gli amici\" class=\"wp-image-9589\" srcset=\"https:\/\/nesthostelsvalencia.com\/wp-content\/uploads\/2018\/07\/04red-nest-hostel-valencia-friendliness.jpg 1200w, https:\/\/nesthostelsvalencia.com\/wp-content\/uploads\/2018\/07\/04red-nest-hostel-valencia-friendliness-300x225.jpg 300w, https:\/\/nesthostelsvalencia.com\/wp-content\/uploads\/2018\/07\/04red-nest-hostel-valencia-friendliness-768x576.jpg 768w, https:\/\/nesthostelsvalencia.com\/wp-content\/uploads\/2018\/07\/04red-nest-hostel-valencia-friendliness-1024x768.jpg 1024w, https:\/\/nesthostelsvalencia.com\/wp-content\/uploads\/2018\/07\/04red-nest-hostel-valencia-friendliness-195x146.jpg 195w, https:\/\/nesthostelsvalencia.com\/wp-content\/uploads\/2018\/07\/04red-nest-hostel-valencia-friendliness-50x38.jpg 50w, https:\/\/nesthostelsvalencia.com\/wp-content\/uploads\/2018\/07\/04red-nest-hostel-valencia-friendliness-100x75.jpg 100w\" sizes=\"(max-width: 1200px) 100vw, 1200px\" \/><\/a><figcaption class=\"wp-element-caption\">Assapori i nostri cocktail con gli amici<\/figcaption><\/figure>\n<\/div>\n<\/div>\n\n<p>Infine, sulla base di recensioni indipendenti, i nostri clienti ritengono che questa regione di Valencia sia la loro preferita.<\/p>\n\n<figure class=\"wp-block-pullquote has-very-light-gray-to-cyan-bluish-gray-gradient-background has-background\"><blockquote><p>Perfetto rapporto costi\/benefici. La posizione \u00e8 al top del top, i padroni di casa sono disponibili e il tour a piedi gratuito gestito da Roxy \u00e8 stato fantastico.<\/p><cite><strong>Gaetano Petraglia<\/strong> Hace una semana en <a href=\"https:\/\/goo.gl\/maps\/xceVE18cJgA4idFT8\" target=\"_blank\" rel=\"noreferrer noopener\">Google<\/a><\/cite><\/blockquote><\/figure>\n\n<h2 class=\"wp-block-heading\">Ha un&#8217;altra domanda?<\/h2>\n\n<p>Pu\u00f2 consultare le nostre <a href=\"https:\/\/nesthostelsvalencia.com\/faqs-red-nest\/\">domande frequenti<\/a> per trovare una risposta ai suoi dubbi. Pu\u00f2 anche inviarci un&#8217;e-mail a (&#8230;)<\/p>\n\n<h2 class=\"wp-block-heading\">Quali sono i servizi dell&#8217;ostello?<\/h2>\n\n<p>Il Red Nest \u00e8 un ostello accogliente con un&#8217;atmosfera vivace che offre una serie di comfort. Come una lavanderia con asciugatrice, aria condizionata, una cucina comune e un ascensore. C&#8217;\u00e8 un&#8217;area di lavoro con accesso a Internet e alcuni computer e tavoli. Cos\u00ec come una sala divertimento con TV e lettore DVD. L&#8217;ostello dispone anche di un tavolo da biliardo e di un patio per prendere il sole all&#8217;ultimo piano. L&#8217;ostello dispone di una reception aperta 24 ore su 24 con informazioni e mappe della citt\u00e0.<\/p>\n\n<p>Gli ospiti potranno partecipare a una serie di eventi. Come visite guidate della citt\u00e0, serate danzanti e percorsi di tapas, tra gli altri. L&#8217;azienda dispone ed espone biciclette a noleggio, oltre a lenzuola e coperte per i clienti. Le camere sono dotate di ventilatori e sono prive di fumo.<\/p>\n\n<h2 class=\"wp-block-heading\">Quali servizi include la camera?<\/h2>\n\n<p>L&#8217;ostello Red Nest dispone di belle camere da letto che possono ospitare fino a dodici persone in alcuni casi, mentre altre sono private e doppie. Il bagno \u00e8 in comune e pu\u00f2 richiedere un letto in una delle camere destinate alle signore o ai signori. Il Wi-Fi \u00e8 disponibile nelle camere, cos\u00ec come armadietti con lucchetti acquistabili alla reception. Infine, per coloro che hanno pi\u00f9 di 35 anni, sar\u00e0 necessario richiedere camere private.<\/p>\n","protected":false},"excerpt":{"rendered":"<p>Red Nest Hostel Valencia\u00ae Ostello pi\u00f9 economico e piacevole nel centro di Valencia. Uno dei pi\u00f9 economico, pulito e sicuro ostello della giovent\u00f9 a Valencia. Miglior Prezzo Garantito Booking online. Prenotate direttamente e risparmiate fino al 5% nel vostro letto. Camera Doppia con bagno in comune, twin standard, letto mix a Valencia<\/p>\n","protected":false},"author":21,"featured_media":9753,"parent":0,"menu_order":0,"comment_status":"open","ping_status":"closed","template":"","meta":{"footnotes":""},"class_list":["post-3173","page","type-page","status-publish","has-post-thumbnail","hentry"],"yoast_head":"<!-- This site is optimized with the Yoast SEO plugin v27.4 - https:\/\/yoast.com\/product\/yoast-seo-wordpress\/ -->\n<title>Red Nest Hostel Valencia \u00ae Ostello pi\u00f9 economico e piacevole nel centro di Valencia<\/title>\n<meta name=\"description\" content=\"Red Nest Hostel Valencia\u00ae Ostello pi\u00f9 economico e piacevole nel centro di Valencia. Uno dei pi\u00f9 economico, pulito e sicuro ostello della giovent\u00f9 a Valencia. Miglior Prezzo Garantito Booking online. Prenotate direttamente e risparmiate fino al 5% nel vostro letto. Camera Doppia con bagno in comune, twin standard, letto mix a Valencia\" \/>\n<meta name=\"robots\" content=\"index, follow, max-snippet:-1, max-image-preview:large, max-video-preview:-1\" \/>\n<link rel=\"canonical\" href=\"https:\/\/nesthostelsvalencia.com\/it\/ostello-valencia-red-nest\/\" \/>\n<meta property=\"og:locale\" content=\"it_IT\" \/>\n<meta property=\"og:type\" content=\"article\" \/>\n<meta property=\"og:title\" content=\"Red Nest Hostel Valencia \u00ae Ostello pi\u00f9 economico e piacevole nel centro di Valencia\" \/>\n<meta property=\"og:description\" content=\"Red Nest Hostel Valencia\u00ae Ostello pi\u00f9 economico e piacevole nel centro di Valencia. Uno dei pi\u00f9 economico, pulito e sicuro ostello della giovent\u00f9 a Valencia. Miglior Prezzo Garantito Booking online. Prenotate direttamente e risparmiate fino al 5% nel vostro letto. Camera Doppia con bagno in comune, twin standard, letto mix a Valencia\" \/>\n<meta property=\"og:url\" content=\"https:\/\/nesthostelsvalencia.com\/it\/ostello-valencia-red-nest\/\" \/>\n<meta property=\"og:site_name\" content=\"Nest Hostels Valencia\" \/>\n<meta property=\"article:modified_time\" content=\"2024-03-13T11:50:18+00:00\" \/>\n<meta property=\"og:image\" content=\"https:\/\/nesthostelsvalencia.com\/wp-content\/uploads\/2018\/11\/red-nest-hostel-valencia-nesthostelsvalencia-2018.jpg\" \/>\n\t<meta property=\"og:image:width\" content=\"1200\" \/>\n\t<meta property=\"og:image:height\" content=\"900\" \/>\n\t<meta property=\"og:image:type\" content=\"image\/jpeg\" \/>\n<meta name=\"twitter:card\" content=\"summary_large_image\" \/>\n<meta name=\"twitter:label1\" content=\"Tempo di lettura stimato\" \/>\n\t<meta name=\"twitter:data1\" content=\"4 minuti\" \/>\n<script type=\"application\/ld+json\" class=\"yoast-schema-graph\">{\"@context\":\"https:\\\/\\\/schema.org\",\"@graph\":[{\"@type\":\"WebPage\",\"@id\":\"https:\\\/\\\/nesthostelsvalencia.com\\\/it\\\/ostello-valencia-red-nest\\\/\",\"url\":\"https:\\\/\\\/nesthostelsvalencia.com\\\/it\\\/ostello-valencia-red-nest\\\/\",\"name\":\"Red Nest Hostel Valencia \u00ae Ostello pi\u00f9 economico e piacevole nel centro di Valencia\",\"isPartOf\":{\"@id\":\"https:\\\/\\\/nesthostelsvalencia.com\\\/it\\\/#website\"},\"primaryImageOfPage\":{\"@id\":\"https:\\\/\\\/nesthostelsvalencia.com\\\/it\\\/ostello-valencia-red-nest\\\/#primaryimage\"},\"image\":{\"@id\":\"https:\\\/\\\/nesthostelsvalencia.com\\\/it\\\/ostello-valencia-red-nest\\\/#primaryimage\"},\"thumbnailUrl\":\"https:\\\/\\\/nesthostelsvalencia.com\\\/wp-content\\\/uploads\\\/2018\\\/11\\\/red-nest-hostel-valencia-nesthostelsvalencia-2018.jpg\",\"datePublished\":\"2015-05-22T10:35:20+00:00\",\"dateModified\":\"2024-03-13T11:50:18+00:00\",\"description\":\"Red Nest Hostel Valencia\u00ae Ostello pi\u00f9 economico e piacevole nel centro di Valencia. Uno dei pi\u00f9 economico, pulito e sicuro ostello della giovent\u00f9 a Valencia. Miglior Prezzo Garantito Booking online. Prenotate direttamente e risparmiate fino al 5% nel vostro letto. Camera Doppia con bagno in comune, twin standard, letto mix a Valencia\",\"breadcrumb\":{\"@id\":\"https:\\\/\\\/nesthostelsvalencia.com\\\/it\\\/ostello-valencia-red-nest\\\/#breadcrumb\"},\"inLanguage\":\"it-IT\",\"potentialAction\":[{\"@type\":\"ReadAction\",\"target\":[\"https:\\\/\\\/nesthostelsvalencia.com\\\/it\\\/ostello-valencia-red-nest\\\/\"]}]},{\"@type\":\"ImageObject\",\"inLanguage\":\"it-IT\",\"@id\":\"https:\\\/\\\/nesthostelsvalencia.com\\\/it\\\/ostello-valencia-red-nest\\\/#primaryimage\",\"url\":\"https:\\\/\\\/nesthostelsvalencia.com\\\/wp-content\\\/uploads\\\/2018\\\/11\\\/red-nest-hostel-valencia-nesthostelsvalencia-2018.jpg\",\"contentUrl\":\"https:\\\/\\\/nesthostelsvalencia.com\\\/wp-content\\\/uploads\\\/2018\\\/11\\\/red-nest-hostel-valencia-nesthostelsvalencia-2018.jpg\",\"width\":1200,\"height\":900,\"caption\":\"Red Nest Hostel Valencia\"},{\"@type\":\"BreadcrumbList\",\"@id\":\"https:\\\/\\\/nesthostelsvalencia.com\\\/it\\\/ostello-valencia-red-nest\\\/#breadcrumb\",\"itemListElement\":[{\"@type\":\"ListItem\",\"position\":1,\"name\":\"Home\",\"item\":\"https:\\\/\\\/nesthostelsvalencia.com\\\/it\\\/\"},{\"@type\":\"ListItem\",\"position\":2,\"name\":\"Ostello Valencia Red Nest\"}]},{\"@type\":\"WebSite\",\"@id\":\"https:\\\/\\\/nesthostelsvalencia.com\\\/it\\\/#website\",\"url\":\"https:\\\/\\\/nesthostelsvalencia.com\\\/it\\\/\",\"name\":\"Nest Hostels Valencia\",\"description\":\"Youth hostels and beds for travelers in Valencia\",\"publisher\":{\"@id\":\"https:\\\/\\\/nesthostelsvalencia.com\\\/it\\\/#organization\"},\"alternateName\":\"Nest Hostels Valencia\",\"potentialAction\":[{\"@type\":\"SearchAction\",\"target\":{\"@type\":\"EntryPoint\",\"urlTemplate\":\"https:\\\/\\\/nesthostelsvalencia.com\\\/it\\\/?s={search_term_string}\"},\"query-input\":{\"@type\":\"PropertyValueSpecification\",\"valueRequired\":true,\"valueName\":\"search_term_string\"}}],\"inLanguage\":\"it-IT\"},{\"@type\":\"Organization\",\"@id\":\"https:\\\/\\\/nesthostelsvalencia.com\\\/it\\\/#organization\",\"name\":\"Nest Hostels Valencia\",\"alternateName\":\"Youth hostels and beds for travelers in Valencia\",\"url\":\"https:\\\/\\\/nesthostelsvalencia.com\\\/it\\\/\",\"logo\":{\"@type\":\"ImageObject\",\"inLanguage\":\"it-IT\",\"@id\":\"https:\\\/\\\/nesthostelsvalencia.com\\\/it\\\/#\\\/schema\\\/logo\\\/image\\\/\",\"url\":\"https:\\\/\\\/nesthostelsvalencia.com\\\/wp-content\\\/uploads\\\/2022\\\/01\\\/logo-nesthostels-valencia-feetuphostels.svg\",\"contentUrl\":\"https:\\\/\\\/nesthostelsvalencia.com\\\/wp-content\\\/uploads\\\/2022\\\/01\\\/logo-nesthostels-valencia-feetuphostels.svg\",\"width\":279,\"height\":130,\"caption\":\"Nest Hostels Valencia\"},\"image\":{\"@id\":\"https:\\\/\\\/nesthostelsvalencia.com\\\/it\\\/#\\\/schema\\\/logo\\\/image\\\/\"}}]}<\/script>\n<!-- \/ Yoast SEO plugin. -->","yoast_head_json":{"title":"Red Nest Hostel Valencia \u00ae Ostello pi\u00f9 economico e piacevole nel centro di Valencia","description":"Red Nest Hostel Valencia\u00ae Ostello pi\u00f9 economico e piacevole nel centro di Valencia. Uno dei pi\u00f9 economico, pulito e sicuro ostello della giovent\u00f9 a Valencia. Miglior Prezzo Garantito Booking online. Prenotate direttamente e risparmiate fino al 5% nel vostro letto. Camera Doppia con bagno in comune, twin standard, letto mix a Valencia","robots":{"index":"index","follow":"follow","max-snippet":"max-snippet:-1","max-image-preview":"max-image-preview:large","max-video-preview":"max-video-preview:-1"},"canonical":"https:\/\/nesthostelsvalencia.com\/it\/ostello-valencia-red-nest\/","og_locale":"it_IT","og_type":"article","og_title":"Red Nest Hostel Valencia \u00ae Ostello pi\u00f9 economico e piacevole nel centro di Valencia","og_description":"Red Nest Hostel Valencia\u00ae Ostello pi\u00f9 economico e piacevole nel centro di Valencia. Uno dei pi\u00f9 economico, pulito e sicuro ostello della giovent\u00f9 a Valencia. Miglior Prezzo Garantito Booking online. Prenotate direttamente e risparmiate fino al 5% nel vostro letto. Camera Doppia con bagno in comune, twin standard, letto mix a Valencia","og_url":"https:\/\/nesthostelsvalencia.com\/it\/ostello-valencia-red-nest\/","og_site_name":"Nest Hostels Valencia","article_modified_time":"2024-03-13T11:50:18+00:00","og_image":[{"width":1200,"height":900,"url":"https:\/\/nesthostelsvalencia.com\/wp-content\/uploads\/2018\/11\/red-nest-hostel-valencia-nesthostelsvalencia-2018.jpg","type":"image\/jpeg"}],"twitter_card":"summary_large_image","twitter_misc":{"Tempo di lettura stimato":"4 minuti"},"schema":{"@context":"https:\/\/schema.org","@graph":[{"@type":"WebPage","@id":"https:\/\/nesthostelsvalencia.com\/it\/ostello-valencia-red-nest\/","url":"https:\/\/nesthostelsvalencia.com\/it\/ostello-valencia-red-nest\/","name":"Red Nest Hostel Valencia \u00ae Ostello pi\u00f9 economico e piacevole nel centro di Valencia","isPartOf":{"@id":"https:\/\/nesthostelsvalencia.com\/it\/#website"},"primaryImageOfPage":{"@id":"https:\/\/nesthostelsvalencia.com\/it\/ostello-valencia-red-nest\/#primaryimage"},"image":{"@id":"https:\/\/nesthostelsvalencia.com\/it\/ostello-valencia-red-nest\/#primaryimage"},"thumbnailUrl":"https:\/\/nesthostelsvalencia.com\/wp-content\/uploads\/2018\/11\/red-nest-hostel-valencia-nesthostelsvalencia-2018.jpg","datePublished":"2015-05-22T10:35:20+00:00","dateModified":"2024-03-13T11:50:18+00:00","description":"Red Nest Hostel Valencia\u00ae Ostello pi\u00f9 economico e piacevole nel centro di Valencia. Uno dei pi\u00f9 economico, pulito e sicuro ostello della giovent\u00f9 a Valencia. Miglior Prezzo Garantito Booking online. Prenotate direttamente e risparmiate fino al 5% nel vostro letto. Camera Doppia con bagno in comune, twin standard, letto mix a Valencia","breadcrumb":{"@id":"https:\/\/nesthostelsvalencia.com\/it\/ostello-valencia-red-nest\/#breadcrumb"},"inLanguage":"it-IT","potentialAction":[{"@type":"ReadAction","target":["https:\/\/nesthostelsvalencia.com\/it\/ostello-valencia-red-nest\/"]}]},{"@type":"ImageObject","inLanguage":"it-IT","@id":"https:\/\/nesthostelsvalencia.com\/it\/ostello-valencia-red-nest\/#primaryimage","url":"https:\/\/nesthostelsvalencia.com\/wp-content\/uploads\/2018\/11\/red-nest-hostel-valencia-nesthostelsvalencia-2018.jpg","contentUrl":"https:\/\/nesthostelsvalencia.com\/wp-content\/uploads\/2018\/11\/red-nest-hostel-valencia-nesthostelsvalencia-2018.jpg","width":1200,"height":900,"caption":"Red Nest Hostel Valencia"},{"@type":"BreadcrumbList","@id":"https:\/\/nesthostelsvalencia.com\/it\/ostello-valencia-red-nest\/#breadcrumb","itemListElement":[{"@type":"ListItem","position":1,"name":"Home","item":"https:\/\/nesthostelsvalencia.com\/it\/"},{"@type":"ListItem","position":2,"name":"Ostello Valencia Red Nest"}]},{"@type":"WebSite","@id":"https:\/\/nesthostelsvalencia.com\/it\/#website","url":"https:\/\/nesthostelsvalencia.com\/it\/","name":"Nest Hostels Valencia","description":"Youth hostels and beds for travelers in Valencia","publisher":{"@id":"https:\/\/nesthostelsvalencia.com\/it\/#organization"},"alternateName":"Nest Hostels Valencia","potentialAction":[{"@type":"SearchAction","target":{"@type":"EntryPoint","urlTemplate":"https:\/\/nesthostelsvalencia.com\/it\/?s={search_term_string}"},"query-input":{"@type":"PropertyValueSpecification","valueRequired":true,"valueName":"search_term_string"}}],"inLanguage":"it-IT"},{"@type":"Organization","@id":"https:\/\/nesthostelsvalencia.com\/it\/#organization","name":"Nest Hostels Valencia","alternateName":"Youth hostels and beds for travelers in Valencia","url":"https:\/\/nesthostelsvalencia.com\/it\/","logo":{"@type":"ImageObject","inLanguage":"it-IT","@id":"https:\/\/nesthostelsvalencia.com\/it\/#\/schema\/logo\/image\/","url":"https:\/\/nesthostelsvalencia.com\/wp-content\/uploads\/2022\/01\/logo-nesthostels-valencia-feetuphostels.svg","contentUrl":"https:\/\/nesthostelsvalencia.com\/wp-content\/uploads\/2022\/01\/logo-nesthostels-valencia-feetuphostels.svg","width":279,"height":130,"caption":"Nest Hostels Valencia"},"image":{"@id":"https:\/\/nesthostelsvalencia.com\/it\/#\/schema\/logo\/image\/"}}]}},"_links":{"self":[{"href":"https:\/\/nesthostelsvalencia.com\/it\/wp-json\/wp\/v2\/pages\/3173","targetHints":{"allow":["GET"]}}],"collection":[{"href":"https:\/\/nesthostelsvalencia.com\/it\/wp-json\/wp\/v2\/pages"}],"about":[{"href":"https:\/\/nesthostelsvalencia.com\/it\/wp-json\/wp\/v2\/types\/page"}],"author":[{"embeddable":true,"href":"https:\/\/nesthostelsvalencia.com\/it\/wp-json\/wp\/v2\/users\/21"}],"replies":[{"embeddable":true,"href":"https:\/\/nesthostelsvalencia.com\/it\/wp-json\/wp\/v2\/comments?post=3173"}],"version-history":[{"count":0,"href":"https:\/\/nesthostelsvalencia.com\/it\/wp-json\/wp\/v2\/pages\/3173\/revisions"}],"wp:featuredmedia":[{"embeddable":true,"href":"https:\/\/nesthostelsvalencia.com\/it\/wp-json\/wp\/v2\/media\/9753"}],"wp:attachment":[{"href":"https:\/\/nesthostelsvalencia.com\/it\/wp-json\/wp\/v2\/media?parent=3173"}],"curies":[{"name":"wp","href":"https:\/\/api.w.org\/{rel}","templated":true}]}}