{"id":3204,"date":"2015-06-15T09:51:42","date_gmt":"2015-06-15T07:51:42","guid":{"rendered":"http:\/\/www.nesthostelsvalencia.com\/it\/group-booking\/"},"modified":"2023-10-25T12:48:12","modified_gmt":"2023-10-25T10:48:12","slug":"prenotazione-gruppi","status":"publish","type":"page","link":"https:\/\/nesthostelsvalencia.com\/it\/prenotazione-gruppi\/","title":{"rendered":"Prenotazioni di gruppo"},"content":{"rendered":"\n<h1 class=\"wp-block-heading has-text-align-center\">Prenotazioni di gruppo al Nest Hostels Valencia<\/h1>\n\n\n\n<h2 class=\"wp-block-heading has-text-align-center\">Alloggi e ostelli per gruppi a Valencia<\/h2>\n\n\n\n<p class=\"has-text-align-center\">Prenota un alloggio \/ ostello per il tuo gruppo a Valencia grazie a Feet Up Hostels. Siamo specializzati nella gestione delle prenotazioni di gruppo (Solo per 10 o pi\u00f9 persone)<\/p>\n\n\n\n<figure class=\"wp-block-image aligncenter size-large\"><a href=\"https:\/\/nesthostelsvalencia.com\/wp-content\/uploads\/2014\/10\/background-travelingroup.jpg\"><img fetchpriority=\"high\" decoding=\"async\" width=\"1024\" height=\"576\" src=\"https:\/\/nesthostelsvalencia.com\/wp-content\/uploads\/2014\/10\/background-travelingroup-1024x576.jpg\" alt=\"I migliori gruppi di Nest Hostels Valencia\" class=\"wp-image-3561\" srcset=\"https:\/\/nesthostelsvalencia.com\/wp-content\/uploads\/2014\/10\/background-travelingroup-1024x576.jpg 1024w, https:\/\/nesthostelsvalencia.com\/wp-content\/uploads\/2014\/10\/background-travelingroup-300x169.jpg 300w, https:\/\/nesthostelsvalencia.com\/wp-content\/uploads\/2014\/10\/background-travelingroup-768x432.jpg 768w, https:\/\/nesthostelsvalencia.com\/wp-content\/uploads\/2014\/10\/background-travelingroup-260x146.jpg 260w, https:\/\/nesthostelsvalencia.com\/wp-content\/uploads\/2014\/10\/background-travelingroup-50x28.jpg 50w, https:\/\/nesthostelsvalencia.com\/wp-content\/uploads\/2014\/10\/background-travelingroup-133x75.jpg 133w, https:\/\/nesthostelsvalencia.com\/wp-content\/uploads\/2014\/10\/background-travelingroup.jpg 1920w\" sizes=\"(max-width: 1024px) 100vw, 1024px\" \/><\/a><figcaption class=\"wp-element-caption\">I migliori gruppi di Nest Hostels Valencia<\/figcaption><\/figure>\n\n\n\n<p>Organizza il tuo viaggio con Feet Up Hostels<\/p>\n\n\n\n<p>Hai intenzione di visitare Valencia con il tuo gruppo? sei pi\u00f9 di 10 persone? Sappiamo che trovare la sistemazione perfetta per il tuo gruppo pu\u00f2 essere davvero difficile, specialmente in una citt\u00e0 come Barcellona, ecco perch\u00e9 a Nest Hostels Valencia abbiamo un reparto di gruppo specializzato che ti aiuter\u00e0 e ti consiglier\u00e0 su tutto ci\u00f2 che riguarda il tuo gruppo:<\/p>\n\n\n\n<ul class=\"wp-block-list\">\n<li>Alloggio.<\/li>\n\n\n\n<li><a href=\"https:\/\/nesthostelsvalencia.com\/top-activities-to-do-in-valencia\/\">Le attivit\u00e0<\/a><\/li>\n\n\n\n<li>Trasferimenti<\/li>\n\n\n\n<li>Comidas <\/li>\n<\/ul>\n\n\n\n<p>Lascia a casa le tue preoccupazioni e dedicati solo a goderti il tuo soggiorno a Valencia.<\/p>\n\n\n\n<h2 class=\"wp-block-heading\">Questi sono i vantaggi che tu e il tuo gruppo avrete al momento della prenotazione con noi<\/h2>\n\n\n\n<ul class=\"wp-block-list\">\n<li>Il miglior prezzo garantito<\/li>\n\n\n\n<li>Ampia variet\u00e0 di tipologie di camere.<\/li>\n\n\n\n<li>Organizzazione delle attivit\u00e0.<\/li>\n\n\n\n<li>Servizio di trasferimento I\/V per l&#8217;aeroporto.<\/li>\n\n\n\n<li>Servizio personalizzato.<\/li>\n\n\n\n<li><a href=\"https:\/\/devoradorescatering.com\/\" target=\"_blank\" rel=\"noreferrer noopener\">Catering<\/a> servizio per pranzi, cene e picnic.<\/li>\n\n\n\n<li>Dipartimento specializzato in gruppi.<\/li>\n\n\n\n<li>Deposito bagagli gratuito.<\/li>\n<\/ul>\n\n\n\n<p><\/p>\n\n\n\n<p class=\"has-white-color has-vivid-cyan-blue-background-color has-text-color has-background\">Non dimenticare! Per iscriverti agli ostelli del <a href=\"https:\/\/feetuphostels.com\/it\/\" target=\"_blank\" rel=\"noopener\">gruppo Feet Up Hostels<\/a>, devi fornire un deposito di 10\u20ac e un passaporto, una carta d&#8217;identit\u00e0 o una patente di guida validi.<\/p>\n\n\n\n<h2 class=\"wp-block-heading\">Prenota un alloggio per il tuo gruppo a Valencia<\/h2>\n\n\n\n<p>Non conosci la citt\u00e0 e non sai da dove cominciare a cercare? Non riesci a trovare un ristorante adatto alle esigenze del tuo gruppo? Non ottenere il budget giusto? Crediamo che dopo un&#8217;intera giornata di visite turistiche a Barcellona, devi riposare e mettere da parte le tue preoccupazioni, ecco perch\u00e9 <strong>Nest Hostels Valencia<\/strong> mette a tua disposizione un servizio di menu che si adatta a tutte le tue esigenze. Offriamo mezza pensione, pensione completa e pic-nic. Le pensioni possono essere combinate nel modo che pi\u00f9 vi si addice meglio.<\/p>\n\n\n\n<h2 class=\"wp-block-heading\">Abbiamo men\u00f9 per vegetariani, sportivi, celiaci, ecc.<\/h2>\n\n\n\n<p>Dovrai solo informarci in anticipo sul menu che desideri e sulle diete speciali e gestiremo tutto prima del tuo arrivo.<\/p>\n\n\n\n<p>Con una gestione di oltre 500 gruppi annuali dal 2010, <a href=\"https:\/\/nesthostelsvalencia.com\/it\/ostello-valencia-purple-nest\/\" target=\"_blank\" rel=\"noreferrer noopener\">Purple Nest Hostel Valencia<\/a>&nbsp;and&nbsp;<a href=\"https:\/\/nesthostelsvalencia.com\/it\/ostello-valencia-red-nest\/\">Red Nest Hostel Valencia<\/a> fa parte del gruppo Feet Up Hostels, una delle catene di ostelli pi\u00f9 famose in Spagna e con molta esperienza nel turismo giovanile. Offriamo alloggio a tutti i tipi di gruppi tra cui scuole, universit\u00e0, aziende, gruppi di eventi, istituzioni sportive, ecc. Inoltre, se si desidera visitare l&#8217;ostello prima del vostro soggiorno, il nostro reparto gruppi far\u00e0 una visita guidata in modo da poter vedere le nostre strutture e in grado di risolvere tutti i dubbi che avete su <strong>Yellow Nest Barcellona Ostelli<\/strong>.<\/p>\n","protected":false},"excerpt":{"rendered":"<p>Prenotazioni di gruppo a Valencia. Alloggi per gruppi al miglior prezzo. Contattaci e ricevi offerte in \u2705 Alloggio \u2705 Cibo \u2705 Attivit\u00e0<\/p>\n","protected":false},"author":21,"featured_media":6501,"parent":0,"menu_order":0,"comment_status":"open","ping_status":"open","template":"","meta":{"footnotes":""},"class_list":["post-3204","page","type-page","status-publish","has-post-thumbnail","hentry"],"yoast_head":"<!-- This site is optimized with the Yoast SEO plugin v27.3 - https:\/\/yoast.com\/product\/yoast-seo-wordpress\/ -->\n<title>Prenotazioni di gruppo Valencia \u2705 Alloggio per gruppi al miglior prezzo<\/title>\n<meta name=\"description\" content=\"Prenotazioni di gruppo Valencia. Sistemazione per gruppi al miglior prezzo. Contattaci e ottenere offerte in \u2705 Alloggio \u2705 Cibo \u2705 Attivit\u00e0\" \/>\n<meta name=\"robots\" content=\"index, follow, max-snippet:-1, max-image-preview:large, max-video-preview:-1\" \/>\n<link rel=\"canonical\" href=\"https:\/\/nesthostelsvalencia.com\/it\/prenotazione-gruppi\/\" \/>\n<meta property=\"og:locale\" content=\"it_IT\" \/>\n<meta property=\"og:type\" content=\"article\" \/>\n<meta property=\"og:title\" content=\"Prenotazioni di gruppo Valencia \u2705 Alloggio per gruppi al miglior prezzo\" \/>\n<meta property=\"og:description\" content=\"Prenotazioni di gruppo Valencia. Sistemazione per gruppi al miglior prezzo. Contattaci e ottenere offerte in \u2705 Alloggio \u2705 Cibo \u2705 Attivit\u00e0\" \/>\n<meta property=\"og:url\" content=\"https:\/\/nesthostelsvalencia.com\/it\/prenotazione-gruppi\/\" \/>\n<meta property=\"og:site_name\" content=\"Nest Hostels Valencia\" \/>\n<meta property=\"article:modified_time\" content=\"2023-10-25T10:48:12+00:00\" \/>\n<meta property=\"og:image\" content=\"https:\/\/nesthostelsvalencia.com\/wp-content\/uploads\/2014\/10\/background-travelingroup.jpg\" \/>\n\t<meta property=\"og:image:width\" content=\"1920\" \/>\n\t<meta property=\"og:image:height\" content=\"1080\" \/>\n\t<meta property=\"og:image:type\" content=\"image\/jpeg\" \/>\n<meta name=\"twitter:card\" content=\"summary_large_image\" \/>\n<meta name=\"twitter:label1\" content=\"Tempo di lettura stimato\" \/>\n\t<meta name=\"twitter:data1\" content=\"3 minuti\" \/>\n<script type=\"application\/ld+json\" class=\"yoast-schema-graph\">{\"@context\":\"https:\\\/\\\/schema.org\",\"@graph\":[{\"@type\":\"WebPage\",\"@id\":\"https:\\\/\\\/nesthostelsvalencia.com\\\/it\\\/prenotazione-gruppi\\\/\",\"url\":\"https:\\\/\\\/nesthostelsvalencia.com\\\/it\\\/prenotazione-gruppi\\\/\",\"name\":\"Prenotazioni di gruppo Valencia \u2705 Alloggio per gruppi al miglior prezzo\",\"isPartOf\":{\"@id\":\"https:\\\/\\\/nesthostelsvalencia.com\\\/it\\\/#website\"},\"primaryImageOfPage\":{\"@id\":\"https:\\\/\\\/nesthostelsvalencia.com\\\/it\\\/prenotazione-gruppi\\\/#primaryimage\"},\"image\":{\"@id\":\"https:\\\/\\\/nesthostelsvalencia.com\\\/it\\\/prenotazione-gruppi\\\/#primaryimage\"},\"thumbnailUrl\":\"https:\\\/\\\/nesthostelsvalencia.com\\\/wp-content\\\/uploads\\\/2014\\\/10\\\/background-travelingroup.jpg\",\"datePublished\":\"2015-06-15T07:51:42+00:00\",\"dateModified\":\"2023-10-25T10:48:12+00:00\",\"description\":\"Prenotazioni di gruppo Valencia. Sistemazione per gruppi al miglior prezzo. Contattaci e ottenere offerte in \u2705 Alloggio \u2705 Cibo \u2705 Attivit\u00e0\",\"breadcrumb\":{\"@id\":\"https:\\\/\\\/nesthostelsvalencia.com\\\/it\\\/prenotazione-gruppi\\\/#breadcrumb\"},\"inLanguage\":\"it-IT\",\"potentialAction\":[{\"@type\":\"ReadAction\",\"target\":[\"https:\\\/\\\/nesthostelsvalencia.com\\\/it\\\/prenotazione-gruppi\\\/\"]}]},{\"@type\":\"ImageObject\",\"inLanguage\":\"it-IT\",\"@id\":\"https:\\\/\\\/nesthostelsvalencia.com\\\/it\\\/prenotazione-gruppi\\\/#primaryimage\",\"url\":\"https:\\\/\\\/nesthostelsvalencia.com\\\/wp-content\\\/uploads\\\/2014\\\/10\\\/background-travelingroup.jpg\",\"contentUrl\":\"https:\\\/\\\/nesthostelsvalencia.com\\\/wp-content\\\/uploads\\\/2014\\\/10\\\/background-travelingroup.jpg\",\"width\":1920,\"height\":1080,\"caption\":\"The Best Groups in Nest Hostels Valencia\"},{\"@type\":\"BreadcrumbList\",\"@id\":\"https:\\\/\\\/nesthostelsvalencia.com\\\/it\\\/prenotazione-gruppi\\\/#breadcrumb\",\"itemListElement\":[{\"@type\":\"ListItem\",\"position\":1,\"name\":\"Home\",\"item\":\"https:\\\/\\\/nesthostelsvalencia.com\\\/it\\\/\"},{\"@type\":\"ListItem\",\"position\":2,\"name\":\"Prenotazioni di gruppo\"}]},{\"@type\":\"WebSite\",\"@id\":\"https:\\\/\\\/nesthostelsvalencia.com\\\/it\\\/#website\",\"url\":\"https:\\\/\\\/nesthostelsvalencia.com\\\/it\\\/\",\"name\":\"Nest Hostels Valencia\",\"description\":\"Youth hostels and beds for travelers in Valencia\",\"publisher\":{\"@id\":\"https:\\\/\\\/nesthostelsvalencia.com\\\/it\\\/#organization\"},\"alternateName\":\"Nest Hostels Valencia\",\"potentialAction\":[{\"@type\":\"SearchAction\",\"target\":{\"@type\":\"EntryPoint\",\"urlTemplate\":\"https:\\\/\\\/nesthostelsvalencia.com\\\/it\\\/?s={search_term_string}\"},\"query-input\":{\"@type\":\"PropertyValueSpecification\",\"valueRequired\":true,\"valueName\":\"search_term_string\"}}],\"inLanguage\":\"it-IT\"},{\"@type\":\"Organization\",\"@id\":\"https:\\\/\\\/nesthostelsvalencia.com\\\/it\\\/#organization\",\"name\":\"Nest Hostels Valencia\",\"alternateName\":\"Youth hostels and beds for travelers in Valencia\",\"url\":\"https:\\\/\\\/nesthostelsvalencia.com\\\/it\\\/\",\"logo\":{\"@type\":\"ImageObject\",\"inLanguage\":\"it-IT\",\"@id\":\"https:\\\/\\\/nesthostelsvalencia.com\\\/it\\\/#\\\/schema\\\/logo\\\/image\\\/\",\"url\":\"https:\\\/\\\/nesthostelsvalencia.com\\\/wp-content\\\/uploads\\\/2022\\\/01\\\/logo-nesthostels-valencia-feetuphostels.svg\",\"contentUrl\":\"https:\\\/\\\/nesthostelsvalencia.com\\\/wp-content\\\/uploads\\\/2022\\\/01\\\/logo-nesthostels-valencia-feetuphostels.svg\",\"width\":279,\"height\":130,\"caption\":\"Nest Hostels Valencia\"},\"image\":{\"@id\":\"https:\\\/\\\/nesthostelsvalencia.com\\\/it\\\/#\\\/schema\\\/logo\\\/image\\\/\"}}]}<\/script>\n<!-- \/ Yoast SEO plugin. -->","yoast_head_json":{"title":"Prenotazioni di gruppo Valencia \u2705 Alloggio per gruppi al miglior prezzo","description":"Prenotazioni di gruppo Valencia. Sistemazione per gruppi al miglior prezzo. Contattaci e ottenere offerte in \u2705 Alloggio \u2705 Cibo \u2705 Attivit\u00e0","robots":{"index":"index","follow":"follow","max-snippet":"max-snippet:-1","max-image-preview":"max-image-preview:large","max-video-preview":"max-video-preview:-1"},"canonical":"https:\/\/nesthostelsvalencia.com\/it\/prenotazione-gruppi\/","og_locale":"it_IT","og_type":"article","og_title":"Prenotazioni di gruppo Valencia \u2705 Alloggio per gruppi al miglior prezzo","og_description":"Prenotazioni di gruppo Valencia. Sistemazione per gruppi al miglior prezzo. Contattaci e ottenere offerte in \u2705 Alloggio \u2705 Cibo \u2705 Attivit\u00e0","og_url":"https:\/\/nesthostelsvalencia.com\/it\/prenotazione-gruppi\/","og_site_name":"Nest Hostels Valencia","article_modified_time":"2023-10-25T10:48:12+00:00","og_image":[{"width":1920,"height":1080,"url":"https:\/\/nesthostelsvalencia.com\/wp-content\/uploads\/2014\/10\/background-travelingroup.jpg","type":"image\/jpeg"}],"twitter_card":"summary_large_image","twitter_misc":{"Tempo di lettura stimato":"3 minuti"},"schema":{"@context":"https:\/\/schema.org","@graph":[{"@type":"WebPage","@id":"https:\/\/nesthostelsvalencia.com\/it\/prenotazione-gruppi\/","url":"https:\/\/nesthostelsvalencia.com\/it\/prenotazione-gruppi\/","name":"Prenotazioni di gruppo Valencia \u2705 Alloggio per gruppi al miglior prezzo","isPartOf":{"@id":"https:\/\/nesthostelsvalencia.com\/it\/#website"},"primaryImageOfPage":{"@id":"https:\/\/nesthostelsvalencia.com\/it\/prenotazione-gruppi\/#primaryimage"},"image":{"@id":"https:\/\/nesthostelsvalencia.com\/it\/prenotazione-gruppi\/#primaryimage"},"thumbnailUrl":"https:\/\/nesthostelsvalencia.com\/wp-content\/uploads\/2014\/10\/background-travelingroup.jpg","datePublished":"2015-06-15T07:51:42+00:00","dateModified":"2023-10-25T10:48:12+00:00","description":"Prenotazioni di gruppo Valencia. Sistemazione per gruppi al miglior prezzo. Contattaci e ottenere offerte in \u2705 Alloggio \u2705 Cibo \u2705 Attivit\u00e0","breadcrumb":{"@id":"https:\/\/nesthostelsvalencia.com\/it\/prenotazione-gruppi\/#breadcrumb"},"inLanguage":"it-IT","potentialAction":[{"@type":"ReadAction","target":["https:\/\/nesthostelsvalencia.com\/it\/prenotazione-gruppi\/"]}]},{"@type":"ImageObject","inLanguage":"it-IT","@id":"https:\/\/nesthostelsvalencia.com\/it\/prenotazione-gruppi\/#primaryimage","url":"https:\/\/nesthostelsvalencia.com\/wp-content\/uploads\/2014\/10\/background-travelingroup.jpg","contentUrl":"https:\/\/nesthostelsvalencia.com\/wp-content\/uploads\/2014\/10\/background-travelingroup.jpg","width":1920,"height":1080,"caption":"The Best Groups in Nest Hostels Valencia"},{"@type":"BreadcrumbList","@id":"https:\/\/nesthostelsvalencia.com\/it\/prenotazione-gruppi\/#breadcrumb","itemListElement":[{"@type":"ListItem","position":1,"name":"Home","item":"https:\/\/nesthostelsvalencia.com\/it\/"},{"@type":"ListItem","position":2,"name":"Prenotazioni di gruppo"}]},{"@type":"WebSite","@id":"https:\/\/nesthostelsvalencia.com\/it\/#website","url":"https:\/\/nesthostelsvalencia.com\/it\/","name":"Nest Hostels Valencia","description":"Youth hostels and beds for travelers in Valencia","publisher":{"@id":"https:\/\/nesthostelsvalencia.com\/it\/#organization"},"alternateName":"Nest Hostels Valencia","potentialAction":[{"@type":"SearchAction","target":{"@type":"EntryPoint","urlTemplate":"https:\/\/nesthostelsvalencia.com\/it\/?s={search_term_string}"},"query-input":{"@type":"PropertyValueSpecification","valueRequired":true,"valueName":"search_term_string"}}],"inLanguage":"it-IT"},{"@type":"Organization","@id":"https:\/\/nesthostelsvalencia.com\/it\/#organization","name":"Nest Hostels Valencia","alternateName":"Youth hostels and beds for travelers in Valencia","url":"https:\/\/nesthostelsvalencia.com\/it\/","logo":{"@type":"ImageObject","inLanguage":"it-IT","@id":"https:\/\/nesthostelsvalencia.com\/it\/#\/schema\/logo\/image\/","url":"https:\/\/nesthostelsvalencia.com\/wp-content\/uploads\/2022\/01\/logo-nesthostels-valencia-feetuphostels.svg","contentUrl":"https:\/\/nesthostelsvalencia.com\/wp-content\/uploads\/2022\/01\/logo-nesthostels-valencia-feetuphostels.svg","width":279,"height":130,"caption":"Nest Hostels Valencia"},"image":{"@id":"https:\/\/nesthostelsvalencia.com\/it\/#\/schema\/logo\/image\/"}}]}},"_links":{"self":[{"href":"https:\/\/nesthostelsvalencia.com\/it\/wp-json\/wp\/v2\/pages\/3204","targetHints":{"allow":["GET"]}}],"collection":[{"href":"https:\/\/nesthostelsvalencia.com\/it\/wp-json\/wp\/v2\/pages"}],"about":[{"href":"https:\/\/nesthostelsvalencia.com\/it\/wp-json\/wp\/v2\/types\/page"}],"author":[{"embeddable":true,"href":"https:\/\/nesthostelsvalencia.com\/it\/wp-json\/wp\/v2\/users\/21"}],"replies":[{"embeddable":true,"href":"https:\/\/nesthostelsvalencia.com\/it\/wp-json\/wp\/v2\/comments?post=3204"}],"version-history":[{"count":0,"href":"https:\/\/nesthostelsvalencia.com\/it\/wp-json\/wp\/v2\/pages\/3204\/revisions"}],"wp:featuredmedia":[{"embeddable":true,"href":"https:\/\/nesthostelsvalencia.com\/it\/wp-json\/wp\/v2\/media\/6501"}],"wp:attachment":[{"href":"https:\/\/nesthostelsvalencia.com\/it\/wp-json\/wp\/v2\/media?parent=3204"}],"curies":[{"name":"wp","href":"https:\/\/api.w.org\/{rel}","templated":true}]}}