{"id":3205,"date":"2015-05-22T11:33:41","date_gmt":"2015-05-22T09:33:41","guid":{"rendered":"http:\/\/www.nesthostelsvalencia.com\/it\/how-to-get-purple-nest-hostel\/"},"modified":"2024-07-22T18:11:57","modified_gmt":"2024-07-22T16:11:57","slug":"come-arrivare-al-purple-nest-hostel","status":"publish","type":"page","link":"https:\/\/nesthostelsvalencia.com\/it\/come-arrivare-al-purple-nest-hostel\/","title":{"rendered":"Come arrivare all&#8217;ostello Purple Nest di Valencia"},"content":{"rendered":"\n<h1 class=\"wp-block-heading has-text-align-center\">Posizione Purple Nest Hostel<\/h1>\n\n<iframe src=\"https:\/\/www.google.com\/maps\/embed?pb=!1m14!1m8!1m3!1d7324.881480266293!2d-0.37653507087462473!3d39.475353662594124!3m2!1i1024!2i768!4f13.1!3m3!1m2!1s0xd6048b252915ce7%3A0x50e428c5db0a22ab!2sPurple%20Nest%20Hostel%20Valencia!5e0!3m2!1ses!2ses!4v1679482757682!5m2!1ses!2ses\" width=\"100%\" height=\"450\" style=\"border:0;\" allowfullscreen=\"\" loading=\"lazy\" referrerpolicy=\"no-referrer-when-downgrade\"><\/iframe>\r\n\n<div style=\"height:25px\" aria-hidden=\"true\" class=\"wp-block-spacer\"><\/div>\n\n<h3 class=\"wp-block-heading\">\u30d0\u30ec\u30f3\u30b7\u30a2\u7a7a\u6e2f\u304b\u3089\u306e\u30a2\u30af\u30bb\u30b9\u306f\uff1f<\/h3>\n\n<ul class=\"wp-block-list\">\n<li>La prima opzione. \u00c8 quella di prendere la metropolitana dall&#8217;aeroporto fino alla stazione X\u00e0tiva, e poi camminare per circa 15 minuti fino all&#8217;ostello.<\/li>\n\n\n\n<li>La seconda opzione. \u00c8 quella di prendere un taxi dall&#8217;aeroporto all&#8217;ostello.<\/li>\n<\/ul>\n\n<h3 class=\"wp-block-heading\">Come raggiungere la stazione di Valencia Nord?<\/h3>\n\n<ul class=\"wp-block-list\">\n<li>La prima opzione.  \u00c8 quella di prendere la metropolitana dalla stazione X\u00e0tiva, che si trova proprio accanto alla Estaci\u00f3n del Norte, alla stazione Col\u00f3n. Da l\u00ec, basta camminare per circa 10 minuti lungo l&#8217;antico letto del fiume Turia fino a raggiungere il Purple Nest Hostel Valencia.<\/li>\n\n\n\n<li>The second option. Is to take a bus from the Estaci\u00f3n del Norte to the Plaza del Ayuntamiento.<br\/>There you can get on another bus that will take you to Plaza de la Reina.<\/li>\n<\/ul>\n\n<h3 class=\"wp-block-heading\">Come arrivare dalla stazione degli autobus di Valencia?<\/h3>\n\n<ul class=\"wp-block-list\">\n<li>La prima opzione. Una possibilit\u00e0 \u00e8 quella di prendere l&#8217;autobus 80 dalla stazione degli autobus fino a Piazza Poeta Llorente, che dista solo 6 fermate. Poi, si pu\u00f2 camminare per circa 50 metri fino a raggiungere l&#8217;ostello.<\/li>\n\n\n\n<li>La seconda opzione. (\u00c8 gratuita) Un&#8217;altra opzione \u00e8 quella di percorrere l&#8217;intero tragitto dalla stazione degli autobus all&#8217;ostello, che dura circa 20 minuti. Si pu\u00f2 seguire questo percorso: uscire dalla stazione degli autobus e attraversare la strada, girare a sinistra in Avenida Men\u00e9ndez Pidal, girare a destra in Calle de la Paz, girare a sinistra in Calle de San Vicente M\u00e1rtir, girare a destra in Plaza de la Reina, girare a sinistra in Calle del Mar, girare a destra in Calle del General Tovar e proseguire fino all&#8217;ostello.&#13;\n*** Tradotto con www.DeepL.com\/translator (versione gratuita) ***&#13;\n&#13;\n<\/li>\n<\/ul>\n\n<h3 class=\"wp-block-heading\">Come raggiungere la Stazione Joaquin Sorolla?<\/h3>\n\n<ul class=\"wp-block-list\">\n<li>In autobus. Potete prendere l&#8217;autobus numero 27 dalla stazione Joaquin Sorolla a Plaza de la Reina, per un tragitto di 15 minuti. Da l\u00ec, si pu\u00f2 camminare per circa 10 minuti fino al Purple Nest Hostel Valencia, che si trova in Plaza Tetuan. Il prezzo dell&#8217;autobus \u00e8 di 1,50 euro a persona e il biglietto pu\u00f2 essere acquistato a bordo o alla stazione.<\/li>\n\n\n\n<li>In metropolitana. \u00c8 possibile prendere la linea 5 della metropolitana dalla stazione Joaquin Sorolla a Colon, con una corsa di 10 minuti.<\/li>\n\n\n\n<li>Da l\u00ec, si pu\u00f2 camminare per circa 15 minuti fino al Purple Nest Hostel Valencia, che si trova in Plaza Tetuan. Il biglietto della metropolitana costa 1,40 euro a persona e pu\u00f2 essere acquistato alla stazione o online.<\/li>\n\n\n\n<li>In taxi. \u00c8 possibile prendere un taxi dalla stazione Joaquin Sorolla al Purple Nest Hostel Valencia, che dista 10 minuti. Il costo del taxi \u00e8 di circa 10 euro, a seconda del traffico e dell&#8217;ora.<\/li>\n\n\n\n<li>Potete chiedere un taxi per strada o chiamarne uno utilizzando un&#8217;applicazione come Cabify o Uber.<\/li>\n\n\n\n<li>In bicicletta. \u00c8 possibile noleggiare una bicicletta dalla stazione Joaquin Sorolla per 2 euro all&#8217;ora o 10 euro al giorno.<\/li>\n\n\n\n<li>Potete pedalare lungo i Giardini del Turia, un percorso panoramico e sicuro che vi porter\u00e0 al Purple Nest Hostel Valencia in circa 20 minuti. Potete parcheggiare la vostra bicicletta presso l&#8217;ostello o in una delle numerose stazioni per biciclette sparse per la citt\u00e0.<\/li>\n<\/ul>\n\n<h3 class=\"wp-block-heading\">Come arrivare dal porto di Valencia?<\/h3>\n\n<ul class=\"wp-block-list\">\n<li>The first option. Is to take bus number 4 from the Port to the Plaza del Ayuntamiento.<br\/>There, you will have to change to bus number 5 which will take you to Plaza de Tetu\u00e1n.<br\/>From there, you only have to walk about 10 minutes to the Purple Nest Hostel Valencia.<\/li>\n\n\n\n<li>La seconda opzione. \u00c8 quella di prendere un taxi dal porto al Purple Nest Hostel Valencia.<\/li>\n<\/ul>\n\n<h3 class=\"wp-block-heading\">Informazioni su parcheggi, biciclette e biglietti<\/h3>\n\n<ul class=\"wp-block-list\">\n<li>Informazioni sul parcheggio. Non c&#8217;\u00e8 un parcheggio gratuito, ma c&#8217;\u00e8 una strada accanto all&#8217;ostello chiamata Paseo de la Alameda dove \u00e8 sempre possibile parcheggiare gratuitamente.\u00a0<a href=\"https:\/\/goo.gl\/maps\/gq2btF25prPF7zCb9\" target=\"_blank\" rel=\"noreferrer noopener\">View location<\/a>. Di fronte all&#8217;ostello c&#8217;\u00e8 un parcheggio privato; qui si possono trovare i prezzi\u00a0<a href=\"https:\/\/www.interparking.es\/es-ES\/find-parking\/Glorieta-Paz\/\">https:\/\/www.interparking.es\/es-ES\/find-parking\/Glorieta-Paz\/<\/a><\/li>\n\n\n\n<li>Informazioni sui biglietti. \u00c8 possibile acquistare diversi tipi di titoli di viaggio (Travel Card), a seconda della durata del soggiorno a Valencia:<\/li>\n\n\n\n<li>Gli autobus EMT coprono quasi tutte le zone della citt\u00e0 e passano ogni 10-20 minuti.<br\/>Il prezzo del biglietto singolo \u00e8 di 1,50\u20ac.<\/li>\n\n\n\n<li>Bonobus individuale di 10 corse della durata di 1 ora per ogni viaggio (solo autobus) \u20ac9.<\/li>\n\n\n\n<li>Individual bonobus of 10 rides of 1 hour duration per trip (bus only) \u20ac9.<\/li>\n\n\n\n<li>Metrobus, un biglietto combinato che pu\u00f2 essere utilizzato in metropolitana e in autobus. (\u20ac 9).<\/li>\n\n\n\n<li>Per maggiori informazioni sui biglietti dell&#8217;autobus, sulle linee e sugli orari, \u00e8 possibile visitare il sito ufficiale dell&#8217;Azienda Municipale dei Trasporti (EMT)..\u00a0<a href=\"https:\/\/www.emtvalencia.es\/ciudadano\/index.php\" target=\"_blank\" rel=\"noreferrer noopener\">emtvalencia.es<\/a>.\u200e<\/li>\n\n\n\n<li>Se desiderate maggiori informazioni sulla metropolitana di Valencia, sugli orari, sulle date e su altri dettagli, potete visitare il sito ufficiale della metropolitana di Valencia.\u00a0<a href=\"https:\/\/www.metrovalencia.es\/\" target=\"_blank\" rel=\"noreferrer noopener\">www.metrovalencia.es<\/a>.<\/li>\n\n\n\n<li>Inoltre, se siete amanti della bicicletta e preferite godervi e conoscere Valencia in bici, potete visitare il sito ufficiale di Valenbisi.\u00a0<a href=\"https:\/\/www.valenbisi.es\/\" target=\"_blank\" rel=\"noreferrer noopener\">www.valenbisi.es<\/a><\/li>\n<\/ul>\n\n<p><\/p>\n\n<figure class=\"wp-block-image aligncenter size-large\"><a href=\"https:\/\/nesthostelsvalencia.com\/wp-content\/uploads\/2014\/04\/street-valencia-nesthostelslvaneica.jpg\"><img fetchpriority=\"high\" decoding=\"async\" width=\"1024\" height=\"720\" src=\"https:\/\/nesthostelsvalencia.com\/wp-content\/uploads\/2014\/04\/street-valencia-nesthostelslvaneica-1024x720.jpg\" alt=\"Strade Valencia\" class=\"wp-image-3928\" srcset=\"https:\/\/nesthostelsvalencia.com\/wp-content\/uploads\/2014\/04\/street-valencia-nesthostelslvaneica-1024x720.jpg 1024w, https:\/\/nesthostelsvalencia.com\/wp-content\/uploads\/2014\/04\/street-valencia-nesthostelslvaneica-300x211.jpg 300w, https:\/\/nesthostelsvalencia.com\/wp-content\/uploads\/2014\/04\/street-valencia-nesthostelslvaneica-768x540.jpg 768w, https:\/\/nesthostelsvalencia.com\/wp-content\/uploads\/2014\/04\/street-valencia-nesthostelslvaneica-208x146.jpg 208w, https:\/\/nesthostelsvalencia.com\/wp-content\/uploads\/2014\/04\/street-valencia-nesthostelslvaneica-50x35.jpg 50w, https:\/\/nesthostelsvalencia.com\/wp-content\/uploads\/2014\/04\/street-valencia-nesthostelslvaneica-107x75.jpg 107w, https:\/\/nesthostelsvalencia.com\/wp-content\/uploads\/2014\/04\/street-valencia-nesthostelslvaneica.jpg 1280w\" sizes=\"(max-width: 1024px) 100vw, 1024px\" \/><\/a><figcaption class=\"wp-element-caption\">Strade Valencia<\/figcaption><\/figure>\n","protected":false},"excerpt":{"rendered":"<p>Come raggiungere Purple Nest Hostel Valencia. Posizione di Purple Nest nel centro di Valencia. L&#8217;alloggio pi\u00f9 economico a Valencia<\/p>\n","protected":false},"author":21,"featured_media":6801,"parent":0,"menu_order":0,"comment_status":"closed","ping_status":"closed","template":"","meta":{"footnotes":""},"class_list":["post-3205","page","type-page","status-publish","has-post-thumbnail","hentry"],"yoast_head":"<!-- This site is optimized with the Yoast SEO plugin v27.3 - https:\/\/yoast.com\/product\/yoast-seo-wordpress\/ -->\n<title>Come arrivare all&#039;ostello Purple Nest di Valencia. Posizione di Purple Nest<\/title>\n<meta name=\"description\" content=\"Come arrivare all&#039; Ostello Purple Nest Valencia \u00ae Purple Nest hostel nel centro di Valencia. L&#039;alloggio pi\u00f9 economico a Valencia\" \/>\n<meta name=\"robots\" content=\"index, follow, max-snippet:-1, max-image-preview:large, max-video-preview:-1\" \/>\n<link rel=\"canonical\" href=\"https:\/\/nesthostelsvalencia.com\/it\/come-arrivare-al-purple-nest-hostel\/\" \/>\n<meta property=\"og:locale\" content=\"it_IT\" \/>\n<meta property=\"og:type\" content=\"article\" \/>\n<meta property=\"og:title\" content=\"Come arrivare all&#039;ostello Purple Nest di Valencia. Posizione di Purple Nest\" \/>\n<meta property=\"og:description\" content=\"Come arrivare all&#039; Ostello Purple Nest Valencia \u00ae Purple Nest hostel nel centro di Valencia. L&#039;alloggio pi\u00f9 economico a Valencia\" \/>\n<meta property=\"og:url\" content=\"https:\/\/nesthostelsvalencia.com\/it\/come-arrivare-al-purple-nest-hostel\/\" \/>\n<meta property=\"og:site_name\" content=\"Nest Hostels Valencia\" \/>\n<meta property=\"article:modified_time\" content=\"2024-07-22T16:11:57+00:00\" \/>\n<meta property=\"og:image\" content=\"https:\/\/nesthostelsvalencia.com\/wp-content\/uploads\/2014\/04\/street-valencia-nesthostelslvaneica.jpg\" \/>\n\t<meta property=\"og:image:width\" content=\"1280\" \/>\n\t<meta property=\"og:image:height\" content=\"900\" \/>\n\t<meta property=\"og:image:type\" content=\"image\/jpeg\" \/>\n<meta name=\"twitter:card\" content=\"summary_large_image\" \/>\n<meta name=\"twitter:label1\" content=\"Tempo di lettura stimato\" \/>\n\t<meta name=\"twitter:data1\" content=\"7 minuti\" \/>\n<script type=\"application\/ld+json\" class=\"yoast-schema-graph\">{\"@context\":\"https:\\\/\\\/schema.org\",\"@graph\":[{\"@type\":\"WebPage\",\"@id\":\"https:\\\/\\\/nesthostelsvalencia.com\\\/it\\\/come-arrivare-al-purple-nest-hostel\\\/\",\"url\":\"https:\\\/\\\/nesthostelsvalencia.com\\\/it\\\/come-arrivare-al-purple-nest-hostel\\\/\",\"name\":\"Come arrivare all'ostello Purple Nest di Valencia. Posizione di Purple Nest\",\"isPartOf\":{\"@id\":\"https:\\\/\\\/nesthostelsvalencia.com\\\/it\\\/#website\"},\"primaryImageOfPage\":{\"@id\":\"https:\\\/\\\/nesthostelsvalencia.com\\\/it\\\/come-arrivare-al-purple-nest-hostel\\\/#primaryimage\"},\"image\":{\"@id\":\"https:\\\/\\\/nesthostelsvalencia.com\\\/it\\\/come-arrivare-al-purple-nest-hostel\\\/#primaryimage\"},\"thumbnailUrl\":\"https:\\\/\\\/nesthostelsvalencia.com\\\/wp-content\\\/uploads\\\/2014\\\/04\\\/street-valencia-nesthostelslvaneica.jpg\",\"datePublished\":\"2015-05-22T09:33:41+00:00\",\"dateModified\":\"2024-07-22T16:11:57+00:00\",\"description\":\"Come arrivare all' Ostello Purple Nest Valencia \u00ae Purple Nest hostel nel centro di Valencia. L'alloggio pi\u00f9 economico a Valencia\",\"breadcrumb\":{\"@id\":\"https:\\\/\\\/nesthostelsvalencia.com\\\/it\\\/come-arrivare-al-purple-nest-hostel\\\/#breadcrumb\"},\"inLanguage\":\"it-IT\",\"potentialAction\":[{\"@type\":\"ReadAction\",\"target\":[\"https:\\\/\\\/nesthostelsvalencia.com\\\/it\\\/come-arrivare-al-purple-nest-hostel\\\/\"]}]},{\"@type\":\"ImageObject\",\"inLanguage\":\"it-IT\",\"@id\":\"https:\\\/\\\/nesthostelsvalencia.com\\\/it\\\/come-arrivare-al-purple-nest-hostel\\\/#primaryimage\",\"url\":\"https:\\\/\\\/nesthostelsvalencia.com\\\/wp-content\\\/uploads\\\/2014\\\/04\\\/street-valencia-nesthostelslvaneica.jpg\",\"contentUrl\":\"https:\\\/\\\/nesthostelsvalencia.com\\\/wp-content\\\/uploads\\\/2014\\\/04\\\/street-valencia-nesthostelslvaneica.jpg\",\"width\":1280,\"height\":900,\"caption\":\"Streets Valencia\"},{\"@type\":\"BreadcrumbList\",\"@id\":\"https:\\\/\\\/nesthostelsvalencia.com\\\/it\\\/come-arrivare-al-purple-nest-hostel\\\/#breadcrumb\",\"itemListElement\":[{\"@type\":\"ListItem\",\"position\":1,\"name\":\"Home\",\"item\":\"https:\\\/\\\/nesthostelsvalencia.com\\\/it\\\/\"},{\"@type\":\"ListItem\",\"position\":2,\"name\":\"Come arrivare all&#8217;ostello Purple Nest di Valencia\"}]},{\"@type\":\"WebSite\",\"@id\":\"https:\\\/\\\/nesthostelsvalencia.com\\\/it\\\/#website\",\"url\":\"https:\\\/\\\/nesthostelsvalencia.com\\\/it\\\/\",\"name\":\"Nest Hostels Valencia\",\"description\":\"Youth hostels and beds for travelers in Valencia\",\"publisher\":{\"@id\":\"https:\\\/\\\/nesthostelsvalencia.com\\\/it\\\/#organization\"},\"alternateName\":\"Nest Hostels Valencia\",\"potentialAction\":[{\"@type\":\"SearchAction\",\"target\":{\"@type\":\"EntryPoint\",\"urlTemplate\":\"https:\\\/\\\/nesthostelsvalencia.com\\\/it\\\/?s={search_term_string}\"},\"query-input\":{\"@type\":\"PropertyValueSpecification\",\"valueRequired\":true,\"valueName\":\"search_term_string\"}}],\"inLanguage\":\"it-IT\"},{\"@type\":\"Organization\",\"@id\":\"https:\\\/\\\/nesthostelsvalencia.com\\\/it\\\/#organization\",\"name\":\"Nest Hostels Valencia\",\"alternateName\":\"Youth hostels and beds for travelers in Valencia\",\"url\":\"https:\\\/\\\/nesthostelsvalencia.com\\\/it\\\/\",\"logo\":{\"@type\":\"ImageObject\",\"inLanguage\":\"it-IT\",\"@id\":\"https:\\\/\\\/nesthostelsvalencia.com\\\/it\\\/#\\\/schema\\\/logo\\\/image\\\/\",\"url\":\"https:\\\/\\\/nesthostelsvalencia.com\\\/wp-content\\\/uploads\\\/2022\\\/01\\\/logo-nesthostels-valencia-feetuphostels.svg\",\"contentUrl\":\"https:\\\/\\\/nesthostelsvalencia.com\\\/wp-content\\\/uploads\\\/2022\\\/01\\\/logo-nesthostels-valencia-feetuphostels.svg\",\"width\":279,\"height\":130,\"caption\":\"Nest Hostels Valencia\"},\"image\":{\"@id\":\"https:\\\/\\\/nesthostelsvalencia.com\\\/it\\\/#\\\/schema\\\/logo\\\/image\\\/\"}}]}<\/script>\n<!-- \/ Yoast SEO plugin. -->","yoast_head_json":{"title":"Come arrivare all'ostello Purple Nest di Valencia. Posizione di Purple Nest","description":"Come arrivare all' Ostello Purple Nest Valencia \u00ae Purple Nest hostel nel centro di Valencia. L'alloggio pi\u00f9 economico a Valencia","robots":{"index":"index","follow":"follow","max-snippet":"max-snippet:-1","max-image-preview":"max-image-preview:large","max-video-preview":"max-video-preview:-1"},"canonical":"https:\/\/nesthostelsvalencia.com\/it\/come-arrivare-al-purple-nest-hostel\/","og_locale":"it_IT","og_type":"article","og_title":"Come arrivare all'ostello Purple Nest di Valencia. Posizione di Purple Nest","og_description":"Come arrivare all' Ostello Purple Nest Valencia \u00ae Purple Nest hostel nel centro di Valencia. L'alloggio pi\u00f9 economico a Valencia","og_url":"https:\/\/nesthostelsvalencia.com\/it\/come-arrivare-al-purple-nest-hostel\/","og_site_name":"Nest Hostels Valencia","article_modified_time":"2024-07-22T16:11:57+00:00","og_image":[{"width":1280,"height":900,"url":"https:\/\/nesthostelsvalencia.com\/wp-content\/uploads\/2014\/04\/street-valencia-nesthostelslvaneica.jpg","type":"image\/jpeg"}],"twitter_card":"summary_large_image","twitter_misc":{"Tempo di lettura stimato":"7 minuti"},"schema":{"@context":"https:\/\/schema.org","@graph":[{"@type":"WebPage","@id":"https:\/\/nesthostelsvalencia.com\/it\/come-arrivare-al-purple-nest-hostel\/","url":"https:\/\/nesthostelsvalencia.com\/it\/come-arrivare-al-purple-nest-hostel\/","name":"Come arrivare all'ostello Purple Nest di Valencia. Posizione di Purple Nest","isPartOf":{"@id":"https:\/\/nesthostelsvalencia.com\/it\/#website"},"primaryImageOfPage":{"@id":"https:\/\/nesthostelsvalencia.com\/it\/come-arrivare-al-purple-nest-hostel\/#primaryimage"},"image":{"@id":"https:\/\/nesthostelsvalencia.com\/it\/come-arrivare-al-purple-nest-hostel\/#primaryimage"},"thumbnailUrl":"https:\/\/nesthostelsvalencia.com\/wp-content\/uploads\/2014\/04\/street-valencia-nesthostelslvaneica.jpg","datePublished":"2015-05-22T09:33:41+00:00","dateModified":"2024-07-22T16:11:57+00:00","description":"Come arrivare all' Ostello Purple Nest Valencia \u00ae Purple Nest hostel nel centro di Valencia. L'alloggio pi\u00f9 economico a Valencia","breadcrumb":{"@id":"https:\/\/nesthostelsvalencia.com\/it\/come-arrivare-al-purple-nest-hostel\/#breadcrumb"},"inLanguage":"it-IT","potentialAction":[{"@type":"ReadAction","target":["https:\/\/nesthostelsvalencia.com\/it\/come-arrivare-al-purple-nest-hostel\/"]}]},{"@type":"ImageObject","inLanguage":"it-IT","@id":"https:\/\/nesthostelsvalencia.com\/it\/come-arrivare-al-purple-nest-hostel\/#primaryimage","url":"https:\/\/nesthostelsvalencia.com\/wp-content\/uploads\/2014\/04\/street-valencia-nesthostelslvaneica.jpg","contentUrl":"https:\/\/nesthostelsvalencia.com\/wp-content\/uploads\/2014\/04\/street-valencia-nesthostelslvaneica.jpg","width":1280,"height":900,"caption":"Streets Valencia"},{"@type":"BreadcrumbList","@id":"https:\/\/nesthostelsvalencia.com\/it\/come-arrivare-al-purple-nest-hostel\/#breadcrumb","itemListElement":[{"@type":"ListItem","position":1,"name":"Home","item":"https:\/\/nesthostelsvalencia.com\/it\/"},{"@type":"ListItem","position":2,"name":"Come arrivare all&#8217;ostello Purple Nest di Valencia"}]},{"@type":"WebSite","@id":"https:\/\/nesthostelsvalencia.com\/it\/#website","url":"https:\/\/nesthostelsvalencia.com\/it\/","name":"Nest Hostels Valencia","description":"Youth hostels and beds for travelers in Valencia","publisher":{"@id":"https:\/\/nesthostelsvalencia.com\/it\/#organization"},"alternateName":"Nest Hostels Valencia","potentialAction":[{"@type":"SearchAction","target":{"@type":"EntryPoint","urlTemplate":"https:\/\/nesthostelsvalencia.com\/it\/?s={search_term_string}"},"query-input":{"@type":"PropertyValueSpecification","valueRequired":true,"valueName":"search_term_string"}}],"inLanguage":"it-IT"},{"@type":"Organization","@id":"https:\/\/nesthostelsvalencia.com\/it\/#organization","name":"Nest Hostels Valencia","alternateName":"Youth hostels and beds for travelers in Valencia","url":"https:\/\/nesthostelsvalencia.com\/it\/","logo":{"@type":"ImageObject","inLanguage":"it-IT","@id":"https:\/\/nesthostelsvalencia.com\/it\/#\/schema\/logo\/image\/","url":"https:\/\/nesthostelsvalencia.com\/wp-content\/uploads\/2022\/01\/logo-nesthostels-valencia-feetuphostels.svg","contentUrl":"https:\/\/nesthostelsvalencia.com\/wp-content\/uploads\/2022\/01\/logo-nesthostels-valencia-feetuphostels.svg","width":279,"height":130,"caption":"Nest Hostels Valencia"},"image":{"@id":"https:\/\/nesthostelsvalencia.com\/it\/#\/schema\/logo\/image\/"}}]}},"_links":{"self":[{"href":"https:\/\/nesthostelsvalencia.com\/it\/wp-json\/wp\/v2\/pages\/3205","targetHints":{"allow":["GET"]}}],"collection":[{"href":"https:\/\/nesthostelsvalencia.com\/it\/wp-json\/wp\/v2\/pages"}],"about":[{"href":"https:\/\/nesthostelsvalencia.com\/it\/wp-json\/wp\/v2\/types\/page"}],"author":[{"embeddable":true,"href":"https:\/\/nesthostelsvalencia.com\/it\/wp-json\/wp\/v2\/users\/21"}],"replies":[{"embeddable":true,"href":"https:\/\/nesthostelsvalencia.com\/it\/wp-json\/wp\/v2\/comments?post=3205"}],"version-history":[{"count":0,"href":"https:\/\/nesthostelsvalencia.com\/it\/wp-json\/wp\/v2\/pages\/3205\/revisions"}],"wp:featuredmedia":[{"embeddable":true,"href":"https:\/\/nesthostelsvalencia.com\/it\/wp-json\/wp\/v2\/media\/6801"}],"wp:attachment":[{"href":"https:\/\/nesthostelsvalencia.com\/it\/wp-json\/wp\/v2\/media?parent=3205"}],"curies":[{"name":"wp","href":"https:\/\/api.w.org\/{rel}","templated":true}]}}