{"id":3713,"date":"2014-10-15T10:41:58","date_gmt":"2014-10-15T08:41:58","guid":{"rendered":"https:\/\/nesthostelsvalencia.com\/2017\/home\/"},"modified":"2023-03-18T12:19:44","modified_gmt":"2023-03-18T11:19:44","slug":"home","status":"publish","type":"page","link":"https:\/\/nesthostelsvalencia.com\/it\/","title":{"rendered":"Nest Ostelli Valencia"},"content":{"rendered":"\n<h1 class=\"has-text-align-center wp-block-heading\">Nest Hostels Valencia | Benvenuti a Valencia<\/h1>\n\n<h2 class=\"wp-block-heading\">Siamo Specialisti Cordialit\u00e0<\/h2>\n\n<p>Nest Hostels Group, siamo una delle catene di ostelli della giovent\u00f9 pi\u00f9 conosciute in Spagna. Abbiamo pi\u00f9 di 15 anni di esperienza che offre alloggi di qualit\u00e0 ad un prezzo accessibile per tutti i viaggiatori che visitano Valencia.<\/p>\n\n<p>Questi sono alcuni dei servizi che troverete quando soggiornate da noi.<\/p>\n\n<ul class=\"wp-block-list\">\n<li>Il nostro personale parla diverse lingue (inglese, francese, italiano, spagnolo, portoghese, greco).<\/li>\n\n\n\n<li>Lavatrice e asciugacapelli.<\/li>\n\n\n\n<li>Colazione continentale (opzionale).<\/li>\n\n\n\n<li>Tutti i nostri prezzi sono senza costi nascosti.<\/li>\n\n\n\n<li>Camere familiari.<\/li>\n\n\n\n<li>Cucina completamente attrezzata.<\/li>\n\n\n\n<li>Air conditioning in all rooms.<\/li>\n<\/ul>\n\n<h3 class=\"wp-block-heading\">Aria condizionata in tutte le camere.<\/h3>\n\n<p>Official prices, better than in other booking channels.<\/p>\n\n<h3 class=\"wp-block-heading\">Recensioni degli ospiti reali<\/h3>\n\n<p>Tutte le recensioni sono da parte dei clienti che hanno soggiornato con noi.<\/p>\n\n<h3 class=\"wp-block-heading\"><a href=\"https:\/\/feetuphostels.com\/it\/\" target=\"_blank\" rel=\"noreferrer noopener\">Cancellazione gratuita*<\/a><\/h3>\n\n<p>\u00c8 possibile cancellare la prenotazione gratuitamente in *una qualsiasi delle camere.<\/p>\n\n<h3 class=\"wp-block-heading\">Prenotazioni dirette con l&#8217;ostello<\/h3>\n\n<p>Prezzo ufficiale senza intermediari.<\/p>\n\n<h3 class=\"wp-block-heading\">Pulizia e protezione<\/h3>\n\n<p>La pulizia \u00e8 qualcosa che prendiamo molto sul serio.<\/p>\n\n<h2 class=\"wp-block-heading\"><a href=\"https:\/\/nesthostelsvalencia.com\/it\/ostello-valencia-red-nest\/\" target=\"_blank\" rel=\"noreferrer noopener\">Ostello Valencia Red Nest Hostel<\/a><\/h2>\n\n<figure class=\"wp-block-image aligncenter size-full\"><a href=\"https:\/\/nesthostelsvalencia.com\/wp-content\/uploads\/2018\/11\/red-nest-hostel-valencia-nesthostelsvalencia-2018.jpg\"><img fetchpriority=\"high\" decoding=\"async\" width=\"1200\" height=\"900\" src=\"https:\/\/nesthostelsvalencia.com\/wp-content\/uploads\/2018\/11\/red-nest-hostel-valencia-nesthostelsvalencia-2018.jpg\" alt=\"Ostello Red Nest Hostel Valencia\" class=\"wp-image-9754\" srcset=\"https:\/\/nesthostelsvalencia.com\/wp-content\/uploads\/2018\/11\/red-nest-hostel-valencia-nesthostelsvalencia-2018.jpg 1200w, https:\/\/nesthostelsvalencia.com\/wp-content\/uploads\/2018\/11\/red-nest-hostel-valencia-nesthostelsvalencia-2018-300x225.jpg 300w, https:\/\/nesthostelsvalencia.com\/wp-content\/uploads\/2018\/11\/red-nest-hostel-valencia-nesthostelsvalencia-2018-768x576.jpg 768w, https:\/\/nesthostelsvalencia.com\/wp-content\/uploads\/2018\/11\/red-nest-hostel-valencia-nesthostelsvalencia-2018-1024x768.jpg 1024w, https:\/\/nesthostelsvalencia.com\/wp-content\/uploads\/2018\/11\/red-nest-hostel-valencia-nesthostelsvalencia-2018-195x146.jpg 195w, https:\/\/nesthostelsvalencia.com\/wp-content\/uploads\/2018\/11\/red-nest-hostel-valencia-nesthostelsvalencia-2018-50x38.jpg 50w, https:\/\/nesthostelsvalencia.com\/wp-content\/uploads\/2018\/11\/red-nest-hostel-valencia-nesthostelsvalencia-2018-100x75.jpg 100w\" sizes=\"(max-width: 1200px) 100vw, 1200px\" \/><\/a><figcaption class=\"wp-element-caption\">Ostello Red Nest Hostel Valencia<\/figcaption><\/figure>\n\n<h3 class=\"wp-block-heading\">Nest Hostels Valencia. Un ostello nel centro di Valencia<\/h3>\n\n<p>Camere private, condivise, miste e familiari dove troverete armadietti gratuiti per riporre i bagagli.<\/p>\n\n<p>Situato nella famosa via La Paz di Valencia e a pochi metri da molti luoghi emblematici da conoscere durante la vostra visita a Valencia.<\/p>\n\n<p>Dal nostro ostello \u00e8 possibile raggiungere quasi ogni punto della citt\u00e0, dato che i trasporti pubblici sono molto vicini alle nostre strutture.<\/p>\n\n<h2 class=\"wp-block-heading\"><a href=\"https:\/\/nesthostelsvalencia.com\/it\/ostello-valencia-purple-nest\/\" target=\"_blank\" rel=\"noreferrer noopener\">Ostello Purple Nest Valencia<\/a><\/h2>\n\n<figure class=\"wp-block-image aligncenter size-full\"><a href=\"https:\/\/nesthostelsvalencia.com\/wp-content\/uploads\/2018\/07\/06purple-nest-hostel-valencia-friendliness.jpg\"><img decoding=\"async\" width=\"1200\" height=\"900\" src=\"https:\/\/nesthostelsvalencia.com\/wp-content\/uploads\/2018\/07\/06purple-nest-hostel-valencia-friendliness.jpg\" alt=\"Ostello Purple Nest di Valencia\" class=\"wp-image-9632\" srcset=\"https:\/\/nesthostelsvalencia.com\/wp-content\/uploads\/2018\/07\/06purple-nest-hostel-valencia-friendliness.jpg 1200w, https:\/\/nesthostelsvalencia.com\/wp-content\/uploads\/2018\/07\/06purple-nest-hostel-valencia-friendliness-300x225.jpg 300w, https:\/\/nesthostelsvalencia.com\/wp-content\/uploads\/2018\/07\/06purple-nest-hostel-valencia-friendliness-768x576.jpg 768w, https:\/\/nesthostelsvalencia.com\/wp-content\/uploads\/2018\/07\/06purple-nest-hostel-valencia-friendliness-1024x768.jpg 1024w, https:\/\/nesthostelsvalencia.com\/wp-content\/uploads\/2018\/07\/06purple-nest-hostel-valencia-friendliness-195x146.jpg 195w, https:\/\/nesthostelsvalencia.com\/wp-content\/uploads\/2018\/07\/06purple-nest-hostel-valencia-friendliness-50x38.jpg 50w, https:\/\/nesthostelsvalencia.com\/wp-content\/uploads\/2018\/07\/06purple-nest-hostel-valencia-friendliness-100x75.jpg 100w\" sizes=\"(max-width: 1200px) 100vw, 1200px\" \/><\/a><figcaption class=\"wp-element-caption\">Ostello Purple Nest di Valencia<\/figcaption><\/figure>\n\n<h3 class=\"wp-block-heading\">Nest Ostelli Valencia. Un ostello centrale ed economico per soggiornare a Valencia.<\/h3>\n\n<p>Nest Ostelli Valencia. Un ostello centrale ed economico per soggiornare a Valencia.<\/p>\n\n<p>Strutture colorate di cui potrete godere durante il vostro soggiorno nel nostro ostello.<\/p>\n\n<p>Le camere sono state arredate con temi e decorazioni diverse, distribuite sui 4 piani del nostro edificio situato in Plaza de Tetu\u00e1n, a pochi metri da numerose stazioni di autobus e fermate della metropolitana.<\/p>\n\n<figure class=\"wp-block-image aligncenter size-full\"><a href=\"https:\/\/nesthostelsvalencia.com\/wp-content\/uploads\/2018\/11\/plaza-de-la-reina-valencia.jpg\"><img decoding=\"async\" width=\"600\" height=\"400\" src=\"https:\/\/nesthostelsvalencia.com\/wp-content\/uploads\/2018\/11\/plaza-de-la-reina-valencia.jpg\" alt=\"Piazza della Regina a Valencia\" class=\"wp-image-9794\" srcset=\"https:\/\/nesthostelsvalencia.com\/wp-content\/uploads\/2018\/11\/plaza-de-la-reina-valencia.jpg 600w, https:\/\/nesthostelsvalencia.com\/wp-content\/uploads\/2018\/11\/plaza-de-la-reina-valencia-300x200.jpg 300w, https:\/\/nesthostelsvalencia.com\/wp-content\/uploads\/2018\/11\/plaza-de-la-reina-valencia-219x146.jpg 219w, https:\/\/nesthostelsvalencia.com\/wp-content\/uploads\/2018\/11\/plaza-de-la-reina-valencia-50x33.jpg 50w, https:\/\/nesthostelsvalencia.com\/wp-content\/uploads\/2018\/11\/plaza-de-la-reina-valencia-113x75.jpg 113w\" sizes=\"(max-width: 600px) 100vw, 600px\" \/><\/a><figcaption class=\"wp-element-caption\">Piazza della Regina a Valencia<\/figcaption><\/figure>\n\n<h3 class=\"wp-block-heading\"><a href=\"https:\/\/nesthostelsvalencia.com\/tag\/blog\/\" target=\"_blank\" rel=\"noreferrer noopener\">Venite a godervi Valenciaa<\/a><\/h3>\n\n<p>Valencia \u00e8 una delle citt\u00e0 della costa mediterranea spagnola pi\u00f9 popolari tra i turisti, i viaggiatori e i backpacker che visitano la Spagna. Potrete trovare e scoprire luoghi ricchi di fascino, come ad esempio:<\/p>\n\n<ul class=\"wp-block-list\">\n<li><a href=\"https:\/\/nesthostelsvalencia.com\/top-activities-to-do-in-valencia\/\" target=\"_blank\" rel=\"noreferrer noopener\">The City of Arts and Sciences.<\/a><\/li>\n\n\n\n<li>The Oceanographic.<\/li>\n\n\n\n<li>The Palau de la M\u00fasica<\/li>\n\n\n\n<li>Questi sono solo alcuni dei luoghi che potr\u00e0 visitare godendo dell&#8217;aria pura dei Giardini Fluviali del Turia.<\/li>\n<\/ul>\n","protected":false},"excerpt":{"rendered":"<p>Nest Ostelli Valencia. Red Nest Hostel Hostel e Purple Nest Hostel Valencia. Il pi\u00f9 popolare backpackers alloggio a Valencia da Feetup Ostelli. Ostelli pi\u00f9 economici nel centro di Valencia. \u2705 Miglior prezzo \u2705 alloggi economici \u2705 cancellazione gratuita \u2705 senza costi nascosti \u2705 camere private \u2705 Free WiFi \u2705 prima colazione \u2705 scegliere l&#8217;ostello giusto per voi \u2705 conferma immediata \u2705 senza costi di prenotazione \u2705 leggere recensioni reali giudizi \u2705 parliamo la tua lingua. \u2705 24\/7 ricezione<\/p>\n","protected":false},"author":21,"featured_media":18073,"parent":0,"menu_order":0,"comment_status":"open","ping_status":"open","template":"","meta":{"footnotes":""},"class_list":["post-3713","page","type-page","status-publish","has-post-thumbnail","hentry"],"yoast_head":"<!-- This site is optimized with the Yoast SEO plugin v27.4 - https:\/\/yoast.com\/product\/yoast-seo-wordpress\/ -->\n<title>Nest Ostelli Valencia. Red Nest &amp; Purple Nest Hostel \u2705 Il miglior prezzo<\/title>\n<meta name=\"description\" content=\"Nest Ostelli Valencia. Red Nest e Purple Nest Hostel. Gli ostelli pi\u00f9 popolari Backpackers a Valencia da Feetup Ostelli \u2705 solo miglior prezzo\" \/>\n<meta name=\"robots\" content=\"index, follow, max-snippet:-1, max-image-preview:large, max-video-preview:-1\" \/>\n<link rel=\"canonical\" href=\"https:\/\/nesthostelsvalencia.com\/it\/\" \/>\n<meta property=\"og:locale\" content=\"it_IT\" \/>\n<meta property=\"og:type\" content=\"article\" \/>\n<meta property=\"og:title\" content=\"Nest Ostelli Valencia. Red Nest &amp; Purple Nest Hostel \u2705 Il miglior prezzo\" \/>\n<meta property=\"og:description\" content=\"Nest Ostelli Valencia. Red Nest e Purple Nest Hostel. Gli ostelli pi\u00f9 popolari Backpackers a Valencia da Feetup Ostelli \u2705 solo miglior prezzo\" \/>\n<meta property=\"og:url\" content=\"https:\/\/nesthostelsvalencia.com\/it\/\" \/>\n<meta property=\"og:site_name\" content=\"Nest Hostels Valencia\" \/>\n<meta property=\"article:modified_time\" content=\"2023-03-18T11:19:44+00:00\" \/>\n<meta property=\"og:image\" content=\"https:\/\/nesthostelsvalencia.com\/wp-content\/uploads\/2022\/03\/homepage-nesthostelsvalencia2022-min.jpg\" \/>\n\t<meta property=\"og:image:width\" content=\"1920\" \/>\n\t<meta property=\"og:image:height\" content=\"1080\" \/>\n\t<meta property=\"og:image:type\" content=\"image\/jpeg\" \/>\n<meta name=\"twitter:card\" content=\"summary_large_image\" \/>\n<meta name=\"twitter:label1\" content=\"Tempo di lettura stimato\" \/>\n\t<meta name=\"twitter:data1\" content=\"3 minuti\" \/>\n<script type=\"application\/ld+json\" class=\"yoast-schema-graph\">{\"@context\":\"https:\\\/\\\/schema.org\",\"@graph\":[{\"@type\":\"WebPage\",\"@id\":\"https:\\\/\\\/nesthostelsvalencia.com\\\/it\\\/\",\"url\":\"https:\\\/\\\/nesthostelsvalencia.com\\\/it\\\/\",\"name\":\"Nest Ostelli Valencia. Red Nest & Purple Nest Hostel \u2705 Il miglior prezzo\",\"isPartOf\":{\"@id\":\"https:\\\/\\\/nesthostelsvalencia.com\\\/it\\\/#website\"},\"primaryImageOfPage\":{\"@id\":\"https:\\\/\\\/nesthostelsvalencia.com\\\/it\\\/#primaryimage\"},\"image\":{\"@id\":\"https:\\\/\\\/nesthostelsvalencia.com\\\/it\\\/#primaryimage\"},\"thumbnailUrl\":\"https:\\\/\\\/nesthostelsvalencia.com\\\/wp-content\\\/uploads\\\/2022\\\/03\\\/homepage-nesthostelsvalencia2022-min.jpg\",\"datePublished\":\"2014-10-15T08:41:58+00:00\",\"dateModified\":\"2023-03-18T11:19:44+00:00\",\"description\":\"Nest Ostelli Valencia. Red Nest e Purple Nest Hostel. Gli ostelli pi\u00f9 popolari Backpackers a Valencia da Feetup Ostelli \u2705 solo miglior prezzo\",\"breadcrumb\":{\"@id\":\"https:\\\/\\\/nesthostelsvalencia.com\\\/it\\\/#breadcrumb\"},\"inLanguage\":\"it-IT\",\"potentialAction\":[{\"@type\":\"ReadAction\",\"target\":[\"https:\\\/\\\/nesthostelsvalencia.com\\\/it\\\/\"]}]},{\"@type\":\"ImageObject\",\"inLanguage\":\"it-IT\",\"@id\":\"https:\\\/\\\/nesthostelsvalencia.com\\\/it\\\/#primaryimage\",\"url\":\"https:\\\/\\\/nesthostelsvalencia.com\\\/wp-content\\\/uploads\\\/2022\\\/03\\\/homepage-nesthostelsvalencia2022-min.jpg\",\"contentUrl\":\"https:\\\/\\\/nesthostelsvalencia.com\\\/wp-content\\\/uploads\\\/2022\\\/03\\\/homepage-nesthostelsvalencia2022-min.jpg\",\"width\":1920,\"height\":1080,\"caption\":\"Homepage Nest Hostels Valencia\"},{\"@type\":\"BreadcrumbList\",\"@id\":\"https:\\\/\\\/nesthostelsvalencia.com\\\/it\\\/#breadcrumb\",\"itemListElement\":[{\"@type\":\"ListItem\",\"position\":1,\"name\":\"Home\",\"item\":\"https:\\\/\\\/nesthostelsvalencia.com\\\/it\\\/\"},{\"@type\":\"ListItem\",\"position\":2,\"name\":\"Nest Ostelli Valencia\"}]},{\"@type\":\"WebSite\",\"@id\":\"https:\\\/\\\/nesthostelsvalencia.com\\\/it\\\/#website\",\"url\":\"https:\\\/\\\/nesthostelsvalencia.com\\\/it\\\/\",\"name\":\"Nest Hostels Valencia\",\"description\":\"Youth hostels and beds for travelers in Valencia\",\"publisher\":{\"@id\":\"https:\\\/\\\/nesthostelsvalencia.com\\\/it\\\/#organization\"},\"alternateName\":\"Nest Hostels Valencia\",\"potentialAction\":[{\"@type\":\"SearchAction\",\"target\":{\"@type\":\"EntryPoint\",\"urlTemplate\":\"https:\\\/\\\/nesthostelsvalencia.com\\\/it\\\/?s={search_term_string}\"},\"query-input\":{\"@type\":\"PropertyValueSpecification\",\"valueRequired\":true,\"valueName\":\"search_term_string\"}}],\"inLanguage\":\"it-IT\"},{\"@type\":\"Organization\",\"@id\":\"https:\\\/\\\/nesthostelsvalencia.com\\\/it\\\/#organization\",\"name\":\"Nest Hostels Valencia\",\"alternateName\":\"Youth hostels and beds for travelers in Valencia\",\"url\":\"https:\\\/\\\/nesthostelsvalencia.com\\\/it\\\/\",\"logo\":{\"@type\":\"ImageObject\",\"inLanguage\":\"it-IT\",\"@id\":\"https:\\\/\\\/nesthostelsvalencia.com\\\/it\\\/#\\\/schema\\\/logo\\\/image\\\/\",\"url\":\"https:\\\/\\\/nesthostelsvalencia.com\\\/wp-content\\\/uploads\\\/2022\\\/01\\\/logo-nesthostels-valencia-feetuphostels.svg\",\"contentUrl\":\"https:\\\/\\\/nesthostelsvalencia.com\\\/wp-content\\\/uploads\\\/2022\\\/01\\\/logo-nesthostels-valencia-feetuphostels.svg\",\"width\":279,\"height\":130,\"caption\":\"Nest Hostels Valencia\"},\"image\":{\"@id\":\"https:\\\/\\\/nesthostelsvalencia.com\\\/it\\\/#\\\/schema\\\/logo\\\/image\\\/\"}}]}<\/script>\n<!-- \/ Yoast SEO plugin. -->","yoast_head_json":{"title":"Nest Ostelli Valencia. Red Nest & Purple Nest Hostel \u2705 Il miglior prezzo","description":"Nest Ostelli Valencia. Red Nest e Purple Nest Hostel. Gli ostelli pi\u00f9 popolari Backpackers a Valencia da Feetup Ostelli \u2705 solo miglior prezzo","robots":{"index":"index","follow":"follow","max-snippet":"max-snippet:-1","max-image-preview":"max-image-preview:large","max-video-preview":"max-video-preview:-1"},"canonical":"https:\/\/nesthostelsvalencia.com\/it\/","og_locale":"it_IT","og_type":"article","og_title":"Nest Ostelli Valencia. Red Nest & Purple Nest Hostel \u2705 Il miglior prezzo","og_description":"Nest Ostelli Valencia. Red Nest e Purple Nest Hostel. Gli ostelli pi\u00f9 popolari Backpackers a Valencia da Feetup Ostelli \u2705 solo miglior prezzo","og_url":"https:\/\/nesthostelsvalencia.com\/it\/","og_site_name":"Nest Hostels Valencia","article_modified_time":"2023-03-18T11:19:44+00:00","og_image":[{"width":1920,"height":1080,"url":"https:\/\/nesthostelsvalencia.com\/wp-content\/uploads\/2022\/03\/homepage-nesthostelsvalencia2022-min.jpg","type":"image\/jpeg"}],"twitter_card":"summary_large_image","twitter_misc":{"Tempo di lettura stimato":"3 minuti"},"schema":{"@context":"https:\/\/schema.org","@graph":[{"@type":"WebPage","@id":"https:\/\/nesthostelsvalencia.com\/it\/","url":"https:\/\/nesthostelsvalencia.com\/it\/","name":"Nest Ostelli Valencia. Red Nest & Purple Nest Hostel \u2705 Il miglior prezzo","isPartOf":{"@id":"https:\/\/nesthostelsvalencia.com\/it\/#website"},"primaryImageOfPage":{"@id":"https:\/\/nesthostelsvalencia.com\/it\/#primaryimage"},"image":{"@id":"https:\/\/nesthostelsvalencia.com\/it\/#primaryimage"},"thumbnailUrl":"https:\/\/nesthostelsvalencia.com\/wp-content\/uploads\/2022\/03\/homepage-nesthostelsvalencia2022-min.jpg","datePublished":"2014-10-15T08:41:58+00:00","dateModified":"2023-03-18T11:19:44+00:00","description":"Nest Ostelli Valencia. Red Nest e Purple Nest Hostel. Gli ostelli pi\u00f9 popolari Backpackers a Valencia da Feetup Ostelli \u2705 solo miglior prezzo","breadcrumb":{"@id":"https:\/\/nesthostelsvalencia.com\/it\/#breadcrumb"},"inLanguage":"it-IT","potentialAction":[{"@type":"ReadAction","target":["https:\/\/nesthostelsvalencia.com\/it\/"]}]},{"@type":"ImageObject","inLanguage":"it-IT","@id":"https:\/\/nesthostelsvalencia.com\/it\/#primaryimage","url":"https:\/\/nesthostelsvalencia.com\/wp-content\/uploads\/2022\/03\/homepage-nesthostelsvalencia2022-min.jpg","contentUrl":"https:\/\/nesthostelsvalencia.com\/wp-content\/uploads\/2022\/03\/homepage-nesthostelsvalencia2022-min.jpg","width":1920,"height":1080,"caption":"Homepage Nest Hostels Valencia"},{"@type":"BreadcrumbList","@id":"https:\/\/nesthostelsvalencia.com\/it\/#breadcrumb","itemListElement":[{"@type":"ListItem","position":1,"name":"Home","item":"https:\/\/nesthostelsvalencia.com\/it\/"},{"@type":"ListItem","position":2,"name":"Nest Ostelli Valencia"}]},{"@type":"WebSite","@id":"https:\/\/nesthostelsvalencia.com\/it\/#website","url":"https:\/\/nesthostelsvalencia.com\/it\/","name":"Nest Hostels Valencia","description":"Youth hostels and beds for travelers in Valencia","publisher":{"@id":"https:\/\/nesthostelsvalencia.com\/it\/#organization"},"alternateName":"Nest Hostels Valencia","potentialAction":[{"@type":"SearchAction","target":{"@type":"EntryPoint","urlTemplate":"https:\/\/nesthostelsvalencia.com\/it\/?s={search_term_string}"},"query-input":{"@type":"PropertyValueSpecification","valueRequired":true,"valueName":"search_term_string"}}],"inLanguage":"it-IT"},{"@type":"Organization","@id":"https:\/\/nesthostelsvalencia.com\/it\/#organization","name":"Nest Hostels Valencia","alternateName":"Youth hostels and beds for travelers in Valencia","url":"https:\/\/nesthostelsvalencia.com\/it\/","logo":{"@type":"ImageObject","inLanguage":"it-IT","@id":"https:\/\/nesthostelsvalencia.com\/it\/#\/schema\/logo\/image\/","url":"https:\/\/nesthostelsvalencia.com\/wp-content\/uploads\/2022\/01\/logo-nesthostels-valencia-feetuphostels.svg","contentUrl":"https:\/\/nesthostelsvalencia.com\/wp-content\/uploads\/2022\/01\/logo-nesthostels-valencia-feetuphostels.svg","width":279,"height":130,"caption":"Nest Hostels Valencia"},"image":{"@id":"https:\/\/nesthostelsvalencia.com\/it\/#\/schema\/logo\/image\/"}}]}},"_links":{"self":[{"href":"https:\/\/nesthostelsvalencia.com\/it\/wp-json\/wp\/v2\/pages\/3713","targetHints":{"allow":["GET"]}}],"collection":[{"href":"https:\/\/nesthostelsvalencia.com\/it\/wp-json\/wp\/v2\/pages"}],"about":[{"href":"https:\/\/nesthostelsvalencia.com\/it\/wp-json\/wp\/v2\/types\/page"}],"author":[{"embeddable":true,"href":"https:\/\/nesthostelsvalencia.com\/it\/wp-json\/wp\/v2\/users\/21"}],"replies":[{"embeddable":true,"href":"https:\/\/nesthostelsvalencia.com\/it\/wp-json\/wp\/v2\/comments?post=3713"}],"version-history":[{"count":0,"href":"https:\/\/nesthostelsvalencia.com\/it\/wp-json\/wp\/v2\/pages\/3713\/revisions"}],"wp:featuredmedia":[{"embeddable":true,"href":"https:\/\/nesthostelsvalencia.com\/it\/wp-json\/wp\/v2\/media\/18073"}],"wp:attachment":[{"href":"https:\/\/nesthostelsvalencia.com\/it\/wp-json\/wp\/v2\/media?parent=3713"}],"curies":[{"name":"wp","href":"https:\/\/api.w.org\/{rel}","templated":true}]}}