{"id":3791,"date":"2017-08-16T13:03:40","date_gmt":"2017-08-16T11:03:40","guid":{"rendered":"https:\/\/nesthostelsvalencia.com\/2017\/terms-conditions\/"},"modified":"2023-03-20T15:39:18","modified_gmt":"2023-03-20T14:39:18","slug":"termini-condizioni","status":"publish","type":"page","link":"https:\/\/nesthostelsvalencia.com\/it\/termini-condizioni\/","title":{"rendered":"Avvisi legali"},"content":{"rendered":"\n<h1 class=\"has-text-align-center wp-block-heading\">Note legali Nest Hostels Valencia<\/h1>\n\n<h2 class=\"wp-block-heading\">1. Scopo e accettazione<\/h2>\n\n<p>Il presente avviso legale regola l&#8217;utilizzo del sito web <a href=\"https:\/\/nesthostelsvalencia.com\/it\/\" target=\"_blank\" rel=\"noreferrer noopener\">https:\/\/nesthostelsvalencia.com\/<\/a> (di seguito, IL WEB), di propriet\u00e0 di BOOKING HOSTELS SL. (di seguito, IL PROPRIETARIO DEL WEB).<\/p>\n\n<p>La navigazione sul sito web del PROPRIETARIO DEL WEB attribuisce la condizione di utente dello stesso e implica l&#8217;accettazione piena e senza riserve di tutte le disposizioni incluse nel presente Avviso Legale, che pu\u00f2 essere modificato.<\/p>\n\n<p>L&#8217;utente si impegna a fare un uso corretto del sito web nel rispetto della legge, della buona fede, dell&#8217;ordine pubblico, degli usi del traffico e del presente Avviso Legale. L&#8217;utente risponder\u00e0 al PROPRIETARIO DEL SITO WEB o a terzi, per qualsiasi danno che possa essere causato come conseguenza di una violazione di tale obbligo.<\/p>\n\n<h2 class=\"wp-block-heading\">2. Identificazione e comunicazioni.<\/h2>\n\n<p>IL PROPRIETARIO DEL WEB, in conformit\u00e0 con la Legge 34\/2002, dell&#8217;11 luglio, sui servizi della societ\u00e0 dell&#8217;informazione e del commercio elettronico, la informa che:<\/p>\n\n<ul class=\"wp-block-list\">\n<li>La sua ragione sociale \u00e8: BOOKING HOSTELS SL.<\/li>\n\n\n\n<li>CIF\/NIF\/NIE \u00e8: B98157274<\/li>\n\n\n\n<li>La sua sede legale si trova a: C\/ RODRIGUEZ DE CEPEDA N\u00ba 35 &#8211; 46021 VALENCIA<\/li>\n\n\n\n<li>Registrato nel Registro Mercantile di: VALENCIA, VOLUME 9055, LIBRO 6339, FOGLIO 37, SEZIONE 8, FOGLIO V-134583, ISCRIZIONE 1.<\/li>\n\n\n\n<li>Telefono:\u00a0<a href=\"tel:+34963285515\" target=\"_blank\" rel=\"noreferrer noopener\">+34963285515<\/a><\/li>\n\n\n\n<li>Email:\u00a0<a href=\"mailto:info@feetuphostels.com\" target=\"_blank\" rel=\"noreferrer noopener\">info@feetuphostels.com<\/a><\/li>\n<\/ul>\n\n<h2 class=\"wp-block-heading\">3. Comunicazioni.<\/h2>\n\n<p>Tutte le notifiche e le comunicazioni tra gli utenti e il PROPRIETARIO DEL WEB saranno considerate efficaci, a tutti gli effetti, quando vengono effettuate tramite posta ordinaria o qualsiasi altro mezzo di seguito specificato:<\/p>\n\n<ul class=\"wp-block-list\">\n<li>Telefono:\u00a0<a href=\"tel:+34963285515\" target=\"_blank\" rel=\"noreferrer noopener\">+34963285515<\/a><\/li>\n\n\n\n<li>Email:\u00a0<a href=\"mailto:info@feetuphostels.com\" target=\"_blank\" rel=\"noreferrer noopener\">info@feetuphostels.com<\/a><\/li>\n<\/ul>\n\n<h2 class=\"wp-block-heading\"><strong>4. Condizioni di accesso e utilizzo.<\/strong><\/h2>\n\n<p>Il sito web e i suoi servizi sono ad accesso libero e gratuito, tuttavia il PROPRIETARIO DEL WEB condiziona l&#8217;utilizzo di alcuni dei servizi offerti sul suo sito web alla previa compilazione del modulo corrispondente.<\/p>\n\n<p>L&#8217;utente garantisce l&#8217;autenticit\u00e0 e l&#8217;attualit\u00e0 di tutti i dati comunicati al PROPRIETARIO DEL SITO WEB e sar\u00e0 l&#8217;unico responsabile di eventuali dichiarazioni false o inesatte.<\/p>\n\n<p>L&#8217;utente accetta espressamente di fare un uso appropriato dei contenuti e dei servizi del PROPRIETARIO DEL WEB e di non utilizzarli, tra l&#8217;altro, per:<\/p>\n\n<p>a) Diffondere contenuti criminali, violenti, pornografici, razzisti, xenofobi, offensivi, che incitano al terrorismo o, in generale, contrari alla legge o all&#8217;ordine pubblico.<\/p>\n\n<p>b) Introdurre virus informatici nella rete o compiere azioni che possano alterare, rovinare, interrompere o generare errori o danni a documenti elettronici, dati o sistemi fisici e logici del PROPRIETARIO DEL SITO WEB o di terzi; nonch\u00e9 ostacolare l&#8217;accesso di altri utenti al sito web e ai suoi servizi attraverso il consumo massiccio delle risorse informatiche con cui il PROPRIETARIO DEL WEB fornisce i suoi servizi.<\/p>\n\n<p>c) tentare di accedere agli account di posta elettronica di altri utenti o alle aree riservate dei sistemi informatici del PROPRIETARIO DEL SITO WEB o di terzi e, se del caso, estrarre informazioni.<\/p>\n\n<p>d) violare i diritti di propriet\u00e0 intellettuale o industriale, nonch\u00e9 violare la riservatezza delle informazioni del PROPRIETARIO DEL SITO WEB o di terzi.<\/p>\n\n<p>e) impersonare l&#8217;identit\u00e0 di un altro utente, dell&#8217;amministrazione pubblica o di una terza parte.<\/p>\n\n<p>f) Riprodurre, copiare, distribuire, mettere a disposizione, o qualsiasi altra forma di comunicazione pubblica, trasformare o modificare i contenuti, a meno che non abbia l&#8217;autorizzazione del titolare dei diritti corrispondenti o ci\u00f2 sia legalmente consentito.<\/p>\n\n<p>g) raccogliere dati a scopo pubblicitario e inviare pubblicit\u00e0 di qualsiasi tipo e comunicazioni a scopo di vendita o di altro tipo di natura commerciale senza la sua preventiva richiesta o consenso.<\/p>\n\n<h2 class=\"wp-block-heading\"><strong>5. Propriet\u00e0 intellettuale e industriale.<\/strong><\/h2>\n\n<p>Tutti i contenuti del sito web, come i testi, le fotografie, i grafici, le immagini, le icone, la tecnologia, il software, cos\u00ec come il suo design grafico e i codici sorgente, costituiscono un&#8217;opera la cui propriet\u00e0 appartiene al PROPRIETARIO DEL WEB, senza che si intenda trasferire all&#8217;utente nessuno dei diritti di sfruttamento su di essi al di l\u00e0 di quanto strettamente necessario per il corretto utilizzo del web.<\/p>\n\n<p>In breve, gli utenti che accedono a questo sito web possono visualizzare i contenuti e fare, se del caso, copie private autorizzate, a condizione che gli elementi riprodotti non vengano successivamente trasferiti a terzi, n\u00e9 vengano installati su server collegati a reti, n\u00e9 siano soggetti a nessun tipo di sfruttamento.<\/p>\n\n<p>Allo stesso modo, tutti i marchi, i nomi commerciali o i segni distintivi di qualsiasi tipo che appaiono sul sito web sono di propriet\u00e0 del PROPRIETARIO DEL WEB, senza che sia inteso che l&#8217;uso o l&#8217;accesso ad esso attribuisca all&#8217;utente alcun diritto su di essi.<\/p>\n\n<p>Sono vietati la distribuzione, la modifica, l&#8217;assegnazione o la comunicazione pubblica dei contenuti e qualsiasi altro atto che non sia stato espressamente autorizzato dal titolare dei diritti di sfruttamento.<\/p>\n\n<h2 class=\"wp-block-heading\"><strong>6. Collegamenti ipertestuali.<\/strong><\/h2>\n\n<p>La creazione di un collegamento ipertestuale non implica in nessun caso l&#8217;esistenza di relazioni tra IL PROPRIETARIO DEL WEB e il proprietario del sito web in cui \u00e8 stabilito, n\u00e9 l&#8217;accettazione e l&#8217;approvazione da parte del PROPRIETARIO DEL WEB dei suoi contenuti o servizi. <\/p>\n\n<p>Le persone che intendono stabilire un collegamento ipertestuale devono richiedere preventivamente l&#8217;autorizzazione per iscritto al PROPRIETARIO DEL WEB.<\/p>\n\n<p>In ogni caso, il collegamento ipertestuale consentir\u00e0 solo l&#8217;accesso alla home page o alla pagina iniziale del nostro sito web; allo stesso modo, dovr\u00e0 astenersi dal fare dichiarazioni o indicazioni false, imprecise o inesatte sul PROPRIETARIO DEL WEB, o includere contenuti illegali, contrari ai buoni costumi e all&#8217;ordine pubblico.<\/p>\n\n<p>IL PROPRIETARIO DEL SITO WEB non \u00e8 responsabile dell&#8217;uso che ogni utente fa dei materiali messi a disposizione su questo sito web o delle azioni compiute sulla base di essi.<\/p>\n\n<p>Nei collegamenti ipertestuali ad altri luoghi, come anche nei social network, IL PROPRIETARIO DEL WEB non eserciter\u00e0 alcun controllo su questi luoghi e contenuti, non si assumer\u00e0 alcuna responsabilit\u00e0 per i contenuti di qualsiasi link appartenente ad altri siti web esterni, n\u00e9 garantir\u00e0 la tecnica di disponibilit\u00e0, la qualit\u00e0, l&#8217;affidabilit\u00e0, l&#8217;accuratezza, l&#8217;ampiezza, la veridicit\u00e0 e la validit\u00e0 di qualsiasi materiale o informazione contenuta in qualsiasi di questi collegamenti ipertestuali o altri siti Internet.<\/p>\n\n<h2 class=\"wp-block-heading\"><strong>7. Esclusione di garanzie e responsabilit\u00e0.<\/strong><\/h2>\n\n<p>Il contenuto di questo sito web \u00e8 di natura generale e ha finalit\u00e0 puramente informative, senza garantire pienamente l&#8217;accesso a tutti i contenuti, n\u00e9 la loro completezza, correttezza, validit\u00e0 o tempestivit\u00e0, n\u00e9 la loro idoneit\u00e0 o utilit\u00e0 per uno scopo specifico.<\/p>\n\n<p>IL PROPRIETARIO DEL WEB esclude, nella misura consentita dalla legge, qualsiasi responsabilit\u00e0 per danni di qualsiasi natura derivanti da:<\/p>\n\n<p>a) L&#8217;impossibilit\u00e0 di accedere al sito web o la mancanza di veridicit\u00e0, accuratezza, completezza e\/o tempestivit\u00e0 dei contenuti, nonch\u00e9 l&#8217;esistenza di vizi e difetti di ogni tipo dei contenuti trasmessi, diffusi, archiviati, resi disponibili, a cui si \u00e8 acceduto tramite il sito web o i servizi offerti.<\/p>\n\n<p>b) La presenza di virus o altri elementi nel contenuto che possono causare alterazioni nei sistemi informatici, nei documenti elettronici o nei dati degli utenti.<\/p>\n\n<p>c) Inosservanza delle leggi, della buona fede, dell&#8217;ordine pubblico, degli usi del traffico e del presente avviso legale come conseguenza di un uso scorretto del sito web. In particolare, e a titolo esemplificativo, IL PROPRIETARIO DEL WEB non \u00e8 responsabile delle azioni di terzi che violano i diritti di propriet\u00e0 intellettuale e industriale, i segreti aziendali, i diritti all&#8217;onore, la privacy personale e familiare e l&#8217;immagine stessa, nonch\u00e9 le norme sulla concorrenza sleale e la pubblicit\u00e0 illecita.<\/p>\n\n<p>Allo stesso modo, IL PROPRIETARIO DEL WEB declina ogni responsabilit\u00e0 riguardo alle informazioni che si trovano al di fuori di questo sito web e che non sono gestite direttamente dal nostro webmaster. La funzione dei link che appaiono su questo sito web \u00e8 esclusivamente quella di informare l&#8217;utente dell&#8217;esistenza di altre fonti in grado di ampliare i contenuti offerti da questo sito web.<\/p>\n\n<p>Il PROPRIETARIO DEL SITO non garantisce n\u00e9 si assume la responsabilit\u00e0 del funzionamento o dell&#8217;accessibilit\u00e0 dei siti collegati; n\u00e9 suggerisce, invita o raccomanda la visita ad essi, pertanto non sar\u00e0 responsabile del risultato ottenuto. Il PROPRIETARIO DEL WEB non \u00e8 responsabile della creazione di collegamenti ipertestuali da parte di terzi.<\/p>\n\n<h2 class=\"wp-block-heading\"><strong>8. Procedura in caso di svolgimento di attivit\u00e0 illegali.<\/strong><\/h2>\n\n<p>Se IL PROPRIETARIO DEL WEB viene a conoscenza dell&#8217;utilizzo dei servizi web per attivit\u00e0 che ledono i diritti o che costituiscono atti illeciti, adotter\u00e0 le misure necessarie per reprimere ed eliminare tali attivit\u00e0, riservandosi il diritto di avviare azioni legali.<\/p>\n\n<p>Nel caso in cui un utente o un terzo ritenga che esistano fatti o circostanze che rivelino la natura illecita dell&#8217;uso di qualsiasi contenuto e\/o dell&#8217;esecuzione di qualsiasi attivit\u00e0 sulle pagine web incluse o accessibili attraverso il sito web, deve inviare una notifica al PROPRIETARIO DEL WEB identificandosi debitamente, specificando le presunte infrazioni.<\/p>\n\n<h2 class=\"wp-block-heading\"><strong>9. Pubblicazioni<\/strong><\/h2>\n\n<p>Le informazioni amministrative fornite attraverso il sito web non sostituiscono la pubblicit\u00e0 legale delle leggi, dei regolamenti, dei piani, delle disposizioni generali e degli atti che devono essere pubblicati formalmente sui giornali ufficiali delle amministrazioni pubbliche, che costituiscono l&#8217;unico strumento che ne attesta l&#8217;autenticit\u00e0 e il contenuto. Le informazioni disponibili su questo sito web devono essere intese come una guida senza finalit\u00e0 di validit\u00e0 legale.<\/p>\n\n<h2 class=\"wp-block-heading\"><strong>10. Legislazione e giurisdizione applicabili.<\/strong><\/h2>\n\n<p>Il presente Avviso Legale \u00e8 regolato dalla legge spagnola. Le parti accettano di sottoporsi alla giurisdizione delle Corti e dei Tribunali che corrispondono loro in base alla legislazione procedurale applicabile.<\/p>\n\n<p><\/p>\n","protected":false},"excerpt":{"rendered":"<p>Il presente avviso legale regola l&#8217;uso del sito web nesthostelsvalencia.com (di seguito, IL WEB), di cui \u00e8 proprietario BOOKING HOSTELS S.L. (di seguito, IL PROPRIETARIO DEL WEB).<br \/>\nLa navigazione sul sito web del PROPRIETARIO DEL WEB attribuisce la condizione di utente dello stesso e implica l&#8217;accettazione piena e senza riserve di tutte le disposizioni incluse nel presente Avviso Legale, che pu\u00f2 essere modificato.<br \/>\nL&#8217;utente si impegna a fare un uso corretto del sito web nel rispetto delle leggi, della buona fede, dell&#8217;ordine pubblico, degli usi del traffico e del presente Avviso Legale. L&#8217;utente sar\u00e0 responsabile nei confronti del PROPRIETARIO DEL WEB o di terzi, per eventuali danni causati dalla violazione di questo obbligo.<\/p>\n","protected":false},"author":21,"featured_media":0,"parent":0,"menu_order":0,"comment_status":"closed","ping_status":"closed","template":"","meta":{"footnotes":""},"class_list":["post-3791","page","type-page","status-publish","hentry"],"yoast_head":"<!-- This site is optimized with the Yoast SEO plugin v27.4 - https:\/\/yoast.com\/product\/yoast-seo-wordpress\/ -->\n<title>Avvertenze legali. Termini e condizioni d&#039;uso, finalit\u00e0<\/title>\n<meta name=\"description\" content=\"Avvertenze legali. Termini e condizioni di utilizzo, finalit\u00e0 e accettazione degli utenti. L&#039;utente \u00e8 tenuto a fare un uso corretto del sito web\" \/>\n<meta name=\"robots\" content=\"index, follow, max-snippet:-1, max-image-preview:large, max-video-preview:-1\" \/>\n<link rel=\"canonical\" href=\"https:\/\/nesthostelsvalencia.com\/it\/termini-condizioni\/\" \/>\n<meta property=\"og:locale\" content=\"it_IT\" \/>\n<meta property=\"og:type\" content=\"article\" \/>\n<meta property=\"og:title\" content=\"Avvertenze legali. Termini e condizioni d&#039;uso, finalit\u00e0\" \/>\n<meta property=\"og:description\" content=\"Avvertenze legali. Termini e condizioni di utilizzo, finalit\u00e0 e accettazione degli utenti. L&#039;utente \u00e8 tenuto a fare un uso corretto del sito web\" \/>\n<meta property=\"og:url\" content=\"https:\/\/nesthostelsvalencia.com\/it\/termini-condizioni\/\" \/>\n<meta property=\"og:site_name\" content=\"Nest Hostels Valencia\" \/>\n<meta property=\"article:modified_time\" content=\"2023-03-20T14:39:18+00:00\" \/>\n<meta property=\"og:image\" content=\"https:\/\/nesthostelsvalencia.com\/wp-content\/uploads\/2022\/02\/57purple-nest-hostel-valencia-web.jpg\" \/>\n\t<meta property=\"og:image:width\" content=\"3500\" \/>\n\t<meta property=\"og:image:height\" content=\"2333\" \/>\n\t<meta property=\"og:image:type\" content=\"image\/jpeg\" \/>\n<meta name=\"twitter:card\" content=\"summary_large_image\" \/>\n<meta name=\"twitter:label1\" content=\"Tempo di lettura stimato\" \/>\n\t<meta name=\"twitter:data1\" content=\"7 minuti\" \/>\n<script type=\"application\/ld+json\" class=\"yoast-schema-graph\">{\"@context\":\"https:\\\/\\\/schema.org\",\"@graph\":[{\"@type\":\"WebPage\",\"@id\":\"https:\\\/\\\/nesthostelsvalencia.com\\\/it\\\/termini-condizioni\\\/\",\"url\":\"https:\\\/\\\/nesthostelsvalencia.com\\\/it\\\/termini-condizioni\\\/\",\"name\":\"Avvertenze legali. Termini e condizioni d'uso, finalit\u00e0\",\"isPartOf\":{\"@id\":\"https:\\\/\\\/nesthostelsvalencia.com\\\/it\\\/#website\"},\"datePublished\":\"2017-08-16T11:03:40+00:00\",\"dateModified\":\"2023-03-20T14:39:18+00:00\",\"description\":\"Avvertenze legali. Termini e condizioni di utilizzo, finalit\u00e0 e accettazione degli utenti. L'utente \u00e8 tenuto a fare un uso corretto del sito web\",\"breadcrumb\":{\"@id\":\"https:\\\/\\\/nesthostelsvalencia.com\\\/it\\\/termini-condizioni\\\/#breadcrumb\"},\"inLanguage\":\"it-IT\",\"potentialAction\":[{\"@type\":\"ReadAction\",\"target\":[\"https:\\\/\\\/nesthostelsvalencia.com\\\/it\\\/termini-condizioni\\\/\"]}]},{\"@type\":\"BreadcrumbList\",\"@id\":\"https:\\\/\\\/nesthostelsvalencia.com\\\/it\\\/termini-condizioni\\\/#breadcrumb\",\"itemListElement\":[{\"@type\":\"ListItem\",\"position\":1,\"name\":\"Home\",\"item\":\"https:\\\/\\\/nesthostelsvalencia.com\\\/it\\\/\"},{\"@type\":\"ListItem\",\"position\":2,\"name\":\"Avvisi legali\"}]},{\"@type\":\"WebSite\",\"@id\":\"https:\\\/\\\/nesthostelsvalencia.com\\\/it\\\/#website\",\"url\":\"https:\\\/\\\/nesthostelsvalencia.com\\\/it\\\/\",\"name\":\"Nest Hostels Valencia\",\"description\":\"Youth hostels and beds for travelers in Valencia\",\"publisher\":{\"@id\":\"https:\\\/\\\/nesthostelsvalencia.com\\\/it\\\/#organization\"},\"alternateName\":\"Nest Hostels Valencia\",\"potentialAction\":[{\"@type\":\"SearchAction\",\"target\":{\"@type\":\"EntryPoint\",\"urlTemplate\":\"https:\\\/\\\/nesthostelsvalencia.com\\\/it\\\/?s={search_term_string}\"},\"query-input\":{\"@type\":\"PropertyValueSpecification\",\"valueRequired\":true,\"valueName\":\"search_term_string\"}}],\"inLanguage\":\"it-IT\"},{\"@type\":\"Organization\",\"@id\":\"https:\\\/\\\/nesthostelsvalencia.com\\\/it\\\/#organization\",\"name\":\"Nest Hostels Valencia\",\"alternateName\":\"Youth hostels and beds for travelers in Valencia\",\"url\":\"https:\\\/\\\/nesthostelsvalencia.com\\\/it\\\/\",\"logo\":{\"@type\":\"ImageObject\",\"inLanguage\":\"it-IT\",\"@id\":\"https:\\\/\\\/nesthostelsvalencia.com\\\/it\\\/#\\\/schema\\\/logo\\\/image\\\/\",\"url\":\"https:\\\/\\\/nesthostelsvalencia.com\\\/wp-content\\\/uploads\\\/2022\\\/01\\\/logo-nesthostels-valencia-feetuphostels.svg\",\"contentUrl\":\"https:\\\/\\\/nesthostelsvalencia.com\\\/wp-content\\\/uploads\\\/2022\\\/01\\\/logo-nesthostels-valencia-feetuphostels.svg\",\"width\":279,\"height\":130,\"caption\":\"Nest Hostels Valencia\"},\"image\":{\"@id\":\"https:\\\/\\\/nesthostelsvalencia.com\\\/it\\\/#\\\/schema\\\/logo\\\/image\\\/\"}}]}<\/script>\n<!-- \/ Yoast SEO plugin. -->","yoast_head_json":{"title":"Avvertenze legali. Termini e condizioni d'uso, finalit\u00e0","description":"Avvertenze legali. Termini e condizioni di utilizzo, finalit\u00e0 e accettazione degli utenti. L'utente \u00e8 tenuto a fare un uso corretto del sito web","robots":{"index":"index","follow":"follow","max-snippet":"max-snippet:-1","max-image-preview":"max-image-preview:large","max-video-preview":"max-video-preview:-1"},"canonical":"https:\/\/nesthostelsvalencia.com\/it\/termini-condizioni\/","og_locale":"it_IT","og_type":"article","og_title":"Avvertenze legali. Termini e condizioni d'uso, finalit\u00e0","og_description":"Avvertenze legali. Termini e condizioni di utilizzo, finalit\u00e0 e accettazione degli utenti. L'utente \u00e8 tenuto a fare un uso corretto del sito web","og_url":"https:\/\/nesthostelsvalencia.com\/it\/termini-condizioni\/","og_site_name":"Nest Hostels Valencia","article_modified_time":"2023-03-20T14:39:18+00:00","og_image":[{"width":3500,"height":2333,"url":"https:\/\/nesthostelsvalencia.com\/wp-content\/uploads\/2022\/02\/57purple-nest-hostel-valencia-web.jpg","type":"image\/jpeg"}],"twitter_card":"summary_large_image","twitter_misc":{"Tempo di lettura stimato":"7 minuti"},"schema":{"@context":"https:\/\/schema.org","@graph":[{"@type":"WebPage","@id":"https:\/\/nesthostelsvalencia.com\/it\/termini-condizioni\/","url":"https:\/\/nesthostelsvalencia.com\/it\/termini-condizioni\/","name":"Avvertenze legali. Termini e condizioni d'uso, finalit\u00e0","isPartOf":{"@id":"https:\/\/nesthostelsvalencia.com\/it\/#website"},"datePublished":"2017-08-16T11:03:40+00:00","dateModified":"2023-03-20T14:39:18+00:00","description":"Avvertenze legali. Termini e condizioni di utilizzo, finalit\u00e0 e accettazione degli utenti. L'utente \u00e8 tenuto a fare un uso corretto del sito web","breadcrumb":{"@id":"https:\/\/nesthostelsvalencia.com\/it\/termini-condizioni\/#breadcrumb"},"inLanguage":"it-IT","potentialAction":[{"@type":"ReadAction","target":["https:\/\/nesthostelsvalencia.com\/it\/termini-condizioni\/"]}]},{"@type":"BreadcrumbList","@id":"https:\/\/nesthostelsvalencia.com\/it\/termini-condizioni\/#breadcrumb","itemListElement":[{"@type":"ListItem","position":1,"name":"Home","item":"https:\/\/nesthostelsvalencia.com\/it\/"},{"@type":"ListItem","position":2,"name":"Avvisi legali"}]},{"@type":"WebSite","@id":"https:\/\/nesthostelsvalencia.com\/it\/#website","url":"https:\/\/nesthostelsvalencia.com\/it\/","name":"Nest Hostels Valencia","description":"Youth hostels and beds for travelers in Valencia","publisher":{"@id":"https:\/\/nesthostelsvalencia.com\/it\/#organization"},"alternateName":"Nest Hostels Valencia","potentialAction":[{"@type":"SearchAction","target":{"@type":"EntryPoint","urlTemplate":"https:\/\/nesthostelsvalencia.com\/it\/?s={search_term_string}"},"query-input":{"@type":"PropertyValueSpecification","valueRequired":true,"valueName":"search_term_string"}}],"inLanguage":"it-IT"},{"@type":"Organization","@id":"https:\/\/nesthostelsvalencia.com\/it\/#organization","name":"Nest Hostels Valencia","alternateName":"Youth hostels and beds for travelers in Valencia","url":"https:\/\/nesthostelsvalencia.com\/it\/","logo":{"@type":"ImageObject","inLanguage":"it-IT","@id":"https:\/\/nesthostelsvalencia.com\/it\/#\/schema\/logo\/image\/","url":"https:\/\/nesthostelsvalencia.com\/wp-content\/uploads\/2022\/01\/logo-nesthostels-valencia-feetuphostels.svg","contentUrl":"https:\/\/nesthostelsvalencia.com\/wp-content\/uploads\/2022\/01\/logo-nesthostels-valencia-feetuphostels.svg","width":279,"height":130,"caption":"Nest Hostels Valencia"},"image":{"@id":"https:\/\/nesthostelsvalencia.com\/it\/#\/schema\/logo\/image\/"}}]}},"_links":{"self":[{"href":"https:\/\/nesthostelsvalencia.com\/it\/wp-json\/wp\/v2\/pages\/3791","targetHints":{"allow":["GET"]}}],"collection":[{"href":"https:\/\/nesthostelsvalencia.com\/it\/wp-json\/wp\/v2\/pages"}],"about":[{"href":"https:\/\/nesthostelsvalencia.com\/it\/wp-json\/wp\/v2\/types\/page"}],"author":[{"embeddable":true,"href":"https:\/\/nesthostelsvalencia.com\/it\/wp-json\/wp\/v2\/users\/21"}],"replies":[{"embeddable":true,"href":"https:\/\/nesthostelsvalencia.com\/it\/wp-json\/wp\/v2\/comments?post=3791"}],"version-history":[{"count":0,"href":"https:\/\/nesthostelsvalencia.com\/it\/wp-json\/wp\/v2\/pages\/3791\/revisions"}],"wp:attachment":[{"href":"https:\/\/nesthostelsvalencia.com\/it\/wp-json\/wp\/v2\/media?parent=3791"}],"curies":[{"name":"wp","href":"https:\/\/api.w.org\/{rel}","templated":true}]}}