{"id":3941,"date":"2017-09-05T11:15:04","date_gmt":"2017-09-05T09:15:04","guid":{"rendered":"https:\/\/nesthostelsvalencia.com\/2017\/?page_id=3941\/"},"modified":"2023-09-21T12:31:15","modified_gmt":"2023-09-21T10:31:15","slug":"politica-sulla-privacy","status":"publish","type":"page","link":"https:\/\/nesthostelsvalencia.com\/it\/politica-sulla-privacy\/","title":{"rendered":"Politica sulla Privacy"},"content":{"rendered":"\n<h1 class=\"wp-block-heading has-text-align-center\">Informativa sulla privacy<\/h1>\n\n<h2 class=\"wp-block-heading\">1. Chi \u00e8 responsabile del trattamento dei dati?<\/h2>\n\n<ul class=\"wp-block-list\">\n<li>Il nome di questa impresa \u00e8: <strong>NEST HOUSE SL.<\/strong><\/li>\n\n\n\n<li>CIF\/NIF\/NIE is: B97490999<\/li>\n\n\n\n<li>La sede legale \u00e8 a: CALLE DE LA PAZ, 36<\/li>\n\n\n\n<li>Registrato nel Registro Mercantile di: VALENCIA, VOLUME 9055, LIBRO 6339, FOGLIO 37, SEZIONE 8, FOGLIO V-134583, VOCE 1.<\/li>\n\n\n\n<li>Phone: <a href=\"tel:+34963285515\" target=\"_blank\" rel=\"noreferrer noopener\">+34963285515<\/a><\/li>\n\n\n\n<li>Email: <a href=\"mailto:info@feetuphostels.com\" target=\"_blank\" rel=\"noreferrer noopener\">info@feetuphostels.com<\/a><\/li>\n<\/ul>\n\n<h2 class=\"wp-block-heading\">2. Che tipo di dati abbiamo su di voi e come li abbiamo ottenuti?<\/h2>\n\n<h3 class=\"wp-block-heading\">Le categorie di dati personali che trattiamo su clienti e fornitori sono:<\/h3>\n\n<ul class=\"wp-block-list\">\n<li>I. Dati di identificazione<\/li>\n\n\n\n<li>II. Indirizzi postali o elettronici<\/li>\n\n\n\n<li>III. Informazioni commerciali<\/li>\n\n\n\n<li>IV. Dati economici e sulle transazioni<\/li>\n\n\n\n<li>V. Dati di navigazione<\/li>\n\n\n\n<li>VI. Dati particolarmente protetti: salute, nel caso dei dipendenti<\/li>\n\n\n\n<li>VII. Immagine\/voce<\/li>\n\n\n\n<li>VII. Dati di geolocalizzazione<\/li>\n\n\n\n<li>IX. Dati biometrici<\/li>\n<\/ul>\n\n<p>Abbiamo ottenuto tutti i dati di cui sopra direttamente da voi attraverso la presentazione di un&#8217;offerta commerciale, proposta contrattuale, etc., o attraverso la tua azienda fornendoci i dati identificativi e altre informazioni necessarie per realizzare l&#8217;oggetto del rapporto contrattuale tra le parti. Sar\u00e0 vostro obbligo o della vostra azienda fornirci i dati aggiornati in caso di modifiche.<\/p>\n\n<h2 class=\"wp-block-heading\">3. A quale scopo elaboriamo i vostri dati?<\/h2>\n\n<p>Trattiamo i dati forniti dalle persone interessate al fine di gestire diverse attivit\u00e0 derivanti da specifiche procedure svolte in termini di vendite, assistenza post-vendita, gestione dei fornitori, qualit\u00e0 dei servizi, ecc. In questo modo, useremo i tuoi dati per eseguire una delle seguenti azioni:<\/p>\n\n<ul class=\"wp-block-list\">\n<li>I. Fornitura dei servizi richiesti o consegna del prodotto acquistato.<\/li>\n\n\n\n<li>II. Inviando le informazioni richieste attraverso il modulo di contatto sul nostro sito web o qualsiasi altro mezzo di contatto con la nostra azienda.<\/li>\n\n\n\n<li>III. Fornire sia ai potenziali clienti che ai nostri clienti, offerte di prodotti e servizi di interesse.<\/li>\n\n\n\n<li>IV. Eseguire la gestione amministrativa, fiscale e contabile dei nostri clienti e\/o fornitori.<\/li>\n\n\n\n<li>V. Effettuare indagini di soddisfazione, studi di mercato, ecc. per poterle proporre le offerte pi\u00f9 adatte e una qualit\u00e0 di servizio ottimizzata, ecc.<\/li>\n\n\n\n<li>VI. Gestione del lavoro dei dipendenti.<\/li>\n<\/ul>\n\n<h2 class=\"wp-block-heading\">4. Per quanto tempo conserveremo i vostri dati?<\/h2>\n\n<p>I dati personali relativi a persone fisiche legate a potenziali clienti, clienti e fornitori che raccogliamo attraverso i diversi moduli di contatto e\/o di raccolta di informazioni (compresi i dati raccolti attraverso i cookie, se applicabili) saranno conservati fino a quando non ne verr\u00e0 richiesta la cancellazione da parte dell&#8217;interessato. I dati forniti dai nostri clienti e fornitori saranno conservati per tutto il tempo in cui verr\u00e0 mantenuto il rapporto commerciale tra le parti, rispettando, in ogni caso, i periodi minimi di conservazione previsti dalla legge a seconda della materia.<\/p>\n\n<p>I dati dei lavoratori saranno conservati fino a quando il rapporto di lavoro \u00e8 mantenuto e in ogni caso, in base a ci\u00f2 che la legislazione del lavoro prescrive a questo scopo.<\/p>\n\n<p>Nel caso delle immagini ottenute dal sistema di videosorveglianza, il periodo di conservazione delle stesse sar\u00e0 di un mese, in conformit\u00e0 con le disposizioni dell&#8217;articolo 22.3 della LOPDGDD, a meno che non debbano essere conservate per la consegna alle autorit\u00e0 competenti.<\/p>\n\n<p>In ogni caso, conserveremo i tuoi dati personali per un periodo di tempo ragionevolmente necessario tenendo conto delle nostre esigenze di rispondere a domande che sorgono o risolvere problemi, apportare miglioramenti, attivare nuovi servizi, e soddisfare i requisiti richiesti dalla legislazione applicabile. Ci\u00f2 significa che potremmo conservare i tuoi dati personali per un periodo di tempo ragionevole anche dopo che hai smesso di utilizzare i nostri prodotti o dopo che hai smesso di utilizzare questo sito web. Trascorso tale periodo, i tuoi dati personali saranno cancellati da tutti i nostri sistemi.<\/p>\n\n<h2 class=\"wp-block-heading\">5. Qual \u00e8 la base giuridica per il trattamento dei vostri dati?<\/h2>\n\n<p>A seconda del tipo di trattamento dei dati, la base di legittimazione \u00e8 la seguente:<\/p>\n\n<figure class=\"wp-block-table\"><table><tbody><tr><td>Trattamento<\/td><td>Base di legittimazione<\/td><\/tr><tr><td><strong>Gestione contabile:<\/strong> gestione della fatturazione con clienti e\/o fornitori<\/td><td>Mantenimento, sviluppo e controllo del rapporto contrattuale tra le parti<\/td><\/tr><tr><td><strong>Gestione fiscale:<\/strong> applicazione di ritenute, bonus, ecc.<\/td><td>Mantenimento, sviluppo e controllo del rapporto contrattuale tra le parti; Rispetto degli obblighi di legge<\/td><\/tr><tr><td><strong>Gestione amministrativa:<\/strong> gestione logistica, magazzino, consegne al cliente, ricevimento merci, ecc.<\/td><td>Mantenimento, sviluppo e controllo del rapporto contrattuale tra le parti<\/td><\/tr><tr><td><strong>Marketing:<\/strong> Azioni commerciali sui nostri prodotti o servizi rivolte ai nostri clienti o a quelle persone che hanno richiesto informazioni sui nostri prodotti e servizi in passato, tra cui lo svolgimento di indagini di soddisfazione per i nostri clienti.<\/td><td>Con il libero e inequivocabile consenso dell&#8217;interessato (potenziali clienti), si dichiara che la revoca di questo consenso in nessun caso pu\u00f2 condizionare l&#8217;esecuzione del contratto tra le parti; il legittimo interesse della societ\u00e0 alla promozione e alla commercializzazione di prodotti o servizi simili a quelli ottenuti o richiesti dagli interessati in passato.<\/td><\/tr><tr><td>Se sei un dipendente, per Labor-Management: gestione amministrativa, contabile e fiscale dei dipendenti. Gestione della registrazione della giornata lavorativa: ora di inizio e fine della giornata, cos\u00ec come gli straordinari.<\/td><td>Esecuzione di un contratto di lavoro. Conformit\u00e0 legale<\/td><\/tr><tr><td><strong>Videosorveglianza:<\/strong> Controllo del Lavoro.<\/td><td>Esecuzione di un contratto. Articolo 89 LOPDGDD e 20.3 Statuto dei lavoratori.<\/td><\/tr><tr><td><strong>Immagini\/voce dei lavoratori:<\/strong> pubblicazione di immagine\/voce sul sito web aziendale, libri aziendali e RRSS per far conoscere il personale.<\/td><td>Consenso espresso dell&#8217;interessato<\/td><\/tr><tr><td><strong>Geolocalizzazione:<\/strong> Lavoro e controllo spaziale di veicoli aziendali e cellulari.<\/td><td>Esecuzione del contratto di lavoro. Articolo 20.3 dello Statuto dei lavoratori e 90 del LOPDGDD. L&#8217;interesse legittimo della persona responsabile.<\/td><\/tr><\/tbody><\/table><\/figure>\n\n<script type=\"text\/javascript\" charset=\"UTF-8\" data-cookiescriptreport=\"report\" src=\"\/\/report.cookie-script.com\/r\/09a8cc402e0940366114c33c3cfbb79b.js\"><\/script>\r\n\n<p>Nel caso in cui non forniate i vostri dati personali, non sarete in grado di eseguire il contratto e rispettare gli obblighi di legge o quelli derivanti dalle autorit\u00e0 pubbliche.<\/p>\n\n<p>Nel caso in cui non forniate i vostri dati personali, non sarete in grado di eseguire il contratto e rispettare gli obblighi di legge o quelli derivanti dalle autorit\u00e0 pubbliche.<\/p>\n\n<h2 class=\"wp-block-heading\">6. A quali destinatari saranno comunicati i vostri dati?<\/h2>\n\n<p>Non trasferiremo i tuoi dati personali a nessuna societ\u00e0 terza che intenda utilizzarli nelle sue azioni di marketing diretto, tranne nel caso in cui tu ci abbia espressamente autorizzato a farlo.<\/p>\n\n<p>La informiamo che possiamo fornire i suoi dati personali agli organi della Pubblica Amministrazione e alle Autorit\u00e0 competenti nei casi in cui siamo legalmente tenuti o nei casi in cui, agendo in buona fede, riteniamo che tale azione sia ragionevolmente necessaria per adempiere a un processo giudiziario. ; per rispondere a qualsiasi rivendicazione o richiesta legale o per proteggere i diritti della societ\u00e0 o dei suoi clienti e il pubblico in generale.<\/p>\n\n<p>Ti informiamo che i tuoi dati non saranno trasferiti o comunicati a terzi, la societ\u00e0 \u00e8 l&#8217;unica responsabile del suo trattamento e della sua custodia.<\/p>\n\n<p>S\u00ec, forniremo i tuoi dati personali a terze parti (ad esempio fornitori di servizi Internet che ci aiutano ad amministrare il nostro sito Web o ad eseguire i servizi appaltati, il supporto informatico e le societ\u00e0 di manutenzione, le societ\u00e0 di logistica, le agenzie e le tasse, e consulenza contabile, ecc.). In ogni caso, queste terze parti devono mantenere, in ogni momento, gli stessi livelli di sicurezza che abbiamo in relazione ai tuoi dati personali e, se necessario, saranno vincolate da impegni legali al fine di mantenere i tuoi dati personali privati e sicuri. e anche usare solo le informazioni seguendo istruzioni specifiche della societ\u00e0.<\/p>\n\n<h2 class=\"wp-block-heading\">7. Trasferimento di dati verso paesi terzi?<\/h2>\n\n<p>Non sono previsti trasferimenti di dati verso paesi terzi.<\/p>\n\n<h2 class=\"wp-block-heading\">8. Quali sono i vostri diritti in quanto parti interessate?<\/h2>\n\n<p>Chiunque ha il diritto di ottenere conferma del fatto che stiamo elaborando o meno dati personali che li riguardano.<\/p>\n\n<p>In particolare, gli interessati possono richiedere il diritto di accesso ai propri dati personali, nonch\u00e9 riceverli in un formato comune e lettura meccanica se il trattamento \u00e8 effettuato con mezzi elettronici (diritto di portabilit\u00e0).<\/p>\n\n<p>Allo stesso modo, gli interessati possono richiedere il diritto di rettificare i dati inesatti o, se del caso, richiederne la cancellazione quando, tra le altre ragioni, i dati non sono pi\u00f9 necessari per le finalit\u00e0 per le quali sono stati raccolti.<\/p>\n\n<p>Inoltre, in determinate circostanze, le parti interessate possono chiedere la limitazione del trattamento dei loro dati, o in determinate circostanze e per motivi legati alla loro particolare situazione, gli interessati possono esercitare il loro diritto di opporsi al trattamento dei loro dati. Cesseremo il trattamento dei dati, salvo per motivi legittimi impellenti, l&#8217;esercizio o la difesa di eventuali rivendicazioni, o in quelle eccezioni stabilite nella normativa applicabile.<\/p>\n\n<p>Allo stesso modo, ti informiamo che hai il diritto di revocare il tuo consenso concesso in qualsiasi momento, senza compromettere la legalit\u00e0 del trattamento basato sul consenso prima della sua revoca.<\/p>\n\n<p>Allo stesso modo, l&#8217;Utente \u00e8 informato che in qualsiasi momento pu\u00f2 esercitare i suddetti diritti scrivendo a noi utilizzando le informazioni di contatto che appaiono al punto 1, e allegando una copia del suo ID.<\/p>\n\n<p>Avrai anche il diritto di presentare un reclamo presso l&#8217;Agenzia spagnola per la protezione dei dati, soprattutto quando non hai ottenuto soddisfazione nell&#8217;esercizio dei tuoi diritti.<\/p>\n\n<p><a href=\"http:\/\/www.agpd.es\/portalwebAGPD\/index-ides-idphp.php\" target=\"_blank\" rel=\"noreferrer noopener\">http:\/\/www.agpd.es\/portalwebAGPD\/index-ides-idphp.php<\/a><\/p>\n\n<p>D&#8217;altra parte, in conformit\u00e0 con le disposizioni della legge 34\/2002, dell&#8217;11 luglio, sui Servizi della Societ\u00e0 dell&#8217;Informazione e del Commercio Elettronico, ci impegniamo a non inviare informazioni commerciali se ci avete informato.<\/p>\n\n<figure class=\"wp-block-image aligncenter size-full\"><a href=\"https:\/\/nesthostelsvalencia.com\/wp-content\/uploads\/2023\/08\/privacy-policy-nesthostelsvalencia.jpg\"><img fetchpriority=\"high\" decoding=\"async\" width=\"1920\" height=\"1080\" src=\"https:\/\/nesthostelsvalencia.com\/wp-content\/uploads\/2023\/08\/privacy-policy-nesthostelsvalencia.jpg\" alt=\"Informativa sulla privacy Nest Hostels Valencia\" class=\"wp-image-21792\" srcset=\"https:\/\/nesthostelsvalencia.com\/wp-content\/uploads\/2023\/08\/privacy-policy-nesthostelsvalencia.jpg 1920w, https:\/\/nesthostelsvalencia.com\/wp-content\/uploads\/2023\/08\/privacy-policy-nesthostelsvalencia-300x169.jpg 300w, https:\/\/nesthostelsvalencia.com\/wp-content\/uploads\/2023\/08\/privacy-policy-nesthostelsvalencia-1024x576.jpg 1024w, https:\/\/nesthostelsvalencia.com\/wp-content\/uploads\/2023\/08\/privacy-policy-nesthostelsvalencia-768x432.jpg 768w, https:\/\/nesthostelsvalencia.com\/wp-content\/uploads\/2023\/08\/privacy-policy-nesthostelsvalencia-1536x864.jpg 1536w\" sizes=\"(max-width: 1920px) 100vw, 1920px\" \/><\/a><figcaption class=\"wp-element-caption\">Informativa sulla privacy Nest Hostels Valencia<\/figcaption><\/figure>\n","protected":false},"excerpt":{"rendered":"<p>Informativa sulla privacy e sulla protezione dei dati personali di Nest Hostels Valencia. Si informa che i dati personali degli utenti del sito web<\/p>\n","protected":false},"author":21,"featured_media":21795,"parent":0,"menu_order":0,"comment_status":"closed","ping_status":"closed","template":"","meta":{"footnotes":""},"class_list":["post-3941","page","type-page","status-publish","has-post-thumbnail","hentry"],"yoast_head":"<!-- This site is optimized with the Yoast SEO plugin v27.3 - https:\/\/yoast.com\/product\/yoast-seo-wordpress\/ -->\n<title>Informativa sulla privacy | Informativa sulla privacy e sulla protezione dei dati<\/title>\n<meta name=\"description\" content=\"Informativa sulla privacy | Informativa sulla privacy e sulla protezione dei dati personali di Nest Hostels Valencia. Si informa che i dati personali degli utenti del sito web\" \/>\n<meta name=\"robots\" content=\"index, follow, max-snippet:-1, max-image-preview:large, max-video-preview:-1\" \/>\n<link rel=\"canonical\" href=\"https:\/\/nesthostelsvalencia.com\/it\/politica-sulla-privacy\/\" \/>\n<meta property=\"og:locale\" content=\"it_IT\" \/>\n<meta property=\"og:type\" content=\"article\" \/>\n<meta property=\"og:title\" content=\"Informativa sulla privacy | Informativa sulla privacy e sulla protezione dei dati\" \/>\n<meta property=\"og:description\" content=\"Informativa sulla privacy | Informativa sulla privacy e sulla protezione dei dati personali di Nest Hostels Valencia. Si informa che i dati personali degli utenti del sito web\" \/>\n<meta property=\"og:url\" content=\"https:\/\/nesthostelsvalencia.com\/it\/politica-sulla-privacy\/\" \/>\n<meta property=\"og:site_name\" content=\"Nest Hostels Valencia\" \/>\n<meta property=\"article:modified_time\" content=\"2023-09-21T10:31:15+00:00\" \/>\n<meta property=\"og:image\" content=\"https:\/\/nesthostelsvalencia.com\/wp-content\/uploads\/2023\/08\/privacy-policy-nesthostelsvalencia.jpg\" \/>\n\t<meta property=\"og:image:width\" content=\"1920\" \/>\n\t<meta property=\"og:image:height\" content=\"1080\" \/>\n\t<meta property=\"og:image:type\" content=\"image\/jpeg\" \/>\n<meta name=\"twitter:card\" content=\"summary_large_image\" \/>\n<meta name=\"twitter:label1\" content=\"Tempo di lettura stimato\" \/>\n\t<meta name=\"twitter:data1\" content=\"7 minuti\" \/>\n<script type=\"application\/ld+json\" class=\"yoast-schema-graph\">{\"@context\":\"https:\\\/\\\/schema.org\",\"@graph\":[{\"@type\":\"WebPage\",\"@id\":\"https:\\\/\\\/nesthostelsvalencia.com\\\/it\\\/politica-sulla-privacy\\\/\",\"url\":\"https:\\\/\\\/nesthostelsvalencia.com\\\/it\\\/politica-sulla-privacy\\\/\",\"name\":\"Informativa sulla privacy | Informativa sulla privacy e sulla protezione dei dati\",\"isPartOf\":{\"@id\":\"https:\\\/\\\/nesthostelsvalencia.com\\\/it\\\/#website\"},\"primaryImageOfPage\":{\"@id\":\"https:\\\/\\\/nesthostelsvalencia.com\\\/it\\\/politica-sulla-privacy\\\/#primaryimage\"},\"image\":{\"@id\":\"https:\\\/\\\/nesthostelsvalencia.com\\\/it\\\/politica-sulla-privacy\\\/#primaryimage\"},\"thumbnailUrl\":\"https:\\\/\\\/nesthostelsvalencia.com\\\/wp-content\\\/uploads\\\/2023\\\/08\\\/privacy-policy-nesthostelsvalencia.jpg\",\"datePublished\":\"2017-09-05T09:15:04+00:00\",\"dateModified\":\"2023-09-21T10:31:15+00:00\",\"description\":\"Informativa sulla privacy | Informativa sulla privacy e sulla protezione dei dati personali di Nest Hostels Valencia. Si informa che i dati personali degli utenti del sito web\",\"breadcrumb\":{\"@id\":\"https:\\\/\\\/nesthostelsvalencia.com\\\/it\\\/politica-sulla-privacy\\\/#breadcrumb\"},\"inLanguage\":\"it-IT\",\"potentialAction\":[{\"@type\":\"ReadAction\",\"target\":[\"https:\\\/\\\/nesthostelsvalencia.com\\\/it\\\/politica-sulla-privacy\\\/\"]}]},{\"@type\":\"ImageObject\",\"inLanguage\":\"it-IT\",\"@id\":\"https:\\\/\\\/nesthostelsvalencia.com\\\/it\\\/politica-sulla-privacy\\\/#primaryimage\",\"url\":\"https:\\\/\\\/nesthostelsvalencia.com\\\/wp-content\\\/uploads\\\/2023\\\/08\\\/privacy-policy-nesthostelsvalencia.jpg\",\"contentUrl\":\"https:\\\/\\\/nesthostelsvalencia.com\\\/wp-content\\\/uploads\\\/2023\\\/08\\\/privacy-policy-nesthostelsvalencia.jpg\",\"width\":1920,\"height\":1080,\"caption\":\"Privacy policy Nest Hostels Valencia\"},{\"@type\":\"BreadcrumbList\",\"@id\":\"https:\\\/\\\/nesthostelsvalencia.com\\\/it\\\/politica-sulla-privacy\\\/#breadcrumb\",\"itemListElement\":[{\"@type\":\"ListItem\",\"position\":1,\"name\":\"Home\",\"item\":\"https:\\\/\\\/nesthostelsvalencia.com\\\/it\\\/\"},{\"@type\":\"ListItem\",\"position\":2,\"name\":\"Politica sulla Privacy\"}]},{\"@type\":\"WebSite\",\"@id\":\"https:\\\/\\\/nesthostelsvalencia.com\\\/it\\\/#website\",\"url\":\"https:\\\/\\\/nesthostelsvalencia.com\\\/it\\\/\",\"name\":\"Nest Hostels Valencia\",\"description\":\"Youth hostels and beds for travelers in Valencia\",\"publisher\":{\"@id\":\"https:\\\/\\\/nesthostelsvalencia.com\\\/it\\\/#organization\"},\"alternateName\":\"Nest Hostels Valencia\",\"potentialAction\":[{\"@type\":\"SearchAction\",\"target\":{\"@type\":\"EntryPoint\",\"urlTemplate\":\"https:\\\/\\\/nesthostelsvalencia.com\\\/it\\\/?s={search_term_string}\"},\"query-input\":{\"@type\":\"PropertyValueSpecification\",\"valueRequired\":true,\"valueName\":\"search_term_string\"}}],\"inLanguage\":\"it-IT\"},{\"@type\":\"Organization\",\"@id\":\"https:\\\/\\\/nesthostelsvalencia.com\\\/it\\\/#organization\",\"name\":\"Nest Hostels Valencia\",\"alternateName\":\"Youth hostels and beds for travelers in Valencia\",\"url\":\"https:\\\/\\\/nesthostelsvalencia.com\\\/it\\\/\",\"logo\":{\"@type\":\"ImageObject\",\"inLanguage\":\"it-IT\",\"@id\":\"https:\\\/\\\/nesthostelsvalencia.com\\\/it\\\/#\\\/schema\\\/logo\\\/image\\\/\",\"url\":\"https:\\\/\\\/nesthostelsvalencia.com\\\/wp-content\\\/uploads\\\/2022\\\/01\\\/logo-nesthostels-valencia-feetuphostels.svg\",\"contentUrl\":\"https:\\\/\\\/nesthostelsvalencia.com\\\/wp-content\\\/uploads\\\/2022\\\/01\\\/logo-nesthostels-valencia-feetuphostels.svg\",\"width\":279,\"height\":130,\"caption\":\"Nest Hostels Valencia\"},\"image\":{\"@id\":\"https:\\\/\\\/nesthostelsvalencia.com\\\/it\\\/#\\\/schema\\\/logo\\\/image\\\/\"}}]}<\/script>\n<!-- \/ Yoast SEO plugin. -->","yoast_head_json":{"title":"Informativa sulla privacy | Informativa sulla privacy e sulla protezione dei dati","description":"Informativa sulla privacy | Informativa sulla privacy e sulla protezione dei dati personali di Nest Hostels Valencia. Si informa che i dati personali degli utenti del sito web","robots":{"index":"index","follow":"follow","max-snippet":"max-snippet:-1","max-image-preview":"max-image-preview:large","max-video-preview":"max-video-preview:-1"},"canonical":"https:\/\/nesthostelsvalencia.com\/it\/politica-sulla-privacy\/","og_locale":"it_IT","og_type":"article","og_title":"Informativa sulla privacy | Informativa sulla privacy e sulla protezione dei dati","og_description":"Informativa sulla privacy | Informativa sulla privacy e sulla protezione dei dati personali di Nest Hostels Valencia. Si informa che i dati personali degli utenti del sito web","og_url":"https:\/\/nesthostelsvalencia.com\/it\/politica-sulla-privacy\/","og_site_name":"Nest Hostels Valencia","article_modified_time":"2023-09-21T10:31:15+00:00","og_image":[{"width":1920,"height":1080,"url":"https:\/\/nesthostelsvalencia.com\/wp-content\/uploads\/2023\/08\/privacy-policy-nesthostelsvalencia.jpg","type":"image\/jpeg"}],"twitter_card":"summary_large_image","twitter_misc":{"Tempo di lettura stimato":"7 minuti"},"schema":{"@context":"https:\/\/schema.org","@graph":[{"@type":"WebPage","@id":"https:\/\/nesthostelsvalencia.com\/it\/politica-sulla-privacy\/","url":"https:\/\/nesthostelsvalencia.com\/it\/politica-sulla-privacy\/","name":"Informativa sulla privacy | Informativa sulla privacy e sulla protezione dei dati","isPartOf":{"@id":"https:\/\/nesthostelsvalencia.com\/it\/#website"},"primaryImageOfPage":{"@id":"https:\/\/nesthostelsvalencia.com\/it\/politica-sulla-privacy\/#primaryimage"},"image":{"@id":"https:\/\/nesthostelsvalencia.com\/it\/politica-sulla-privacy\/#primaryimage"},"thumbnailUrl":"https:\/\/nesthostelsvalencia.com\/wp-content\/uploads\/2023\/08\/privacy-policy-nesthostelsvalencia.jpg","datePublished":"2017-09-05T09:15:04+00:00","dateModified":"2023-09-21T10:31:15+00:00","description":"Informativa sulla privacy | Informativa sulla privacy e sulla protezione dei dati personali di Nest Hostels Valencia. Si informa che i dati personali degli utenti del sito web","breadcrumb":{"@id":"https:\/\/nesthostelsvalencia.com\/it\/politica-sulla-privacy\/#breadcrumb"},"inLanguage":"it-IT","potentialAction":[{"@type":"ReadAction","target":["https:\/\/nesthostelsvalencia.com\/it\/politica-sulla-privacy\/"]}]},{"@type":"ImageObject","inLanguage":"it-IT","@id":"https:\/\/nesthostelsvalencia.com\/it\/politica-sulla-privacy\/#primaryimage","url":"https:\/\/nesthostelsvalencia.com\/wp-content\/uploads\/2023\/08\/privacy-policy-nesthostelsvalencia.jpg","contentUrl":"https:\/\/nesthostelsvalencia.com\/wp-content\/uploads\/2023\/08\/privacy-policy-nesthostelsvalencia.jpg","width":1920,"height":1080,"caption":"Privacy policy Nest Hostels Valencia"},{"@type":"BreadcrumbList","@id":"https:\/\/nesthostelsvalencia.com\/it\/politica-sulla-privacy\/#breadcrumb","itemListElement":[{"@type":"ListItem","position":1,"name":"Home","item":"https:\/\/nesthostelsvalencia.com\/it\/"},{"@type":"ListItem","position":2,"name":"Politica sulla Privacy"}]},{"@type":"WebSite","@id":"https:\/\/nesthostelsvalencia.com\/it\/#website","url":"https:\/\/nesthostelsvalencia.com\/it\/","name":"Nest Hostels Valencia","description":"Youth hostels and beds for travelers in Valencia","publisher":{"@id":"https:\/\/nesthostelsvalencia.com\/it\/#organization"},"alternateName":"Nest Hostels Valencia","potentialAction":[{"@type":"SearchAction","target":{"@type":"EntryPoint","urlTemplate":"https:\/\/nesthostelsvalencia.com\/it\/?s={search_term_string}"},"query-input":{"@type":"PropertyValueSpecification","valueRequired":true,"valueName":"search_term_string"}}],"inLanguage":"it-IT"},{"@type":"Organization","@id":"https:\/\/nesthostelsvalencia.com\/it\/#organization","name":"Nest Hostels Valencia","alternateName":"Youth hostels and beds for travelers in Valencia","url":"https:\/\/nesthostelsvalencia.com\/it\/","logo":{"@type":"ImageObject","inLanguage":"it-IT","@id":"https:\/\/nesthostelsvalencia.com\/it\/#\/schema\/logo\/image\/","url":"https:\/\/nesthostelsvalencia.com\/wp-content\/uploads\/2022\/01\/logo-nesthostels-valencia-feetuphostels.svg","contentUrl":"https:\/\/nesthostelsvalencia.com\/wp-content\/uploads\/2022\/01\/logo-nesthostels-valencia-feetuphostels.svg","width":279,"height":130,"caption":"Nest Hostels Valencia"},"image":{"@id":"https:\/\/nesthostelsvalencia.com\/it\/#\/schema\/logo\/image\/"}}]}},"_links":{"self":[{"href":"https:\/\/nesthostelsvalencia.com\/it\/wp-json\/wp\/v2\/pages\/3941","targetHints":{"allow":["GET"]}}],"collection":[{"href":"https:\/\/nesthostelsvalencia.com\/it\/wp-json\/wp\/v2\/pages"}],"about":[{"href":"https:\/\/nesthostelsvalencia.com\/it\/wp-json\/wp\/v2\/types\/page"}],"author":[{"embeddable":true,"href":"https:\/\/nesthostelsvalencia.com\/it\/wp-json\/wp\/v2\/users\/21"}],"replies":[{"embeddable":true,"href":"https:\/\/nesthostelsvalencia.com\/it\/wp-json\/wp\/v2\/comments?post=3941"}],"version-history":[{"count":0,"href":"https:\/\/nesthostelsvalencia.com\/it\/wp-json\/wp\/v2\/pages\/3941\/revisions"}],"wp:featuredmedia":[{"embeddable":true,"href":"https:\/\/nesthostelsvalencia.com\/it\/wp-json\/wp\/v2\/media\/21795"}],"wp:attachment":[{"href":"https:\/\/nesthostelsvalencia.com\/it\/wp-json\/wp\/v2\/media?parent=3941"}],"curies":[{"name":"wp","href":"https:\/\/api.w.org\/{rel}","templated":true}]}}