{"id":9504,"date":"2018-03-26T11:15:12","date_gmt":"2018-03-26T09:15:12","guid":{"rendered":"https:\/\/nesthostelsvalencia.com\/commentaires-purple-nest-hostel-valencia\/"},"modified":"2024-07-23T09:11:43","modified_gmt":"2024-07-23T07:11:43","slug":"recensione-purple-nest-hostel-valencia","status":"publish","type":"page","link":"https:\/\/nesthostelsvalencia.com\/it\/recensione-purple-nest-hostel-valencia\/","title":{"rendered":"Recensioni Purple Nest Hostel Valencia"},"content":{"rendered":"\n<h1 class=\"wp-block-heading has-text-align-center\">Recensioni Purple Nest Hostel<\/h1>\n\n<script src=\"https:\/\/apps.elfsight.com\/p\/platform.js\" defer=\"\"><\/script>\r\n<div class=\"elfsight-app-2b82ef62-1731-4184-8e8b-0427e0bb4501\"><\/div>\n\n<div style=\"height:50px\" aria-hidden=\"true\" class=\"wp-block-spacer\"><\/div>\n\n<h2 class=\"wp-block-heading\">Cerchi le migliori recensioni su Purple Nest Hostel?<\/h2>\n\n<p>Siete nel posto giusto! Il nostro ostello \u00e8 stato costantemente classificato come uno dei migliori alloggi nel cuore della citt\u00e0. I nostri ospiti sono entusiasti delle nostre camere confortevoli, del personale cordiale e della posizione imbattibile. Ma non fidatevi solo della nostra parola: date un&#8217;occhiata alle recensioni dei nostri ospiti soddisfatti e scoprite perch\u00e9 il <a href=\"https:\/\/nesthostelsvalencia.com\/it\/ostello-valencia-purple-nest\/\">Purple Nest Hostel<\/a> \u00e8 la scelta perfetta per il vostro soggiorno in citt\u00e0.&#8221;<\/p>\n\n<h2 class=\"wp-block-heading\">Le migliori recensioni<\/h2>\n\n<blockquote class=\"wp-block-quote is-layout-flow wp-block-quote-is-layout-flow\">\n<h3 class=\"wp-block-heading\"><em>Superb<\/em><\/h3>\n\n\n\n<p>Il personale \u00e8 stato assolutamente fantastico. ha cercato di aiutarmi a spostare la mia stanza, l&#8217;ho apprezzato, mi sono sentito prezioso. inoltre ho chiesto di cambiare il mio letto che \u00e8 stato fatto immediatamente. il personale \u00e8 fantastico \ud83d\ude1e &#8211; un ragazzo stava russando nella mia stanza non riuscivo a dormire.<\/p>\n<cite>Oleksandra &#8211; Booking<\/cite><\/blockquote>\n\n<hr class=\"wp-block-separator has-alpha-channel-opacity is-style-dots\"\/>\n\n<blockquote class=\"wp-block-quote is-layout-flow wp-block-quote-is-layout-flow\">\n<h3 class=\"wp-block-heading\">Cordialit\u00e0, disponibilit\u00e0, tempi ottimi<\/h3>\n\n\n\n<p>\ud83d\ude00 &#8211; La RECEPTION CREW:) sono super amichevoli e super gentili. Sempre pronti ad aiutarvi e a trovare soluzioni per voi. Se volete avere una solida esperienza a Valencia, venite al purple nest e salutate la reception. \ud83d\ude1e &#8211; Niente di niente<\/p>\n\n\n\n<p><\/p>\n<cite>Mehmet &#8211; HostelWorld<\/cite><\/blockquote>\n\n<blockquote class=\"wp-block-quote is-layout-flow wp-block-quote-is-layout-flow\">\n<hr class=\"wp-block-separator has-alpha-channel-opacity is-style-dots\"\/>\n\n\n\n<h3 class=\"wp-block-heading\">Molto buono<\/h3>\n\n\n\n<p>Ottima posizione, ottimo tour della citt\u00e0 offerto. Anche la cucina \u00e8 ottima. I letti sono comodi ma un po&#8217; instabili e non c&#8217;\u00e8 spazio per riporre gli effetti personali.<\/p>\n<cite>Linda &#8211; <a href=\"https:\/\/g.page\/PurpleNestHostelValencia\" target=\"_blank\" rel=\"noreferrer noopener\">Google<\/a><\/cite><\/blockquote>\n\n<blockquote class=\"wp-block-quote is-layout-flow wp-block-quote-is-layout-flow\">\n<hr class=\"wp-block-separator has-alpha-channel-opacity is-style-dots\"\/>\n\n\n\n<h3 class=\"wp-block-heading\">Ostello eccellente!<\/h3>\n\n\n\n<p>Ostello eccellente! Posizione eccellente, belle camere, colazione deliziosa, attivit\u00e0 interessanti\/divertenti ogni giorno e il team di gestione della reception pi\u00f9 professionale e amichevole in assoluto (soprattutto Manu:-))!!! Onestamente non vedo l&#8217;ora di tornare a visitarlo in futuro. \u00a1Nos vemos chicos! \ud83d\ude09<\/p>\n<cite>Wioletta Karina Z &#8211; Tripadvisor<\/cite><\/blockquote>\n\n<figure class=\"wp-block-image aligncenter size-full\"><a href=\"https:\/\/nesthostelsvalencia.com\/wp-content\/uploads\/2014\/10\/come-to-nest-hostels-valencia.jpg\"><img fetchpriority=\"high\" decoding=\"async\" width=\"900\" height=\"602\" src=\"https:\/\/nesthostelsvalencia.com\/wp-content\/uploads\/2014\/10\/come-to-nest-hostels-valencia.jpg\" alt=\"La reception vi d&#xE0; un caloroso benvenuto | Recensioni Purple Nest\" class=\"wp-image-3563\" srcset=\"https:\/\/nesthostelsvalencia.com\/wp-content\/uploads\/2014\/10\/come-to-nest-hostels-valencia.jpg 900w, https:\/\/nesthostelsvalencia.com\/wp-content\/uploads\/2014\/10\/come-to-nest-hostels-valencia-300x201.jpg 300w, https:\/\/nesthostelsvalencia.com\/wp-content\/uploads\/2014\/10\/come-to-nest-hostels-valencia-768x514.jpg 768w, https:\/\/nesthostelsvalencia.com\/wp-content\/uploads\/2014\/10\/come-to-nest-hostels-valencia-218x146.jpg 218w, https:\/\/nesthostelsvalencia.com\/wp-content\/uploads\/2014\/10\/come-to-nest-hostels-valencia-50x33.jpg 50w, https:\/\/nesthostelsvalencia.com\/wp-content\/uploads\/2014\/10\/come-to-nest-hostels-valencia-112x75.jpg 112w\" sizes=\"(max-width: 900px) 100vw, 900px\" \/><\/a><figcaption class=\"wp-element-caption\">La reception ti d\u00e0 un caloroso benvenuto | Visualizza tutte le recensioni<\/figcaption><\/figure>\n","protected":false},"excerpt":{"rendered":"<p>Recensioni Purple Nest Hostel Valencia. Valutazioni reali degli ospiti &#8220;Il miglior ostello in cui abbia soggiornato!!! Personale fantastico, molto disponibile per le attrazioni turistiche\/ trasporti ecc&#8230; ho incontrato persone davvero simpatiche che alloggiavano l\u00ec, tutti erano pronti a fare due chiacchiere! Ottimo anche il wifi!!!&#8221;<\/p>\n","protected":false},"author":21,"featured_media":6507,"parent":0,"menu_order":0,"comment_status":"closed","ping_status":"closed","template":"","meta":{"footnotes":""},"class_list":["post-9504","page","type-page","status-publish","has-post-thumbnail","hentry"],"yoast_head":"<!-- This site is optimized with the Yoast SEO plugin v27.3 - https:\/\/yoast.com\/product\/yoast-seo-wordpress\/ -->\n<title>Recensioni Purple Nest Hostel Valencia. Valutazioni dei clienti<\/title>\n<meta name=\"description\" content=\"Recensioni Purple Nest Hostel Valencia \u00ae Valutazioni reali degli ospiti \u2b50\u2b50\u2b50\u2b50\u2b50 I nostri ospiti dicono: &quot;Atmosfera fantastica. Atmosfera amichevole. Ostello relativamente moderno\" \/>\n<meta name=\"robots\" content=\"index, follow, max-snippet:-1, max-image-preview:large, max-video-preview:-1\" \/>\n<link rel=\"canonical\" href=\"https:\/\/nesthostelsvalencia.com\/it\/recensione-purple-nest-hostel-valencia\/\" \/>\n<meta property=\"og:locale\" content=\"it_IT\" \/>\n<meta property=\"og:type\" content=\"article\" \/>\n<meta property=\"og:title\" content=\"Recensioni Purple Nest Hostel Valencia. Valutazioni dei clienti\" \/>\n<meta property=\"og:description\" content=\"Recensioni Purple Nest Hostel Valencia \u00ae Valutazioni reali degli ospiti \u2b50\u2b50\u2b50\u2b50\u2b50 I nostri ospiti dicono: &quot;Atmosfera fantastica. Atmosfera amichevole. Ostello relativamente moderno\" \/>\n<meta property=\"og:url\" content=\"https:\/\/nesthostelsvalencia.com\/it\/recensione-purple-nest-hostel-valencia\/\" \/>\n<meta property=\"og:site_name\" content=\"Nest Hostels Valencia\" \/>\n<meta property=\"article:modified_time\" content=\"2024-07-23T07:11:43+00:00\" \/>\n<meta property=\"og:image\" content=\"https:\/\/nesthostelsvalencia.com\/wp-content\/uploads\/2014\/10\/come-to-nest-hostels-valencia.jpg\" \/>\n\t<meta property=\"og:image:width\" content=\"900\" \/>\n\t<meta property=\"og:image:height\" content=\"602\" \/>\n\t<meta property=\"og:image:type\" content=\"image\/jpeg\" \/>\n<meta name=\"twitter:card\" content=\"summary_large_image\" \/>\n<meta name=\"twitter:label1\" content=\"Tempo di lettura stimato\" \/>\n\t<meta name=\"twitter:data1\" content=\"1 minuto\" \/>\n<script type=\"application\/ld+json\" class=\"yoast-schema-graph\">{\"@context\":\"https:\\\/\\\/schema.org\",\"@graph\":[{\"@type\":\"WebPage\",\"@id\":\"https:\\\/\\\/nesthostelsvalencia.com\\\/it\\\/recensione-purple-nest-hostel-valencia\\\/\",\"url\":\"https:\\\/\\\/nesthostelsvalencia.com\\\/it\\\/recensione-purple-nest-hostel-valencia\\\/\",\"name\":\"Recensioni Purple Nest Hostel Valencia. Valutazioni dei clienti\",\"isPartOf\":{\"@id\":\"https:\\\/\\\/nesthostelsvalencia.com\\\/it\\\/#website\"},\"primaryImageOfPage\":{\"@id\":\"https:\\\/\\\/nesthostelsvalencia.com\\\/it\\\/recensione-purple-nest-hostel-valencia\\\/#primaryimage\"},\"image\":{\"@id\":\"https:\\\/\\\/nesthostelsvalencia.com\\\/it\\\/recensione-purple-nest-hostel-valencia\\\/#primaryimage\"},\"thumbnailUrl\":\"https:\\\/\\\/nesthostelsvalencia.com\\\/wp-content\\\/uploads\\\/2014\\\/10\\\/come-to-nest-hostels-valencia.jpg\",\"datePublished\":\"2018-03-26T09:15:12+00:00\",\"dateModified\":\"2024-07-23T07:11:43+00:00\",\"description\":\"Recensioni Purple Nest Hostel Valencia \u00ae Valutazioni reali degli ospiti \u2b50\u2b50\u2b50\u2b50\u2b50 I nostri ospiti dicono: \\\"Atmosfera fantastica. Atmosfera amichevole. Ostello relativamente moderno\",\"breadcrumb\":{\"@id\":\"https:\\\/\\\/nesthostelsvalencia.com\\\/it\\\/recensione-purple-nest-hostel-valencia\\\/#breadcrumb\"},\"inLanguage\":\"it-IT\",\"potentialAction\":[{\"@type\":\"ReadAction\",\"target\":[\"https:\\\/\\\/nesthostelsvalencia.com\\\/it\\\/recensione-purple-nest-hostel-valencia\\\/\"]}]},{\"@type\":\"ImageObject\",\"inLanguage\":\"it-IT\",\"@id\":\"https:\\\/\\\/nesthostelsvalencia.com\\\/it\\\/recensione-purple-nest-hostel-valencia\\\/#primaryimage\",\"url\":\"https:\\\/\\\/nesthostelsvalencia.com\\\/wp-content\\\/uploads\\\/2014\\\/10\\\/come-to-nest-hostels-valencia.jpg\",\"contentUrl\":\"https:\\\/\\\/nesthostelsvalencia.com\\\/wp-content\\\/uploads\\\/2014\\\/10\\\/come-to-nest-hostels-valencia.jpg\",\"width\":900,\"height\":602,\"caption\":\"Come to Nest Hostel Valencia\"},{\"@type\":\"BreadcrumbList\",\"@id\":\"https:\\\/\\\/nesthostelsvalencia.com\\\/it\\\/recensione-purple-nest-hostel-valencia\\\/#breadcrumb\",\"itemListElement\":[{\"@type\":\"ListItem\",\"position\":1,\"name\":\"Home\",\"item\":\"https:\\\/\\\/nesthostelsvalencia.com\\\/it\\\/\"},{\"@type\":\"ListItem\",\"position\":2,\"name\":\"Recensioni Purple Nest Hostel Valencia\"}]},{\"@type\":\"WebSite\",\"@id\":\"https:\\\/\\\/nesthostelsvalencia.com\\\/it\\\/#website\",\"url\":\"https:\\\/\\\/nesthostelsvalencia.com\\\/it\\\/\",\"name\":\"Nest Hostels Valencia\",\"description\":\"Youth hostels and beds for travelers in Valencia\",\"publisher\":{\"@id\":\"https:\\\/\\\/nesthostelsvalencia.com\\\/it\\\/#organization\"},\"alternateName\":\"Nest Hostels Valencia\",\"potentialAction\":[{\"@type\":\"SearchAction\",\"target\":{\"@type\":\"EntryPoint\",\"urlTemplate\":\"https:\\\/\\\/nesthostelsvalencia.com\\\/it\\\/?s={search_term_string}\"},\"query-input\":{\"@type\":\"PropertyValueSpecification\",\"valueRequired\":true,\"valueName\":\"search_term_string\"}}],\"inLanguage\":\"it-IT\"},{\"@type\":\"Organization\",\"@id\":\"https:\\\/\\\/nesthostelsvalencia.com\\\/it\\\/#organization\",\"name\":\"Nest Hostels Valencia\",\"alternateName\":\"Youth hostels and beds for travelers in Valencia\",\"url\":\"https:\\\/\\\/nesthostelsvalencia.com\\\/it\\\/\",\"logo\":{\"@type\":\"ImageObject\",\"inLanguage\":\"it-IT\",\"@id\":\"https:\\\/\\\/nesthostelsvalencia.com\\\/it\\\/#\\\/schema\\\/logo\\\/image\\\/\",\"url\":\"https:\\\/\\\/nesthostelsvalencia.com\\\/wp-content\\\/uploads\\\/2022\\\/01\\\/logo-nesthostels-valencia-feetuphostels.svg\",\"contentUrl\":\"https:\\\/\\\/nesthostelsvalencia.com\\\/wp-content\\\/uploads\\\/2022\\\/01\\\/logo-nesthostels-valencia-feetuphostels.svg\",\"width\":279,\"height\":130,\"caption\":\"Nest Hostels Valencia\"},\"image\":{\"@id\":\"https:\\\/\\\/nesthostelsvalencia.com\\\/it\\\/#\\\/schema\\\/logo\\\/image\\\/\"}}]}<\/script>\n<!-- \/ Yoast SEO plugin. -->","yoast_head_json":{"title":"Recensioni Purple Nest Hostel Valencia. Valutazioni dei clienti","description":"Recensioni Purple Nest Hostel Valencia \u00ae Valutazioni reali degli ospiti \u2b50\u2b50\u2b50\u2b50\u2b50 I nostri ospiti dicono: \"Atmosfera fantastica. Atmosfera amichevole. Ostello relativamente moderno","robots":{"index":"index","follow":"follow","max-snippet":"max-snippet:-1","max-image-preview":"max-image-preview:large","max-video-preview":"max-video-preview:-1"},"canonical":"https:\/\/nesthostelsvalencia.com\/it\/recensione-purple-nest-hostel-valencia\/","og_locale":"it_IT","og_type":"article","og_title":"Recensioni Purple Nest Hostel Valencia. Valutazioni dei clienti","og_description":"Recensioni Purple Nest Hostel Valencia \u00ae Valutazioni reali degli ospiti \u2b50\u2b50\u2b50\u2b50\u2b50 I nostri ospiti dicono: \"Atmosfera fantastica. Atmosfera amichevole. Ostello relativamente moderno","og_url":"https:\/\/nesthostelsvalencia.com\/it\/recensione-purple-nest-hostel-valencia\/","og_site_name":"Nest Hostels Valencia","article_modified_time":"2024-07-23T07:11:43+00:00","og_image":[{"width":900,"height":602,"url":"https:\/\/nesthostelsvalencia.com\/wp-content\/uploads\/2014\/10\/come-to-nest-hostels-valencia.jpg","type":"image\/jpeg"}],"twitter_card":"summary_large_image","twitter_misc":{"Tempo di lettura stimato":"1 minuto"},"schema":{"@context":"https:\/\/schema.org","@graph":[{"@type":"WebPage","@id":"https:\/\/nesthostelsvalencia.com\/it\/recensione-purple-nest-hostel-valencia\/","url":"https:\/\/nesthostelsvalencia.com\/it\/recensione-purple-nest-hostel-valencia\/","name":"Recensioni Purple Nest Hostel Valencia. Valutazioni dei clienti","isPartOf":{"@id":"https:\/\/nesthostelsvalencia.com\/it\/#website"},"primaryImageOfPage":{"@id":"https:\/\/nesthostelsvalencia.com\/it\/recensione-purple-nest-hostel-valencia\/#primaryimage"},"image":{"@id":"https:\/\/nesthostelsvalencia.com\/it\/recensione-purple-nest-hostel-valencia\/#primaryimage"},"thumbnailUrl":"https:\/\/nesthostelsvalencia.com\/wp-content\/uploads\/2014\/10\/come-to-nest-hostels-valencia.jpg","datePublished":"2018-03-26T09:15:12+00:00","dateModified":"2024-07-23T07:11:43+00:00","description":"Recensioni Purple Nest Hostel Valencia \u00ae Valutazioni reali degli ospiti \u2b50\u2b50\u2b50\u2b50\u2b50 I nostri ospiti dicono: \"Atmosfera fantastica. Atmosfera amichevole. Ostello relativamente moderno","breadcrumb":{"@id":"https:\/\/nesthostelsvalencia.com\/it\/recensione-purple-nest-hostel-valencia\/#breadcrumb"},"inLanguage":"it-IT","potentialAction":[{"@type":"ReadAction","target":["https:\/\/nesthostelsvalencia.com\/it\/recensione-purple-nest-hostel-valencia\/"]}]},{"@type":"ImageObject","inLanguage":"it-IT","@id":"https:\/\/nesthostelsvalencia.com\/it\/recensione-purple-nest-hostel-valencia\/#primaryimage","url":"https:\/\/nesthostelsvalencia.com\/wp-content\/uploads\/2014\/10\/come-to-nest-hostels-valencia.jpg","contentUrl":"https:\/\/nesthostelsvalencia.com\/wp-content\/uploads\/2014\/10\/come-to-nest-hostels-valencia.jpg","width":900,"height":602,"caption":"Come to Nest Hostel Valencia"},{"@type":"BreadcrumbList","@id":"https:\/\/nesthostelsvalencia.com\/it\/recensione-purple-nest-hostel-valencia\/#breadcrumb","itemListElement":[{"@type":"ListItem","position":1,"name":"Home","item":"https:\/\/nesthostelsvalencia.com\/it\/"},{"@type":"ListItem","position":2,"name":"Recensioni Purple Nest Hostel Valencia"}]},{"@type":"WebSite","@id":"https:\/\/nesthostelsvalencia.com\/it\/#website","url":"https:\/\/nesthostelsvalencia.com\/it\/","name":"Nest Hostels Valencia","description":"Youth hostels and beds for travelers in Valencia","publisher":{"@id":"https:\/\/nesthostelsvalencia.com\/it\/#organization"},"alternateName":"Nest Hostels Valencia","potentialAction":[{"@type":"SearchAction","target":{"@type":"EntryPoint","urlTemplate":"https:\/\/nesthostelsvalencia.com\/it\/?s={search_term_string}"},"query-input":{"@type":"PropertyValueSpecification","valueRequired":true,"valueName":"search_term_string"}}],"inLanguage":"it-IT"},{"@type":"Organization","@id":"https:\/\/nesthostelsvalencia.com\/it\/#organization","name":"Nest Hostels Valencia","alternateName":"Youth hostels and beds for travelers in Valencia","url":"https:\/\/nesthostelsvalencia.com\/it\/","logo":{"@type":"ImageObject","inLanguage":"it-IT","@id":"https:\/\/nesthostelsvalencia.com\/it\/#\/schema\/logo\/image\/","url":"https:\/\/nesthostelsvalencia.com\/wp-content\/uploads\/2022\/01\/logo-nesthostels-valencia-feetuphostels.svg","contentUrl":"https:\/\/nesthostelsvalencia.com\/wp-content\/uploads\/2022\/01\/logo-nesthostels-valencia-feetuphostels.svg","width":279,"height":130,"caption":"Nest Hostels Valencia"},"image":{"@id":"https:\/\/nesthostelsvalencia.com\/it\/#\/schema\/logo\/image\/"}}]}},"_links":{"self":[{"href":"https:\/\/nesthostelsvalencia.com\/it\/wp-json\/wp\/v2\/pages\/9504","targetHints":{"allow":["GET"]}}],"collection":[{"href":"https:\/\/nesthostelsvalencia.com\/it\/wp-json\/wp\/v2\/pages"}],"about":[{"href":"https:\/\/nesthostelsvalencia.com\/it\/wp-json\/wp\/v2\/types\/page"}],"author":[{"embeddable":true,"href":"https:\/\/nesthostelsvalencia.com\/it\/wp-json\/wp\/v2\/users\/21"}],"replies":[{"embeddable":true,"href":"https:\/\/nesthostelsvalencia.com\/it\/wp-json\/wp\/v2\/comments?post=9504"}],"version-history":[{"count":0,"href":"https:\/\/nesthostelsvalencia.com\/it\/wp-json\/wp\/v2\/pages\/9504\/revisions"}],"wp:featuredmedia":[{"embeddable":true,"href":"https:\/\/nesthostelsvalencia.com\/it\/wp-json\/wp\/v2\/media\/6507"}],"wp:attachment":[{"href":"https:\/\/nesthostelsvalencia.com\/it\/wp-json\/wp\/v2\/media?parent=9504"}],"curies":[{"name":"wp","href":"https:\/\/api.w.org\/{rel}","templated":true}]}}