{"id":7676,"date":"2015-05-22T11:33:41","date_gmt":"2015-05-22T09:33:41","guid":{"rendered":"https:\/\/nesthostelsvalencia.com\/how-to-get-purple-nest-hostel\/"},"modified":"2024-07-22T18:08:01","modified_gmt":"2024-07-22T16:08:01","slug":"hoe-kom-je-bij-purple-nest-hostel","status":"publish","type":"page","link":"https:\/\/nesthostelsvalencia.com\/nl\/hoe-kom-je-bij-purple-nest-hostel\/","title":{"rendered":"Hoe komt u bij Purple Nest hostel Valencia?"},"content":{"rendered":"\n<h1 class=\"wp-block-heading has-text-align-center\">Locatie Purple Nest Hostel<\/h1>\n\n<iframe src=\"https:\/\/www.google.com\/maps\/embed?pb=!1m14!1m8!1m3!1d7324.881480266293!2d-0.37653507087462473!3d39.475353662594124!3m2!1i1024!2i768!4f13.1!3m3!1m2!1s0xd6048b252915ce7%3A0x50e428c5db0a22ab!2sPurple%20Nest%20Hostel%20Valencia!5e0!3m2!1ses!2ses!4v1679482757682!5m2!1ses!2ses\" width=\"100%\" height=\"450\" style=\"border:0;\" allowfullscreen=\"\" loading=\"lazy\" referrerpolicy=\"no-referrer-when-downgrade\"><\/iframe>\r\n\n<div style=\"height:25px\" aria-hidden=\"true\" class=\"wp-block-spacer\"><\/div>\n\n<h3 class=\"wp-block-heading\">Hoe kom ik van het vliegveld van Valencia?<\/h3>\n\n<ul class=\"wp-block-list\">\n<li>De eerste optie. Je neemt de metro van het vliegveld naar station X\u00e0tiva en loopt dan ongeveer 15 minuten naar het hostel.<\/li>\n\n\n\n<li>De tweede optie. Is een taxi nemen van het vliegveld naar het hostel.<\/li>\n<\/ul>\n\n<h3 class=\"wp-block-heading\">Hoe kom ik van Valencia North Station?<\/h3>\n\n<ul class=\"wp-block-list\">\n<li>De eerste optie.  Je neemt de metro van station X\u00e0tiva, dat vlak naast Estaci\u00f3n del Norte ligt, naar station Col\u00f3n. Vanaf daar hoef je maar ongeveer 10 minuten te lopen langs de oude bedding van de rivier Turia tot je bij het Purple Nest Hostel Valencia komt.<\/li>\n\n\n\n<li>De tweede optie. Is een bus nemen van Estaci\u00f3n del Norte naar Plaza del Ayuntamiento..<br\/>Daar kun je op een andere bus stappen die je naar Plaza de la Reina brengt.c<\/li>\n<\/ul>\n\n<h3 class=\"wp-block-heading\">Hoe kom ik van het busstation in Valencia?<\/h3>\n\n<ul class=\"wp-block-list\">\n<li>De eerste optie. Je kunt bus 80 nemen vanaf het busstation naar het Poeta Llorente-plein, dat maar 6 haltes verderop ligt. Vervolgens kun je ongeveer 50 meter lopen tot je bij het hostel komt.<\/li>\n\n\n\n<li>De tweede optie. (Is gratis) Een andere optie is om helemaal van het busstation naar het hostel te lopen, wat ongeveer 20 minuten duurt. Je kunt de volgende route volgen: verlaat het busstation en steek de weg over, sla linksaf de Avenida Men\u00e9ndez Pidal op, sla rechtsaf de Calle de la Paz op, sla linksaf de Calle de San Vicente M\u00e1rtir op, sla rechtsaf de Plaza de la Reina op, sla linksaf de Calle del Mar op, sla rechtsaf de Calle del General Tovar op en loop door tot je bij het hostel bent.&#13;\n*** Vertaald met www.DeepL.com\/Translator (gratis versie) ***&#13;\n&#13;\n<\/li>\n<\/ul>\n\n<h3 class=\"wp-block-heading\">Hoe kom ik van het station Joaquin Sorolla?<\/h3>\n\n<ul class=\"wp-block-list\">\n<li>Met de bus. Je kunt bus 27 nemen vanaf het Joaquin Sorolla Station naar Plaza de la Reina, een rit van 15 minuten. Vanaf daar kun je ongeveer 10 minuten lopen naar Purple Nest Hostel Valencia, dat aan Plaza Tetuan ligt. Het bustarief is 1,50 euro per persoon en je kunt het kaartje aan boord of op het station kopen.<\/li>\n\n\n\n<li>Met de metro. Je kunt metrolijn 5 nemen van Station Joaquin Sorolla naar Colon, een ritje van 10 minuten.<\/li>\n\n\n\n<li>Vanaf daar kun je ongeveer 15 minuten lopen naar Purple Nest Hostel Valencia, dat aan Plaza Tetuan ligt. Het metrotarief is 1,40 euro per persoon en je kunt het kaartje op het station of online kopen.<\/li>\n\n\n\n<li>Met de taxi. Je kunt een taxi nemen van het Joaquin Sorolla Station naar Purple Nest Hostel Valencia, een ritje van 10 minuten. Het taxitarief is ongeveer 10 euro, afhankelijk van het verkeer en het tijdstip van de dag.<\/li>\n\n\n\n<li>Je kunt op straat een taxi roepen of er een bellen met een app zoals Cabify of Uber.<\/li>\n\n\n\n<li>Met de fiets. Je kunt een fiets huren bij het Joaquin Sorolla Station voor 2 euro per uur of 10 euro per dag.<\/li>\n\n\n\n<li>Je kunt fietsen langs de Turia tuinen, een mooie en veilige route die je in ongeveer 20 minuten naar Purple Nest Hostel Valencia brengt. Je kunt je fiets parkeren bij het hostel of bij een van de vele fietsstations in de stad.<\/li>\n<\/ul>\n\n<h3 class=\"wp-block-heading\">Hoe kom je van de haven van Valencia?<\/h3>\n\n<ul class=\"wp-block-list\">\n<li>De eerste optie. Je neemt bus 4 van de haven naar het Plaza del Ayuntamiento.<br\/>Daar moet je overstappen op bus 5 die je naar Plaza de Tetu\u00e1n brengt.<br\/>Vanaf daar hoef je maar ongeveer 10 minuten te lopen naar het Purple Nest Hostel Valencia.<\/li>\n\n\n\n<li>De tweede optie. Is een taxi nemen van de haven naar Purple Nest Hostel Valencia.<\/li>\n<\/ul>\n\n<h3 class=\"wp-block-heading\">Informatie over parkeren, fietsen en tickets<\/h3>\n\n<ul class=\"wp-block-list\">\n<li>Over parkeren. Er is geen gratis parkeergelegenheid, maar er is een straat naast het hostel genaamd Paseo de la Alameda waar je altijd gratis kunt parkeren.\u00a0<a href=\"https:\/\/goo.gl\/maps\/gq2btF25prPF7zCb9\" target=\"_blank\" rel=\"noreferrer noopener\">Bekijk locatie<\/a>. Voor het hostel is een priv\u00e9parkeerplaats; hier vind je de prijzen\u00a0<a href=\"https:\/\/www.interparking.es\/es-ES\/find-parking\/Glorieta-Paz\/\">https:\/\/www.interparking.es\/es-ES\/find-parking\/Glorieta-Paz\/<\/a><\/li>\n\n\n\n<li>Over tickets. Je kunt verschillende soorten reiskaarten (Travel Cards) kopen, afhankelijk van de duur van je verblijf in Valencia:<\/li>\n\n\n\n<li>EMT-bussen rijden bijna overal in de stad en elke 10 tot 20 minuten.<br\/>De prijs van een enkeltje is \u20ac 1,50.<\/li>\n\n\n\n<li>Individuele Bonobus van 10 reizen met een duur van 1 uur voor elke reis (alleen bussen) \u20ac9.<\/li>\n\n\n\n<li>Bonometro voor 10 ritten, elke rit is geldig tot je de metro verlaat (je kunt dus van lijn veranderen) \u20ac 9.<\/li>\n\n\n\n<li>Metrobus, een gecombineerd ticket dat je kunt gebruiken in de metro en de bus. (\u20ac 9).<\/li>\n\n\n\n<li>Voor meer informatie over buskaartjes, lijnen en dienstregelingen kun je terecht op de offici\u00eble site van het Gemeentelijk Vervoerbedrijf (EMT).\u00a0<a href=\"https:\/\/www.emtvalencia.es\/ciudadano\/index.php\" target=\"_blank\" rel=\"noreferrer noopener\">emtvalencia.es<\/a>.\u200e<\/li>\n\n\n\n<li>Als je meer informatie wilt over de Valencia Metro, dienstregelingen, data en meer details, kun je de offici\u00eble website van de Valencia Metro bezoeken.\u00a0<a href=\"https:\/\/www.metrovalencia.es\/\" target=\"_blank\" rel=\"noreferrer noopener\">www.metrovalencia.es<\/a>.<\/li>\n\n\n\n<li>Als je een fietsliefhebber bent en Valencia liever per fiets wilt leren kennen, kun je de offici\u00eble website van Valenbisi bezoeken.\u00a0<a href=\"https:\/\/www.valenbisi.es\/\" target=\"_blank\" rel=\"noreferrer noopener\">www.valenbisi.es<\/a><\/li>\n<\/ul>\n\n<p><\/p>\n\n<figure class=\"wp-block-image aligncenter size-large\"><a href=\"https:\/\/nesthostelsvalencia.com\/wp-content\/uploads\/2014\/04\/street-valencia-nesthostelslvaneica.jpg\"><img fetchpriority=\"high\" decoding=\"async\" width=\"1024\" height=\"720\" src=\"https:\/\/nesthostelsvalencia.com\/wp-content\/uploads\/2014\/04\/street-valencia-nesthostelslvaneica-1024x720.jpg\" alt=\"Straten Valencia\" class=\"wp-image-3928\" srcset=\"https:\/\/nesthostelsvalencia.com\/wp-content\/uploads\/2014\/04\/street-valencia-nesthostelslvaneica-1024x720.jpg 1024w, https:\/\/nesthostelsvalencia.com\/wp-content\/uploads\/2014\/04\/street-valencia-nesthostelslvaneica-300x211.jpg 300w, https:\/\/nesthostelsvalencia.com\/wp-content\/uploads\/2014\/04\/street-valencia-nesthostelslvaneica-768x540.jpg 768w, https:\/\/nesthostelsvalencia.com\/wp-content\/uploads\/2014\/04\/street-valencia-nesthostelslvaneica-208x146.jpg 208w, https:\/\/nesthostelsvalencia.com\/wp-content\/uploads\/2014\/04\/street-valencia-nesthostelslvaneica-50x35.jpg 50w, https:\/\/nesthostelsvalencia.com\/wp-content\/uploads\/2014\/04\/street-valencia-nesthostelslvaneica-107x75.jpg 107w, https:\/\/nesthostelsvalencia.com\/wp-content\/uploads\/2014\/04\/street-valencia-nesthostelslvaneica.jpg 1280w\" sizes=\"(max-width: 1024px) 100vw, 1024px\" \/><\/a><figcaption class=\"wp-element-caption\">Straten Valencia<\/figcaption><\/figure>\n","protected":false},"excerpt":{"rendered":"<p>Hoe kom ik bij Purple Nest Hostel Valencia. Locatie van Purple Nest in het centrum van Valencia. De goedkoopste accommodatie in Valencia<\/p>\n","protected":false},"author":21,"featured_media":8223,"parent":0,"menu_order":0,"comment_status":"closed","ping_status":"closed","template":"","meta":{"footnotes":""},"class_list":["post-7676","page","type-page","status-publish","has-post-thumbnail","hentry"],"yoast_head":"<!-- This site is optimized with the Yoast SEO plugin v27.3 - https:\/\/yoast.com\/product\/yoast-seo-wordpress\/ -->\n<title>Hoe komt u bij Purple Nest Hostel Valencia. Locatie Purple Nest Hostel<\/title>\n<meta name=\"description\" content=\"Hoe komt u bij Purple Nest Hostel Valencia. Locatie van Purple Nest in het centrum van Valencia. De goedkoopste accommodatie in Valencia\" \/>\n<meta name=\"robots\" content=\"index, follow, max-snippet:-1, max-image-preview:large, max-video-preview:-1\" \/>\n<link rel=\"canonical\" href=\"https:\/\/nesthostelsvalencia.com\/nl\/hoe-kom-je-bij-purple-nest-hostel\/\" \/>\n<meta property=\"og:locale\" content=\"nl_NL\" \/>\n<meta property=\"og:type\" content=\"article\" \/>\n<meta property=\"og:title\" content=\"Hoe komt u bij Purple Nest Hostel Valencia. Locatie Purple Nest Hostel\" \/>\n<meta property=\"og:description\" content=\"Hoe komt u bij Purple Nest Hostel Valencia. Locatie van Purple Nest in het centrum van Valencia. De goedkoopste accommodatie in Valencia\" \/>\n<meta property=\"og:url\" content=\"https:\/\/nesthostelsvalencia.com\/nl\/hoe-kom-je-bij-purple-nest-hostel\/\" \/>\n<meta property=\"og:site_name\" content=\"Nest Hostels Valencia\" \/>\n<meta property=\"article:modified_time\" content=\"2024-07-22T16:08:01+00:00\" \/>\n<meta property=\"og:image\" content=\"https:\/\/nesthostelsvalencia.com\/wp-content\/uploads\/2014\/04\/street-valencia-nesthostelslvaneica.jpg\" \/>\n\t<meta property=\"og:image:width\" content=\"1280\" \/>\n\t<meta property=\"og:image:height\" content=\"900\" \/>\n\t<meta property=\"og:image:type\" content=\"image\/jpeg\" \/>\n<meta name=\"twitter:card\" content=\"summary_large_image\" \/>\n<meta name=\"twitter:label1\" content=\"Geschatte leestijd\" \/>\n\t<meta name=\"twitter:data1\" content=\"8 minuten\" \/>\n<script type=\"application\/ld+json\" class=\"yoast-schema-graph\">{\"@context\":\"https:\\\/\\\/schema.org\",\"@graph\":[{\"@type\":\"WebPage\",\"@id\":\"https:\\\/\\\/nesthostelsvalencia.com\\\/nl\\\/hoe-kom-je-bij-purple-nest-hostel\\\/\",\"url\":\"https:\\\/\\\/nesthostelsvalencia.com\\\/nl\\\/hoe-kom-je-bij-purple-nest-hostel\\\/\",\"name\":\"Hoe komt u bij Purple Nest Hostel Valencia. Locatie Purple Nest Hostel\",\"isPartOf\":{\"@id\":\"https:\\\/\\\/nesthostelsvalencia.com\\\/nl\\\/#website\"},\"primaryImageOfPage\":{\"@id\":\"https:\\\/\\\/nesthostelsvalencia.com\\\/nl\\\/hoe-kom-je-bij-purple-nest-hostel\\\/#primaryimage\"},\"image\":{\"@id\":\"https:\\\/\\\/nesthostelsvalencia.com\\\/nl\\\/hoe-kom-je-bij-purple-nest-hostel\\\/#primaryimage\"},\"thumbnailUrl\":\"https:\\\/\\\/nesthostelsvalencia.com\\\/wp-content\\\/uploads\\\/2014\\\/04\\\/street-valencia-nesthostelslvaneica.jpg\",\"datePublished\":\"2015-05-22T09:33:41+00:00\",\"dateModified\":\"2024-07-22T16:08:01+00:00\",\"description\":\"Hoe komt u bij Purple Nest Hostel Valencia. Locatie van Purple Nest in het centrum van Valencia. De goedkoopste accommodatie in Valencia\",\"breadcrumb\":{\"@id\":\"https:\\\/\\\/nesthostelsvalencia.com\\\/nl\\\/hoe-kom-je-bij-purple-nest-hostel\\\/#breadcrumb\"},\"inLanguage\":\"nl-NL\",\"potentialAction\":[{\"@type\":\"ReadAction\",\"target\":[\"https:\\\/\\\/nesthostelsvalencia.com\\\/nl\\\/hoe-kom-je-bij-purple-nest-hostel\\\/\"]}]},{\"@type\":\"ImageObject\",\"inLanguage\":\"nl-NL\",\"@id\":\"https:\\\/\\\/nesthostelsvalencia.com\\\/nl\\\/hoe-kom-je-bij-purple-nest-hostel\\\/#primaryimage\",\"url\":\"https:\\\/\\\/nesthostelsvalencia.com\\\/wp-content\\\/uploads\\\/2014\\\/04\\\/street-valencia-nesthostelslvaneica.jpg\",\"contentUrl\":\"https:\\\/\\\/nesthostelsvalencia.com\\\/wp-content\\\/uploads\\\/2014\\\/04\\\/street-valencia-nesthostelslvaneica.jpg\",\"width\":1280,\"height\":900,\"caption\":\"Streets Valencia\"},{\"@type\":\"BreadcrumbList\",\"@id\":\"https:\\\/\\\/nesthostelsvalencia.com\\\/nl\\\/hoe-kom-je-bij-purple-nest-hostel\\\/#breadcrumb\",\"itemListElement\":[{\"@type\":\"ListItem\",\"position\":1,\"name\":\"Home\",\"item\":\"https:\\\/\\\/nesthostelsvalencia.com\\\/nl\\\/\"},{\"@type\":\"ListItem\",\"position\":2,\"name\":\"Hoe komt u bij Purple Nest hostel Valencia?\"}]},{\"@type\":\"WebSite\",\"@id\":\"https:\\\/\\\/nesthostelsvalencia.com\\\/nl\\\/#website\",\"url\":\"https:\\\/\\\/nesthostelsvalencia.com\\\/nl\\\/\",\"name\":\"Nest Hostels Valencia\",\"description\":\"Youth hostels and beds for travelers in Valencia\",\"publisher\":{\"@id\":\"https:\\\/\\\/nesthostelsvalencia.com\\\/nl\\\/#organization\"},\"alternateName\":\"Nest Hostels Valencia\",\"potentialAction\":[{\"@type\":\"SearchAction\",\"target\":{\"@type\":\"EntryPoint\",\"urlTemplate\":\"https:\\\/\\\/nesthostelsvalencia.com\\\/nl\\\/?s={search_term_string}\"},\"query-input\":{\"@type\":\"PropertyValueSpecification\",\"valueRequired\":true,\"valueName\":\"search_term_string\"}}],\"inLanguage\":\"nl-NL\"},{\"@type\":\"Organization\",\"@id\":\"https:\\\/\\\/nesthostelsvalencia.com\\\/nl\\\/#organization\",\"name\":\"Nest Hostels Valencia\",\"alternateName\":\"Youth hostels and beds for travelers in Valencia\",\"url\":\"https:\\\/\\\/nesthostelsvalencia.com\\\/nl\\\/\",\"logo\":{\"@type\":\"ImageObject\",\"inLanguage\":\"nl-NL\",\"@id\":\"https:\\\/\\\/nesthostelsvalencia.com\\\/nl\\\/#\\\/schema\\\/logo\\\/image\\\/\",\"url\":\"https:\\\/\\\/nesthostelsvalencia.com\\\/wp-content\\\/uploads\\\/2022\\\/01\\\/logo-nesthostels-valencia-feetuphostels.svg\",\"contentUrl\":\"https:\\\/\\\/nesthostelsvalencia.com\\\/wp-content\\\/uploads\\\/2022\\\/01\\\/logo-nesthostels-valencia-feetuphostels.svg\",\"width\":279,\"height\":130,\"caption\":\"Nest Hostels Valencia\"},\"image\":{\"@id\":\"https:\\\/\\\/nesthostelsvalencia.com\\\/nl\\\/#\\\/schema\\\/logo\\\/image\\\/\"}}]}<\/script>\n<!-- \/ Yoast SEO plugin. -->","yoast_head_json":{"title":"Hoe komt u bij Purple Nest Hostel Valencia. Locatie Purple Nest Hostel","description":"Hoe komt u bij Purple Nest Hostel Valencia. Locatie van Purple Nest in het centrum van Valencia. De goedkoopste accommodatie in Valencia","robots":{"index":"index","follow":"follow","max-snippet":"max-snippet:-1","max-image-preview":"max-image-preview:large","max-video-preview":"max-video-preview:-1"},"canonical":"https:\/\/nesthostelsvalencia.com\/nl\/hoe-kom-je-bij-purple-nest-hostel\/","og_locale":"nl_NL","og_type":"article","og_title":"Hoe komt u bij Purple Nest Hostel Valencia. Locatie Purple Nest Hostel","og_description":"Hoe komt u bij Purple Nest Hostel Valencia. Locatie van Purple Nest in het centrum van Valencia. De goedkoopste accommodatie in Valencia","og_url":"https:\/\/nesthostelsvalencia.com\/nl\/hoe-kom-je-bij-purple-nest-hostel\/","og_site_name":"Nest Hostels Valencia","article_modified_time":"2024-07-22T16:08:01+00:00","og_image":[{"width":1280,"height":900,"url":"https:\/\/nesthostelsvalencia.com\/wp-content\/uploads\/2014\/04\/street-valencia-nesthostelslvaneica.jpg","type":"image\/jpeg"}],"twitter_card":"summary_large_image","twitter_misc":{"Geschatte leestijd":"8 minuten"},"schema":{"@context":"https:\/\/schema.org","@graph":[{"@type":"WebPage","@id":"https:\/\/nesthostelsvalencia.com\/nl\/hoe-kom-je-bij-purple-nest-hostel\/","url":"https:\/\/nesthostelsvalencia.com\/nl\/hoe-kom-je-bij-purple-nest-hostel\/","name":"Hoe komt u bij Purple Nest Hostel Valencia. Locatie Purple Nest Hostel","isPartOf":{"@id":"https:\/\/nesthostelsvalencia.com\/nl\/#website"},"primaryImageOfPage":{"@id":"https:\/\/nesthostelsvalencia.com\/nl\/hoe-kom-je-bij-purple-nest-hostel\/#primaryimage"},"image":{"@id":"https:\/\/nesthostelsvalencia.com\/nl\/hoe-kom-je-bij-purple-nest-hostel\/#primaryimage"},"thumbnailUrl":"https:\/\/nesthostelsvalencia.com\/wp-content\/uploads\/2014\/04\/street-valencia-nesthostelslvaneica.jpg","datePublished":"2015-05-22T09:33:41+00:00","dateModified":"2024-07-22T16:08:01+00:00","description":"Hoe komt u bij Purple Nest Hostel Valencia. Locatie van Purple Nest in het centrum van Valencia. De goedkoopste accommodatie in Valencia","breadcrumb":{"@id":"https:\/\/nesthostelsvalencia.com\/nl\/hoe-kom-je-bij-purple-nest-hostel\/#breadcrumb"},"inLanguage":"nl-NL","potentialAction":[{"@type":"ReadAction","target":["https:\/\/nesthostelsvalencia.com\/nl\/hoe-kom-je-bij-purple-nest-hostel\/"]}]},{"@type":"ImageObject","inLanguage":"nl-NL","@id":"https:\/\/nesthostelsvalencia.com\/nl\/hoe-kom-je-bij-purple-nest-hostel\/#primaryimage","url":"https:\/\/nesthostelsvalencia.com\/wp-content\/uploads\/2014\/04\/street-valencia-nesthostelslvaneica.jpg","contentUrl":"https:\/\/nesthostelsvalencia.com\/wp-content\/uploads\/2014\/04\/street-valencia-nesthostelslvaneica.jpg","width":1280,"height":900,"caption":"Streets Valencia"},{"@type":"BreadcrumbList","@id":"https:\/\/nesthostelsvalencia.com\/nl\/hoe-kom-je-bij-purple-nest-hostel\/#breadcrumb","itemListElement":[{"@type":"ListItem","position":1,"name":"Home","item":"https:\/\/nesthostelsvalencia.com\/nl\/"},{"@type":"ListItem","position":2,"name":"Hoe komt u bij Purple Nest hostel Valencia?"}]},{"@type":"WebSite","@id":"https:\/\/nesthostelsvalencia.com\/nl\/#website","url":"https:\/\/nesthostelsvalencia.com\/nl\/","name":"Nest Hostels Valencia","description":"Youth hostels and beds for travelers in Valencia","publisher":{"@id":"https:\/\/nesthostelsvalencia.com\/nl\/#organization"},"alternateName":"Nest Hostels Valencia","potentialAction":[{"@type":"SearchAction","target":{"@type":"EntryPoint","urlTemplate":"https:\/\/nesthostelsvalencia.com\/nl\/?s={search_term_string}"},"query-input":{"@type":"PropertyValueSpecification","valueRequired":true,"valueName":"search_term_string"}}],"inLanguage":"nl-NL"},{"@type":"Organization","@id":"https:\/\/nesthostelsvalencia.com\/nl\/#organization","name":"Nest Hostels Valencia","alternateName":"Youth hostels and beds for travelers in Valencia","url":"https:\/\/nesthostelsvalencia.com\/nl\/","logo":{"@type":"ImageObject","inLanguage":"nl-NL","@id":"https:\/\/nesthostelsvalencia.com\/nl\/#\/schema\/logo\/image\/","url":"https:\/\/nesthostelsvalencia.com\/wp-content\/uploads\/2022\/01\/logo-nesthostels-valencia-feetuphostels.svg","contentUrl":"https:\/\/nesthostelsvalencia.com\/wp-content\/uploads\/2022\/01\/logo-nesthostels-valencia-feetuphostels.svg","width":279,"height":130,"caption":"Nest Hostels Valencia"},"image":{"@id":"https:\/\/nesthostelsvalencia.com\/nl\/#\/schema\/logo\/image\/"}}]}},"_links":{"self":[{"href":"https:\/\/nesthostelsvalencia.com\/nl\/wp-json\/wp\/v2\/pages\/7676","targetHints":{"allow":["GET"]}}],"collection":[{"href":"https:\/\/nesthostelsvalencia.com\/nl\/wp-json\/wp\/v2\/pages"}],"about":[{"href":"https:\/\/nesthostelsvalencia.com\/nl\/wp-json\/wp\/v2\/types\/page"}],"author":[{"embeddable":true,"href":"https:\/\/nesthostelsvalencia.com\/nl\/wp-json\/wp\/v2\/users\/21"}],"replies":[{"embeddable":true,"href":"https:\/\/nesthostelsvalencia.com\/nl\/wp-json\/wp\/v2\/comments?post=7676"}],"version-history":[{"count":0,"href":"https:\/\/nesthostelsvalencia.com\/nl\/wp-json\/wp\/v2\/pages\/7676\/revisions"}],"wp:featuredmedia":[{"embeddable":true,"href":"https:\/\/nesthostelsvalencia.com\/nl\/wp-json\/wp\/v2\/media\/8223"}],"wp:attachment":[{"href":"https:\/\/nesthostelsvalencia.com\/nl\/wp-json\/wp\/v2\/media?parent=7676"}],"curies":[{"name":"wp","href":"https:\/\/api.w.org\/{rel}","templated":true}]}}